{"id":33019,"date":"2025-05-08T12:59:02","date_gmt":"2025-05-08T09:59:02","guid":{"rendered":"https:\/\/www.filha.fi\/?page_id=33019"},"modified":"2026-04-17T14:58:17","modified_gmt":"2026-04-17T11:58:17","slug":"jared","status":"publish","type":"page","link":"https:\/\/www.filha.fi\/en\/hankkeet\/jared\/","title":{"rendered":"JARED"},"content":{"rendered":"<p style=\"text-align: left;\"><strong><img decoding=\"async\" class=\" wp-image-34415 alignleft\" src=\"https:\/\/www.filha.fi\/wp-content\/uploads\/2025\/12\/JARED-logo-final-RGB-300x200.png\" alt=\"\" width=\"243\" height=\"162\" srcset=\"https:\/\/www.filha.fi\/wp-content\/uploads\/2025\/12\/JARED-logo-final-RGB-300x200.png 300w, https:\/\/www.filha.fi\/wp-content\/uploads\/2025\/12\/JARED-logo-final-RGB-1024x683.png 1024w, https:\/\/www.filha.fi\/wp-content\/uploads\/2025\/12\/JARED-logo-final-RGB-768x512.png 768w, https:\/\/www.filha.fi\/wp-content\/uploads\/2025\/12\/JARED-logo-final-RGB.png 1417w\" sizes=\"(max-width: 243px) 100vw, 243px\" \/><\/strong><strong><img decoding=\"async\" class=\" wp-image-34414 alignnone\" src=\"https:\/\/www.filha.fi\/wp-content\/uploads\/2025\/12\/EN_fundedbyEU_VERTICAL_RGB_POS-296x300.png\" alt=\"\" width=\"179\" height=\"182\" srcset=\"https:\/\/www.filha.fi\/wp-content\/uploads\/2025\/12\/EN_fundedbyEU_VERTICAL_RGB_POS-296x300.png 296w, https:\/\/www.filha.fi\/wp-content\/uploads\/2025\/12\/EN_fundedbyEU_VERTICAL_RGB_POS-768x778.png 768w, https:\/\/www.filha.fi\/wp-content\/uploads\/2025\/12\/EN_fundedbyEU_VERTICAL_RGB_POS.png 910w\" sizes=\"(max-width: 179px) 100vw, 179px\" \/><\/strong><\/p>\n<p style=\"text-align: left;\"><strong>This project aims to reduce the burden of chronic respiratory diseases (CRD) and their risk factors.<\/strong><\/p>\n<p style=\"text-align: left;\"><strong>Project objective:<\/strong><\/p>\n<p style=\"text-align: left;\">The \u201cJARED\u201d project is an extremely important initiative in which our institute has been awarded the coordinator role. The aim of the project is to strengthen the prevention and treatment of chronic respiratory diseases (CRD), in particular chronic obstructive pulmonary disease (COPD), across Europe. CRDs include, among others, asthma, COPD, interstitial lung diseases (ILD), and occupational lung diseases, all of which represent a significant public health burden. Within the framework of the project, a large-scale COPD screening program will be implemented, during which 15,000 high-risk individuals will be examined, with spirometry performed in approximately 4,500 cases. In addition, a post-treatment digital self-management tool for COPD will be tested with the participation of 300 patients.<\/p>\n<p>Filha has been responsible for preparing these materials:<\/p>\n<p><strong>For asthma patients:\u00a0<\/strong><\/p>\n<p><a href=\"https:\/\/www.filha.fi\/wp-content\/uploads\/2026\/04\/Jared_asthma_web_final.pdf\">Leaflet for Self-management of asthma_web<\/a><\/p>\n<p><a href=\"https:\/\/www.filha.fi\/wp-content\/uploads\/2026\/04\/Jared_asthma_print_final.pdf\">Leaflet for Self-management of asthma_printable<\/a><\/p>\n<p><a href=\"https:\/\/www.filha.fi\/wp-content\/uploads\/2026\/04\/Booklet-Asthma.pdf\">Booklet for Self-management of asthma_web<\/a><\/p>\n<p><a href=\"https:\/\/www.filha.fi\/wp-content\/uploads\/2026\/04\/Booklet-Asthma_printable.pdf\">Booklet for Self-management of asthma_printable<\/a><\/p>\n<p><strong>For COPD patients:\u00a0<\/strong><\/p>\n<p><a href=\"https:\/\/www.filha.fi\/wp-content\/uploads\/2026\/04\/Jared_COPD_web_final.pdf\">Leaflet for Self-management of COPD_web<\/a><\/p>\n<p><a href=\"https:\/\/www.filha.fi\/wp-content\/uploads\/2026\/04\/Jared_COPD_print_final.pdf\">Leaflet for Self-management of COPD_printable<\/a><\/p>\n<p><a href=\"https:\/\/www.filha.fi\/wp-content\/uploads\/2026\/04\/Booklet-COPD.pdf\">Booklet for Self-management of COPD_web<\/a><\/p>\n<p><a href=\"https:\/\/www.filha.fi\/wp-content\/uploads\/2026\/04\/Booklet-COPD_printable.pdf\">Booklet for Self-management of COPD_printable<\/a><\/p>\n<p>&nbsp;<\/p>\n<p><strong>Project ID:<\/strong> 101183391<\/p>\n<p><strong>Project duration:<\/strong> 36 months<\/p>\n<p><strong>Implementation period:<\/strong> 01.12.2024 \u2013 30.11.2027<\/p>\n<p><strong>Total project funding:<\/strong> EUR 6,000,000<\/p>\n<p><strong>Funding allocated to Filha:<\/strong> EUR 445,000<\/p>\n<p><strong>Coordinator:<\/strong> National Kor\u00e1nyi Institute for Pulmonology (NKIP)<\/p>\n<p><strong>Contact information:<\/strong><\/p>\n<p>Contact person: <strong>Tuula Vasankari (<\/strong><a href=\"mailto:tuula.vasankari@filha.fi\">tuula.vasankari@filha.fi<\/a><strong>), Hanna Nurmi (<\/strong><a href=\"mailto:hanna.nurmi@filha.fi\">hanna.nurmi@filha.fi<\/a><strong>)<\/strong><\/p>\n<p>Website: <a href=\"https:\/\/europeanlung.org\/jared\/\">https:\/\/europeanlung.org\/jared\/<\/a><\/p>\n<p><em><strong>Disclaimer:<\/strong><\/em><\/p>\n<p><em>The views and opinions expressed are solely those of the author(s) and do not necessarily reflect those of the European Union or the European Health and Digital Executive Agency (HaDEA). Neither the European Union nor the granting authority can be held responsible for them.<\/em><\/p>\n<p><strong>Member States and institutions participating in the JARED project:<\/strong><\/p>\n<table style=\"width: 100%; border-collapse: collapse; border: 1px solid #333;\">\n<thead>\n<tr style=\"background-color: #e6e7ea;\">\n<th style=\"border: 1px solid #333; padding: 8px; text-align: left;\">Country<\/th>\n<th style=\"border: 1px solid #333; padding: 8px; text-align: left;\">Institute<\/th>\n<\/tr>\n<\/thead>\n<tbody><!-- Unkari --><\/p>\n<tr>\n<td style=\"border: 1px solid #333; padding: 8px; vertical-align: top;\" rowspan=\"4\">Hungary<\/td>\n<td style=\"border: 1px solid #333; padding: 8px;\">National Kor\u00e1nyi Institute of Pulmonology<\/td>\n<\/tr>\n<tr>\n<td style=\"border: 1px solid #333; padding: 8px;\">The National Center for Public Health and Pharmacy<\/td>\n<\/tr>\n<tr>\n<td style=\"border: 1px solid #333; padding: 8px;\">Borsod-Aba\u00faj-Zempl\u00e9n County Central Hospital and University Teaching Hospital<\/td>\n<\/tr>\n<tr>\n<td style=\"border: 1px solid #333; padding: 8px;\">DEBRECENI EGYETEM<\/td>\n<\/tr>\n<p><!-- Kreikka --><\/p>\n<tr>\n<td style=\"border: 1px solid #333; padding: 8px; vertical-align: top;\" rowspan=\"2\">Greece<\/td>\n<td style=\"border: 1px solid #333; padding: 8px;\">1st Regional Health Authority of Attica<\/td>\n<\/tr>\n<tr>\n<td style=\"border: 1px solid #333; padding: 8px;\">Sotiria Hospital<\/td>\n<\/tr>\n<p><!-- Espanja --><\/p>\n<tr>\n<td style=\"border: 1px solid #333; padding: 8px; vertical-align: top;\" rowspan=\"7\">Spain<\/td>\n<td style=\"border: 1px solid #333; padding: 8px;\">Andalusian Health Service<\/td>\n<\/tr>\n<tr>\n<td style=\"border: 1px solid #333; padding: 8px;\">Fundaci\u00f3n para la Investigaci\u00f3n del Hospital Cl\u00ednico de la Comunidad Valenciana<\/td>\n<\/tr>\n<tr>\n<td style=\"border: 1px solid #333; padding: 8px;\">Fundaci\u00f3n Instituto de Investigaci\u00f3n Marqu\u00e9s de Valdecilla<\/td>\n<\/tr>\n<tr>\n<td style=\"border: 1px solid #333; padding: 8px;\">Fundaci\u00f3 de Recerca Cl\u00ednic Barcelona-Institut d\u2019Investigacions Biom\u00e8diques August Pi i Sunyer<\/td>\n<\/tr>\n<tr>\n<td style=\"border: 1px solid #333; padding: 8px;\">Fundaci\u00f3n Instituto de Estudios de Ciencias de la Salud de Castilla y Le\u00f3n<\/td>\n<\/tr>\n<tr>\n<td style=\"border: 1px solid #333; padding: 8px;\">Fundaci\u00f3n Investigaci\u00f3n Biom\u00e9dica Hospital Universitario 12 de Octubre<\/td>\n<\/tr>\n<tr>\n<td style=\"border: 1px solid #333; padding: 8px;\">Fundaci\u00f3n para la Investigaci\u00f3n de M\u00e1laga en Biomedicina y Salud<\/td>\n<\/tr>\n<p><!-- Puola --><\/p>\n<tr>\n<td style=\"border: 1px solid #333; padding: 8px; vertical-align: top;\" rowspan=\"2\">Poland<\/td>\n<td style=\"border: 1px solid #333; padding: 8px;\">National Health Fund of Poland<\/td>\n<\/tr>\n<tr>\n<td style=\"border: 1px solid #333; padding: 8px;\">Medical University of Warsaw<\/td>\n<\/tr>\n<p><!-- Suomi --><\/p>\n<tr>\n<td style=\"border: 1px solid #333; padding: 8px; vertical-align: top;\" rowspan=\"2\">Finland<\/td>\n<td style=\"border: 1px solid #333; padding: 8px;\">Terveyden ja hyvinvoinnin laitos (THL)<\/td>\n<\/tr>\n<tr>\n<td style=\"border: 1px solid #333; padding: 8px;\">FILHA ry<\/td>\n<\/tr>\n<p><!-- Tanska --><\/p>\n<tr>\n<td style=\"border: 1px solid #333; padding: 8px; vertical-align: top;\" rowspan=\"1\">Denmark<\/td>\n<td style=\"border: 1px solid #333; padding: 8px;\">Municipality of Aarhus<\/td>\n<\/tr>\n<p><!-- Kroatia --><\/p>\n<tr>\n<td style=\"border: 1px solid #333; padding: 8px; vertical-align: top;\" rowspan=\"1\">Croatia<\/td>\n<td style=\"border: 1px solid #333; padding: 8px;\">University Hospital Centre Zagreb<\/td>\n<\/tr>\n<p><!-- Italia --><\/p>\n<tr>\n<td style=\"border: 1px solid #333; padding: 8px; vertical-align: top;\" rowspan=\"4\">Italy<\/td>\n<td style=\"border: 1px solid #333; padding: 8px;\">The Istituto Superiore di Sanit\u00e0<\/td>\n<\/tr>\n<tr>\n<td style=\"border: 1px solid #333; padding: 8px;\">Universit\u00e0 Politecnica delle Marche<\/td>\n<\/tr>\n<tr>\n<td style=\"border: 1px solid #333; padding: 8px;\">University of Florence<\/td>\n<\/tr>\n<tr>\n<td style=\"border: 1px solid #333; padding: 8px;\">University of Naples Federico II<\/td>\n<\/tr>\n<p><!-- Latvia --><\/p>\n<tr>\n<td style=\"border: 1px solid #333; padding: 8px; vertical-align: top;\" rowspan=\"3\">Latvia<\/td>\n<td style=\"border: 1px solid #333; padding: 8px;\">Centre for Disease Prevention and Control<\/td>\n<\/tr>\n<tr>\n<td style=\"border: 1px solid #333; padding: 8px;\">Pauls Stradins Clinical University Hospital<\/td>\n<\/tr>\n<tr>\n<td style=\"border: 1px solid #333; padding: 8px;\">Riga Stradins University<\/td>\n<\/tr>\n<p><!-- Liettua --><\/p>\n<tr>\n<td style=\"border: 1px solid #333; padding: 8px; vertical-align: top;\" rowspan=\"4\">Lithuania<\/td>\n<td style=\"border: 1px solid #333; padding: 8px;\">Ministry of Health of the Republic of Lithuania<\/td>\n<\/tr>\n<tr>\n<td style=\"border: 1px solid #333; padding: 8px;\">National Public Health Centre<\/td>\n<\/tr>\n<tr>\n<td style=\"border: 1px solid #333; padding: 8px;\">Vilnius University Hospital Santaros Klinikos<\/td>\n<\/tr>\n<tr>\n<td style=\"border: 1px solid #333; padding: 8px;\">Lithuanian University of Health Sciences<\/td>\n<\/tr>\n<p><!-- Moldova --><\/p>\n<tr>\n<td style=\"border: 1px solid #333; padding: 8px; vertical-align: top;\" rowspan=\"1\">Moldova<\/td>\n<td style=\"border: 1px solid #333; padding: 8px;\">Institute of Phthisiopneumology ,,Chiril Draganiuc&#8221;<\/td>\n<\/tr>\n<p><!-- Portugali --><\/p>\n<tr>\n<td style=\"border: 1px solid #333; padding: 8px; vertical-align: top;\" rowspan=\"3\">Portugal<\/td>\n<td style=\"border: 1px solid #333; padding: 8px;\">Ministerio Da Saude \u2013 Republica Portuguesa<\/td>\n<\/tr>\n<tr>\n<td style=\"border: 1px solid #333; padding: 8px;\">National Institute of Health Dr. Ricardo Jorge<\/td>\n<\/tr>\n<tr>\n<td style=\"border: 1px solid #333; padding: 8px;\">Unidade Local de Sa\u00fade de Santa Maria<\/td>\n<\/tr>\n<p><!-- Romania --><\/p>\n<tr>\n<td style=\"border: 1px solid #333; padding: 8px; vertical-align: top;\" rowspan=\"1\">Romania<\/td>\n<td style=\"border: 1px solid #333; padding: 8px;\">Marius Nasta&#8221; Institute of Pneumophthiology<\/td>\n<\/tr>\n<p><!-- Islanti --><\/p>\n<tr>\n<td style=\"border: 1px solid #333; padding: 8px; vertical-align: top;\" rowspan=\"1\">Iceland<\/td>\n<td style=\"border: 1px solid #333; padding: 8px;\">Reykjalundur<\/td>\n<\/tr>\n<p><!-- Tsekin tasavalta --><\/p>\n<tr>\n<td style=\"border: 1px solid #333; padding: 8px; vertical-align: top;\" rowspan=\"1\">Czech Republic<\/td>\n<td style=\"border: 1px solid #333; padding: 8px;\">MINISTERSTVO ZDRAVOTNICTVI CESKE REPUBLIKY<\/td>\n<\/tr>\n<p><!-- Ukraina --><\/p>\n<tr>\n<td style=\"border: 1px solid #333; padding: 8px; vertical-align: top;\" rowspan=\"1\">Ukraine<\/td>\n<td style=\"border: 1px solid #333; padding: 8px;\">National institute of phthisiology and pulmonology named after F. G. Yanovsky of the NAMS of Ukraine, SI<\/td>\n<\/tr>\n<\/tbody>\n<\/table>\n<p>Summarising the Joint Action on REspiratory Diseases (JARED) project<\/p>\n<p>The Joint Action on REspiratory Diseases (JARED) project, coordinated by the National Kor\u00e1nyi Institute for Pulmonology (OKPI), is an international collaboration supported by the European Commission. In this project, 35 institutes working in field of healthcare, education and research from 14 countries come together for a common goal: the effective prevention and treatment of Chronic Respiratory Diseases (CRD). The main focus point of this project is based on CRDs of the greatest public health importance, such as asthma, COPD, interstitial lung diseases (ILD), and occupational lung diseases. But the emphasis is also given to lung conditions associated with certain infections.<\/p>\n<p>One of the main objectives of this project is to connect member states across the EU and enhance joint action to prevent, detect and treat these kinds of diseases. In the framework of JARED, several innovative approaches are also implemented, such as digital health solutions that allow patients to monitor and manage their own condition on a better way, especially in remote or disadvantaged regions. In addition to all these, the project pays special attention to disadvantaged groups, such as ethnic minorities and rural populations, who are often at higher risk from the perspective of developing CRDs.<\/p>\n<p>Other key areas of the project include supporting preventive vaccinations, reducing smoking, improving indoor air quality, preventing occupational respiratory diseases, increasing early detection of respiratory diseases, developing multidisciplinary patient care, and developing respiratory rehabilitation with a self-treatment support. One of the novelties of JARED is that it integrates lung cancer screening and COPD early detection programs, which make the treatment of high-risk individuals more effective.<\/p>\n<p>The project will also implement a large-scale COPD screening program led by OKPI and with a significant participation of Hungarian partners. During this collaboration, 15,000 high-risk individuals will be examined, of which approximately 4,500 will take part in spirometry testing. Besides, a post-COPD digital self-management program will be tested with the participation of 300 patients, of which development OKPI plays a prominent role.<\/p>\n<p><strong>Filha has an important role as the coordinator and leader of one of the key work packages.<\/strong><br \/>\nThe main purpose of this work package is to develop early diagnosis and treatment of chronic respiratory diseases. The consortium includes 15 units from 11 countries. Filha oversees the activities of these units to ensure that the objectives defined in the project agreement are achieved on schedule and provides guidance to participants on medical matters.<\/p>\n<p>In Finland, the activities carried out as part of JARED include:<\/p>\n<ul>\n<li>developing asthma and COPD guidelines for healthcare professionals and patients working or living in different countries,<\/li>\n<li>creating a handbook on the use of digital tools in supporting self-management among older adults,<\/li>\n<li>by training healthcare professionals in the self-management of asthma and COPD, and<\/li>\n<li>conducting the surveys included in JARED within Finland.<\/li>\n<\/ul>\n<p><strong>Summarising all above<\/strong>, JARED aims to significantly reduce the burden of respiratory diseases in Europe, improve early detection and support patient self-treatment, especially among the most vulnerable social groups. The project also creates large-scale collaboration between member states of the EU. Finally, its mission is to sustainably reduce the incidence of CRD, significantly improve the quality of life for patients and integrate research findings into health policy and practice.<\/p>\n","protected":false},"excerpt":{"rendered":"<p>This project aims to reduce the burden of chronic respiratory diseases (CRD) and their risk factors. Project objective: The \u201cJARED\u201d project is an extremely important initiative in which our institute &#8230; <a title=\"JARED\" class=\"read-more\" href=\"https:\/\/www.filha.fi\/en\/hankkeet\/jared\/\" aria-label=\"Read more about JARED\">Read more<\/a><\/p>\n","protected":false},"author":24,"featured_media":0,"parent":37,"menu_order":0,"comment_status":"closed","ping_status":"closed","template":"","meta":{"_acf_changed":false,"footnotes":""},"categories":[173,190,97,47],"class_list":["post-33019","page","type-page","status-publish","category-antti","category-hannan","category-salla-maaret","category-tuula"],"translation":{"provider":"WPGlobus","version":"3.0.2","language":"en","enabled_languages":["fi","en"],"languages":{"fi":{"title":true,"content":true,"excerpt":false},"en":{"title":true,"content":true,"excerpt":false}}},"acf":[],"yoast_head":"<!-- This site is optimized with the Yoast SEO plugin v27.4 - https:\/\/yoast.com\/product\/yoast-seo-wordpress\/ -->\n<title>JARED - Filha<\/title>\n<meta name=\"robots\" content=\"index, follow, max-snippet:-1, max-image-preview:large, max-video-preview:-1\" \/>\n<link rel=\"canonical\" href=\"https:\/\/www.filha.fi\/hankkeet\/jared\/\" \/>\n<meta property=\"og:locale\" content=\"en_US\" \/>\n<meta property=\"og:type\" content=\"article\" \/>\n<meta property=\"og:title\" content=\"JARED - Filha\" \/>\n<meta property=\"og:url\" content=\"https:\/\/www.filha.fi\/hankkeet\/jared\/\" \/>\n<meta property=\"og:site_name\" content=\"Filha\" \/>\n<meta property=\"article:modified_time\" content=\"2026-04-17T11:58:17+00:00\" \/>\n<meta property=\"og:image\" content=\"https:\/\/www.filha.fi\/wp-content\/uploads\/2025\/12\/JARED-logo-final-RGB.png\" \/>\n\t<meta property=\"og:image:width\" content=\"1417\" \/>\n\t<meta property=\"og:image:height\" content=\"945\" \/>\n\t<meta property=\"og:image:type\" content=\"image\/png\" \/>\n<meta name=\"twitter:card\" content=\"summary_large_image\" \/>\n<meta name=\"twitter:label1\" content=\"Est. reading time\" \/>\n\t<meta name=\"twitter:data1\" content=\"6 minutes\" \/>\n<script type=\"application\/ld+json\" class=\"yoast-schema-graph\">{\"@context\":\"https:\\\/\\\/schema.org\",\"@graph\":[{\"@type\":\"WebPage\",\"@id\":\"https:\\\/\\\/www.filha.fi\\\/hankkeet\\\/jared\\\/\",\"url\":\"https:\\\/\\\/www.filha.fi\\\/hankkeet\\\/jared\\\/\",\"name\":\"JARED - Filha\",\"isPartOf\":{\"@id\":\"https:\\\/\\\/www.filha.fi\\\/#website\"},\"primaryImageOfPage\":{\"@id\":\"https:\\\/\\\/www.filha.fi\\\/hankkeet\\\/jared\\\/#primaryimage\"},\"image\":{\"@id\":\"https:\\\/\\\/www.filha.fi\\\/hankkeet\\\/jared\\\/#primaryimage\"},\"thumbnailUrl\":\"https:\\\/\\\/www.filha.fi\\\/wp-content\\\/uploads\\\/2025\\\/12\\\/JARED-logo-final-RGB-300x200.png\",\"datePublished\":\"2025-05-08T09:59:02+00:00\",\"dateModified\":\"2026-04-17T11:58:17+00:00\",\"breadcrumb\":{\"@id\":\"https:\\\/\\\/www.filha.fi\\\/hankkeet\\\/jared\\\/#breadcrumb\"},\"inLanguage\":\"en-US\",\"potentialAction\":[{\"@type\":\"ReadAction\",\"target\":[\"https:\\\/\\\/www.filha.fi\\\/hankkeet\\\/jared\\\/\"]}]},{\"@type\":\"ImageObject\",\"inLanguage\":\"en-US\",\"@id\":\"https:\\\/\\\/www.filha.fi\\\/hankkeet\\\/jared\\\/#primaryimage\",\"url\":\"https:\\\/\\\/www.filha.fi\\\/wp-content\\\/uploads\\\/2025\\\/12\\\/JARED-logo-final-RGB-300x200.png\",\"contentUrl\":\"https:\\\/\\\/www.filha.fi\\\/wp-content\\\/uploads\\\/2025\\\/12\\\/JARED-logo-final-RGB-300x200.png\"},{\"@type\":\"BreadcrumbList\",\"@id\":\"https:\\\/\\\/www.filha.fi\\\/hankkeet\\\/jared\\\/#breadcrumb\",\"itemListElement\":[{\"@type\":\"ListItem\",\"position\":1,\"name\":\"Home\",\"item\":\"https:\\\/\\\/www.filha.fi\\\/\"},{\"@type\":\"ListItem\",\"position\":2,\"name\":\"Hankkeet\",\"item\":\"https:\\\/\\\/www.filha.fi\\\/hankkeet\\\/\"},{\"@type\":\"ListItem\",\"position\":3,\"name\":\"JARED\"}]},{\"@type\":\"WebSite\",\"@id\":\"https:\\\/\\\/www.filha.fi\\\/#website\",\"url\":\"https:\\\/\\\/www.filha.fi\\\/\",\"name\":\"Filha\",\"description\":\"Expertise in lung health\",\"publisher\":{\"@id\":\"https:\\\/\\\/www.filha.fi\\\/#organization\"},\"potentialAction\":[{\"@type\":\"SearchAction\",\"target\":{\"@type\":\"EntryPoint\",\"urlTemplate\":\"https:\\\/\\\/www.filha.fi\\\/?s={search_term_string}\"},\"query-input\":{\"@type\":\"PropertyValueSpecification\",\"valueRequired\":true,\"valueName\":\"search_term_string\"}}],\"inLanguage\":\"en-US\"},{\"@type\":\"Organization\",\"@id\":\"https:\\\/\\\/www.filha.fi\\\/#organization\",\"name\":\"Filha ry\",\"url\":\"https:\\\/\\\/www.filha.fi\\\/\",\"logo\":{\"@type\":\"ImageObject\",\"inLanguage\":\"en-US\",\"@id\":\"https:\\\/\\\/www.filha.fi\\\/#\\\/schema\\\/logo\\\/image\\\/\",\"url\":\"https:\\\/\\\/www.filha.fi\\\/wp-content\\\/uploads\\\/2019\\\/04\\\/Filha-logo.png\",\"contentUrl\":\"https:\\\/\\\/www.filha.fi\\\/wp-content\\\/uploads\\\/2019\\\/04\\\/Filha-logo.png\",\"width\":960,\"height\":1230,\"caption\":\"Filha ry\"},\"image\":{\"@id\":\"https:\\\/\\\/www.filha.fi\\\/#\\\/schema\\\/logo\\\/image\\\/\"}}]}<\/script>\n<!-- \/ Yoast SEO plugin. -->","yoast_head_json":{"title":"JARED - Filha","robots":{"index":"index","follow":"follow","max-snippet":"max-snippet:-1","max-image-preview":"max-image-preview:large","max-video-preview":"max-video-preview:-1"},"canonical":"https:\/\/www.filha.fi\/hankkeet\/jared\/","og_locale":"en_US","og_type":"article","og_title":"JARED - Filha","og_url":"https:\/\/www.filha.fi\/hankkeet\/jared\/","og_site_name":"Filha","article_modified_time":"2026-04-17T11:58:17+00:00","og_image":[{"width":1417,"height":945,"url":"https:\/\/www.filha.fi\/wp-content\/uploads\/2025\/12\/JARED-logo-final-RGB.png","type":"image\/png"}],"twitter_card":"summary_large_image","twitter_misc":{"Est. reading time":"6 minutes"},"schema":{"@context":"https:\/\/schema.org","@graph":[{"@type":"WebPage","@id":"https:\/\/www.filha.fi\/hankkeet\/jared\/","url":"https:\/\/www.filha.fi\/hankkeet\/jared\/","name":"JARED - Filha","isPartOf":{"@id":"https:\/\/www.filha.fi\/#website"},"primaryImageOfPage":{"@id":"https:\/\/www.filha.fi\/hankkeet\/jared\/#primaryimage"},"image":{"@id":"https:\/\/www.filha.fi\/hankkeet\/jared\/#primaryimage"},"thumbnailUrl":"https:\/\/www.filha.fi\/wp-content\/uploads\/2025\/12\/JARED-logo-final-RGB-300x200.png","datePublished":"2025-05-08T09:59:02+00:00","dateModified":"2026-04-17T11:58:17+00:00","breadcrumb":{"@id":"https:\/\/www.filha.fi\/hankkeet\/jared\/#breadcrumb"},"inLanguage":"en-US","potentialAction":[{"@type":"ReadAction","target":["https:\/\/www.filha.fi\/hankkeet\/jared\/"]}]},{"@type":"ImageObject","inLanguage":"en-US","@id":"https:\/\/www.filha.fi\/hankkeet\/jared\/#primaryimage","url":"https:\/\/www.filha.fi\/wp-content\/uploads\/2025\/12\/JARED-logo-final-RGB-300x200.png","contentUrl":"https:\/\/www.filha.fi\/wp-content\/uploads\/2025\/12\/JARED-logo-final-RGB-300x200.png"},{"@type":"BreadcrumbList","@id":"https:\/\/www.filha.fi\/hankkeet\/jared\/#breadcrumb","itemListElement":[{"@type":"ListItem","position":1,"name":"Home","item":"https:\/\/www.filha.fi\/"},{"@type":"ListItem","position":2,"name":"Hankkeet","item":"https:\/\/www.filha.fi\/hankkeet\/"},{"@type":"ListItem","position":3,"name":"JARED"}]},{"@type":"WebSite","@id":"https:\/\/www.filha.fi\/#website","url":"https:\/\/www.filha.fi\/","name":"Filha","description":"Expertise in lung health","publisher":{"@id":"https:\/\/www.filha.fi\/#organization"},"potentialAction":[{"@type":"SearchAction","target":{"@type":"EntryPoint","urlTemplate":"https:\/\/www.filha.fi\/?s={search_term_string}"},"query-input":{"@type":"PropertyValueSpecification","valueRequired":true,"valueName":"search_term_string"}}],"inLanguage":"en-US"},{"@type":"Organization","@id":"https:\/\/www.filha.fi\/#organization","name":"Filha ry","url":"https:\/\/www.filha.fi\/","logo":{"@type":"ImageObject","inLanguage":"en-US","@id":"https:\/\/www.filha.fi\/#\/schema\/logo\/image\/","url":"https:\/\/www.filha.fi\/wp-content\/uploads\/2019\/04\/Filha-logo.png","contentUrl":"https:\/\/www.filha.fi\/wp-content\/uploads\/2019\/04\/Filha-logo.png","width":960,"height":1230,"caption":"Filha ry"},"image":{"@id":"https:\/\/www.filha.fi\/#\/schema\/logo\/image\/"}}]}},"_links":{"self":[{"href":"https:\/\/www.filha.fi\/en\/wp-json\/wp\/v2\/pages\/33019","targetHints":{"allow":["GET"]}}],"collection":[{"href":"https:\/\/www.filha.fi\/en\/wp-json\/wp\/v2\/pages"}],"about":[{"href":"https:\/\/www.filha.fi\/en\/wp-json\/wp\/v2\/types\/page"}],"author":[{"embeddable":true,"href":"https:\/\/www.filha.fi\/en\/wp-json\/wp\/v2\/users\/24"}],"replies":[{"embeddable":true,"href":"https:\/\/www.filha.fi\/en\/wp-json\/wp\/v2\/comments?post=33019"}],"version-history":[{"count":44,"href":"https:\/\/www.filha.fi\/en\/wp-json\/wp\/v2\/pages\/33019\/revisions"}],"predecessor-version":[{"id":34984,"href":"https:\/\/www.filha.fi\/en\/wp-json\/wp\/v2\/pages\/33019\/revisions\/34984"}],"up":[{"embeddable":true,"href":"https:\/\/www.filha.fi\/en\/wp-json\/wp\/v2\/pages\/37"}],"wp:attachment":[{"href":"https:\/\/www.filha.fi\/en\/wp-json\/wp\/v2\/media?parent=33019"}],"wp:term":[{"taxonomy":"category","embeddable":true,"href":"https:\/\/www.filha.fi\/en\/wp-json\/wp\/v2\/categories?post=33019"}],"curies":[{"name":"wp","href":"https:\/\/api.w.org\/{rel}","templated":true}]}}