{"id":34260,"date":"2025-11-26T13:49:12","date_gmt":"2025-11-26T11:49:12","guid":{"rendered":"https:\/\/www.filha.fi\/?page_id=34260"},"modified":"2026-01-26T15:13:19","modified_gmt":"2026-01-26T13:13:19","slug":"tukea-nikotiinivieroitustyohon","status":"publish","type":"page","link":"https:\/\/www.filha.fi\/en\/tupakka-ja-nikotiini\/tukea-nikotiinivieroitustyohon\/","title":{"rendered":"Tukea nikotiinivieroitusty\u00f6h\u00f6n \u2013 tietoa ja ty\u00f6kaluja ammattilaisille"},"content":{"rendered":"<p><strong>T\u00e4lt\u00e4 sivulta l\u00f6yd\u00e4t k\u00e4yt\u00e4nn\u00f6nl\u00e4heisi\u00e4 materiaaleja ty\u00f6si tueksi tupakka- ja nikotiiniriippuvuuden tunnistamiseen, ehk\u00e4isyyn ja hoitoon. Materiaalit auttavat sinua ottamaan nikotiinin k\u00e4yt\u00f6n puheeksi ja tukemaan potilasta vieroituksen eri vaiheissa.<\/strong><\/p>\n<p>Saat k\u00e4ytt\u00f6\u00f6si k\u00e4yt\u00e4nn\u00f6nl\u00e4heisi\u00e4 ty\u00f6kaluja: <strong>testej\u00e4<\/strong> nikotiiniriippuvuuden arviointiin, <strong>teht\u00e4vi\u00e4<\/strong> lopettamiseen valmistautumiseen sek\u00e4 <strong>ohjausmateriaaleja<\/strong>, jotka tukevat potilasta nikotiinivieroituksen eri vaiheissa. Lis\u00e4ksi l\u00f6yd\u00e4t ajantasaista tietoa nikotiinivieroituksen j\u00e4rjest\u00e4misest\u00e4 ja k\u00e4yt\u00e4nn\u00f6n toteutuksesta eri toimintaymp\u00e4rist\u00f6iss\u00e4.<\/p>\n<p>Tutustu my\u00f6s nikotiinivieroituksen <strong>koulutuksiin<\/strong> ja <strong>verkkokursseihin<\/strong>, jotka auttavat syvent\u00e4m\u00e4\u00e4n osaamistasi ja tuovat varmuutta ohjaustilanteisiin. Sivun alaosasta l\u00f6yd\u00e4t my\u00f6s nikotiinivieroituksen tueksi tarjolla olevia <strong>itsehoito-ohjelmia<\/strong> sek\u00e4 muuta verkossa saatavilla olevaa tukea, joihin voit ohjata potilaan saamaan lis\u00e4tukea lopettamiseen.<\/p>\n<p>Kaikki materiaalit ovat vapaasti k\u00e4ytett\u00e4viss\u00e4, ladattavissa ja tulostettavissa \u2013 ota ne rohkeasti osaksi ty\u00f6t\u00e4si ja tue potilaitasi matkalla kohti nikotiinitonta el\u00e4m\u00e4\u00e4!<\/p>\n<h2>Nikotiiniriippuvuuden arviointi<\/h2>\n<p><a href=\"https:\/\/www.filha.fi\/wp-content\/uploads\/2025\/11\/Nikotiiniriippuvuustesti_HSI.pdf\" target=\"_blank\" rel=\"noopener\">Nikotiiniriippuvuustesti (HSI, 2 kysymyst\u00e4)<\/a><br \/>\n<a href=\"https:\/\/www.filha.fi\/wp-content\/uploads\/2025\/11\/Nikotiiniriippuvuustesti_FTND.pdf\" target=\"_blank\" rel=\"noopener\">Nikotiiniriippuvuustesti (FTND, 6 kysymyst\u00e4)<\/a><br \/>\n<a href=\"https:\/\/www.filha.fi\/wp-content\/uploads\/2025\/11\/Riippuvuustesti-nuuskan-ja-nikotiinipussien-kayttajille.pdf\" target=\"_blank\" rel=\"noopener\">Riippuvuustesti nuuskan ja nikotiinipussien k\u00e4ytt\u00e4jille<\/a><br \/>\n<a href=\"https:\/\/www.filha.fi\/wp-content\/uploads\/2025\/11\/HONC_Hooked-on-Nicotine-Checklist.pdf\" target=\"_blank\" rel=\"noopener\">HONC-testi (nuorten riippuvuuden arviointiin)<\/a><\/p>\n<h2>Lopettamiseen valmistautuminen<\/h2>\n<p><a href=\"https:\/\/www.filha.fi\/wp-content\/uploads\/2025\/11\/Nikotiinipaivakirja.pdf\" target=\"_blank\" rel=\"noopener\">Nikotiinip\u00e4iv\u00e4kirja<\/a><br \/>\n<a href=\"https:\/\/www.filha.fi\/wp-content\/uploads\/2025\/11\/Nikotiinin-kayton-koetut-hyodyt-ja-haitat.pdf\" target=\"_blank\" rel=\"noopener\">Nikotiinin k\u00e4yt\u00f6n koetut hy\u00f6dyt ja haitat<\/a><br \/>\n<a href=\"https:\/\/www.filha.fi\/wp-content\/uploads\/2025\/12\/Tietoa-nikotiinituotteista-ja-niiden-terveyshaitoista-Potilasohje.pdf\" target=\"_blank\" rel=\"noopener\">Tietoa nikotiinituotteista ja niiden terveyshaitoista, potilasohje<\/a><br \/>\n<a href=\"https:\/\/www.filha.fi\/wp-content\/uploads\/2025\/11\/Riskitilanteiden-tunnistaminen.pdf\" target=\"_blank\" rel=\"noopener\">Riskitilanteiden tunnistaminen<\/a><\/p>\n<p><a href=\"https:\/\/www.filha.fi\/tupakka-ja-nikotiini\/tupakoinnin-lopettajalle\/tupakkalaskuri\/\" target=\"_blank\" rel=\"noopener\">Tupakkalaskuri<\/a><br \/>\n<a href=\"https:\/\/www.filha.fi\/tupakka-ja-nikotiini\/tupakoinnin-lopettajalle\/nuuska-ja-nikotiinipussilaskuri\/\" target=\"_blank\" rel=\"noopener\">Nuuska- ja nikotiinipussilaskuri<\/a><\/p>\n<h2>Vieroituksen tukeminen k\u00e4yt\u00e4nn\u00f6ss\u00e4<\/h2>\n<p><a href=\"https:\/\/www.filha.fi\/wp-content\/uploads\/2025\/11\/Nikotiinikorvaushoidon-annosteluohje.pdf\" target=\"_blank\" rel=\"noopener\">Nikotiinikorvaushoidon annosteluohje<\/a><br \/>\n<a href=\"https:\/\/www.filha.fi\/wp-content\/uploads\/2025\/11\/Nikotiinikorvausvalmisteiden-kayttoohje.pdf\" target=\"_blank\" rel=\"noopener\">Nikotiinikorvausvalmisteiden k\u00e4ytt\u00f6ohje<\/a><br \/>\n<a href=\"https:\/\/www.filha.fi\/wp-content\/uploads\/2025\/11\/Vieroitusoirekysely.pdf\" target=\"_blank\" rel=\"noopener\">Vieroitusoirekysely<\/a><br \/>\n<!--Lopettamisp\u00e4iv\u00e4kirja--><\/p>\n<h2>Puheeksiotto ja motivoiva ohjaus<\/h2>\n<p><a href=\"https:\/\/www.filha.fi\/wp-content\/uploads\/2025\/11\/Tietoa-nikotiinituotteista-ja-niiden-terveyshaitoista-Ammattilaiselle.pdf\" target=\"_blank\" rel=\"noopener\">Tietoa nikotiinituotteista ja niiden terveyshaitoista (ammattilaiselle)<\/a><br \/>\n<a href=\"https:\/\/www.filha.fi\/wp-content\/uploads\/2025\/11\/Tupakoinnin-lopettamisen-myonteiset-terveysvaikutukset.pdf\" target=\"_blank\" rel=\"noopener\">Tupakoinnin lopettamisen my\u00f6nteiset terveysvaikutukset<\/a><br \/>\n<a href=\"https:\/\/www.filha.fi\/wp-content\/uploads\/2026\/01\/Otathan-sinakin-nikotiinin-puheeksi-Mita-vastaan-potilaalle.pdf\" target=\"_blank\" rel=\"noopener\">Otathan sin\u00e4kin nikotiinin puheeksi, Mit\u00e4 vastaan potilaalle<\/a><br \/>\n<a href=\"https:\/\/www.filha.fi\/wp-content\/uploads\/2026\/01\/Kysymyksia-nikotiinikeskustelun-tueksi.pdf\" target=\"_blank\" rel=\"noopener\">Kysymyksi\u00e4 nikotiinikeskustelun tueksi<\/a><br \/>\n<a href=\"https:\/\/www.filha.fi\/wp-content\/uploads\/2025\/11\/Toimintamalli-5A-nikotiiniriippuvuuden-hoidossa-.pdf\" target=\"_blank\" rel=\"noopener\">5 A -toimintamalli nikotiiniriippuvuuden hoidossa<\/a><br \/>\n<!--Puheeksiotto ja lopettamisvalmiuden arviointi--><\/p>\n<h2>Hyv\u00e4t k\u00e4yt\u00e4nteet ja suositukset nikotiinivieroitukseen<\/h2>\n<p><a href=\"https:\/\/www.kaypahoito.fi\/hoi40020\" target=\"_blank\" rel=\"noopener\">K\u00e4yp\u00e4 hoito -suositus<\/a><br \/>\n<a href=\"https:\/\/julkaisut.valtioneuvosto.fi\/server\/api\/core\/bitstreams\/9bf2844c-9494-4aa8-a1b3-a1d2571645f0\/content\" target=\"_blank\" rel=\"noopener\">Sosiaali- ja terveysministeri\u00f6n suositukset hyvinvointialueille<\/a><br \/>\n<!--Tupakasta ja nikotiinista vieroituksen j\u00e4rjest\u00e4minen hyvinvointialueilla (A4)--><br \/>\n<a href=\"https:\/\/www.filha.fi\/wp-content\/uploads\/2025\/11\/Toimintamalli-Nikotiiniriippuvuuden-tunnistaminen-ja-hoito.pdf\" target=\"_blank\" rel=\"noopener\">Toimintamalli: Nikotiiniriippuvuuden tunnistaminen ja hoito<\/a><br \/>\n<!--Kirjaamisohje--><\/p>\n<h2>Koulutukset ja verkkokurssit ammattilaiselle<\/h2>\n<p><a href=\"https:\/\/ammattilaiset.filha.fi\/\" target=\"_blank\" rel=\"noopener\">Filhan videokirjasto<\/a><br \/>\n<a href=\"https:\/\/www.filha.fi\/koulutus\/tietoa-tupakka-ja-nikotiinivieroituksesta-webinaari-osa-1-terveyshaitat-ja-riippuvuus-3\/\" target=\"_blank\" rel=\"noopener\">Tietoa tupakka ja nikotiiniriippuvuudesta -webinaarisarja<\/a><br \/>\n<a href=\"https:\/\/www.filha.fi\/koulutus\/xi-valtakunnalliset-tupakka-ja-terveys-paivat\/\" target=\"_blank\" rel=\"noopener\">Tupakka ja terveys -p\u00e4iv\u00e4<\/a><\/p>\n<p><!--Yleinen verkkokurssi Terveyskyl\u00e4PRO--><br \/>\n<!--TupLei--><br \/>\n<!--MITU--><\/p>\n<h2>Itsehoito-ohjelmat ja muu verkossa tarjolla oleva tuki potilaille<\/h2>\n<p><a href=\"https:\/\/www.omaolo.fi\/palvelut\/valmennukset\/tupakka4\" target=\"_blank\" rel=\"noopener\">Omaolo: Tupakoinnin lopettaminen<\/a><br \/>\n<a href=\"https:\/\/www.terveyskyla.fi\/terveyskylan-itsehoito-ohjelmat\/tupakoinnin-lopettaminen-hyvan-hoidon-tukena\" target=\"_blank\" rel=\"noopener\">Terveyskyl\u00e4: Tupakoinnin lopettaminen hyv\u00e4n hoidon tukena<\/a><br \/>\n<a href=\"https:\/\/www.terveyskyla.fi\/terveyskylan-itsehoito-ohjelmat\/tupakoimattomana-leikkaukseen\" target=\"_blank\" rel=\"noopener\">Terveyskyl\u00e4: Tupakoimattomana leikkaukseen<\/a><br \/>\n<a href=\"https:\/\/www.hengitysliitto.fi\/elamanlaatu-ja-hyvinvointi\/savuttomuus\/\" target=\"_blank\" rel=\"noopener\">Stumppi<\/a><br \/>\n<a href=\"https:\/\/www.28paivaailman.fi\/verkko\" target=\"_blank\" rel=\"noopener\">28 p\u00e4iv\u00e4\u00e4 ilman<\/a><br \/>\n<a href=\"https:\/\/fressis.fi\/erovirasto\/\" target=\"_blank\" rel=\"noopener\">Erovirasto-sovellus nuorille ja nuorille aikuisille<\/a><\/p>\n","protected":false},"excerpt":{"rendered":"<p>T\u00e4lt\u00e4 sivulta l\u00f6yd\u00e4t k\u00e4yt\u00e4nn\u00f6nl\u00e4heisi\u00e4 materiaaleja ty\u00f6si tueksi tupakka- ja nikotiiniriippuvuuden tunnistamiseen, ehk\u00e4isyyn ja hoitoon. Materiaalit auttavat sinua ottamaan nikotiinin k\u00e4yt\u00f6n puheeksi ja tukemaan potilasta vieroituksen eri vaiheissa. Saat k\u00e4ytt\u00f6\u00f6si k\u00e4yt\u00e4nn\u00f6nl\u00e4heisi\u00e4 &#8230; <a title=\"Tukea nikotiinivieroitusty\u00f6h\u00f6n \u2013 tietoa ja ty\u00f6kaluja ammattilaisille\" class=\"read-more\" href=\"https:\/\/www.filha.fi\/en\/tupakka-ja-nikotiini\/tukea-nikotiinivieroitustyohon\/\" aria-label=\"Read more about Tukea nikotiinivieroitusty\u00f6h\u00f6n \u2013 tietoa ja ty\u00f6kaluja ammattilaisille\">Read more<\/a><\/p>\n","protected":false},"author":4,"featured_media":0,"parent":7769,"menu_order":0,"comment_status":"closed","ping_status":"closed","template":"","meta":{"_acf_changed":false,"footnotes":""},"categories":[43,44,7],"class_list":["post-34260","page","type-page","status-publish","category-katja","category-patrick","category-tupakka"],"translation":{"provider":"WPGlobus","version":"3.0.2","language":"en","enabled_languages":["fi","en"],"languages":{"fi":{"title":true,"content":true,"excerpt":false},"en":{"title":false,"content":false,"excerpt":false}}},"acf":[],"yoast_head":"<!-- This site is optimized with the Yoast SEO plugin v27.4 - https:\/\/yoast.com\/product\/yoast-seo-wordpress\/ -->\n<title>Tukea nikotiinivieroitusty\u00f6h\u00f6n \u2013 tietoa ja ty\u00f6kaluja ammattilaisille - Filha<\/title>\n<meta name=\"robots\" content=\"index, follow, max-snippet:-1, max-image-preview:large, max-video-preview:-1\" \/>\n<link rel=\"canonical\" href=\"https:\/\/www.filha.fi\/tupakka-ja-nikotiini\/tukea-nikotiinivieroitustyohon\/\" \/>\n<meta property=\"og:locale\" content=\"en_US\" \/>\n<meta property=\"og:type\" content=\"article\" \/>\n<meta property=\"og:title\" content=\"Tukea nikotiinivieroitusty\u00f6h\u00f6n \u2013 tietoa ja ty\u00f6kaluja ammattilaisille - Filha\" \/>\n<meta property=\"og:url\" content=\"https:\/\/www.filha.fi\/tupakka-ja-nikotiini\/tukea-nikotiinivieroitustyohon\/\" \/>\n<meta property=\"og:site_name\" content=\"Filha\" \/>\n<meta property=\"article:modified_time\" content=\"2026-01-26T13:13:19+00:00\" \/>\n<meta property=\"og:image\" content=\"https:\/\/www.filha.fi\/wp-content\/uploads\/2019\/04\/Filha-logo.png\" \/>\n\t<meta property=\"og:image:width\" content=\"960\" \/>\n\t<meta property=\"og:image:height\" content=\"1230\" \/>\n\t<meta property=\"og:image:type\" content=\"image\/png\" \/>\n<meta name=\"twitter:card\" content=\"summary_large_image\" \/>\n<meta name=\"twitter:label1\" content=\"Est. reading time\" \/>\n\t<meta name=\"twitter:data1\" content=\"2 minutes\" \/>\n<script type=\"application\/ld+json\" class=\"yoast-schema-graph\">{\"@context\":\"https:\\\/\\\/schema.org\",\"@graph\":[{\"@type\":\"WebPage\",\"@id\":\"https:\\\/\\\/www.filha.fi\\\/tupakka-ja-nikotiini\\\/tukea-nikotiinivieroitustyohon\\\/\",\"url\":\"https:\\\/\\\/www.filha.fi\\\/tupakka-ja-nikotiini\\\/tukea-nikotiinivieroitustyohon\\\/\",\"name\":\"Tukea nikotiinivieroitusty\u00f6h\u00f6n \u2013 tietoa ja ty\u00f6kaluja ammattilaisille - Filha\",\"isPartOf\":{\"@id\":\"https:\\\/\\\/www.filha.fi\\\/#website\"},\"datePublished\":\"2025-11-26T11:49:12+00:00\",\"dateModified\":\"2026-01-26T13:13:19+00:00\",\"description\":\"Nikotiinivieroitus, tukea nikotiinivieroitusty\u00f6h\u00f6n, maksuttomia tukimateriaaleja ja ty\u00f6kaluja ammattilaisille vieroitusty\u00f6h\u00f6n\",\"breadcrumb\":{\"@id\":\"https:\\\/\\\/www.filha.fi\\\/tupakka-ja-nikotiini\\\/tukea-nikotiinivieroitustyohon\\\/#breadcrumb\"},\"inLanguage\":\"en-US\",\"potentialAction\":[{\"@type\":\"ReadAction\",\"target\":[\"https:\\\/\\\/www.filha.fi\\\/tupakka-ja-nikotiini\\\/tukea-nikotiinivieroitustyohon\\\/\"]}]},{\"@type\":\"BreadcrumbList\",\"@id\":\"https:\\\/\\\/www.filha.fi\\\/tupakka-ja-nikotiini\\\/tukea-nikotiinivieroitustyohon\\\/#breadcrumb\",\"itemListElement\":[{\"@type\":\"ListItem\",\"position\":1,\"name\":\"Home\",\"item\":\"https:\\\/\\\/www.filha.fi\\\/\"},{\"@type\":\"ListItem\",\"position\":2,\"name\":\"Tupakka ja nikotiini\",\"item\":\"https:\\\/\\\/www.filha.fi\\\/tupakka-ja-nikotiini\\\/\"},{\"@type\":\"ListItem\",\"position\":3,\"name\":\"Tukea nikotiinivieroitusty\u00f6h\u00f6n \u2013 tietoa ja ty\u00f6kaluja ammattilaisille\"}]},{\"@type\":\"WebSite\",\"@id\":\"https:\\\/\\\/www.filha.fi\\\/#website\",\"url\":\"https:\\\/\\\/www.filha.fi\\\/\",\"name\":\"Filha\",\"description\":\"Expertise in lung health\",\"publisher\":{\"@id\":\"https:\\\/\\\/www.filha.fi\\\/#organization\"},\"potentialAction\":[{\"@type\":\"SearchAction\",\"target\":{\"@type\":\"EntryPoint\",\"urlTemplate\":\"https:\\\/\\\/www.filha.fi\\\/?s={search_term_string}\"},\"query-input\":{\"@type\":\"PropertyValueSpecification\",\"valueRequired\":true,\"valueName\":\"search_term_string\"}}],\"inLanguage\":\"en-US\"},{\"@type\":\"Organization\",\"@id\":\"https:\\\/\\\/www.filha.fi\\\/#organization\",\"name\":\"Filha ry\",\"url\":\"https:\\\/\\\/www.filha.fi\\\/\",\"logo\":{\"@type\":\"ImageObject\",\"inLanguage\":\"en-US\",\"@id\":\"https:\\\/\\\/www.filha.fi\\\/#\\\/schema\\\/logo\\\/image\\\/\",\"url\":\"https:\\\/\\\/www.filha.fi\\\/wp-content\\\/uploads\\\/2019\\\/04\\\/Filha-logo.png\",\"contentUrl\":\"https:\\\/\\\/www.filha.fi\\\/wp-content\\\/uploads\\\/2019\\\/04\\\/Filha-logo.png\",\"width\":960,\"height\":1230,\"caption\":\"Filha ry\"},\"image\":{\"@id\":\"https:\\\/\\\/www.filha.fi\\\/#\\\/schema\\\/logo\\\/image\\\/\"}}]}<\/script>\n<!-- \/ Yoast SEO plugin. -->","yoast_head_json":{"title":"Tukea nikotiinivieroitusty\u00f6h\u00f6n \u2013 tietoa ja ty\u00f6kaluja ammattilaisille - Filha","robots":{"index":"index","follow":"follow","max-snippet":"max-snippet:-1","max-image-preview":"max-image-preview:large","max-video-preview":"max-video-preview:-1"},"canonical":"https:\/\/www.filha.fi\/tupakka-ja-nikotiini\/tukea-nikotiinivieroitustyohon\/","og_locale":"en_US","og_type":"article","og_title":"Tukea nikotiinivieroitusty\u00f6h\u00f6n \u2013 tietoa ja ty\u00f6kaluja ammattilaisille - Filha","og_url":"https:\/\/www.filha.fi\/tupakka-ja-nikotiini\/tukea-nikotiinivieroitustyohon\/","og_site_name":"Filha","article_modified_time":"2026-01-26T13:13:19+00:00","og_image":[{"width":960,"height":1230,"url":"https:\/\/www.filha.fi\/wp-content\/uploads\/2019\/04\/Filha-logo.png","type":"image\/png"}],"twitter_card":"summary_large_image","twitter_misc":{"Est. reading time":"2 minutes"},"schema":{"@context":"https:\/\/schema.org","@graph":[{"@type":"WebPage","@id":"https:\/\/www.filha.fi\/tupakka-ja-nikotiini\/tukea-nikotiinivieroitustyohon\/","url":"https:\/\/www.filha.fi\/tupakka-ja-nikotiini\/tukea-nikotiinivieroitustyohon\/","name":"Tukea nikotiinivieroitusty\u00f6h\u00f6n \u2013 tietoa ja ty\u00f6kaluja ammattilaisille - Filha","isPartOf":{"@id":"https:\/\/www.filha.fi\/#website"},"datePublished":"2025-11-26T11:49:12+00:00","dateModified":"2026-01-26T13:13:19+00:00","description":"Nikotiinivieroitus, tukea nikotiinivieroitusty\u00f6h\u00f6n, maksuttomia tukimateriaaleja ja ty\u00f6kaluja ammattilaisille vieroitusty\u00f6h\u00f6n","breadcrumb":{"@id":"https:\/\/www.filha.fi\/tupakka-ja-nikotiini\/tukea-nikotiinivieroitustyohon\/#breadcrumb"},"inLanguage":"en-US","potentialAction":[{"@type":"ReadAction","target":["https:\/\/www.filha.fi\/tupakka-ja-nikotiini\/tukea-nikotiinivieroitustyohon\/"]}]},{"@type":"BreadcrumbList","@id":"https:\/\/www.filha.fi\/tupakka-ja-nikotiini\/tukea-nikotiinivieroitustyohon\/#breadcrumb","itemListElement":[{"@type":"ListItem","position":1,"name":"Home","item":"https:\/\/www.filha.fi\/"},{"@type":"ListItem","position":2,"name":"Tupakka ja nikotiini","item":"https:\/\/www.filha.fi\/tupakka-ja-nikotiini\/"},{"@type":"ListItem","position":3,"name":"Tukea nikotiinivieroitusty\u00f6h\u00f6n \u2013 tietoa ja ty\u00f6kaluja ammattilaisille"}]},{"@type":"WebSite","@id":"https:\/\/www.filha.fi\/#website","url":"https:\/\/www.filha.fi\/","name":"Filha","description":"Expertise in lung health","publisher":{"@id":"https:\/\/www.filha.fi\/#organization"},"potentialAction":[{"@type":"SearchAction","target":{"@type":"EntryPoint","urlTemplate":"https:\/\/www.filha.fi\/?s={search_term_string}"},"query-input":{"@type":"PropertyValueSpecification","valueRequired":true,"valueName":"search_term_string"}}],"inLanguage":"en-US"},{"@type":"Organization","@id":"https:\/\/www.filha.fi\/#organization","name":"Filha ry","url":"https:\/\/www.filha.fi\/","logo":{"@type":"ImageObject","inLanguage":"en-US","@id":"https:\/\/www.filha.fi\/#\/schema\/logo\/image\/","url":"https:\/\/www.filha.fi\/wp-content\/uploads\/2019\/04\/Filha-logo.png","contentUrl":"https:\/\/www.filha.fi\/wp-content\/uploads\/2019\/04\/Filha-logo.png","width":960,"height":1230,"caption":"Filha ry"},"image":{"@id":"https:\/\/www.filha.fi\/#\/schema\/logo\/image\/"}}]}},"_links":{"self":[{"href":"https:\/\/www.filha.fi\/en\/wp-json\/wp\/v2\/pages\/34260","targetHints":{"allow":["GET"]}}],"collection":[{"href":"https:\/\/www.filha.fi\/en\/wp-json\/wp\/v2\/pages"}],"about":[{"href":"https:\/\/www.filha.fi\/en\/wp-json\/wp\/v2\/types\/page"}],"author":[{"embeddable":true,"href":"https:\/\/www.filha.fi\/en\/wp-json\/wp\/v2\/users\/4"}],"replies":[{"embeddable":true,"href":"https:\/\/www.filha.fi\/en\/wp-json\/wp\/v2\/comments?post=34260"}],"version-history":[{"count":22,"href":"https:\/\/www.filha.fi\/en\/wp-json\/wp\/v2\/pages\/34260\/revisions"}],"predecessor-version":[{"id":34625,"href":"https:\/\/www.filha.fi\/en\/wp-json\/wp\/v2\/pages\/34260\/revisions\/34625"}],"up":[{"embeddable":true,"href":"https:\/\/www.filha.fi\/en\/wp-json\/wp\/v2\/pages\/7769"}],"wp:attachment":[{"href":"https:\/\/www.filha.fi\/en\/wp-json\/wp\/v2\/media?parent=34260"}],"wp:term":[{"taxonomy":"category","embeddable":true,"href":"https:\/\/www.filha.fi\/en\/wp-json\/wp\/v2\/categories?post=34260"}],"curies":[{"name":"wp","href":"https:\/\/api.w.org\/{rel}","templated":true}]}}