{"id":34481,"date":"2025-12-08T15:01:09","date_gmt":"2025-12-08T13:01:09","guid":{"rendered":"https:\/\/www.filha.fi\/?page_id=34481"},"modified":"2026-02-27T10:41:54","modified_gmt":"2026-02-27T08:41:54","slug":"valtakunnallisten-tartuntatautipaivien-nayttely-2026","status":"publish","type":"page","link":"https:\/\/www.filha.fi\/en\/valtakunnallisten-tartuntatautipaivien-nayttely-2026\/","title":{"rendered":"Valtakunnallisten Tartuntatautip\u00e4ivien n\u00e4yttely 2026"},"content":{"rendered":"<p>Valtakunnalliset Tartuntatautip\u00e4iv\u00e4t 10.-11.11.2026<br \/>\nMarina Congress Center, Helsinki<\/p>\n<p>Tarjoamme k\u00e4ytt\u00f6\u00f6nne kahta erikokoista rakentamatonta n\u00e4yttelytilaa seuraavin hinnoin:<\/p>\n<p><strong>Vaihtoehto 1:<\/strong>\u00a06 m2 (2 x 3) 1800 \u20ac (2 edustajaa) (j\u00e4rjest\u00f6hinta 1500 \u20ac)<br \/>\n<strong>Vaihtoehto 2:<\/strong>\u00a04 m2 (2 x 2) 1400 \u20ac (2 edustajaa) (j\u00e4rjest\u00f6hinta 1100 \u20ac)<\/p>\n<p>Jokaista n\u00e4yttelypaikkaa kohden voi 2 henkil\u00f6\u00e4 osallistua maksutta koulutustilaisuuteen (hintaan sis\u00e4ltyy luennot sek\u00e4 tarjoilut).\u00a0Jos yrityksest\u00e4 osallistuu useampi henkil\u00f6 t\u00e4m\u00e4n lis\u00e4ksi, he maksavat normaalin osallistumismaksun.<\/p>\n<p><strong>Ilmoittautuminen n\u00e4ytteilleasettajaksi: <\/strong><a href=\"https:\/\/ssl.eventilla.com\/event\/AXEWY\" target=\"_blank\" rel=\"noopener\">lomakkeella<\/a> 2.11.2026 menness\u00e4.<\/p>\n<p>Laskutus tilaisuuden j\u00e4lkeen.<\/p>\n<p><strong>Kalusteet, s\u00e4hk\u00f6t, tarjoilut<\/strong><\/p>\n<p>Tiedot p\u00e4ivitet\u00e4\u00e4n.<\/p>\n<p><strong>Ohjeita n\u00e4ytteilleasettajille: <\/strong>p\u00e4ivitet\u00e4\u00e4n<\/p>\n","protected":false},"excerpt":{"rendered":"<p>Valtakunnalliset Tartuntatautip\u00e4iv\u00e4t 10.-11.11.2026 Marina Congress Center, Helsinki Tarjoamme k\u00e4ytt\u00f6\u00f6nne kahta erikokoista rakentamatonta n\u00e4yttelytilaa seuraavin hinnoin: Vaihtoehto 1:\u00a06 m2 (2 x 3) 1800 \u20ac (2 edustajaa) (j\u00e4rjest\u00f6hinta 1500 \u20ac) Vaihtoehto 2:\u00a04 &#8230; <a title=\"Valtakunnallisten Tartuntatautip\u00e4ivien n\u00e4yttely 2026\" class=\"read-more\" href=\"https:\/\/www.filha.fi\/en\/valtakunnallisten-tartuntatautipaivien-nayttely-2026\/\" aria-label=\"Read more about Valtakunnallisten Tartuntatautip\u00e4ivien n\u00e4yttely 2026\">Read more<\/a><\/p>\n","protected":false},"author":27,"featured_media":0,"parent":0,"menu_order":0,"comment_status":"closed","ping_status":"closed","template":"","meta":{"_acf_changed":false,"footnotes":""},"categories":[105],"class_list":["post-34481","page","type-page","status-publish","category-tiina"],"translation":{"provider":"WPGlobus","version":"3.0.2","language":"en","enabled_languages":["fi","en"],"languages":{"fi":{"title":true,"content":true,"excerpt":false},"en":{"title":false,"content":false,"excerpt":false}}},"acf":[],"yoast_head":"<!-- This site is optimized with the Yoast SEO plugin v27.4 - https:\/\/yoast.com\/product\/yoast-seo-wordpress\/ -->\n<title>Valtakunnallisten Tartuntatautip\u00e4ivien n\u00e4yttely 2026 - Filha<\/title>\n<meta name=\"robots\" content=\"index, follow, max-snippet:-1, max-image-preview:large, max-video-preview:-1\" \/>\n<link rel=\"canonical\" href=\"https:\/\/www.filha.fi\/valtakunnallisten-tartuntatautipaivien-nayttely-2026\/\" \/>\n<meta property=\"og:locale\" content=\"en_US\" \/>\n<meta property=\"og:type\" content=\"article\" \/>\n<meta property=\"og:title\" content=\"Valtakunnallisten Tartuntatautip\u00e4ivien n\u00e4yttely 2026 - Filha\" \/>\n<meta property=\"og:url\" content=\"https:\/\/www.filha.fi\/valtakunnallisten-tartuntatautipaivien-nayttely-2026\/\" \/>\n<meta property=\"og:site_name\" content=\"Filha\" \/>\n<meta property=\"article:modified_time\" content=\"2026-02-27T08:41:54+00:00\" \/>\n<meta property=\"og:image\" content=\"https:\/\/www.filha.fi\/wp-content\/uploads\/2019\/04\/Filha-logo.png\" \/>\n\t<meta property=\"og:image:width\" content=\"960\" \/>\n\t<meta property=\"og:image:height\" content=\"1230\" \/>\n\t<meta property=\"og:image:type\" content=\"image\/png\" \/>\n<meta name=\"twitter:card\" content=\"summary_large_image\" \/>\n<meta name=\"twitter:label1\" content=\"Est. reading time\" \/>\n\t<meta name=\"twitter:data1\" content=\"1 minute\" \/>\n<script type=\"application\/ld+json\" class=\"yoast-schema-graph\">{\"@context\":\"https:\\\/\\\/schema.org\",\"@graph\":[{\"@type\":\"WebPage\",\"@id\":\"https:\\\/\\\/www.filha.fi\\\/valtakunnallisten-tartuntatautipaivien-nayttely-2026\\\/\",\"url\":\"https:\\\/\\\/www.filha.fi\\\/valtakunnallisten-tartuntatautipaivien-nayttely-2026\\\/\",\"name\":\"Valtakunnallisten Tartuntatautip\u00e4ivien n\u00e4yttely 2026 - Filha\",\"isPartOf\":{\"@id\":\"https:\\\/\\\/www.filha.fi\\\/#website\"},\"datePublished\":\"2025-12-08T13:01:09+00:00\",\"dateModified\":\"2026-02-27T08:41:54+00:00\",\"breadcrumb\":{\"@id\":\"https:\\\/\\\/www.filha.fi\\\/valtakunnallisten-tartuntatautipaivien-nayttely-2026\\\/#breadcrumb\"},\"inLanguage\":\"en-US\",\"potentialAction\":[{\"@type\":\"ReadAction\",\"target\":[\"https:\\\/\\\/www.filha.fi\\\/valtakunnallisten-tartuntatautipaivien-nayttely-2026\\\/\"]}]},{\"@type\":\"BreadcrumbList\",\"@id\":\"https:\\\/\\\/www.filha.fi\\\/valtakunnallisten-tartuntatautipaivien-nayttely-2026\\\/#breadcrumb\",\"itemListElement\":[{\"@type\":\"ListItem\",\"position\":1,\"name\":\"Home\",\"item\":\"https:\\\/\\\/www.filha.fi\\\/\"},{\"@type\":\"ListItem\",\"position\":2,\"name\":\"Valtakunnallisten Tartuntatautip\u00e4ivien n\u00e4yttely 2026\"}]},{\"@type\":\"WebSite\",\"@id\":\"https:\\\/\\\/www.filha.fi\\\/#website\",\"url\":\"https:\\\/\\\/www.filha.fi\\\/\",\"name\":\"Filha\",\"description\":\"Expertise in lung health\",\"publisher\":{\"@id\":\"https:\\\/\\\/www.filha.fi\\\/#organization\"},\"potentialAction\":[{\"@type\":\"SearchAction\",\"target\":{\"@type\":\"EntryPoint\",\"urlTemplate\":\"https:\\\/\\\/www.filha.fi\\\/?s={search_term_string}\"},\"query-input\":{\"@type\":\"PropertyValueSpecification\",\"valueRequired\":true,\"valueName\":\"search_term_string\"}}],\"inLanguage\":\"en-US\"},{\"@type\":\"Organization\",\"@id\":\"https:\\\/\\\/www.filha.fi\\\/#organization\",\"name\":\"Filha ry\",\"url\":\"https:\\\/\\\/www.filha.fi\\\/\",\"logo\":{\"@type\":\"ImageObject\",\"inLanguage\":\"en-US\",\"@id\":\"https:\\\/\\\/www.filha.fi\\\/#\\\/schema\\\/logo\\\/image\\\/\",\"url\":\"https:\\\/\\\/www.filha.fi\\\/wp-content\\\/uploads\\\/2019\\\/04\\\/Filha-logo.png\",\"contentUrl\":\"https:\\\/\\\/www.filha.fi\\\/wp-content\\\/uploads\\\/2019\\\/04\\\/Filha-logo.png\",\"width\":960,\"height\":1230,\"caption\":\"Filha ry\"},\"image\":{\"@id\":\"https:\\\/\\\/www.filha.fi\\\/#\\\/schema\\\/logo\\\/image\\\/\"}}]}<\/script>\n<!-- \/ Yoast SEO plugin. -->","yoast_head_json":{"title":"Valtakunnallisten Tartuntatautip\u00e4ivien n\u00e4yttely 2026 - Filha","robots":{"index":"index","follow":"follow","max-snippet":"max-snippet:-1","max-image-preview":"max-image-preview:large","max-video-preview":"max-video-preview:-1"},"canonical":"https:\/\/www.filha.fi\/valtakunnallisten-tartuntatautipaivien-nayttely-2026\/","og_locale":"en_US","og_type":"article","og_title":"Valtakunnallisten Tartuntatautip\u00e4ivien n\u00e4yttely 2026 - Filha","og_url":"https:\/\/www.filha.fi\/valtakunnallisten-tartuntatautipaivien-nayttely-2026\/","og_site_name":"Filha","article_modified_time":"2026-02-27T08:41:54+00:00","og_image":[{"width":960,"height":1230,"url":"https:\/\/www.filha.fi\/wp-content\/uploads\/2019\/04\/Filha-logo.png","type":"image\/png"}],"twitter_card":"summary_large_image","twitter_misc":{"Est. reading time":"1 minute"},"schema":{"@context":"https:\/\/schema.org","@graph":[{"@type":"WebPage","@id":"https:\/\/www.filha.fi\/valtakunnallisten-tartuntatautipaivien-nayttely-2026\/","url":"https:\/\/www.filha.fi\/valtakunnallisten-tartuntatautipaivien-nayttely-2026\/","name":"Valtakunnallisten Tartuntatautip\u00e4ivien n\u00e4yttely 2026 - Filha","isPartOf":{"@id":"https:\/\/www.filha.fi\/#website"},"datePublished":"2025-12-08T13:01:09+00:00","dateModified":"2026-02-27T08:41:54+00:00","breadcrumb":{"@id":"https:\/\/www.filha.fi\/valtakunnallisten-tartuntatautipaivien-nayttely-2026\/#breadcrumb"},"inLanguage":"en-US","potentialAction":[{"@type":"ReadAction","target":["https:\/\/www.filha.fi\/valtakunnallisten-tartuntatautipaivien-nayttely-2026\/"]}]},{"@type":"BreadcrumbList","@id":"https:\/\/www.filha.fi\/valtakunnallisten-tartuntatautipaivien-nayttely-2026\/#breadcrumb","itemListElement":[{"@type":"ListItem","position":1,"name":"Home","item":"https:\/\/www.filha.fi\/"},{"@type":"ListItem","position":2,"name":"Valtakunnallisten Tartuntatautip\u00e4ivien n\u00e4yttely 2026"}]},{"@type":"WebSite","@id":"https:\/\/www.filha.fi\/#website","url":"https:\/\/www.filha.fi\/","name":"Filha","description":"Expertise in lung health","publisher":{"@id":"https:\/\/www.filha.fi\/#organization"},"potentialAction":[{"@type":"SearchAction","target":{"@type":"EntryPoint","urlTemplate":"https:\/\/www.filha.fi\/?s={search_term_string}"},"query-input":{"@type":"PropertyValueSpecification","valueRequired":true,"valueName":"search_term_string"}}],"inLanguage":"en-US"},{"@type":"Organization","@id":"https:\/\/www.filha.fi\/#organization","name":"Filha ry","url":"https:\/\/www.filha.fi\/","logo":{"@type":"ImageObject","inLanguage":"en-US","@id":"https:\/\/www.filha.fi\/#\/schema\/logo\/image\/","url":"https:\/\/www.filha.fi\/wp-content\/uploads\/2019\/04\/Filha-logo.png","contentUrl":"https:\/\/www.filha.fi\/wp-content\/uploads\/2019\/04\/Filha-logo.png","width":960,"height":1230,"caption":"Filha ry"},"image":{"@id":"https:\/\/www.filha.fi\/#\/schema\/logo\/image\/"}}]}},"_links":{"self":[{"href":"https:\/\/www.filha.fi\/en\/wp-json\/wp\/v2\/pages\/34481","targetHints":{"allow":["GET"]}}],"collection":[{"href":"https:\/\/www.filha.fi\/en\/wp-json\/wp\/v2\/pages"}],"about":[{"href":"https:\/\/www.filha.fi\/en\/wp-json\/wp\/v2\/types\/page"}],"author":[{"embeddable":true,"href":"https:\/\/www.filha.fi\/en\/wp-json\/wp\/v2\/users\/27"}],"replies":[{"embeddable":true,"href":"https:\/\/www.filha.fi\/en\/wp-json\/wp\/v2\/comments?post=34481"}],"version-history":[{"count":2,"href":"https:\/\/www.filha.fi\/en\/wp-json\/wp\/v2\/pages\/34481\/revisions"}],"predecessor-version":[{"id":34742,"href":"https:\/\/www.filha.fi\/en\/wp-json\/wp\/v2\/pages\/34481\/revisions\/34742"}],"wp:attachment":[{"href":"https:\/\/www.filha.fi\/en\/wp-json\/wp\/v2\/media?parent=34481"}],"wp:term":[{"taxonomy":"category","embeddable":true,"href":"https:\/\/www.filha.fi\/en\/wp-json\/wp\/v2\/categories?post=34481"}],"curies":[{"name":"wp","href":"https:\/\/api.w.org\/{rel}","templated":true}]}}