{"id":34915,"date":"2026-03-20T16:01:10","date_gmt":"2026-03-20T14:01:10","guid":{"rendered":"https:\/\/www.filha.fi\/?page_id=34915"},"modified":"2026-03-25T15:53:09","modified_gmt":"2026-03-25T13:53:09","slug":"koulut-ja-vanhemmat-6-luokkalaisten-tukena-nikotiinittomuuden-edistamisessa","status":"publish","type":"page","link":"https:\/\/www.filha.fi\/en\/hankkeet\/koulut-ja-vanhemmat-6-luokkalaisten-tukena-nikotiinittomuuden-edistamisessa\/","title":{"rendered":"Vahvasti vierell\u00e4"},"content":{"rendered":"<p>&nbsp;<\/p>\n<table border=\"0\" cellspacing=\"0\" cellpadding=\"0\">\n<tbody>\n<tr>\n<td><strong>Kesto<\/strong><\/td>\n<td>2026-2028<\/td>\n<\/tr>\n<tr>\n<td><strong>Toteuttaja<\/strong><\/td>\n<td>Filha<\/td>\n<\/tr>\n<tr>\n<td><strong>Toiminta-alue<\/strong><\/td>\n<td>Kouvola<\/td>\n<\/tr>\n<tr>\n<td><strong>Yhteisty\u00f6taho<\/strong><\/td>\n<td>Kouvolan opetuspalvelut<\/td>\n<\/tr>\n<tr>\n<td><strong>Rahoittaja<\/strong><\/td>\n<td>Sosiaali- ja terveysministeri\u00f6<\/td>\n<\/tr>\n<tr>\n<td><strong>Lyhyt kuvaus<\/strong><\/td>\n<td>Hankkeen tavoitteena on ennaltaehk\u00e4ist\u00e4 kouvolalaisten nuorten tupakka- ja nikotiinituotteiden k\u00e4ytt\u00f6\u00e4.<br \/>\nHankkeen kohderyhm\u00e4n\u00e4 ovat 6.-luokkalaiset, heid\u00e4n huoltajansa ja opettajat. Opettajille tuotetaan tupakka- ja nikotiinituotteiden haitoista opetusmateriaali, jonka avulla he voivat pit\u00e4\u00e4 oppitunnin 6.-luokkalaisille. Huoltajille tarjotaan tupakka- ja nikotiiniaiheisia luentoja, joissa jaetaan tietoa tupakka- ja nikotiinituotteiden haitoista ja vahvistetaan huoltajien keinoja edist\u00e4\u00e4 nuorten nikotiinittomuutta.<\/td>\n<\/tr>\n<tr>\n<td><strong>Yhteyshenkil\u00f6<\/strong><\/td>\n<td>Salla-Maaret Keij\u00e4l\u00e4, <a href=\"mailto:salla-maaret.keijala@filha.fi\" target=\"_blank\" rel=\"noopener noreferrer\">salla-maaret.keijala@filha.fi<\/a>, +358 44 747 8899<\/td>\n<\/tr>\n<tr>\n<td><\/td>\n<td><\/td>\n<\/tr>\n<\/tbody>\n<\/table>\n<p>&nbsp;<\/p>\n","protected":false},"excerpt":{"rendered":"<p>&nbsp; Kesto 2026-2028 Toteuttaja Filha Toiminta-alue Kouvola Yhteisty\u00f6taho Kouvolan opetuspalvelut Rahoittaja Sosiaali- ja terveysministeri\u00f6 Lyhyt kuvaus Hankkeen tavoitteena on ennaltaehk\u00e4ist\u00e4 kouvolalaisten nuorten tupakka- ja nikotiinituotteiden k\u00e4ytt\u00f6\u00e4. Hankkeen kohderyhm\u00e4n\u00e4 ovat 6.-luokkalaiset, &#8230; <a title=\"Vahvasti vierell\u00e4\" class=\"read-more\" href=\"https:\/\/www.filha.fi\/en\/hankkeet\/koulut-ja-vanhemmat-6-luokkalaisten-tukena-nikotiinittomuuden-edistamisessa\/\" aria-label=\"Read more about Vahvasti vierell\u00e4\">Read more<\/a><\/p>\n","protected":false},"author":24,"featured_media":0,"parent":37,"menu_order":0,"comment_status":"closed","ping_status":"closed","template":"","meta":{"_acf_changed":false,"footnotes":""},"categories":[43,193,97],"class_list":["post-34915","page","type-page","status-publish","category-katja","category-piia-lehesvuori","category-salla-maaret"],"translation":{"provider":"WPGlobus","version":"3.0.2","language":"en","enabled_languages":["fi","en"],"languages":{"fi":{"title":true,"content":true,"excerpt":false},"en":{"title":true,"content":false,"excerpt":false}}},"acf":[],"yoast_head":"<!-- This site is optimized with the Yoast SEO plugin v27.4 - https:\/\/yoast.com\/product\/yoast-seo-wordpress\/ -->\n<title>Vahvasti vierell\u00e4 - Filha<\/title>\n<meta name=\"robots\" content=\"index, follow, max-snippet:-1, max-image-preview:large, max-video-preview:-1\" \/>\n<link rel=\"canonical\" href=\"https:\/\/www.filha.fi\/hankkeet\/koulut-ja-vanhemmat-6-luokkalaisten-tukena-nikotiinittomuuden-edistamisessa\/\" \/>\n<meta property=\"og:locale\" content=\"en_US\" \/>\n<meta property=\"og:type\" content=\"article\" \/>\n<meta property=\"og:title\" content=\"Vahvasti vierell\u00e4 - Filha\" \/>\n<meta property=\"og:url\" content=\"https:\/\/www.filha.fi\/hankkeet\/koulut-ja-vanhemmat-6-luokkalaisten-tukena-nikotiinittomuuden-edistamisessa\/\" \/>\n<meta property=\"og:site_name\" content=\"Filha\" \/>\n<meta property=\"article:modified_time\" content=\"2026-03-25T13:53:09+00:00\" \/>\n<meta property=\"og:image\" content=\"https:\/\/www.filha.fi\/wp-content\/uploads\/2019\/04\/Filha-logo.png\" \/>\n\t<meta property=\"og:image:width\" content=\"960\" \/>\n\t<meta property=\"og:image:height\" content=\"1230\" \/>\n\t<meta property=\"og:image:type\" content=\"image\/png\" \/>\n<meta name=\"twitter:card\" content=\"summary_large_image\" \/>\n<meta name=\"twitter:label1\" content=\"Est. reading time\" \/>\n\t<meta name=\"twitter:data1\" content=\"1 minute\" \/>\n<script type=\"application\/ld+json\" class=\"yoast-schema-graph\">{\"@context\":\"https:\\\/\\\/schema.org\",\"@graph\":[{\"@type\":\"WebPage\",\"@id\":\"https:\\\/\\\/www.filha.fi\\\/hankkeet\\\/koulut-ja-vanhemmat-6-luokkalaisten-tukena-nikotiinittomuuden-edistamisessa\\\/\",\"url\":\"https:\\\/\\\/www.filha.fi\\\/hankkeet\\\/koulut-ja-vanhemmat-6-luokkalaisten-tukena-nikotiinittomuuden-edistamisessa\\\/\",\"name\":\"Vahvasti vierell\u00e4 - Filha\",\"isPartOf\":{\"@id\":\"https:\\\/\\\/www.filha.fi\\\/#website\"},\"datePublished\":\"2026-03-20T14:01:10+00:00\",\"dateModified\":\"2026-03-25T13:53:09+00:00\",\"description\":\"Tukea ja ty\u00f6kaluja nuorten tupakka- ja nikotiinituotteiden k\u00e4yt\u00f6n ennaltaehk\u00e4isyyn huoltajille ja opettajille Kouvolassa.\",\"breadcrumb\":{\"@id\":\"https:\\\/\\\/www.filha.fi\\\/hankkeet\\\/koulut-ja-vanhemmat-6-luokkalaisten-tukena-nikotiinittomuuden-edistamisessa\\\/#breadcrumb\"},\"inLanguage\":\"en-US\",\"potentialAction\":[{\"@type\":\"ReadAction\",\"target\":[\"https:\\\/\\\/www.filha.fi\\\/hankkeet\\\/koulut-ja-vanhemmat-6-luokkalaisten-tukena-nikotiinittomuuden-edistamisessa\\\/\"]}]},{\"@type\":\"BreadcrumbList\",\"@id\":\"https:\\\/\\\/www.filha.fi\\\/hankkeet\\\/koulut-ja-vanhemmat-6-luokkalaisten-tukena-nikotiinittomuuden-edistamisessa\\\/#breadcrumb\",\"itemListElement\":[{\"@type\":\"ListItem\",\"position\":1,\"name\":\"Home\",\"item\":\"https:\\\/\\\/www.filha.fi\\\/\"},{\"@type\":\"ListItem\",\"position\":2,\"name\":\"Hankkeet\",\"item\":\"https:\\\/\\\/www.filha.fi\\\/hankkeet\\\/\"},{\"@type\":\"ListItem\",\"position\":3,\"name\":\"Vahvasti vierell\u00e4 &#8211; Koulut ja vanhemmat 6. luokkalaisten tukena nikotiinittomuuden edist\u00e4misess\u00e4\"}]},{\"@type\":\"WebSite\",\"@id\":\"https:\\\/\\\/www.filha.fi\\\/#website\",\"url\":\"https:\\\/\\\/www.filha.fi\\\/\",\"name\":\"Filha\",\"description\":\"Expertise in lung health\",\"publisher\":{\"@id\":\"https:\\\/\\\/www.filha.fi\\\/#organization\"},\"potentialAction\":[{\"@type\":\"SearchAction\",\"target\":{\"@type\":\"EntryPoint\",\"urlTemplate\":\"https:\\\/\\\/www.filha.fi\\\/?s={search_term_string}\"},\"query-input\":{\"@type\":\"PropertyValueSpecification\",\"valueRequired\":true,\"valueName\":\"search_term_string\"}}],\"inLanguage\":\"en-US\"},{\"@type\":\"Organization\",\"@id\":\"https:\\\/\\\/www.filha.fi\\\/#organization\",\"name\":\"Filha ry\",\"url\":\"https:\\\/\\\/www.filha.fi\\\/\",\"logo\":{\"@type\":\"ImageObject\",\"inLanguage\":\"en-US\",\"@id\":\"https:\\\/\\\/www.filha.fi\\\/#\\\/schema\\\/logo\\\/image\\\/\",\"url\":\"https:\\\/\\\/www.filha.fi\\\/wp-content\\\/uploads\\\/2019\\\/04\\\/Filha-logo.png\",\"contentUrl\":\"https:\\\/\\\/www.filha.fi\\\/wp-content\\\/uploads\\\/2019\\\/04\\\/Filha-logo.png\",\"width\":960,\"height\":1230,\"caption\":\"Filha ry\"},\"image\":{\"@id\":\"https:\\\/\\\/www.filha.fi\\\/#\\\/schema\\\/logo\\\/image\\\/\"}}]}<\/script>\n<!-- \/ Yoast SEO plugin. -->","yoast_head_json":{"title":"Vahvasti vierell\u00e4 - Filha","robots":{"index":"index","follow":"follow","max-snippet":"max-snippet:-1","max-image-preview":"max-image-preview:large","max-video-preview":"max-video-preview:-1"},"canonical":"https:\/\/www.filha.fi\/hankkeet\/koulut-ja-vanhemmat-6-luokkalaisten-tukena-nikotiinittomuuden-edistamisessa\/","og_locale":"en_US","og_type":"article","og_title":"Vahvasti vierell\u00e4 - Filha","og_url":"https:\/\/www.filha.fi\/hankkeet\/koulut-ja-vanhemmat-6-luokkalaisten-tukena-nikotiinittomuuden-edistamisessa\/","og_site_name":"Filha","article_modified_time":"2026-03-25T13:53:09+00:00","og_image":[{"width":960,"height":1230,"url":"https:\/\/www.filha.fi\/wp-content\/uploads\/2019\/04\/Filha-logo.png","type":"image\/png"}],"twitter_card":"summary_large_image","twitter_misc":{"Est. reading time":"1 minute"},"schema":{"@context":"https:\/\/schema.org","@graph":[{"@type":"WebPage","@id":"https:\/\/www.filha.fi\/hankkeet\/koulut-ja-vanhemmat-6-luokkalaisten-tukena-nikotiinittomuuden-edistamisessa\/","url":"https:\/\/www.filha.fi\/hankkeet\/koulut-ja-vanhemmat-6-luokkalaisten-tukena-nikotiinittomuuden-edistamisessa\/","name":"Vahvasti vierell\u00e4 - Filha","isPartOf":{"@id":"https:\/\/www.filha.fi\/#website"},"datePublished":"2026-03-20T14:01:10+00:00","dateModified":"2026-03-25T13:53:09+00:00","description":"Tukea ja ty\u00f6kaluja nuorten tupakka- ja nikotiinituotteiden k\u00e4yt\u00f6n ennaltaehk\u00e4isyyn huoltajille ja opettajille Kouvolassa.","breadcrumb":{"@id":"https:\/\/www.filha.fi\/hankkeet\/koulut-ja-vanhemmat-6-luokkalaisten-tukena-nikotiinittomuuden-edistamisessa\/#breadcrumb"},"inLanguage":"en-US","potentialAction":[{"@type":"ReadAction","target":["https:\/\/www.filha.fi\/hankkeet\/koulut-ja-vanhemmat-6-luokkalaisten-tukena-nikotiinittomuuden-edistamisessa\/"]}]},{"@type":"BreadcrumbList","@id":"https:\/\/www.filha.fi\/hankkeet\/koulut-ja-vanhemmat-6-luokkalaisten-tukena-nikotiinittomuuden-edistamisessa\/#breadcrumb","itemListElement":[{"@type":"ListItem","position":1,"name":"Home","item":"https:\/\/www.filha.fi\/"},{"@type":"ListItem","position":2,"name":"Hankkeet","item":"https:\/\/www.filha.fi\/hankkeet\/"},{"@type":"ListItem","position":3,"name":"Vahvasti vierell\u00e4 &#8211; Koulut ja vanhemmat 6. luokkalaisten tukena nikotiinittomuuden edist\u00e4misess\u00e4"}]},{"@type":"WebSite","@id":"https:\/\/www.filha.fi\/#website","url":"https:\/\/www.filha.fi\/","name":"Filha","description":"Expertise in lung health","publisher":{"@id":"https:\/\/www.filha.fi\/#organization"},"potentialAction":[{"@type":"SearchAction","target":{"@type":"EntryPoint","urlTemplate":"https:\/\/www.filha.fi\/?s={search_term_string}"},"query-input":{"@type":"PropertyValueSpecification","valueRequired":true,"valueName":"search_term_string"}}],"inLanguage":"en-US"},{"@type":"Organization","@id":"https:\/\/www.filha.fi\/#organization","name":"Filha ry","url":"https:\/\/www.filha.fi\/","logo":{"@type":"ImageObject","inLanguage":"en-US","@id":"https:\/\/www.filha.fi\/#\/schema\/logo\/image\/","url":"https:\/\/www.filha.fi\/wp-content\/uploads\/2019\/04\/Filha-logo.png","contentUrl":"https:\/\/www.filha.fi\/wp-content\/uploads\/2019\/04\/Filha-logo.png","width":960,"height":1230,"caption":"Filha ry"},"image":{"@id":"https:\/\/www.filha.fi\/#\/schema\/logo\/image\/"}}]}},"_links":{"self":[{"href":"https:\/\/www.filha.fi\/en\/wp-json\/wp\/v2\/pages\/34915","targetHints":{"allow":["GET"]}}],"collection":[{"href":"https:\/\/www.filha.fi\/en\/wp-json\/wp\/v2\/pages"}],"about":[{"href":"https:\/\/www.filha.fi\/en\/wp-json\/wp\/v2\/types\/page"}],"author":[{"embeddable":true,"href":"https:\/\/www.filha.fi\/en\/wp-json\/wp\/v2\/users\/24"}],"replies":[{"embeddable":true,"href":"https:\/\/www.filha.fi\/en\/wp-json\/wp\/v2\/comments?post=34915"}],"version-history":[{"count":3,"href":"https:\/\/www.filha.fi\/en\/wp-json\/wp\/v2\/pages\/34915\/revisions"}],"predecessor-version":[{"id":34918,"href":"https:\/\/www.filha.fi\/en\/wp-json\/wp\/v2\/pages\/34915\/revisions\/34918"}],"up":[{"embeddable":true,"href":"https:\/\/www.filha.fi\/en\/wp-json\/wp\/v2\/pages\/37"}],"wp:attachment":[{"href":"https:\/\/www.filha.fi\/en\/wp-json\/wp\/v2\/media?parent=34915"}],"wp:term":[{"taxonomy":"category","embeddable":true,"href":"https:\/\/www.filha.fi\/en\/wp-json\/wp\/v2\/categories?post=34915"}],"curies":[{"name":"wp","href":"https:\/\/api.w.org\/{rel}","templated":true}]}}