{"id":34944,"date":"2026-04-02T11:45:56","date_gmt":"2026-04-02T08:45:56","guid":{"rendered":"https:\/\/www.filha.fi\/?page_id=34944"},"modified":"2026-04-02T12:48:29","modified_gmt":"2026-04-02T09:48:29","slug":"terveydenhuollon-ammattilaisten-verkostot","status":"publish","type":"page","link":"https:\/\/www.filha.fi\/en\/terveydenhuollon-ammattilaisten-verkostot\/","title":{"rendered":"Terveydenhuollon ammattilaisten verkostot"},"content":{"rendered":"<p>Tule mukaan verkostoihin!<\/p>\n<p>Filhan terveydenhuollon ammattilaisten verkostoissa saat tietoa, koulutusta ja vertaistukea sek\u00e4 p\u00e4\u00e4set verkostoitumaan muiden alan asiantuntijoiden kanssa.<\/p>\n<div class=\"entry-content\">\n<h3><strong>Keuhkohoitajaverkosto<\/strong><\/h3>\n<p><strong>Kenelle verkosto on?<br \/>\n<\/strong>Verkosto on tarkoitettu keuhkosairauksien parissa ty\u00f6skenteleville hoitoty\u00f6n ammattilaisille. Tavoitteena on, ett\u00e4 verkostossa on j\u00e4seni\u00e4 kaikilta hyvinvointialueilta.<\/p>\n<p><strong>Mit\u00e4 verkosto tarjoaa ammattilaiselle?<br \/>\n<\/strong>Verkosto tarjoaa mahdollisuuden ammattilaisten v\u00e4liseen verkostoitumiseen ja yhteisty\u00f6h\u00f6n. Verkosto tarjoaa Teams-alustan yhteydenpitoa ja yhteisty\u00f6t\u00e4 varten sek\u00e4 s\u00e4\u00e4nn\u00f6llisi\u00e4 Teams-tapaamisia muutaman kerran vuodessa. Verkostossa on my\u00f6s mahdollista olla kehitt\u00e4m\u00e4ss\u00e4 ja suunnittelemassa oman hyvinvointialueen keuhkosairauksien ja allergologian koulutusp\u00e4ivi\u00e4. \u00a0Verkosto toimii my\u00f6s tiedotuskanavana. Verkosto on maksuton. Liittyminen ei velvoita mihink\u00e4\u00e4n.<\/p>\n<p><strong>Miten verkostoon voi liitty\u00e4?<br \/>\n<\/strong>Verkostoon voi liitty\u00e4 liittymislomakkeen kautta\u00a0<a href=\"https:\/\/www.filha.fi\/kotimainen-yhteistyo\/keuhkohoitajaverkosto\/\">t\u00e4\u00e4lt\u00e4<\/a>\u00a0tai laittamalla s\u00e4hk\u00f6postia\u00a0<a class=\"mail-link\" data-enc-email=\"xevfgn.nuirawneiv[at]svyun.sv\" data-wpel-link=\"ignore\"><span id=\"eeb-631719-597787\">krista.ahvenjarvi@filha.fi<\/span><\/a><\/p>\n<p>Yhteyshenkil\u00f6:<br \/>\nKrista Ahvenj\u00e4rvi<br \/>\n+358445442209<br \/>\n<a class=\"mail-link\" data-enc-email=\"xevfgn.noqhyynunznfnyvu[at]svyun.sv\" data-wpel-link=\"ignore\"><span id=\"eeb-420138-206290\"><span id=\"eeb-152748-494872\">krista.ahvenjarvi@filha.fi<\/span><\/span><\/a><\/p>\n<h3><strong>Tuberkuloosin hoitajienverkosto<\/strong><\/h3>\n<p><strong>Kenelle verkosto on?<br \/>\n<\/strong>Kaikille tuberkuloosipotilaita hoitaville hoitajille ja tuberkuloosivastuuhoitajille, joidenka vastuualueina ovat tartunnanj\u00e4ljityksen tekeminen, l\u00e4\u00e4kehoidon toteutus, valvotun l\u00e4\u00e4kehoidon koordinointi, hoidon vaikutusten seuranta, sairastuneiden ja l\u00e4heisten ohjaus, kollegoiden ohjeistus.<\/p>\n<p><strong>Mit\u00e4 verkosto tarjoaa ammattilaiselle?<\/strong><br \/>\nFilha yll\u00e4pit\u00e4\u00e4 tuberkuloosin hoitajaverkostoa, jonka kautta hoitajat saavat kliinist\u00e4 ty\u00f6t\u00e4 tukevaa lis\u00e4koulutusta, ty\u00f6teht\u00e4vi\u00e4\u00e4n tukevaa kollegiaalista tukea sek\u00e4 mahdollisuuden verkoston kautta kehitt\u00e4\u00e4 tuberkuloosipotilaiden hoitoty\u00f6t\u00e4 omalla alueellaan. Verkosto kokoontuu kahdesti vuodessa Teams-alustalla pidett\u00e4viin kokouksiin. Hoitajaverkoston toiminnan tarkoitus on edist\u00e4\u00e4 verkoston hoitajien ammatillista osaamista sek\u00e4 ty\u00f6hyvinvointia ja ty\u00f6ss\u00e4 jaksamista.<\/p>\n<p><strong>Miten verkostoon voi liitty\u00e4?<\/strong><br \/>\nIlmoittautumalla s\u00e4hk\u00f6postitse\u00a0<span id=\"eeb-55029-575058\">marianne.helander@filha.fi<\/span><\/p>\n<p>Yhteyshenkil\u00f6:<br \/>\nMarianne Helander<br \/>\n<a class=\"mail-link\" target=\"_blank\" rel=\"noopener noreferrer\" data-enc-email=\"znevnaar.urynaqre[at]svyun.sv\" data-wpel-link=\"ignore\"><span id=\"eeb-304429-803033\"><span id=\"eeb-436226-559225\">marianne.helander@filha.fi<\/span><\/span><\/a><br \/>\n+358 44 771 7712<\/p>\n<h3><strong>Terveydenhuollon ammattilaisten sis\u00e4ilmaverkosto<\/strong><\/h3>\n<p><strong>Kenelle verkosto on?<br \/>\n<\/strong>Sis\u00e4ilma-aiheesta kiinnostuneille terveydenhuollon ammattilaisille<\/p>\n<p><strong>Mit\u00e4 verkosto tarjoaa ammattilaiselle?<br \/>\n<\/strong>Filha kokoaa terveydenhuollon ammattilaisten sis\u00e4ilmaverkostoa. Tavoitteena on l\u00f6yt\u00e4\u00e4 sis\u00e4ilma-aiheesta kiinnostuneita terveydenhuollon ammattilaisia jokaiselta hyvinvointialueelta. T\u00e4ll\u00e4 hetkell\u00e4 verkosto toimii tiedotuskanavana.<\/p>\n<p>Liity sis\u00e4ilmaverkostoon\u00a0<a href=\"https:\/\/q.surveypal.com\/Sisailmaverkosto\/0\">t\u00e4\u00e4lt\u00e4<\/a>.<\/p>\n<div class=\"filha-person-title\">\n<div class=\"filha-person-title\"><strong>Yhteyshenkil\u00f6:<\/strong><\/div>\n<div>Hanna Lahti-Renkola<br \/>\n+358 44 548 7333<br \/>\n<a class=\"mail-link\" data-enc-email=\"unaan.eraxbyn[at]svyun.sv\" data-wpel-link=\"ignore\"><span id=\"eeb-75694-367752\">hanna.lahti-renkola@filha.fi<\/span><\/a><\/div>\n<\/div>\n<h3><strong>Keuhkosy\u00f6p\u00e4verkosto hoitoty\u00f6n ammattilaisille<\/strong><\/h3>\n<p><strong>Kenelle verkosto on?<br \/>\n<\/strong>Keuhkosy\u00f6v\u00e4n hoitoon osallistuville tai aiheesta kiinnostuneille hoitoty\u00f6n ammattilasille<\/p>\n<p><strong>Mit\u00e4 verkosto tarjoaa ammattilaiselle?<br \/>\n<\/strong>Filha kokoaa yhteen keuhkosy\u00f6p\u00e4verkostoa hoitoty\u00f6n ammattilaisille. Verkoston tarkoituksena on toimia viestinn\u00e4n, verkostoitumisen, yhteisty\u00f6n ja kehitt\u00e4misen kanavana. Tavoitteena on l\u00f6yt\u00e4\u00e4 j\u00e4seni\u00e4 jokaiselta hyvinvointialueelta.<\/p>\n<p><strong>Miten verkostoon voi liitty\u00e4?<br \/>\n<\/strong>Liity hoitoty\u00f6n ammattilaisten keuhkosy\u00f6p\u00e4verkostoon\u00a0<a href=\"https:\/\/www.filha.fi\/kotimainen-yhteistyo\/keuhkosyopaverkoston-hoitotyon-ammattilaisille\/\">t\u00e4\u00e4lt\u00e4<\/a>.<\/p>\n<p><strong>Yhteyshenkil\u00f6:<\/strong><br \/>\nHeli Granlund<br \/>\n<a class=\"mail-link\" data-enc-email=\"uryv.tenayhaq[at]svyun.sv\" data-wpel-link=\"ignore\"><span id=\"eeb-989467-633138\">heli.granlund@filha.fi<\/span><\/a><br \/>\n+358 449016617<\/p>\n<h3><strong>Hengitysfysioterapeuttiverkosto<\/strong><\/h3>\n<p><strong>Kenelle verkosto on?<br \/>\n<\/strong>Hengitysfysioterapian parissa ty\u00f6skenteleville tai siit\u00e4 kiinnostuneille fysioterapeuteille ja fysioterapeuttiopiskelijoille. Verkostoon ovat tervetulleita my\u00f6s hengitysfysioterapiasta kiinnostuneet yhdistysten, j\u00e4rjest\u00f6jen sek\u00e4 oppilaitosten edustajat.<\/p>\n<p><strong>Mit\u00e4 verkosto tarjoaa ammattilaiselle?<br \/>\n<\/strong>Verkosto tarjoaa mahdollisuuden ammattilaisten v\u00e4liseen verkostoitumiseen ja yhteisty\u00f6h\u00f6n. Verkostossa on my\u00f6s mahdollista p\u00e4\u00e4st\u00e4 osallistumaan hengitysfysioterapian k\u00e4yt\u00e4nt\u00f6jen sek\u00e4 hengitysfysioterapian koulutuksen kehitt\u00e4miseen. Verkosto tarjoaa Teams-alustan yhteydenpitoa ja yhteisty\u00f6t\u00e4 varten sek\u00e4 s\u00e4\u00e4nn\u00f6llisi\u00e4 Teams-tapaamisia muutaman kerran vuodessa. Verkosto on maksuton. Liittyminen ei velvoita mihink\u00e4\u00e4n.<\/p>\n<p><strong>Miten verkostoon voi liitty\u00e4?<br \/>\n<\/strong>Verkostoon voi liitty\u00e4 liittymislomakkeen kautta\u00a0<a href=\"https:\/\/www.filha.fi\/kotimainen-yhteistyo\/hengitysfysioterapeuttiverkosto\/\">t\u00e4\u00e4lt\u00e4<\/a>\u00a0tai laittamalla s\u00e4hk\u00f6postia Herkko Ryyn\u00e4selle<\/p>\n<\/div>\n<div class=\"filha-person-email\">\n<div class=\"filha-person-title\"><strong>Yhteyshenkil\u00f6:<\/strong><\/div>\n<div>Herkko Ryyn\u00e4nen<br \/>\n<a class=\"mail-link\" data-enc-email=\"uryv.tenayhaq[at]svyun.sv\" data-wpel-link=\"ignore\"><span id=\"eeb-928899-314396\">herkko.ryynanen@filha.fi<\/span><\/a><\/div>\n<div>+35844\u00a0901 6614<\/div>\n<\/div>\n","protected":false},"excerpt":{"rendered":"<p>Tule mukaan verkostoihin! Filhan terveydenhuollon ammattilaisten verkostoissa saat tietoa, koulutusta ja vertaistukea sek\u00e4 p\u00e4\u00e4set verkostoitumaan muiden alan asiantuntijoiden kanssa. Keuhkohoitajaverkosto Kenelle verkosto on? Verkosto on tarkoitettu keuhkosairauksien parissa ty\u00f6skenteleville hoitoty\u00f6n &#8230; <a title=\"Terveydenhuollon ammattilaisten verkostot\" class=\"read-more\" href=\"https:\/\/www.filha.fi\/en\/terveydenhuollon-ammattilaisten-verkostot\/\" aria-label=\"Read more about Terveydenhuollon ammattilaisten verkostot\">Read more<\/a><\/p>\n","protected":false},"author":27,"featured_media":0,"parent":0,"menu_order":0,"comment_status":"closed","ping_status":"closed","template":"","meta":{"_acf_changed":false,"footnotes":""},"categories":[72,96,98,36,84],"class_list":["post-34944","page","type-page","status-publish","category-hanna","category-heli","category-herkko","category-krista","category-marianne"],"translation":{"provider":"WPGlobus","version":"3.0.2","language":"en","enabled_languages":["fi","en"],"languages":{"fi":{"title":true,"content":true,"excerpt":false},"en":{"title":false,"content":false,"excerpt":false}}},"acf":[],"yoast_head":"<!-- This site is optimized with the Yoast SEO plugin v27.4 - https:\/\/yoast.com\/product\/yoast-seo-wordpress\/ -->\n<title>Terveydenhuollon ammattilaisten verkostot - Filha<\/title>\n<meta name=\"robots\" content=\"index, follow, max-snippet:-1, max-image-preview:large, max-video-preview:-1\" \/>\n<link rel=\"canonical\" href=\"https:\/\/www.filha.fi\/terveydenhuollon-ammattilaisten-verkostot\/\" \/>\n<meta property=\"og:locale\" content=\"en_US\" \/>\n<meta property=\"og:type\" content=\"article\" \/>\n<meta property=\"og:title\" content=\"Terveydenhuollon ammattilaisten verkostot - Filha\" \/>\n<meta property=\"og:url\" content=\"https:\/\/www.filha.fi\/terveydenhuollon-ammattilaisten-verkostot\/\" \/>\n<meta property=\"og:site_name\" content=\"Filha\" \/>\n<meta property=\"article:modified_time\" content=\"2026-04-02T09:48:29+00:00\" \/>\n<meta property=\"og:image\" content=\"https:\/\/www.filha.fi\/wp-content\/uploads\/2019\/04\/Filha-logo.png\" \/>\n\t<meta property=\"og:image:width\" content=\"960\" \/>\n\t<meta property=\"og:image:height\" content=\"1230\" \/>\n\t<meta property=\"og:image:type\" content=\"image\/png\" \/>\n<meta name=\"twitter:card\" content=\"summary_large_image\" \/>\n<meta name=\"twitter:label1\" content=\"Est. reading time\" \/>\n\t<meta name=\"twitter:data1\" content=\"3 minutes\" \/>\n<script type=\"application\/ld+json\" class=\"yoast-schema-graph\">{\"@context\":\"https:\\\/\\\/schema.org\",\"@graph\":[{\"@type\":\"WebPage\",\"@id\":\"https:\\\/\\\/www.filha.fi\\\/terveydenhuollon-ammattilaisten-verkostot\\\/\",\"url\":\"https:\\\/\\\/www.filha.fi\\\/terveydenhuollon-ammattilaisten-verkostot\\\/\",\"name\":\"Terveydenhuollon ammattilaisten verkostot - Filha\",\"isPartOf\":{\"@id\":\"https:\\\/\\\/www.filha.fi\\\/#website\"},\"datePublished\":\"2026-04-02T08:45:56+00:00\",\"dateModified\":\"2026-04-02T09:48:29+00:00\",\"breadcrumb\":{\"@id\":\"https:\\\/\\\/www.filha.fi\\\/terveydenhuollon-ammattilaisten-verkostot\\\/#breadcrumb\"},\"inLanguage\":\"en-US\",\"potentialAction\":[{\"@type\":\"ReadAction\",\"target\":[\"https:\\\/\\\/www.filha.fi\\\/terveydenhuollon-ammattilaisten-verkostot\\\/\"]}]},{\"@type\":\"BreadcrumbList\",\"@id\":\"https:\\\/\\\/www.filha.fi\\\/terveydenhuollon-ammattilaisten-verkostot\\\/#breadcrumb\",\"itemListElement\":[{\"@type\":\"ListItem\",\"position\":1,\"name\":\"Home\",\"item\":\"https:\\\/\\\/www.filha.fi\\\/\"},{\"@type\":\"ListItem\",\"position\":2,\"name\":\"Terveydenhuollon ammattilaisten verkostot\"}]},{\"@type\":\"WebSite\",\"@id\":\"https:\\\/\\\/www.filha.fi\\\/#website\",\"url\":\"https:\\\/\\\/www.filha.fi\\\/\",\"name\":\"Filha\",\"description\":\"Expertise in lung health\",\"publisher\":{\"@id\":\"https:\\\/\\\/www.filha.fi\\\/#organization\"},\"potentialAction\":[{\"@type\":\"SearchAction\",\"target\":{\"@type\":\"EntryPoint\",\"urlTemplate\":\"https:\\\/\\\/www.filha.fi\\\/?s={search_term_string}\"},\"query-input\":{\"@type\":\"PropertyValueSpecification\",\"valueRequired\":true,\"valueName\":\"search_term_string\"}}],\"inLanguage\":\"en-US\"},{\"@type\":\"Organization\",\"@id\":\"https:\\\/\\\/www.filha.fi\\\/#organization\",\"name\":\"Filha ry\",\"url\":\"https:\\\/\\\/www.filha.fi\\\/\",\"logo\":{\"@type\":\"ImageObject\",\"inLanguage\":\"en-US\",\"@id\":\"https:\\\/\\\/www.filha.fi\\\/#\\\/schema\\\/logo\\\/image\\\/\",\"url\":\"https:\\\/\\\/www.filha.fi\\\/wp-content\\\/uploads\\\/2019\\\/04\\\/Filha-logo.png\",\"contentUrl\":\"https:\\\/\\\/www.filha.fi\\\/wp-content\\\/uploads\\\/2019\\\/04\\\/Filha-logo.png\",\"width\":960,\"height\":1230,\"caption\":\"Filha ry\"},\"image\":{\"@id\":\"https:\\\/\\\/www.filha.fi\\\/#\\\/schema\\\/logo\\\/image\\\/\"}}]}<\/script>\n<!-- \/ Yoast SEO plugin. -->","yoast_head_json":{"title":"Terveydenhuollon ammattilaisten verkostot - Filha","robots":{"index":"index","follow":"follow","max-snippet":"max-snippet:-1","max-image-preview":"max-image-preview:large","max-video-preview":"max-video-preview:-1"},"canonical":"https:\/\/www.filha.fi\/terveydenhuollon-ammattilaisten-verkostot\/","og_locale":"en_US","og_type":"article","og_title":"Terveydenhuollon ammattilaisten verkostot - Filha","og_url":"https:\/\/www.filha.fi\/terveydenhuollon-ammattilaisten-verkostot\/","og_site_name":"Filha","article_modified_time":"2026-04-02T09:48:29+00:00","og_image":[{"width":960,"height":1230,"url":"https:\/\/www.filha.fi\/wp-content\/uploads\/2019\/04\/Filha-logo.png","type":"image\/png"}],"twitter_card":"summary_large_image","twitter_misc":{"Est. reading time":"3 minutes"},"schema":{"@context":"https:\/\/schema.org","@graph":[{"@type":"WebPage","@id":"https:\/\/www.filha.fi\/terveydenhuollon-ammattilaisten-verkostot\/","url":"https:\/\/www.filha.fi\/terveydenhuollon-ammattilaisten-verkostot\/","name":"Terveydenhuollon ammattilaisten verkostot - Filha","isPartOf":{"@id":"https:\/\/www.filha.fi\/#website"},"datePublished":"2026-04-02T08:45:56+00:00","dateModified":"2026-04-02T09:48:29+00:00","breadcrumb":{"@id":"https:\/\/www.filha.fi\/terveydenhuollon-ammattilaisten-verkostot\/#breadcrumb"},"inLanguage":"en-US","potentialAction":[{"@type":"ReadAction","target":["https:\/\/www.filha.fi\/terveydenhuollon-ammattilaisten-verkostot\/"]}]},{"@type":"BreadcrumbList","@id":"https:\/\/www.filha.fi\/terveydenhuollon-ammattilaisten-verkostot\/#breadcrumb","itemListElement":[{"@type":"ListItem","position":1,"name":"Home","item":"https:\/\/www.filha.fi\/"},{"@type":"ListItem","position":2,"name":"Terveydenhuollon ammattilaisten verkostot"}]},{"@type":"WebSite","@id":"https:\/\/www.filha.fi\/#website","url":"https:\/\/www.filha.fi\/","name":"Filha","description":"Expertise in lung health","publisher":{"@id":"https:\/\/www.filha.fi\/#organization"},"potentialAction":[{"@type":"SearchAction","target":{"@type":"EntryPoint","urlTemplate":"https:\/\/www.filha.fi\/?s={search_term_string}"},"query-input":{"@type":"PropertyValueSpecification","valueRequired":true,"valueName":"search_term_string"}}],"inLanguage":"en-US"},{"@type":"Organization","@id":"https:\/\/www.filha.fi\/#organization","name":"Filha ry","url":"https:\/\/www.filha.fi\/","logo":{"@type":"ImageObject","inLanguage":"en-US","@id":"https:\/\/www.filha.fi\/#\/schema\/logo\/image\/","url":"https:\/\/www.filha.fi\/wp-content\/uploads\/2019\/04\/Filha-logo.png","contentUrl":"https:\/\/www.filha.fi\/wp-content\/uploads\/2019\/04\/Filha-logo.png","width":960,"height":1230,"caption":"Filha ry"},"image":{"@id":"https:\/\/www.filha.fi\/#\/schema\/logo\/image\/"}}]}},"_links":{"self":[{"href":"https:\/\/www.filha.fi\/en\/wp-json\/wp\/v2\/pages\/34944","targetHints":{"allow":["GET"]}}],"collection":[{"href":"https:\/\/www.filha.fi\/en\/wp-json\/wp\/v2\/pages"}],"about":[{"href":"https:\/\/www.filha.fi\/en\/wp-json\/wp\/v2\/types\/page"}],"author":[{"embeddable":true,"href":"https:\/\/www.filha.fi\/en\/wp-json\/wp\/v2\/users\/27"}],"replies":[{"embeddable":true,"href":"https:\/\/www.filha.fi\/en\/wp-json\/wp\/v2\/comments?post=34944"}],"version-history":[{"count":2,"href":"https:\/\/www.filha.fi\/en\/wp-json\/wp\/v2\/pages\/34944\/revisions"}],"predecessor-version":[{"id":34961,"href":"https:\/\/www.filha.fi\/en\/wp-json\/wp\/v2\/pages\/34944\/revisions\/34961"}],"wp:attachment":[{"href":"https:\/\/www.filha.fi\/en\/wp-json\/wp\/v2\/media?parent=34944"}],"wp:term":[{"taxonomy":"category","embeddable":true,"href":"https:\/\/www.filha.fi\/en\/wp-json\/wp\/v2\/categories?post=34944"}],"curies":[{"name":"wp","href":"https:\/\/api.w.org\/{rel}","templated":true}]}}