{"id":4357,"date":"2020-04-23T18:00:08","date_gmt":"2020-04-23T15:00:08","guid":{"rendered":"https:\/\/www.filha.fi\/?page_id=4357"},"modified":"2021-03-29T15:08:25","modified_gmt":"2021-03-29T12:08:25","slug":"ramadan-ja-tuberkuloosihoito","status":"publish","type":"page","link":"https:\/\/www.filha.fi\/en\/tuberkuloosi\/maahanmuuttajat-ja-tb\/ramadan-ja-tuberkuloosihoito\/","title":{"rendered":"Ramadan ja tuberkuloosihoito"},"content":{"rendered":"<p>Ramadan pit\u00e4\u00e4 sis\u00e4ll\u00e4\u00e4n mm. ruoasta ja juomasta pid\u00e4tt\u00e4ytymist\u00e4. Paastoaminen kuuluu terveille murrosi\u00e4n ohittaneille muslimeille.<\/p>\n<p><strong>Voinko paastota tuberkuloosihoidon aikana?<\/strong><\/p>\n<p>Tuberkuloosihoidon aikana ei voi paastota. Tuberkuloosil\u00e4\u00e4kkeet tulee ottaa s\u00e4\u00e4nn\u00f6llisesti valvottuna l\u00e4\u00e4kehoitona. Joitakin tuberkuloosil\u00e4\u00e4kkeit\u00e4 ei voi ottaa tyhj\u00e4\u00e4n vatsaan, koska se haittaa l\u00e4\u00e4kkeiden imeytymist\u00e4 ja heikent\u00e4\u00e4 niiden tehoa. L\u00e4\u00e4kkeiden ottamatta j\u00e4tt\u00e4minen vaarantaa tuberkuloosin hoidon ja lis\u00e4\u00e4 riski\u00e4 taudin vaikeutumiseen ja l\u00e4\u00e4kkeiden tehon menetykseen, ja t\u00e4m\u00e4n vuoksi ei voi paastota tuberkuloosihoidon aikana. Paaston voi korvata my\u00f6hemmin.<\/p>\n<p><strong>Kuinka voin korvata paaston ja kuinka t\u00e4m\u00e4 korvaus tehd\u00e4\u00e4n?<\/strong><\/p>\n<p>Koska paastoaminen on osa uskon pilaria, on menetettyjen ramadanp\u00e4ivien korvaaminen teht\u00e4v\u00e4 uskonnon vaatimusten mukaisesti. Menetetyt ja korvattavat p\u00e4iv\u00e4t ovat tasa-arvoisia. Toisin sanoen, jos on menett\u00e4nyt X m\u00e4\u00e4r\u00e4n p\u00e4ivi\u00e4, korvataan saman verran p\u00e4ivi\u00e4.<\/p>\n<p>Mik\u00e4li korvausta ei voi tehd\u00e4 paastoamalla ja terveydentila ei mahdollista t\u00e4t\u00e4 edes pimeimpin\u00e4 kuukausina (jolloin aurinko nousee my\u00f6h\u00e4\u00e4n ja laskee aikaisin), voidaan korvaus tehd\u00e4 mm. ruokkimalla v\u00e4h\u00e4varaisia menetettyjen p\u00e4ivien verran.<\/p>\n<p><strong>Tulostettavat ohjeet eri kielill\u00e4:<\/strong><\/p>\n<p><a href=\"https:\/\/www.filha.fi\/wp-content\/uploads\/2020\/04\/Ramadan-ja-tuberkuloosihoito_FI.pdf\" target=\"_blank\" rel=\"noopener noreferrer\">Suomi: Ramadan ja tuberkuloosihoito<\/a><\/p>\n<p><a href=\"https:\/\/www.filha.fi\/wp-content\/uploads\/2020\/04\/Ramadan-ja-tuberkuloosihoito-EN.pdf\" target=\"_blank\" rel=\"noopener noreferrer\">Englanti: Ramadan and TB treatment<\/a><\/p>\n<p><a href=\"https:\/\/www.filha.fi\/wp-content\/uploads\/2020\/04\/Ramadan-ja-tuberkuloosihoito_AR.pdf\" target=\"_blank\" rel=\"noopener noreferrer\">Arabia: \u0631\u0645\u0636\u0627\u0646 \u0648\u0639\u0644\u0627\u062c \u0627\u0644\u0633\u0644<\/a><\/p>\n<p><a href=\"https:\/\/www.filha.fi\/wp-content\/uploads\/2020\/05\/Ramadan-ja-tuberkuloosihoito_SO.pdf\" target=\"_blank\" rel=\"noopener noreferrer\">Somali: Ramadaanka iyo daryeelka qaaxada (tiibishada)<\/a><\/p>\n","protected":false},"excerpt":{"rendered":"<p>Ramadan pit\u00e4\u00e4 sis\u00e4ll\u00e4\u00e4n mm. ruoasta ja juomasta pid\u00e4tt\u00e4ytymist\u00e4. Paastoaminen kuuluu terveille murrosi\u00e4n ohittaneille muslimeille. Voinko paastota tuberkuloosihoidon aikana? Tuberkuloosihoidon aikana ei voi paastota. Tuberkuloosil\u00e4\u00e4kkeet tulee ottaa s\u00e4\u00e4nn\u00f6llisesti valvottuna l\u00e4\u00e4kehoitona. Joitakin &#8230; <a title=\"Ramadan ja tuberkuloosihoito\" class=\"read-more\" href=\"https:\/\/www.filha.fi\/en\/tuberkuloosi\/maahanmuuttajat-ja-tb\/ramadan-ja-tuberkuloosihoito\/\" aria-label=\"Read more about Ramadan ja tuberkuloosihoito\">Read more<\/a><\/p>\n","protected":false},"author":4,"featured_media":0,"parent":7531,"menu_order":0,"comment_status":"closed","ping_status":"closed","template":"","meta":{"_acf_changed":false,"footnotes":""},"categories":[52,84,3,47],"class_list":["post-4357","page","type-page","status-publish","category-ala-nayta-aiheeseen-liittyvia-koulutuksia","category-marianne","category-tuberkuloosi","category-tuula"],"translation":{"provider":"WPGlobus","version":"3.0.2","language":"en","enabled_languages":["fi","en"],"languages":{"fi":{"title":true,"content":true,"excerpt":false},"en":{"title":false,"content":false,"excerpt":false}}},"acf":[],"yoast_head":"<!-- This site is optimized with the Yoast SEO plugin v27.4 - https:\/\/yoast.com\/product\/yoast-seo-wordpress\/ -->\n<title>Ramadan ja tuberkuloosihoito - Filha<\/title>\n<meta name=\"robots\" content=\"index, follow, max-snippet:-1, max-image-preview:large, max-video-preview:-1\" \/>\n<link rel=\"canonical\" href=\"https:\/\/www.filha.fi\/tuberkuloosi\/maahanmuuttajat-ja-tb\/ramadan-ja-tuberkuloosihoito\/\" \/>\n<meta property=\"og:locale\" content=\"en_US\" \/>\n<meta property=\"og:type\" content=\"article\" \/>\n<meta property=\"og:title\" content=\"Ramadan ja tuberkuloosihoito - Filha\" \/>\n<meta property=\"og:url\" content=\"https:\/\/www.filha.fi\/tuberkuloosi\/maahanmuuttajat-ja-tb\/ramadan-ja-tuberkuloosihoito\/\" \/>\n<meta property=\"og:site_name\" content=\"Filha\" \/>\n<meta property=\"article:modified_time\" content=\"2021-03-29T12:08:25+00:00\" \/>\n<meta property=\"og:image\" content=\"https:\/\/www.filha.fi\/wp-content\/uploads\/2019\/04\/Filha-logo.png\" \/>\n\t<meta property=\"og:image:width\" content=\"960\" \/>\n\t<meta property=\"og:image:height\" content=\"1230\" \/>\n\t<meta property=\"og:image:type\" content=\"image\/png\" \/>\n<meta name=\"twitter:card\" content=\"summary_large_image\" \/>\n<meta name=\"twitter:label1\" content=\"Est. reading time\" \/>\n\t<meta name=\"twitter:data1\" content=\"1 minute\" \/>\n<script type=\"application\/ld+json\" class=\"yoast-schema-graph\">{\"@context\":\"https:\\\/\\\/schema.org\",\"@graph\":[{\"@type\":\"WebPage\",\"@id\":\"https:\\\/\\\/www.filha.fi\\\/tuberkuloosi\\\/maahanmuuttajat-ja-tb\\\/ramadan-ja-tuberkuloosihoito\\\/\",\"url\":\"https:\\\/\\\/www.filha.fi\\\/tuberkuloosi\\\/maahanmuuttajat-ja-tb\\\/ramadan-ja-tuberkuloosihoito\\\/\",\"name\":\"Ramadan ja tuberkuloosihoito - Filha\",\"isPartOf\":{\"@id\":\"https:\\\/\\\/www.filha.fi\\\/#website\"},\"datePublished\":\"2020-04-23T15:00:08+00:00\",\"dateModified\":\"2021-03-29T12:08:25+00:00\",\"breadcrumb\":{\"@id\":\"https:\\\/\\\/www.filha.fi\\\/tuberkuloosi\\\/maahanmuuttajat-ja-tb\\\/ramadan-ja-tuberkuloosihoito\\\/#breadcrumb\"},\"inLanguage\":\"en-US\",\"potentialAction\":[{\"@type\":\"ReadAction\",\"target\":[\"https:\\\/\\\/www.filha.fi\\\/tuberkuloosi\\\/maahanmuuttajat-ja-tb\\\/ramadan-ja-tuberkuloosihoito\\\/\"]}]},{\"@type\":\"BreadcrumbList\",\"@id\":\"https:\\\/\\\/www.filha.fi\\\/tuberkuloosi\\\/maahanmuuttajat-ja-tb\\\/ramadan-ja-tuberkuloosihoito\\\/#breadcrumb\",\"itemListElement\":[{\"@type\":\"ListItem\",\"position\":1,\"name\":\"Home\",\"item\":\"https:\\\/\\\/www.filha.fi\\\/\"},{\"@type\":\"ListItem\",\"position\":2,\"name\":\"Tuberkuloosi\",\"item\":\"https:\\\/\\\/www.filha.fi\\\/tuberkuloosi\\\/\"},{\"@type\":\"ListItem\",\"position\":3,\"name\":\"Maahanmuuttajat ja TB\",\"item\":\"https:\\\/\\\/www.filha.fi\\\/tuberkuloosi\\\/maahanmuuttajat-ja-tb\\\/\"},{\"@type\":\"ListItem\",\"position\":4,\"name\":\"Ramadan ja tuberkuloosihoito\"}]},{\"@type\":\"WebSite\",\"@id\":\"https:\\\/\\\/www.filha.fi\\\/#website\",\"url\":\"https:\\\/\\\/www.filha.fi\\\/\",\"name\":\"Filha\",\"description\":\"Expertise in lung health\",\"publisher\":{\"@id\":\"https:\\\/\\\/www.filha.fi\\\/#organization\"},\"potentialAction\":[{\"@type\":\"SearchAction\",\"target\":{\"@type\":\"EntryPoint\",\"urlTemplate\":\"https:\\\/\\\/www.filha.fi\\\/?s={search_term_string}\"},\"query-input\":{\"@type\":\"PropertyValueSpecification\",\"valueRequired\":true,\"valueName\":\"search_term_string\"}}],\"inLanguage\":\"en-US\"},{\"@type\":\"Organization\",\"@id\":\"https:\\\/\\\/www.filha.fi\\\/#organization\",\"name\":\"Filha ry\",\"url\":\"https:\\\/\\\/www.filha.fi\\\/\",\"logo\":{\"@type\":\"ImageObject\",\"inLanguage\":\"en-US\",\"@id\":\"https:\\\/\\\/www.filha.fi\\\/#\\\/schema\\\/logo\\\/image\\\/\",\"url\":\"https:\\\/\\\/www.filha.fi\\\/wp-content\\\/uploads\\\/2019\\\/04\\\/Filha-logo.png\",\"contentUrl\":\"https:\\\/\\\/www.filha.fi\\\/wp-content\\\/uploads\\\/2019\\\/04\\\/Filha-logo.png\",\"width\":960,\"height\":1230,\"caption\":\"Filha ry\"},\"image\":{\"@id\":\"https:\\\/\\\/www.filha.fi\\\/#\\\/schema\\\/logo\\\/image\\\/\"}}]}<\/script>\n<!-- \/ Yoast SEO plugin. -->","yoast_head_json":{"title":"Ramadan ja tuberkuloosihoito - Filha","robots":{"index":"index","follow":"follow","max-snippet":"max-snippet:-1","max-image-preview":"max-image-preview:large","max-video-preview":"max-video-preview:-1"},"canonical":"https:\/\/www.filha.fi\/tuberkuloosi\/maahanmuuttajat-ja-tb\/ramadan-ja-tuberkuloosihoito\/","og_locale":"en_US","og_type":"article","og_title":"Ramadan ja tuberkuloosihoito - Filha","og_url":"https:\/\/www.filha.fi\/tuberkuloosi\/maahanmuuttajat-ja-tb\/ramadan-ja-tuberkuloosihoito\/","og_site_name":"Filha","article_modified_time":"2021-03-29T12:08:25+00:00","og_image":[{"width":960,"height":1230,"url":"https:\/\/www.filha.fi\/wp-content\/uploads\/2019\/04\/Filha-logo.png","type":"image\/png"}],"twitter_card":"summary_large_image","twitter_misc":{"Est. reading time":"1 minute"},"schema":{"@context":"https:\/\/schema.org","@graph":[{"@type":"WebPage","@id":"https:\/\/www.filha.fi\/tuberkuloosi\/maahanmuuttajat-ja-tb\/ramadan-ja-tuberkuloosihoito\/","url":"https:\/\/www.filha.fi\/tuberkuloosi\/maahanmuuttajat-ja-tb\/ramadan-ja-tuberkuloosihoito\/","name":"Ramadan ja tuberkuloosihoito - Filha","isPartOf":{"@id":"https:\/\/www.filha.fi\/#website"},"datePublished":"2020-04-23T15:00:08+00:00","dateModified":"2021-03-29T12:08:25+00:00","breadcrumb":{"@id":"https:\/\/www.filha.fi\/tuberkuloosi\/maahanmuuttajat-ja-tb\/ramadan-ja-tuberkuloosihoito\/#breadcrumb"},"inLanguage":"en-US","potentialAction":[{"@type":"ReadAction","target":["https:\/\/www.filha.fi\/tuberkuloosi\/maahanmuuttajat-ja-tb\/ramadan-ja-tuberkuloosihoito\/"]}]},{"@type":"BreadcrumbList","@id":"https:\/\/www.filha.fi\/tuberkuloosi\/maahanmuuttajat-ja-tb\/ramadan-ja-tuberkuloosihoito\/#breadcrumb","itemListElement":[{"@type":"ListItem","position":1,"name":"Home","item":"https:\/\/www.filha.fi\/"},{"@type":"ListItem","position":2,"name":"Tuberkuloosi","item":"https:\/\/www.filha.fi\/tuberkuloosi\/"},{"@type":"ListItem","position":3,"name":"Maahanmuuttajat ja TB","item":"https:\/\/www.filha.fi\/tuberkuloosi\/maahanmuuttajat-ja-tb\/"},{"@type":"ListItem","position":4,"name":"Ramadan ja tuberkuloosihoito"}]},{"@type":"WebSite","@id":"https:\/\/www.filha.fi\/#website","url":"https:\/\/www.filha.fi\/","name":"Filha","description":"Expertise in lung health","publisher":{"@id":"https:\/\/www.filha.fi\/#organization"},"potentialAction":[{"@type":"SearchAction","target":{"@type":"EntryPoint","urlTemplate":"https:\/\/www.filha.fi\/?s={search_term_string}"},"query-input":{"@type":"PropertyValueSpecification","valueRequired":true,"valueName":"search_term_string"}}],"inLanguage":"en-US"},{"@type":"Organization","@id":"https:\/\/www.filha.fi\/#organization","name":"Filha ry","url":"https:\/\/www.filha.fi\/","logo":{"@type":"ImageObject","inLanguage":"en-US","@id":"https:\/\/www.filha.fi\/#\/schema\/logo\/image\/","url":"https:\/\/www.filha.fi\/wp-content\/uploads\/2019\/04\/Filha-logo.png","contentUrl":"https:\/\/www.filha.fi\/wp-content\/uploads\/2019\/04\/Filha-logo.png","width":960,"height":1230,"caption":"Filha ry"},"image":{"@id":"https:\/\/www.filha.fi\/#\/schema\/logo\/image\/"}}]}},"_links":{"self":[{"href":"https:\/\/www.filha.fi\/en\/wp-json\/wp\/v2\/pages\/4357","targetHints":{"allow":["GET"]}}],"collection":[{"href":"https:\/\/www.filha.fi\/en\/wp-json\/wp\/v2\/pages"}],"about":[{"href":"https:\/\/www.filha.fi\/en\/wp-json\/wp\/v2\/types\/page"}],"author":[{"embeddable":true,"href":"https:\/\/www.filha.fi\/en\/wp-json\/wp\/v2\/users\/4"}],"replies":[{"embeddable":true,"href":"https:\/\/www.filha.fi\/en\/wp-json\/wp\/v2\/comments?post=4357"}],"version-history":[{"count":0,"href":"https:\/\/www.filha.fi\/en\/wp-json\/wp\/v2\/pages\/4357\/revisions"}],"up":[{"embeddable":true,"href":"https:\/\/www.filha.fi\/en\/wp-json\/wp\/v2\/pages\/7531"}],"wp:attachment":[{"href":"https:\/\/www.filha.fi\/en\/wp-json\/wp\/v2\/media?parent=4357"}],"wp:term":[{"taxonomy":"category","embeddable":true,"href":"https:\/\/www.filha.fi\/en\/wp-json\/wp\/v2\/categories?post=4357"}],"curies":[{"name":"wp","href":"https:\/\/api.w.org\/{rel}","templated":true}]}}