{"id":4550,"date":"2020-05-13T17:29:08","date_gmt":"2020-05-13T14:29:08","guid":{"rendered":"https:\/\/www.filha.fi\/?page_id=4550"},"modified":"2026-03-03T13:10:04","modified_gmt":"2026-03-03T11:10:04","slug":"raskaana-olevien-tuberkuloosin-seulontaohjeet","status":"publish","type":"page","link":"https:\/\/www.filha.fi\/en\/tuberkuloosi\/raskaana-olevien-tuberkuloosin-seulontaohjeet\/","title":{"rendered":"Raskaana olevien tuberkuloosin seulontaohjeet"},"content":{"rendered":"\t\t<div data-elementor-type=\"wp-page\" data-elementor-id=\"4550\" class=\"elementor elementor-4550\">\n\t\t\t\t\t\t<section class=\"elementor-section elementor-top-section elementor-element elementor-element-8d0c8b5 elementor-section-boxed elementor-section-height-default elementor-section-height-default\" data-id=\"8d0c8b5\" data-element_type=\"section\" data-e-type=\"section\">\n\t\t\t\t\t\t<div class=\"elementor-container elementor-column-gap-default\">\n\t\t\t\t\t<div class=\"elementor-column elementor-col-100 elementor-top-column elementor-element elementor-element-20d1df6e\" data-id=\"20d1df6e\" data-element_type=\"column\" data-e-type=\"column\">\n\t\t\t<div class=\"elementor-widget-wrap elementor-element-populated\">\n\t\t\t\t\t\t<div class=\"elementor-element elementor-element-4ab1f646 elementor-widget elementor-widget-text-editor\" data-id=\"4ab1f646\" data-element_type=\"widget\" data-e-type=\"widget\" data-widget_type=\"text-editor.default\">\n\t\t\t\t<div class=\"elementor-widget-container\">\n\t\t\t\t\t\t\t\t\t<h2>Tiedostot ovat vapaasti ladattavissa ja k\u00e4ytett\u00e4viss\u00e4.<\/h2><p>Kaikille riskiryhmiin kuuluville odottaville \u00e4ideille tehd\u00e4\u00e4n oirekysely ja keuhkojen r\u00f6ntgenkuvaus.<\/p><p>Oirekysely tehd\u00e4\u00e4n neuvolassa raskauden alkuvaiheessa sek\u00e4 raskauden viimeisen kolmanneksen aikana.<\/p><p>Keuhkojen r\u00f6ntgenkuvaus tehd\u00e4\u00e4n raskauden viimeisen kolmanneksen aikana, yleens\u00e4 noin yksi kuukausi ennen synnytyst\u00e4. R\u00f6ntgenkuva tarkistetaan jokaisen raskauden yhteydess\u00e4.<\/p><table border=\"1\" cellspacing=\"0\" cellpadding=\"0\"><tbody><tr><td><a href=\"https:\/\/www.filha.fi\/wp-content\/uploads\/2026\/03\/Toimintakaavio-Raskaana-olevien-tuberkuloosin-seulonta-13.1.2026.pdf\"><img fetchpriority=\"high\" decoding=\"async\" class=\"alignnone wp-image-34790 size-medium\" title=\"Toimintakaavio Raskaana olevien tuberkuloosin seulonta 13.1.2026\" src=\"https:\/\/www.filha.fi\/wp-content\/uploads\/2026\/03\/Toimintakaavio-Raskaana-olevien-tuberkuloosin-seulonta-13.1.2026-300x168.png\" alt=\"Toimintakaavio Raskaana olevien tuberkuloosin seulonta 13.1.2026\" width=\"300\" height=\"168\" srcset=\"https:\/\/www.filha.fi\/wp-content\/uploads\/2026\/03\/Toimintakaavio-Raskaana-olevien-tuberkuloosin-seulonta-13.1.2026-300x168.png 300w, https:\/\/www.filha.fi\/wp-content\/uploads\/2026\/03\/Toimintakaavio-Raskaana-olevien-tuberkuloosin-seulonta-13.1.2026-1024x574.png 1024w, https:\/\/www.filha.fi\/wp-content\/uploads\/2026\/03\/Toimintakaavio-Raskaana-olevien-tuberkuloosin-seulonta-13.1.2026-768x431.png 768w, https:\/\/www.filha.fi\/wp-content\/uploads\/2026\/03\/Toimintakaavio-Raskaana-olevien-tuberkuloosin-seulonta-13.1.2026.png 1278w\" sizes=\"(max-width: 300px) 100vw, 300px\" \/><\/a><\/td><td><h3>Toimintakaavio<\/h3><p><strong><a href=\"https:\/\/www.filha.fi\/wp-content\/uploads\/2026\/03\/Toimintakaavio-Raskaana-olevien-tuberkuloosin-seulonta-13.1.2026.pdf\" target=\"_blank\" rel=\"noopener\">Raskaana olevien tuberkuloosin seulonta<\/a><\/strong><br \/>Kaavio ohjaa ammattilaista riskiryhm\u00e4\u00e4n kuuluvan odottavan \u00e4idin tuberkuloosiseulonnassa. (p\u00e4ivitetty 13.1.2026)<\/p><\/td><\/tr><tr><td><a href=\"https:\/\/www.filha.fi\/wp-content\/uploads\/2023\/09\/Raskaana-olevan-tuberkuloosin-seulonta-riskiryhmaarvio-ja-oirekysely.pngdf\" target=\"_blank\" rel=\"noopener\"><img decoding=\"async\" class=\"alignnone wp-image-28745 size-medium\" src=\"https:\/\/www.filha.fi\/wp-content\/uploads\/2023\/09\/Raskaana-olevan-tuberkuloosin-seulonta-riskiryhmaarvio-ja-oirekysely-219x300.png\" alt=\"Raskaana olevan tuberkuloosin seulonta riskiryhm\u00e4arvio ja oirekysely\" width=\"219\" height=\"300\" \/><\/a><\/td><td><h3>Riskiryhm\u00e4arvio ja oirekysely<\/h3><p><strong><a href=\"https:\/\/www.filha.fi\/wp-content\/uploads\/2026\/03\/Raskaana-olevan-tuberkuloosin-seulonta-riskiryhmaarvio-ja-oirekysely-27.1.2026.pdf\" target=\"_blank\" rel=\"noopener\">Raskaana olevan tuberkuloosin seulonta<\/a><\/strong><br \/>Lomake ohjaa neuvolan terveydenhoitajaa riskiryhm\u00e4arvion ja oirekyselyn tekemisess\u00e4. (p\u00e4ivitetty 27.1.2026)<\/p><\/td><\/tr><tr><td><a href=\"https:\/\/www.filha.fi\/wp-content\/uploads\/2026\/03\/Odottavan-aidin-ohje-Raskaana-olevan-tuberkuloosiseulonta-paivitys-27.1.2026.pdf\"><img decoding=\"async\" class=\"alignnone wp-image-34789 size-medium\" title=\"Odottavan \u00e4idin ohje Raskaana olevan tuberkuloosiseulonta p\u00e4ivitys 27.1.2026\" src=\"https:\/\/www.filha.fi\/wp-content\/uploads\/2026\/03\/Odottavan-aidin-ohje-Raskaana-olevan-tuberkuloosiseulonta-paivitys-27.1.2026-212x300.png\" alt=\"Odottavan \u00e4idin ohje Raskaana olevan tuberkuloosiseulonta p\u00e4ivitys 27.1.2026\" width=\"212\" height=\"300\" srcset=\"https:\/\/www.filha.fi\/wp-content\/uploads\/2026\/03\/Odottavan-aidin-ohje-Raskaana-olevan-tuberkuloosiseulonta-paivitys-27.1.2026-212x300.png 212w, https:\/\/www.filha.fi\/wp-content\/uploads\/2026\/03\/Odottavan-aidin-ohje-Raskaana-olevan-tuberkuloosiseulonta-paivitys-27.1.2026.png 556w\" sizes=\"(max-width: 212px) 100vw, 212px\" \/><\/a><\/td><td><h3 id=\"aidin-ohje\">Odottavan \u00e4idin ohje<\/h3><p><strong><a href=\"https:\/\/www.filha.fi\/wp-content\/uploads\/2026\/03\/Odottavan-aidin-ohje-Raskaana-olevan-tuberkuloosiseulonta-paivitys-27.1.2026.pdf\" target=\"_blank\" rel=\"noopener\">Raskaana olevan tuberkuloosiseulonta<\/a><\/strong><\/p><p><strong>Ohje p\u00e4ivitetty tammikuussa 2026. Uudet kielik\u00e4\u00e4nn\u00f6kset tulossa.<\/strong><\/p><p><strong><a href=\"https:\/\/www.filha.fi\/wp-content\/uploads\/2024\/02\/Odottavan-aidin-ohje-Raskaana-olevan-tuberkuloosiseulonta_2024_01_16_SE.pdf\" target=\"_blank\" rel=\"noopener\">Instruktioner f\u00f6r gravida m\u00f6drar<\/a><\/strong><br \/>Ohje on tarkoitettu jaettavaksi odottaville \u00e4ideille.<\/p><p><strong>K\u00e4\u00e4nn\u00f6kset muille kielille:<\/strong><br \/><a href=\"https:\/\/www.filha.fi\/wp-content\/uploads\/2024\/05\/Raskaana-olevan-opas-2024_AR.pdf\" target=\"_blank\" rel=\"noopener\">Raskaana olevan tuberkuloosiseulonta, arabia<\/a><br \/><a href=\"https:\/\/www.filha.fi\/wp-content\/uploads\/2024\/05\/Odottavan_aidin_ohje_Raskaana_olevan_tuberkuloosiseulonta_DA.pdf\" target=\"_blank\" rel=\"noopener\">Raskaana olevan tuberkuloosiseulonta, dari<\/a><br \/><a href=\"https:\/\/www.filha.fi\/wp-content\/uploads\/2024\/02\/Odottavan-aidin-ohje-Raskaana-olevan-tuberkuloosiseulonta_2024_01_16_EN.pdf\" target=\"_blank\" rel=\"noopener\">Raskaana olevan tuberkuloosiseulonta, englanti<\/a><br \/><a href=\"https:\/\/www.filha.fi\/wp-content\/uploads\/2024\/05\/Odottavan-aidin-ohje-Raskaana-olevan-tuberkuloosiseulonta_SO.pdf\" target=\"_blank\" rel=\"noopener\">Raskaana olevan tuberkuloosiseulonta, somali<\/a><br \/><a href=\"https:\/\/www.filha.fi\/wp-content\/uploads\/2024\/05\/Odottavan-aidin-ohje-Raskaana-olevan-tuberkuloosiseulonta_UA.pdf\" target=\"_blank\" rel=\"noopener\">Raskaana olevan tuberkuloosiseulonta, ukraina<\/a><br \/><a href=\"https:\/\/www.filha.fi\/wp-content\/uploads\/2024\/02\/Odottavan-aidin-ohje-Raskaana-olevan-tuberkuloosiseulonta_2024_01_16_RU.pdf\" target=\"_blank\" rel=\"noopener\">Raskaana olevan tuberkuloosiseulonta, ven\u00e4j\u00e4<\/a><\/p><\/td><\/tr><tr><td>\u00a0<\/td><td><h3 class=\"entry-title\">Kysymyksi\u00e4 ja vastauksia<\/h3><p class=\"entry-title\"><strong><a href=\"https:\/\/www.filha.fi\/wp-content\/uploads\/2024\/02\/Filha-Kysymyksia-ja-vastauksia-aitiysneuvoloiden-tuberkuloosiseulonnasta-paivitetty-13.2.2024.pdf\" target=\"_blank\" rel=\"noopener\">Kysymyksi\u00e4 ja vastauksia \u00e4itiysneuvoloiden TB-seulonnasta<\/a><\/strong><\/p><p>Kysymykset ja vastaukset on koottu Raskaana olevien tuberkuloosin seulonnat -hankkeen aikana vuonna 2021 yhteisty\u00f6ss\u00e4 THL:n kanssa. (p\u00e4ivitetty 9.5.2022)<\/p><\/td><\/tr><tr><td>\u00a0<\/td><\/tr><\/tbody><\/table>\t\t\t\t\t\t\t\t<\/div>\n\t\t\t\t<\/div>\n\t\t\t\t\t<\/div>\n\t\t<\/div>\n\t\t\t\t\t<\/div>\n\t\t<\/section>\n\t\t\t\t<\/div>\n\t\t","protected":false},"excerpt":{"rendered":"<p>Tiedostot ovat vapaasti ladattavissa ja k\u00e4ytett\u00e4viss\u00e4. Kaikille riskiryhmiin kuuluville odottaville \u00e4ideille tehd\u00e4\u00e4n oirekysely ja keuhkojen r\u00f6ntgenkuvaus. Oirekysely tehd\u00e4\u00e4n neuvolassa raskauden alkuvaiheessa sek\u00e4 raskauden viimeisen kolmanneksen aikana. Keuhkojen r\u00f6ntgenkuvaus tehd\u00e4\u00e4n raskauden &#8230; <a title=\"Raskaana olevien tuberkuloosin seulontaohjeet\" class=\"read-more\" href=\"https:\/\/www.filha.fi\/en\/tuberkuloosi\/raskaana-olevien-tuberkuloosin-seulontaohjeet\/\" aria-label=\"Read more about Raskaana olevien tuberkuloosin seulontaohjeet\">Read more<\/a><\/p>\n","protected":false},"author":4,"featured_media":0,"parent":113,"menu_order":0,"comment_status":"closed","ping_status":"closed","template":"","meta":{"_acf_changed":false,"footnotes":""},"categories":[102,84,3],"class_list":["post-4550","page","type-page","status-publish","category-iiris","category-marianne","category-tuberkuloosi"],"translation":{"provider":"WPGlobus","version":"3.0.2","language":"en","enabled_languages":["fi","en"],"languages":{"fi":{"title":true,"content":true,"excerpt":false},"en":{"title":false,"content":false,"excerpt":false}}},"acf":[],"yoast_head":"<!-- This site is optimized with the Yoast SEO plugin v27.4 - https:\/\/yoast.com\/product\/yoast-seo-wordpress\/ -->\n<title>Raskaana olevien tuberkuloosin seulontaohjeet - Filha<\/title>\n<meta name=\"robots\" content=\"index, follow, max-snippet:-1, max-image-preview:large, max-video-preview:-1\" \/>\n<link rel=\"canonical\" href=\"https:\/\/www.filha.fi\/tuberkuloosi\/raskaana-olevien-tuberkuloosin-seulontaohjeet\/\" \/>\n<meta property=\"og:locale\" content=\"en_US\" \/>\n<meta property=\"og:type\" content=\"article\" \/>\n<meta property=\"og:title\" content=\"Raskaana olevien tuberkuloosin seulontaohjeet - Filha\" \/>\n<meta property=\"og:url\" content=\"https:\/\/www.filha.fi\/tuberkuloosi\/raskaana-olevien-tuberkuloosin-seulontaohjeet\/\" \/>\n<meta property=\"og:site_name\" content=\"Filha\" \/>\n<meta property=\"article:modified_time\" content=\"2026-03-03T11:10:04+00:00\" \/>\n<meta property=\"og:image\" content=\"https:\/\/www.filha.fi\/wp-content\/uploads\/2026\/03\/Toimintakaavio-Raskaana-olevien-tuberkuloosin-seulonta-13.1.2026.png\" \/>\n\t<meta property=\"og:image:width\" content=\"1278\" \/>\n\t<meta property=\"og:image:height\" content=\"717\" \/>\n\t<meta property=\"og:image:type\" content=\"image\/png\" \/>\n<meta name=\"twitter:card\" content=\"summary_large_image\" \/>\n<meta name=\"twitter:label1\" content=\"Est. reading time\" \/>\n\t<meta name=\"twitter:data1\" content=\"2 minutes\" \/>\n<script type=\"application\/ld+json\" class=\"yoast-schema-graph\">{\"@context\":\"https:\\\/\\\/schema.org\",\"@graph\":[{\"@type\":\"WebPage\",\"@id\":\"https:\\\/\\\/www.filha.fi\\\/tuberkuloosi\\\/raskaana-olevien-tuberkuloosin-seulontaohjeet\\\/\",\"url\":\"https:\\\/\\\/www.filha.fi\\\/tuberkuloosi\\\/raskaana-olevien-tuberkuloosin-seulontaohjeet\\\/\",\"name\":\"Raskaana olevien tuberkuloosin seulontaohjeet - Filha\",\"isPartOf\":{\"@id\":\"https:\\\/\\\/www.filha.fi\\\/#website\"},\"primaryImageOfPage\":{\"@id\":\"https:\\\/\\\/www.filha.fi\\\/tuberkuloosi\\\/raskaana-olevien-tuberkuloosin-seulontaohjeet\\\/#primaryimage\"},\"image\":{\"@id\":\"https:\\\/\\\/www.filha.fi\\\/tuberkuloosi\\\/raskaana-olevien-tuberkuloosin-seulontaohjeet\\\/#primaryimage\"},\"thumbnailUrl\":\"https:\\\/\\\/www.filha.fi\\\/wp-content\\\/uploads\\\/2026\\\/03\\\/Toimintakaavio-Raskaana-olevien-tuberkuloosin-seulonta-13.1.2026-300x168.png\",\"datePublished\":\"2020-05-13T14:29:08+00:00\",\"dateModified\":\"2026-03-03T11:10:04+00:00\",\"breadcrumb\":{\"@id\":\"https:\\\/\\\/www.filha.fi\\\/tuberkuloosi\\\/raskaana-olevien-tuberkuloosin-seulontaohjeet\\\/#breadcrumb\"},\"inLanguage\":\"en-US\",\"potentialAction\":[{\"@type\":\"ReadAction\",\"target\":[\"https:\\\/\\\/www.filha.fi\\\/tuberkuloosi\\\/raskaana-olevien-tuberkuloosin-seulontaohjeet\\\/\"]}]},{\"@type\":\"ImageObject\",\"inLanguage\":\"en-US\",\"@id\":\"https:\\\/\\\/www.filha.fi\\\/tuberkuloosi\\\/raskaana-olevien-tuberkuloosin-seulontaohjeet\\\/#primaryimage\",\"url\":\"https:\\\/\\\/www.filha.fi\\\/wp-content\\\/uploads\\\/2026\\\/03\\\/Toimintakaavio-Raskaana-olevien-tuberkuloosin-seulonta-13.1.2026-300x168.png\",\"contentUrl\":\"https:\\\/\\\/www.filha.fi\\\/wp-content\\\/uploads\\\/2026\\\/03\\\/Toimintakaavio-Raskaana-olevien-tuberkuloosin-seulonta-13.1.2026-300x168.png\"},{\"@type\":\"BreadcrumbList\",\"@id\":\"https:\\\/\\\/www.filha.fi\\\/tuberkuloosi\\\/raskaana-olevien-tuberkuloosin-seulontaohjeet\\\/#breadcrumb\",\"itemListElement\":[{\"@type\":\"ListItem\",\"position\":1,\"name\":\"Home\",\"item\":\"https:\\\/\\\/www.filha.fi\\\/\"},{\"@type\":\"ListItem\",\"position\":2,\"name\":\"Tuberkuloosi\",\"item\":\"https:\\\/\\\/www.filha.fi\\\/tuberkuloosi\\\/\"},{\"@type\":\"ListItem\",\"position\":3,\"name\":\"Raskaana olevien tuberkuloosin seulontaohjeet\"}]},{\"@type\":\"WebSite\",\"@id\":\"https:\\\/\\\/www.filha.fi\\\/#website\",\"url\":\"https:\\\/\\\/www.filha.fi\\\/\",\"name\":\"Filha\",\"description\":\"Expertise in lung health\",\"publisher\":{\"@id\":\"https:\\\/\\\/www.filha.fi\\\/#organization\"},\"potentialAction\":[{\"@type\":\"SearchAction\",\"target\":{\"@type\":\"EntryPoint\",\"urlTemplate\":\"https:\\\/\\\/www.filha.fi\\\/?s={search_term_string}\"},\"query-input\":{\"@type\":\"PropertyValueSpecification\",\"valueRequired\":true,\"valueName\":\"search_term_string\"}}],\"inLanguage\":\"en-US\"},{\"@type\":\"Organization\",\"@id\":\"https:\\\/\\\/www.filha.fi\\\/#organization\",\"name\":\"Filha ry\",\"url\":\"https:\\\/\\\/www.filha.fi\\\/\",\"logo\":{\"@type\":\"ImageObject\",\"inLanguage\":\"en-US\",\"@id\":\"https:\\\/\\\/www.filha.fi\\\/#\\\/schema\\\/logo\\\/image\\\/\",\"url\":\"https:\\\/\\\/www.filha.fi\\\/wp-content\\\/uploads\\\/2019\\\/04\\\/Filha-logo.png\",\"contentUrl\":\"https:\\\/\\\/www.filha.fi\\\/wp-content\\\/uploads\\\/2019\\\/04\\\/Filha-logo.png\",\"width\":960,\"height\":1230,\"caption\":\"Filha ry\"},\"image\":{\"@id\":\"https:\\\/\\\/www.filha.fi\\\/#\\\/schema\\\/logo\\\/image\\\/\"}}]}<\/script>\n<!-- \/ Yoast SEO plugin. -->","yoast_head_json":{"title":"Raskaana olevien tuberkuloosin seulontaohjeet - Filha","robots":{"index":"index","follow":"follow","max-snippet":"max-snippet:-1","max-image-preview":"max-image-preview:large","max-video-preview":"max-video-preview:-1"},"canonical":"https:\/\/www.filha.fi\/tuberkuloosi\/raskaana-olevien-tuberkuloosin-seulontaohjeet\/","og_locale":"en_US","og_type":"article","og_title":"Raskaana olevien tuberkuloosin seulontaohjeet - Filha","og_url":"https:\/\/www.filha.fi\/tuberkuloosi\/raskaana-olevien-tuberkuloosin-seulontaohjeet\/","og_site_name":"Filha","article_modified_time":"2026-03-03T11:10:04+00:00","og_image":[{"width":1278,"height":717,"url":"https:\/\/www.filha.fi\/wp-content\/uploads\/2026\/03\/Toimintakaavio-Raskaana-olevien-tuberkuloosin-seulonta-13.1.2026.png","type":"image\/png"}],"twitter_card":"summary_large_image","twitter_misc":{"Est. reading time":"2 minutes"},"schema":{"@context":"https:\/\/schema.org","@graph":[{"@type":"WebPage","@id":"https:\/\/www.filha.fi\/tuberkuloosi\/raskaana-olevien-tuberkuloosin-seulontaohjeet\/","url":"https:\/\/www.filha.fi\/tuberkuloosi\/raskaana-olevien-tuberkuloosin-seulontaohjeet\/","name":"Raskaana olevien tuberkuloosin seulontaohjeet - Filha","isPartOf":{"@id":"https:\/\/www.filha.fi\/#website"},"primaryImageOfPage":{"@id":"https:\/\/www.filha.fi\/tuberkuloosi\/raskaana-olevien-tuberkuloosin-seulontaohjeet\/#primaryimage"},"image":{"@id":"https:\/\/www.filha.fi\/tuberkuloosi\/raskaana-olevien-tuberkuloosin-seulontaohjeet\/#primaryimage"},"thumbnailUrl":"https:\/\/www.filha.fi\/wp-content\/uploads\/2026\/03\/Toimintakaavio-Raskaana-olevien-tuberkuloosin-seulonta-13.1.2026-300x168.png","datePublished":"2020-05-13T14:29:08+00:00","dateModified":"2026-03-03T11:10:04+00:00","breadcrumb":{"@id":"https:\/\/www.filha.fi\/tuberkuloosi\/raskaana-olevien-tuberkuloosin-seulontaohjeet\/#breadcrumb"},"inLanguage":"en-US","potentialAction":[{"@type":"ReadAction","target":["https:\/\/www.filha.fi\/tuberkuloosi\/raskaana-olevien-tuberkuloosin-seulontaohjeet\/"]}]},{"@type":"ImageObject","inLanguage":"en-US","@id":"https:\/\/www.filha.fi\/tuberkuloosi\/raskaana-olevien-tuberkuloosin-seulontaohjeet\/#primaryimage","url":"https:\/\/www.filha.fi\/wp-content\/uploads\/2026\/03\/Toimintakaavio-Raskaana-olevien-tuberkuloosin-seulonta-13.1.2026-300x168.png","contentUrl":"https:\/\/www.filha.fi\/wp-content\/uploads\/2026\/03\/Toimintakaavio-Raskaana-olevien-tuberkuloosin-seulonta-13.1.2026-300x168.png"},{"@type":"BreadcrumbList","@id":"https:\/\/www.filha.fi\/tuberkuloosi\/raskaana-olevien-tuberkuloosin-seulontaohjeet\/#breadcrumb","itemListElement":[{"@type":"ListItem","position":1,"name":"Home","item":"https:\/\/www.filha.fi\/"},{"@type":"ListItem","position":2,"name":"Tuberkuloosi","item":"https:\/\/www.filha.fi\/tuberkuloosi\/"},{"@type":"ListItem","position":3,"name":"Raskaana olevien tuberkuloosin seulontaohjeet"}]},{"@type":"WebSite","@id":"https:\/\/www.filha.fi\/#website","url":"https:\/\/www.filha.fi\/","name":"Filha","description":"Expertise in lung health","publisher":{"@id":"https:\/\/www.filha.fi\/#organization"},"potentialAction":[{"@type":"SearchAction","target":{"@type":"EntryPoint","urlTemplate":"https:\/\/www.filha.fi\/?s={search_term_string}"},"query-input":{"@type":"PropertyValueSpecification","valueRequired":true,"valueName":"search_term_string"}}],"inLanguage":"en-US"},{"@type":"Organization","@id":"https:\/\/www.filha.fi\/#organization","name":"Filha ry","url":"https:\/\/www.filha.fi\/","logo":{"@type":"ImageObject","inLanguage":"en-US","@id":"https:\/\/www.filha.fi\/#\/schema\/logo\/image\/","url":"https:\/\/www.filha.fi\/wp-content\/uploads\/2019\/04\/Filha-logo.png","contentUrl":"https:\/\/www.filha.fi\/wp-content\/uploads\/2019\/04\/Filha-logo.png","width":960,"height":1230,"caption":"Filha ry"},"image":{"@id":"https:\/\/www.filha.fi\/#\/schema\/logo\/image\/"}}]}},"_links":{"self":[{"href":"https:\/\/www.filha.fi\/en\/wp-json\/wp\/v2\/pages\/4550","targetHints":{"allow":["GET"]}}],"collection":[{"href":"https:\/\/www.filha.fi\/en\/wp-json\/wp\/v2\/pages"}],"about":[{"href":"https:\/\/www.filha.fi\/en\/wp-json\/wp\/v2\/types\/page"}],"author":[{"embeddable":true,"href":"https:\/\/www.filha.fi\/en\/wp-json\/wp\/v2\/users\/4"}],"replies":[{"embeddable":true,"href":"https:\/\/www.filha.fi\/en\/wp-json\/wp\/v2\/comments?post=4550"}],"version-history":[{"count":19,"href":"https:\/\/www.filha.fi\/en\/wp-json\/wp\/v2\/pages\/4550\/revisions"}],"predecessor-version":[{"id":34793,"href":"https:\/\/www.filha.fi\/en\/wp-json\/wp\/v2\/pages\/4550\/revisions\/34793"}],"up":[{"embeddable":true,"href":"https:\/\/www.filha.fi\/en\/wp-json\/wp\/v2\/pages\/113"}],"wp:attachment":[{"href":"https:\/\/www.filha.fi\/en\/wp-json\/wp\/v2\/media?parent=4550"}],"wp:term":[{"taxonomy":"category","embeddable":true,"href":"https:\/\/www.filha.fi\/en\/wp-json\/wp\/v2\/categories?post=4550"}],"curies":[{"name":"wp","href":"https:\/\/api.w.org\/{rel}","templated":true}]}}