{"id":4587,"date":"2020-05-14T08:21:04","date_gmt":"2020-05-14T05:21:04","guid":{"rendered":"https:\/\/www.filha.fi\/?page_id=4587"},"modified":"2025-10-17T11:18:29","modified_gmt":"2025-10-17T08:18:29","slug":"latentin-tuberkuloosi-infektion-hoitoarvio-elinsiirtoa-suunniteltaessa","status":"publish","type":"page","link":"https:\/\/www.filha.fi\/en\/tuberkuloosi\/latentti-tuberkuloosi-infektio-ltbi-ja-tuberkuloosiseulonnat\/latentin-tuberkuloosi-infektion-hoitoarvio-elinsiirtoa-suunniteltaessa\/","title":{"rendered":"Latentin TB-infektion hoitoarvio elinsiirtoa suunniteltaessa"},"content":{"rendered":"<h2>Materiaalia terveydenhuollon ammattilaisille. Tiedostot ovat vapaasti ladattavissa ja k\u00e4ytett\u00e4viss\u00e4.<\/h2>\n<p>Jos elinsiirtoa odottava potilas on saanut tartunnan (LTBI latentti tuberkuloosi-infektio), tuberkuloosiin sairastumisen riski on suuri elinsiirron j\u00e4lkeen johtuen l\u00e4\u00e4kityksiin ja sairauteen liittyv\u00e4st\u00e4 immuunivasteen heikentymisest\u00e4.<\/p>\n<p>Sairastumista voidaan ehk\u00e4ist\u00e4 l\u00e4\u00e4kehoidolla. LTBI:n hoitop\u00e4\u00e4t\u00f6s tehd\u00e4\u00e4n tutkimusten (thoraxkuva, IGRA-testi, riskitekij\u00e4- ja oirekysely, tarvittaessa lis\u00e4tutkimukset) ja kokonaisarvion perusteella.<\/p>\n<table border=\"1\" cellspacing=\"0\" cellpadding=\"0\">\n<tbody>\n<tr>\n<td><img decoding=\"async\" class=\"alignnone wp-image-4561\" src=\"https:\/\/www.filha.fi\/wp-content\/uploads\/2020\/05\/Ammattilaisen-ohje-LTBIn-hoitoarvio-riskitekij\u00e4-ja-oirekysely-page-001-212x300.jpg\" alt=\"\" width=\"156\" height=\"220\" srcset=\"https:\/\/www.filha.fi\/wp-content\/uploads\/2020\/05\/Ammattilaisen-ohje-LTBIn-hoitoarvio-riskitekij\u00e4-ja-oirekysely-page-001-212x300.jpg 212w, https:\/\/www.filha.fi\/wp-content\/uploads\/2020\/05\/Ammattilaisen-ohje-LTBIn-hoitoarvio-riskitekij\u00e4-ja-oirekysely-page-001-724x1024.jpg 724w, https:\/\/www.filha.fi\/wp-content\/uploads\/2020\/05\/Ammattilaisen-ohje-LTBIn-hoitoarvio-riskitekij\u00e4-ja-oirekysely-page-001-768x1086.jpg 768w, https:\/\/www.filha.fi\/wp-content\/uploads\/2020\/05\/Ammattilaisen-ohje-LTBIn-hoitoarvio-riskitekij\u00e4-ja-oirekysely-page-001-1086x1536.jpg 1086w, https:\/\/www.filha.fi\/wp-content\/uploads\/2020\/05\/Ammattilaisen-ohje-LTBIn-hoitoarvio-riskitekij\u00e4-ja-oirekysely-page-001.jpg 1240w\" sizes=\"(max-width: 156px) 100vw, 156px\" \/><\/td>\n<td>\n<h3>Ohje ammattilaiselle<\/h3>\n<p><strong><a href=\"https:\/\/www.filha.fi\/wp-content\/uploads\/2023\/02\/LTBIn-hoitoarvio-elinsiirtoa-suunniteltaessa-riskitekija-ja-oirekysely-paivitys-17.2.2023.pdf\" target=\"_blank\" rel=\"noopener noreferrer\">LTBI:n hoitoarvio riskitekij\u00e4 ja oirekysely (p\u00e4ivitetty 17.2.2023)<\/a><\/strong><\/p>\n<p>Lomake ammattilaisen k\u00e4ytt\u00f6\u00f6n potilaan riskitekij\u00f6iden ja oireiden selvitt\u00e4miseksi.<\/td>\n<\/tr>\n<tr>\n<td><img decoding=\"async\" class=\"alignnone wp-image-4562\" src=\"https:\/\/www.filha.fi\/wp-content\/uploads\/2020\/05\/Ammattilaisen-ohje-LTBIn-seulonta-ja-hoito-elinsiirtoa-suunniteltaessa-page-001-212x300.jpg\" alt=\"\" width=\"156\" height=\"220\" srcset=\"https:\/\/www.filha.fi\/wp-content\/uploads\/2020\/05\/Ammattilaisen-ohje-LTBIn-seulonta-ja-hoito-elinsiirtoa-suunniteltaessa-page-001-212x300.jpg 212w, https:\/\/www.filha.fi\/wp-content\/uploads\/2020\/05\/Ammattilaisen-ohje-LTBIn-seulonta-ja-hoito-elinsiirtoa-suunniteltaessa-page-001-724x1024.jpg 724w, https:\/\/www.filha.fi\/wp-content\/uploads\/2020\/05\/Ammattilaisen-ohje-LTBIn-seulonta-ja-hoito-elinsiirtoa-suunniteltaessa-page-001-768x1086.jpg 768w, https:\/\/www.filha.fi\/wp-content\/uploads\/2020\/05\/Ammattilaisen-ohje-LTBIn-seulonta-ja-hoito-elinsiirtoa-suunniteltaessa-page-001-1086x1536.jpg 1086w, https:\/\/www.filha.fi\/wp-content\/uploads\/2020\/05\/Ammattilaisen-ohje-LTBIn-seulonta-ja-hoito-elinsiirtoa-suunniteltaessa-page-001.jpg 1240w\" sizes=\"(max-width: 156px) 100vw, 156px\" \/><\/td>\n<td>\n<h3>Ohje ammattilaiselle<\/h3>\n<p><strong><a href=\"https:\/\/www.filha.fi\/wp-content\/uploads\/2024\/02\/Ammattilaisen-ohje-LTBIn-seulonta-ja-hoito-elinsiirtoa-suunniteltaessa-fi-170122.pdf\" target=\"_blank\" rel=\"noopener noreferrer\">LTBI:n seulonta ja hoito elinsiirtoa suunniteltaessa<\/a><\/strong><\/p>\n<p>Ohje antaa tietoa ammattilaiselle LTBI:n seulonnasta ja hoidon toteutuksesta.<\/td>\n<\/tr>\n<tr>\n<td><img decoding=\"async\" class=\"alignnone wp-image-4565\" src=\"https:\/\/www.filha.fi\/wp-content\/uploads\/2020\/05\/Potilasohje-LTBIn-hoitoarvio-elinsiirtoa-suunniteltaessa-page-001-212x300.jpg\" alt=\"\" width=\"156\" height=\"220\" srcset=\"https:\/\/www.filha.fi\/wp-content\/uploads\/2020\/05\/Potilasohje-LTBIn-hoitoarvio-elinsiirtoa-suunniteltaessa-page-001-212x300.jpg 212w, https:\/\/www.filha.fi\/wp-content\/uploads\/2020\/05\/Potilasohje-LTBIn-hoitoarvio-elinsiirtoa-suunniteltaessa-page-001-724x1024.jpg 724w, https:\/\/www.filha.fi\/wp-content\/uploads\/2020\/05\/Potilasohje-LTBIn-hoitoarvio-elinsiirtoa-suunniteltaessa-page-001-768x1086.jpg 768w, https:\/\/www.filha.fi\/wp-content\/uploads\/2020\/05\/Potilasohje-LTBIn-hoitoarvio-elinsiirtoa-suunniteltaessa-page-001-1086x1536.jpg 1086w, https:\/\/www.filha.fi\/wp-content\/uploads\/2020\/05\/Potilasohje-LTBIn-hoitoarvio-elinsiirtoa-suunniteltaessa-page-001.jpg 1240w\" sizes=\"(max-width: 156px) 100vw, 156px\" \/><\/td>\n<td>\n<h3>Ohje potilaalle<\/h3>\n<p><a href=\"https:\/\/www.filha.fi\/wp-content\/uploads\/2022\/01\/Potilasohje-LTBIn-hoitoarvio-elinsiirtoa-suunniteltaessa_viimeisin.pdf\" target=\"_blank\" rel=\"noopener noreferrer\"><strong>LTBI:n hoitoarvio elinsiirtoa suunniteltaessa<\/strong><\/a><\/p>\n<p>Ohje on tarkoitettu jaettavaksi potilaalle LTBI:n tutkimusten yhteydess\u00e4.<\/td>\n<\/tr>\n<tr>\n<td><img loading=\"lazy\" decoding=\"async\" class=\"alignnone wp-image-4564\" src=\"https:\/\/www.filha.fi\/wp-content\/uploads\/2020\/05\/Potilasohje-LTBI-l\u00e4\u00e4kehoidon-haittavaikutuksista-page-001-212x300.jpg\" alt=\"\" width=\"156\" height=\"220\" srcset=\"https:\/\/www.filha.fi\/wp-content\/uploads\/2020\/05\/Potilasohje-LTBI-l\u00e4\u00e4kehoidon-haittavaikutuksista-page-001-212x300.jpg 212w, https:\/\/www.filha.fi\/wp-content\/uploads\/2020\/05\/Potilasohje-LTBI-l\u00e4\u00e4kehoidon-haittavaikutuksista-page-001-724x1024.jpg 724w, https:\/\/www.filha.fi\/wp-content\/uploads\/2020\/05\/Potilasohje-LTBI-l\u00e4\u00e4kehoidon-haittavaikutuksista-page-001-768x1086.jpg 768w, https:\/\/www.filha.fi\/wp-content\/uploads\/2020\/05\/Potilasohje-LTBI-l\u00e4\u00e4kehoidon-haittavaikutuksista-page-001-1086x1536.jpg 1086w, https:\/\/www.filha.fi\/wp-content\/uploads\/2020\/05\/Potilasohje-LTBI-l\u00e4\u00e4kehoidon-haittavaikutuksista-page-001.jpg 1240w\" sizes=\"(max-width: 156px) 100vw, 156px\" \/><\/td>\n<td>\n<h3>Ohje potilaalle<\/h3>\n<p><strong><a href=\"https:\/\/www.filha.fi\/wp-content\/uploads\/2020\/06\/Potilasohje-LTBI-l\u00e4\u00e4kehoidon-haittavaikutuksista.pdf\" target=\"_blank\" rel=\"noopener noreferrer\">Tietoa LTBI:n l\u00e4\u00e4kehoidosta<\/a><\/strong><\/p>\n<p>Ohje on tarkoitettu\u00a0 jaettavaksi potilaale l\u00e4\u00e4kehoidon aloituksen yhteydess\u00e4.<\/td>\n<\/tr>\n<\/tbody>\n<\/table>\n<p>&nbsp;<\/p>\n","protected":false},"excerpt":{"rendered":"<p>Materiaalia terveydenhuollon ammattilaisille. Tiedostot ovat vapaasti ladattavissa ja k\u00e4ytett\u00e4viss\u00e4. Jos elinsiirtoa odottava potilas on saanut tartunnan (LTBI latentti tuberkuloosi-infektio), tuberkuloosiin sairastumisen riski on suuri elinsiirron j\u00e4lkeen johtuen l\u00e4\u00e4kityksiin ja sairauteen &#8230; <a title=\"Latentin TB-infektion hoitoarvio elinsiirtoa suunniteltaessa\" class=\"read-more\" href=\"https:\/\/www.filha.fi\/en\/tuberkuloosi\/latentti-tuberkuloosi-infektio-ltbi-ja-tuberkuloosiseulonnat\/latentin-tuberkuloosi-infektion-hoitoarvio-elinsiirtoa-suunniteltaessa\/\" aria-label=\"Read more about Latentin TB-infektion hoitoarvio elinsiirtoa suunniteltaessa\">Read more<\/a><\/p>\n","protected":false},"author":4,"featured_media":0,"parent":7524,"menu_order":0,"comment_status":"closed","ping_status":"closed","template":"","meta":{"_acf_changed":false,"footnotes":""},"categories":[102,47],"class_list":["post-4587","page","type-page","status-publish","category-iiris","category-tuula"],"translation":{"provider":"WPGlobus","version":"3.0.2","language":"en","enabled_languages":["fi","en"],"languages":{"fi":{"title":true,"content":true,"excerpt":false},"en":{"title":false,"content":false,"excerpt":false}}},"acf":[],"yoast_head":"<!-- This site is optimized with the Yoast SEO plugin v27.4 - https:\/\/yoast.com\/product\/yoast-seo-wordpress\/ -->\n<title>Latentin TB-infektion hoitoarvio elinsiirtoa suunniteltaessa - Filha<\/title>\n<meta name=\"robots\" content=\"index, follow, max-snippet:-1, max-image-preview:large, max-video-preview:-1\" \/>\n<link rel=\"canonical\" href=\"https:\/\/www.filha.fi\/tuberkuloosi\/latentti-tuberkuloosi-infektio-ltbi-ja-tuberkuloosiseulonnat\/latentin-tuberkuloosi-infektion-hoitoarvio-elinsiirtoa-suunniteltaessa\/\" \/>\n<meta property=\"og:locale\" content=\"en_US\" \/>\n<meta property=\"og:type\" content=\"article\" \/>\n<meta property=\"og:title\" content=\"Latentin TB-infektion hoitoarvio elinsiirtoa suunniteltaessa - Filha\" \/>\n<meta property=\"og:url\" content=\"https:\/\/www.filha.fi\/tuberkuloosi\/latentti-tuberkuloosi-infektio-ltbi-ja-tuberkuloosiseulonnat\/latentin-tuberkuloosi-infektion-hoitoarvio-elinsiirtoa-suunniteltaessa\/\" \/>\n<meta property=\"og:site_name\" content=\"Filha\" \/>\n<meta property=\"article:modified_time\" content=\"2025-10-17T08:18:29+00:00\" \/>\n<meta property=\"og:image\" content=\"https:\/\/www.filha.fi\/wp-content\/uploads\/2020\/05\/Ammattilaisen-ohje-LTBIn-seulonta-ja-hoito-elinsiirtoa-suunniteltaessa-page-001-212x300.jpg\" \/>\n<meta name=\"twitter:card\" content=\"summary_large_image\" \/>\n<meta name=\"twitter:label1\" content=\"Est. reading time\" \/>\n\t<meta name=\"twitter:data1\" content=\"2 minutes\" \/>\n<script type=\"application\/ld+json\" class=\"yoast-schema-graph\">{\"@context\":\"https:\\\/\\\/schema.org\",\"@graph\":[{\"@type\":\"WebPage\",\"@id\":\"https:\\\/\\\/www.filha.fi\\\/tuberkuloosi\\\/latentti-tuberkuloosi-infektio-ltbi-ja-tuberkuloosiseulonnat\\\/latentin-tuberkuloosi-infektion-hoitoarvio-elinsiirtoa-suunniteltaessa\\\/\",\"url\":\"https:\\\/\\\/www.filha.fi\\\/tuberkuloosi\\\/latentti-tuberkuloosi-infektio-ltbi-ja-tuberkuloosiseulonnat\\\/latentin-tuberkuloosi-infektion-hoitoarvio-elinsiirtoa-suunniteltaessa\\\/\",\"name\":\"Latentin TB-infektion hoitoarvio elinsiirtoa suunniteltaessa - Filha\",\"isPartOf\":{\"@id\":\"https:\\\/\\\/www.filha.fi\\\/#website\"},\"primaryImageOfPage\":{\"@id\":\"https:\\\/\\\/www.filha.fi\\\/tuberkuloosi\\\/latentti-tuberkuloosi-infektio-ltbi-ja-tuberkuloosiseulonnat\\\/latentin-tuberkuloosi-infektion-hoitoarvio-elinsiirtoa-suunniteltaessa\\\/#primaryimage\"},\"image\":{\"@id\":\"https:\\\/\\\/www.filha.fi\\\/tuberkuloosi\\\/latentti-tuberkuloosi-infektio-ltbi-ja-tuberkuloosiseulonnat\\\/latentin-tuberkuloosi-infektion-hoitoarvio-elinsiirtoa-suunniteltaessa\\\/#primaryimage\"},\"thumbnailUrl\":\"https:\\\/\\\/www.filha.fi\\\/wp-content\\\/uploads\\\/2020\\\/05\\\/Ammattilaisen-ohje-LTBIn-seulonta-ja-hoito-elinsiirtoa-suunniteltaessa-page-001-212x300.jpg\",\"datePublished\":\"2020-05-14T05:21:04+00:00\",\"dateModified\":\"2025-10-17T08:18:29+00:00\",\"breadcrumb\":{\"@id\":\"https:\\\/\\\/www.filha.fi\\\/tuberkuloosi\\\/latentti-tuberkuloosi-infektio-ltbi-ja-tuberkuloosiseulonnat\\\/latentin-tuberkuloosi-infektion-hoitoarvio-elinsiirtoa-suunniteltaessa\\\/#breadcrumb\"},\"inLanguage\":\"en-US\",\"potentialAction\":[{\"@type\":\"ReadAction\",\"target\":[\"https:\\\/\\\/www.filha.fi\\\/tuberkuloosi\\\/latentti-tuberkuloosi-infektio-ltbi-ja-tuberkuloosiseulonnat\\\/latentin-tuberkuloosi-infektion-hoitoarvio-elinsiirtoa-suunniteltaessa\\\/\"]}]},{\"@type\":\"ImageObject\",\"inLanguage\":\"en-US\",\"@id\":\"https:\\\/\\\/www.filha.fi\\\/tuberkuloosi\\\/latentti-tuberkuloosi-infektio-ltbi-ja-tuberkuloosiseulonnat\\\/latentin-tuberkuloosi-infektion-hoitoarvio-elinsiirtoa-suunniteltaessa\\\/#primaryimage\",\"url\":\"https:\\\/\\\/www.filha.fi\\\/wp-content\\\/uploads\\\/2020\\\/05\\\/Ammattilaisen-ohje-LTBIn-seulonta-ja-hoito-elinsiirtoa-suunniteltaessa-page-001-212x300.jpg\",\"contentUrl\":\"https:\\\/\\\/www.filha.fi\\\/wp-content\\\/uploads\\\/2020\\\/05\\\/Ammattilaisen-ohje-LTBIn-seulonta-ja-hoito-elinsiirtoa-suunniteltaessa-page-001-212x300.jpg\"},{\"@type\":\"BreadcrumbList\",\"@id\":\"https:\\\/\\\/www.filha.fi\\\/tuberkuloosi\\\/latentti-tuberkuloosi-infektio-ltbi-ja-tuberkuloosiseulonnat\\\/latentin-tuberkuloosi-infektion-hoitoarvio-elinsiirtoa-suunniteltaessa\\\/#breadcrumb\",\"itemListElement\":[{\"@type\":\"ListItem\",\"position\":1,\"name\":\"Home\",\"item\":\"https:\\\/\\\/www.filha.fi\\\/\"},{\"@type\":\"ListItem\",\"position\":2,\"name\":\"Tuberkuloosi\",\"item\":\"https:\\\/\\\/www.filha.fi\\\/tuberkuloosi\\\/\"},{\"@type\":\"ListItem\",\"position\":3,\"name\":\"Latentti tuberkuloosi-infektio (LTBI) ja tuberkuloosiseulonnat\",\"item\":\"https:\\\/\\\/www.filha.fi\\\/tuberkuloosi\\\/latentti-tuberkuloosi-infektio-ltbi-ja-tuberkuloosiseulonnat\\\/\"},{\"@type\":\"ListItem\",\"position\":4,\"name\":\"Latentin TB-infektion hoitoarvio elinsiirtoa suunniteltaessa\"}]},{\"@type\":\"WebSite\",\"@id\":\"https:\\\/\\\/www.filha.fi\\\/#website\",\"url\":\"https:\\\/\\\/www.filha.fi\\\/\",\"name\":\"Filha\",\"description\":\"Expertise in lung health\",\"publisher\":{\"@id\":\"https:\\\/\\\/www.filha.fi\\\/#organization\"},\"potentialAction\":[{\"@type\":\"SearchAction\",\"target\":{\"@type\":\"EntryPoint\",\"urlTemplate\":\"https:\\\/\\\/www.filha.fi\\\/?s={search_term_string}\"},\"query-input\":{\"@type\":\"PropertyValueSpecification\",\"valueRequired\":true,\"valueName\":\"search_term_string\"}}],\"inLanguage\":\"en-US\"},{\"@type\":\"Organization\",\"@id\":\"https:\\\/\\\/www.filha.fi\\\/#organization\",\"name\":\"Filha ry\",\"url\":\"https:\\\/\\\/www.filha.fi\\\/\",\"logo\":{\"@type\":\"ImageObject\",\"inLanguage\":\"en-US\",\"@id\":\"https:\\\/\\\/www.filha.fi\\\/#\\\/schema\\\/logo\\\/image\\\/\",\"url\":\"https:\\\/\\\/www.filha.fi\\\/wp-content\\\/uploads\\\/2019\\\/04\\\/Filha-logo.png\",\"contentUrl\":\"https:\\\/\\\/www.filha.fi\\\/wp-content\\\/uploads\\\/2019\\\/04\\\/Filha-logo.png\",\"width\":960,\"height\":1230,\"caption\":\"Filha ry\"},\"image\":{\"@id\":\"https:\\\/\\\/www.filha.fi\\\/#\\\/schema\\\/logo\\\/image\\\/\"}}]}<\/script>\n<!-- \/ Yoast SEO plugin. -->","yoast_head_json":{"title":"Latentin TB-infektion hoitoarvio elinsiirtoa suunniteltaessa - Filha","robots":{"index":"index","follow":"follow","max-snippet":"max-snippet:-1","max-image-preview":"max-image-preview:large","max-video-preview":"max-video-preview:-1"},"canonical":"https:\/\/www.filha.fi\/tuberkuloosi\/latentti-tuberkuloosi-infektio-ltbi-ja-tuberkuloosiseulonnat\/latentin-tuberkuloosi-infektion-hoitoarvio-elinsiirtoa-suunniteltaessa\/","og_locale":"en_US","og_type":"article","og_title":"Latentin TB-infektion hoitoarvio elinsiirtoa suunniteltaessa - Filha","og_url":"https:\/\/www.filha.fi\/tuberkuloosi\/latentti-tuberkuloosi-infektio-ltbi-ja-tuberkuloosiseulonnat\/latentin-tuberkuloosi-infektion-hoitoarvio-elinsiirtoa-suunniteltaessa\/","og_site_name":"Filha","article_modified_time":"2025-10-17T08:18:29+00:00","og_image":[{"url":"https:\/\/www.filha.fi\/wp-content\/uploads\/2020\/05\/Ammattilaisen-ohje-LTBIn-seulonta-ja-hoito-elinsiirtoa-suunniteltaessa-page-001-212x300.jpg","type":"","width":"","height":""}],"twitter_card":"summary_large_image","twitter_misc":{"Est. reading time":"2 minutes"},"schema":{"@context":"https:\/\/schema.org","@graph":[{"@type":"WebPage","@id":"https:\/\/www.filha.fi\/tuberkuloosi\/latentti-tuberkuloosi-infektio-ltbi-ja-tuberkuloosiseulonnat\/latentin-tuberkuloosi-infektion-hoitoarvio-elinsiirtoa-suunniteltaessa\/","url":"https:\/\/www.filha.fi\/tuberkuloosi\/latentti-tuberkuloosi-infektio-ltbi-ja-tuberkuloosiseulonnat\/latentin-tuberkuloosi-infektion-hoitoarvio-elinsiirtoa-suunniteltaessa\/","name":"Latentin TB-infektion hoitoarvio elinsiirtoa suunniteltaessa - Filha","isPartOf":{"@id":"https:\/\/www.filha.fi\/#website"},"primaryImageOfPage":{"@id":"https:\/\/www.filha.fi\/tuberkuloosi\/latentti-tuberkuloosi-infektio-ltbi-ja-tuberkuloosiseulonnat\/latentin-tuberkuloosi-infektion-hoitoarvio-elinsiirtoa-suunniteltaessa\/#primaryimage"},"image":{"@id":"https:\/\/www.filha.fi\/tuberkuloosi\/latentti-tuberkuloosi-infektio-ltbi-ja-tuberkuloosiseulonnat\/latentin-tuberkuloosi-infektion-hoitoarvio-elinsiirtoa-suunniteltaessa\/#primaryimage"},"thumbnailUrl":"https:\/\/www.filha.fi\/wp-content\/uploads\/2020\/05\/Ammattilaisen-ohje-LTBIn-seulonta-ja-hoito-elinsiirtoa-suunniteltaessa-page-001-212x300.jpg","datePublished":"2020-05-14T05:21:04+00:00","dateModified":"2025-10-17T08:18:29+00:00","breadcrumb":{"@id":"https:\/\/www.filha.fi\/tuberkuloosi\/latentti-tuberkuloosi-infektio-ltbi-ja-tuberkuloosiseulonnat\/latentin-tuberkuloosi-infektion-hoitoarvio-elinsiirtoa-suunniteltaessa\/#breadcrumb"},"inLanguage":"en-US","potentialAction":[{"@type":"ReadAction","target":["https:\/\/www.filha.fi\/tuberkuloosi\/latentti-tuberkuloosi-infektio-ltbi-ja-tuberkuloosiseulonnat\/latentin-tuberkuloosi-infektion-hoitoarvio-elinsiirtoa-suunniteltaessa\/"]}]},{"@type":"ImageObject","inLanguage":"en-US","@id":"https:\/\/www.filha.fi\/tuberkuloosi\/latentti-tuberkuloosi-infektio-ltbi-ja-tuberkuloosiseulonnat\/latentin-tuberkuloosi-infektion-hoitoarvio-elinsiirtoa-suunniteltaessa\/#primaryimage","url":"https:\/\/www.filha.fi\/wp-content\/uploads\/2020\/05\/Ammattilaisen-ohje-LTBIn-seulonta-ja-hoito-elinsiirtoa-suunniteltaessa-page-001-212x300.jpg","contentUrl":"https:\/\/www.filha.fi\/wp-content\/uploads\/2020\/05\/Ammattilaisen-ohje-LTBIn-seulonta-ja-hoito-elinsiirtoa-suunniteltaessa-page-001-212x300.jpg"},{"@type":"BreadcrumbList","@id":"https:\/\/www.filha.fi\/tuberkuloosi\/latentti-tuberkuloosi-infektio-ltbi-ja-tuberkuloosiseulonnat\/latentin-tuberkuloosi-infektion-hoitoarvio-elinsiirtoa-suunniteltaessa\/#breadcrumb","itemListElement":[{"@type":"ListItem","position":1,"name":"Home","item":"https:\/\/www.filha.fi\/"},{"@type":"ListItem","position":2,"name":"Tuberkuloosi","item":"https:\/\/www.filha.fi\/tuberkuloosi\/"},{"@type":"ListItem","position":3,"name":"Latentti tuberkuloosi-infektio (LTBI) ja tuberkuloosiseulonnat","item":"https:\/\/www.filha.fi\/tuberkuloosi\/latentti-tuberkuloosi-infektio-ltbi-ja-tuberkuloosiseulonnat\/"},{"@type":"ListItem","position":4,"name":"Latentin TB-infektion hoitoarvio elinsiirtoa suunniteltaessa"}]},{"@type":"WebSite","@id":"https:\/\/www.filha.fi\/#website","url":"https:\/\/www.filha.fi\/","name":"Filha","description":"Expertise in lung health","publisher":{"@id":"https:\/\/www.filha.fi\/#organization"},"potentialAction":[{"@type":"SearchAction","target":{"@type":"EntryPoint","urlTemplate":"https:\/\/www.filha.fi\/?s={search_term_string}"},"query-input":{"@type":"PropertyValueSpecification","valueRequired":true,"valueName":"search_term_string"}}],"inLanguage":"en-US"},{"@type":"Organization","@id":"https:\/\/www.filha.fi\/#organization","name":"Filha ry","url":"https:\/\/www.filha.fi\/","logo":{"@type":"ImageObject","inLanguage":"en-US","@id":"https:\/\/www.filha.fi\/#\/schema\/logo\/image\/","url":"https:\/\/www.filha.fi\/wp-content\/uploads\/2019\/04\/Filha-logo.png","contentUrl":"https:\/\/www.filha.fi\/wp-content\/uploads\/2019\/04\/Filha-logo.png","width":960,"height":1230,"caption":"Filha ry"},"image":{"@id":"https:\/\/www.filha.fi\/#\/schema\/logo\/image\/"}}]}},"_links":{"self":[{"href":"https:\/\/www.filha.fi\/en\/wp-json\/wp\/v2\/pages\/4587","targetHints":{"allow":["GET"]}}],"collection":[{"href":"https:\/\/www.filha.fi\/en\/wp-json\/wp\/v2\/pages"}],"about":[{"href":"https:\/\/www.filha.fi\/en\/wp-json\/wp\/v2\/types\/page"}],"author":[{"embeddable":true,"href":"https:\/\/www.filha.fi\/en\/wp-json\/wp\/v2\/users\/4"}],"replies":[{"embeddable":true,"href":"https:\/\/www.filha.fi\/en\/wp-json\/wp\/v2\/comments?post=4587"}],"version-history":[{"count":1,"href":"https:\/\/www.filha.fi\/en\/wp-json\/wp\/v2\/pages\/4587\/revisions"}],"predecessor-version":[{"id":34027,"href":"https:\/\/www.filha.fi\/en\/wp-json\/wp\/v2\/pages\/4587\/revisions\/34027"}],"up":[{"embeddable":true,"href":"https:\/\/www.filha.fi\/en\/wp-json\/wp\/v2\/pages\/7524"}],"wp:attachment":[{"href":"https:\/\/www.filha.fi\/en\/wp-json\/wp\/v2\/media?parent=4587"}],"wp:term":[{"taxonomy":"category","embeddable":true,"href":"https:\/\/www.filha.fi\/en\/wp-json\/wp\/v2\/categories?post=4587"}],"curies":[{"name":"wp","href":"https:\/\/api.w.org\/{rel}","templated":true}]}}