{"id":5252,"date":"2020-07-08T16:09:50","date_gmt":"2020-07-08T13:09:50","guid":{"rendered":"https:\/\/www.filha.fi\/?page_id=5252"},"modified":"2021-03-26T14:25:30","modified_gmt":"2021-03-26T12:25:30","slug":"valtakunnallinen-tuberkuloosiohjelma","status":"publish","type":"page","link":"https:\/\/www.filha.fi\/en\/tuberkuloosi\/valtakunnallinen-tuberkuloosiohjelma\/","title":{"rendered":"Valtakunnallinen tuberkuloosiohjelma"},"content":{"rendered":"<p>Valtakunnallinen tuberkuloosiohjelma 2020 ohjaa tuberkuloosin ehk\u00e4isy\u00e4, hoitoa ja seurantaa Suomessa. Se on yhdistelm\u00e4 taustatietoa, toiminnan linjauksia sek\u00e4 k\u00e4yt\u00e4nn\u00f6n ty\u00f6n toimintaohjeita.<\/p>\n<p>Ohjelman tavoitteena on<\/p>\n<ul>\n<li>tuberkuloosiin sairastuneiden varhainen toteaminen<\/li>\n<li>sairastuneiden yhdenvertainen ja tasalaatuinen hoito<\/li>\n<li>taudin levi\u00e4misen ehk\u00e4isy ja<\/li>\n<li>ty\u00f6ntekij\u00f6iden tietotaidon kehitt\u00e4minen.<\/li>\n<\/ul>\n<p>Ohjelman uudistuksen teki STM:n toimeksiannosta Filhan koordinoima asiantuntijaty\u00f6ryhm\u00e4 yhteisty\u00f6ss\u00e4 THL:n kanssa.<\/p>\n<h3>Koko julkaisu verkkoversiona<\/h3>\n<p><a href=\"http:\/\/urn.fi\/URN:ISBN:978-952-343-505-6\" target=\"_blank\" rel=\"noopener\">Valtakunnallinen tuberkuloosiohjelma 2020 : Tuberkuloosin ehk\u00e4isyn, hoidon ja seurannan suositukset<\/a> \u00a0(pdf)<\/p>\n<h3>Tiedotteet<\/h3>\n<p><a href=\"https:\/\/www.filha.fi\/totea-jaljita-ja-hoida-thl-ja-filha-laativat-uudet-ohjeet-tuberkuloosin-hoitoon\/\">Totea, j\u00e4ljit\u00e4 ja hoida &#8211; THL ja Filha laativat uudet ohjeet tuberkuloosin hoitoon (20.5.2020)<\/a><\/p>\n","protected":false},"excerpt":{"rendered":"<p>Valtakunnallinen tuberkuloosiohjelma 2020 ohjaa tuberkuloosin ehk\u00e4isy\u00e4, hoitoa ja seurantaa Suomessa. Se on yhdistelm\u00e4 taustatietoa, toiminnan linjauksia sek\u00e4 k\u00e4yt\u00e4nn\u00f6n ty\u00f6n toimintaohjeita. Ohjelman tavoitteena on tuberkuloosiin sairastuneiden varhainen toteaminen sairastuneiden yhdenvertainen ja &#8230; <a title=\"Valtakunnallinen tuberkuloosiohjelma\" class=\"read-more\" href=\"https:\/\/www.filha.fi\/en\/tuberkuloosi\/valtakunnallinen-tuberkuloosiohjelma\/\" aria-label=\"Read more about Valtakunnallinen tuberkuloosiohjelma\">Read more<\/a><\/p>\n","protected":false},"author":4,"featured_media":0,"parent":113,"menu_order":0,"comment_status":"closed","ping_status":"closed","template":"","meta":{"_acf_changed":false,"footnotes":""},"categories":[69,3,47],"class_list":["post-5252","page","type-page","status-publish","category-ala-nayta-aiheeseen-liittyvia-sivuja","category-tuberkuloosi","category-tuula"],"translation":{"provider":"WPGlobus","version":"3.0.2","language":"en","enabled_languages":["fi","en"],"languages":{"fi":{"title":true,"content":true,"excerpt":false},"en":{"title":false,"content":false,"excerpt":false}}},"acf":[],"yoast_head":"<!-- This site is optimized with the Yoast SEO plugin v27.4 - https:\/\/yoast.com\/product\/yoast-seo-wordpress\/ -->\n<title>Valtakunnallinen tuberkuloosiohjelma - Filha<\/title>\n<meta name=\"robots\" content=\"index, follow, max-snippet:-1, max-image-preview:large, max-video-preview:-1\" \/>\n<link rel=\"canonical\" href=\"https:\/\/www.filha.fi\/tuberkuloosi\/valtakunnallinen-tuberkuloosiohjelma\/\" \/>\n<meta property=\"og:locale\" content=\"en_US\" \/>\n<meta property=\"og:type\" content=\"article\" \/>\n<meta property=\"og:title\" content=\"Valtakunnallinen tuberkuloosiohjelma - Filha\" \/>\n<meta property=\"og:url\" content=\"https:\/\/www.filha.fi\/tuberkuloosi\/valtakunnallinen-tuberkuloosiohjelma\/\" \/>\n<meta property=\"og:site_name\" content=\"Filha\" \/>\n<meta property=\"article:modified_time\" content=\"2021-03-26T12:25:30+00:00\" \/>\n<meta property=\"og:image\" content=\"https:\/\/www.filha.fi\/wp-content\/uploads\/2019\/04\/Filha-logo.png\" \/>\n\t<meta property=\"og:image:width\" content=\"960\" \/>\n\t<meta property=\"og:image:height\" content=\"1230\" \/>\n\t<meta property=\"og:image:type\" content=\"image\/png\" \/>\n<meta name=\"twitter:card\" content=\"summary_large_image\" \/>\n<meta name=\"twitter:label1\" content=\"Est. reading time\" \/>\n\t<meta name=\"twitter:data1\" content=\"1 minute\" \/>\n<script type=\"application\/ld+json\" class=\"yoast-schema-graph\">{\"@context\":\"https:\\\/\\\/schema.org\",\"@graph\":[{\"@type\":\"WebPage\",\"@id\":\"https:\\\/\\\/www.filha.fi\\\/tuberkuloosi\\\/valtakunnallinen-tuberkuloosiohjelma\\\/\",\"url\":\"https:\\\/\\\/www.filha.fi\\\/tuberkuloosi\\\/valtakunnallinen-tuberkuloosiohjelma\\\/\",\"name\":\"Valtakunnallinen tuberkuloosiohjelma - Filha\",\"isPartOf\":{\"@id\":\"https:\\\/\\\/www.filha.fi\\\/#website\"},\"datePublished\":\"2020-07-08T13:09:50+00:00\",\"dateModified\":\"2021-03-26T12:25:30+00:00\",\"breadcrumb\":{\"@id\":\"https:\\\/\\\/www.filha.fi\\\/tuberkuloosi\\\/valtakunnallinen-tuberkuloosiohjelma\\\/#breadcrumb\"},\"inLanguage\":\"en-US\",\"potentialAction\":[{\"@type\":\"ReadAction\",\"target\":[\"https:\\\/\\\/www.filha.fi\\\/tuberkuloosi\\\/valtakunnallinen-tuberkuloosiohjelma\\\/\"]}]},{\"@type\":\"BreadcrumbList\",\"@id\":\"https:\\\/\\\/www.filha.fi\\\/tuberkuloosi\\\/valtakunnallinen-tuberkuloosiohjelma\\\/#breadcrumb\",\"itemListElement\":[{\"@type\":\"ListItem\",\"position\":1,\"name\":\"Home\",\"item\":\"https:\\\/\\\/www.filha.fi\\\/\"},{\"@type\":\"ListItem\",\"position\":2,\"name\":\"Tuberkuloosi\",\"item\":\"https:\\\/\\\/www.filha.fi\\\/tuberkuloosi\\\/\"},{\"@type\":\"ListItem\",\"position\":3,\"name\":\"Valtakunnallinen tuberkuloosiohjelma\"}]},{\"@type\":\"WebSite\",\"@id\":\"https:\\\/\\\/www.filha.fi\\\/#website\",\"url\":\"https:\\\/\\\/www.filha.fi\\\/\",\"name\":\"Filha\",\"description\":\"Expertise in lung health\",\"publisher\":{\"@id\":\"https:\\\/\\\/www.filha.fi\\\/#organization\"},\"potentialAction\":[{\"@type\":\"SearchAction\",\"target\":{\"@type\":\"EntryPoint\",\"urlTemplate\":\"https:\\\/\\\/www.filha.fi\\\/?s={search_term_string}\"},\"query-input\":{\"@type\":\"PropertyValueSpecification\",\"valueRequired\":true,\"valueName\":\"search_term_string\"}}],\"inLanguage\":\"en-US\"},{\"@type\":\"Organization\",\"@id\":\"https:\\\/\\\/www.filha.fi\\\/#organization\",\"name\":\"Filha ry\",\"url\":\"https:\\\/\\\/www.filha.fi\\\/\",\"logo\":{\"@type\":\"ImageObject\",\"inLanguage\":\"en-US\",\"@id\":\"https:\\\/\\\/www.filha.fi\\\/#\\\/schema\\\/logo\\\/image\\\/\",\"url\":\"https:\\\/\\\/www.filha.fi\\\/wp-content\\\/uploads\\\/2019\\\/04\\\/Filha-logo.png\",\"contentUrl\":\"https:\\\/\\\/www.filha.fi\\\/wp-content\\\/uploads\\\/2019\\\/04\\\/Filha-logo.png\",\"width\":960,\"height\":1230,\"caption\":\"Filha ry\"},\"image\":{\"@id\":\"https:\\\/\\\/www.filha.fi\\\/#\\\/schema\\\/logo\\\/image\\\/\"}}]}<\/script>\n<!-- \/ Yoast SEO plugin. -->","yoast_head_json":{"title":"Valtakunnallinen tuberkuloosiohjelma - Filha","robots":{"index":"index","follow":"follow","max-snippet":"max-snippet:-1","max-image-preview":"max-image-preview:large","max-video-preview":"max-video-preview:-1"},"canonical":"https:\/\/www.filha.fi\/tuberkuloosi\/valtakunnallinen-tuberkuloosiohjelma\/","og_locale":"en_US","og_type":"article","og_title":"Valtakunnallinen tuberkuloosiohjelma - Filha","og_url":"https:\/\/www.filha.fi\/tuberkuloosi\/valtakunnallinen-tuberkuloosiohjelma\/","og_site_name":"Filha","article_modified_time":"2021-03-26T12:25:30+00:00","og_image":[{"width":960,"height":1230,"url":"https:\/\/www.filha.fi\/wp-content\/uploads\/2019\/04\/Filha-logo.png","type":"image\/png"}],"twitter_card":"summary_large_image","twitter_misc":{"Est. reading time":"1 minute"},"schema":{"@context":"https:\/\/schema.org","@graph":[{"@type":"WebPage","@id":"https:\/\/www.filha.fi\/tuberkuloosi\/valtakunnallinen-tuberkuloosiohjelma\/","url":"https:\/\/www.filha.fi\/tuberkuloosi\/valtakunnallinen-tuberkuloosiohjelma\/","name":"Valtakunnallinen tuberkuloosiohjelma - Filha","isPartOf":{"@id":"https:\/\/www.filha.fi\/#website"},"datePublished":"2020-07-08T13:09:50+00:00","dateModified":"2021-03-26T12:25:30+00:00","breadcrumb":{"@id":"https:\/\/www.filha.fi\/tuberkuloosi\/valtakunnallinen-tuberkuloosiohjelma\/#breadcrumb"},"inLanguage":"en-US","potentialAction":[{"@type":"ReadAction","target":["https:\/\/www.filha.fi\/tuberkuloosi\/valtakunnallinen-tuberkuloosiohjelma\/"]}]},{"@type":"BreadcrumbList","@id":"https:\/\/www.filha.fi\/tuberkuloosi\/valtakunnallinen-tuberkuloosiohjelma\/#breadcrumb","itemListElement":[{"@type":"ListItem","position":1,"name":"Home","item":"https:\/\/www.filha.fi\/"},{"@type":"ListItem","position":2,"name":"Tuberkuloosi","item":"https:\/\/www.filha.fi\/tuberkuloosi\/"},{"@type":"ListItem","position":3,"name":"Valtakunnallinen tuberkuloosiohjelma"}]},{"@type":"WebSite","@id":"https:\/\/www.filha.fi\/#website","url":"https:\/\/www.filha.fi\/","name":"Filha","description":"Expertise in lung health","publisher":{"@id":"https:\/\/www.filha.fi\/#organization"},"potentialAction":[{"@type":"SearchAction","target":{"@type":"EntryPoint","urlTemplate":"https:\/\/www.filha.fi\/?s={search_term_string}"},"query-input":{"@type":"PropertyValueSpecification","valueRequired":true,"valueName":"search_term_string"}}],"inLanguage":"en-US"},{"@type":"Organization","@id":"https:\/\/www.filha.fi\/#organization","name":"Filha ry","url":"https:\/\/www.filha.fi\/","logo":{"@type":"ImageObject","inLanguage":"en-US","@id":"https:\/\/www.filha.fi\/#\/schema\/logo\/image\/","url":"https:\/\/www.filha.fi\/wp-content\/uploads\/2019\/04\/Filha-logo.png","contentUrl":"https:\/\/www.filha.fi\/wp-content\/uploads\/2019\/04\/Filha-logo.png","width":960,"height":1230,"caption":"Filha ry"},"image":{"@id":"https:\/\/www.filha.fi\/#\/schema\/logo\/image\/"}}]}},"_links":{"self":[{"href":"https:\/\/www.filha.fi\/en\/wp-json\/wp\/v2\/pages\/5252","targetHints":{"allow":["GET"]}}],"collection":[{"href":"https:\/\/www.filha.fi\/en\/wp-json\/wp\/v2\/pages"}],"about":[{"href":"https:\/\/www.filha.fi\/en\/wp-json\/wp\/v2\/types\/page"}],"author":[{"embeddable":true,"href":"https:\/\/www.filha.fi\/en\/wp-json\/wp\/v2\/users\/4"}],"replies":[{"embeddable":true,"href":"https:\/\/www.filha.fi\/en\/wp-json\/wp\/v2\/comments?post=5252"}],"version-history":[{"count":0,"href":"https:\/\/www.filha.fi\/en\/wp-json\/wp\/v2\/pages\/5252\/revisions"}],"up":[{"embeddable":true,"href":"https:\/\/www.filha.fi\/en\/wp-json\/wp\/v2\/pages\/113"}],"wp:attachment":[{"href":"https:\/\/www.filha.fi\/en\/wp-json\/wp\/v2\/media?parent=5252"}],"wp:term":[{"taxonomy":"category","embeddable":true,"href":"https:\/\/www.filha.fi\/en\/wp-json\/wp\/v2\/categories?post=5252"}],"curies":[{"name":"wp","href":"https:\/\/api.w.org\/{rel}","templated":true}]}}