{"id":5262,"date":"2020-07-10T10:14:05","date_gmt":"2020-07-10T07:14:05","guid":{"rendered":"https:\/\/www.filha.fi\/?page_id=5262"},"modified":"2021-03-20T12:25:15","modified_gmt":"2021-03-20T10:25:15","slug":"tb-laakeapuri","status":"publish","type":"page","link":"https:\/\/www.filha.fi\/en\/tuberkuloosi\/tb-laakeapuri\/","title":{"rendered":"TB-l\u00e4\u00e4keapuri"},"content":{"rendered":"<p><a href=\"https:\/\/www.tb-laakeapuri.fi\/#\/\" target=\"_blank\" rel=\"noopener\">TB-L\u00e4\u00e4keapuri <\/a>on tarkoitettu hoitavalle l\u00e4\u00e4k\u00e4rille ja tuberkuloosihoitajalle k\u00e4yt\u00e4nn\u00f6n ty\u00f6n tueksi.<\/p>\n<p>Filhan kehitt\u00e4m\u00e4 selainpohjainen ty\u00f6kalu auttaa tuberkuloosin l\u00e4\u00e4kehoidon seurannan toteutuksessa.<\/p>\n<p>TB-L\u00e4\u00e4keapuri<\/p>\n<ul>\n<li>antaa perustietoa ensilinjan ja toisen linjan tuberkuloosil\u00e4\u00e4kkeist\u00e4<\/li>\n<li>auttaa luomaan yksil\u00f6llisen seurantaohjeen tuberkuloosil\u00e4\u00e4kityst\u00e4 saavalle potilaalle<\/li>\n<li>antaa tietoa tuberkuloosil\u00e4\u00e4kkeiden haittavaikutuksista ja yhdenmukaistaa niiden hoitoa<\/li>\n<li>antaa materiaalia potilasohjaukseen.<\/li>\n<\/ul>\n<p>Sosiaali- ja terveysministeri\u00f6 on tukenut TB-l\u00e4\u00e4keapurin toteuttamista.<\/p>\n<p><a href=\"https:\/\/www.tb-laakeapuri.fi\/#\/\" target=\"_blank\" rel=\"noopener noreferrer\">Siirry TB-l\u00e4\u00e4keapuriin t\u00e4st\u00e4 linkist\u00e4<\/a><\/p>\n<p>&nbsp;<\/p>\n","protected":false},"excerpt":{"rendered":"<p>TB-L\u00e4\u00e4keapuri on tarkoitettu hoitavalle l\u00e4\u00e4k\u00e4rille ja tuberkuloosihoitajalle k\u00e4yt\u00e4nn\u00f6n ty\u00f6n tueksi. Filhan kehitt\u00e4m\u00e4 selainpohjainen ty\u00f6kalu auttaa tuberkuloosin l\u00e4\u00e4kehoidon seurannan toteutuksessa. TB-L\u00e4\u00e4keapuri antaa perustietoa ensilinjan ja toisen linjan tuberkuloosil\u00e4\u00e4kkeist\u00e4 auttaa luomaan yksil\u00f6llisen &#8230; <a title=\"TB-l\u00e4\u00e4keapuri\" class=\"read-more\" href=\"https:\/\/www.filha.fi\/en\/tuberkuloosi\/tb-laakeapuri\/\" aria-label=\"Read more about TB-l\u00e4\u00e4keapuri\">Read more<\/a><\/p>\n","protected":false},"author":4,"featured_media":0,"parent":113,"menu_order":0,"comment_status":"closed","ping_status":"closed","template":"","meta":{"_acf_changed":false,"footnotes":""},"categories":[47],"class_list":["post-5262","page","type-page","status-publish","category-tuula"],"translation":{"provider":"WPGlobus","version":"3.0.2","language":"en","enabled_languages":["fi","en"],"languages":{"fi":{"title":true,"content":true,"excerpt":false},"en":{"title":false,"content":false,"excerpt":false}}},"acf":[],"yoast_head":"<!-- This site is optimized with the Yoast SEO plugin v27.4 - https:\/\/yoast.com\/product\/yoast-seo-wordpress\/ -->\n<title>TB-l\u00e4\u00e4keapuri - Filha<\/title>\n<meta name=\"robots\" content=\"index, follow, max-snippet:-1, max-image-preview:large, max-video-preview:-1\" \/>\n<link rel=\"canonical\" href=\"https:\/\/www.filha.fi\/tuberkuloosi\/tb-laakeapuri\/\" \/>\n<meta property=\"og:locale\" content=\"en_US\" \/>\n<meta property=\"og:type\" content=\"article\" \/>\n<meta property=\"og:title\" content=\"TB-l\u00e4\u00e4keapuri - Filha\" \/>\n<meta property=\"og:url\" content=\"https:\/\/www.filha.fi\/tuberkuloosi\/tb-laakeapuri\/\" \/>\n<meta property=\"og:site_name\" content=\"Filha\" \/>\n<meta property=\"article:modified_time\" content=\"2021-03-20T10:25:15+00:00\" \/>\n<meta property=\"og:image\" content=\"https:\/\/www.filha.fi\/wp-content\/uploads\/2019\/04\/Filha-logo.png\" \/>\n\t<meta property=\"og:image:width\" content=\"960\" \/>\n\t<meta property=\"og:image:height\" content=\"1230\" \/>\n\t<meta property=\"og:image:type\" content=\"image\/png\" \/>\n<meta name=\"twitter:card\" content=\"summary_large_image\" \/>\n<meta name=\"twitter:label1\" content=\"Est. reading time\" \/>\n\t<meta name=\"twitter:data1\" content=\"1 minute\" \/>\n<script type=\"application\/ld+json\" class=\"yoast-schema-graph\">{\"@context\":\"https:\\\/\\\/schema.org\",\"@graph\":[{\"@type\":\"WebPage\",\"@id\":\"https:\\\/\\\/www.filha.fi\\\/tuberkuloosi\\\/tb-laakeapuri\\\/\",\"url\":\"https:\\\/\\\/www.filha.fi\\\/tuberkuloosi\\\/tb-laakeapuri\\\/\",\"name\":\"TB-l\u00e4\u00e4keapuri - Filha\",\"isPartOf\":{\"@id\":\"https:\\\/\\\/www.filha.fi\\\/#website\"},\"datePublished\":\"2020-07-10T07:14:05+00:00\",\"dateModified\":\"2021-03-20T10:25:15+00:00\",\"breadcrumb\":{\"@id\":\"https:\\\/\\\/www.filha.fi\\\/tuberkuloosi\\\/tb-laakeapuri\\\/#breadcrumb\"},\"inLanguage\":\"en-US\",\"potentialAction\":[{\"@type\":\"ReadAction\",\"target\":[\"https:\\\/\\\/www.filha.fi\\\/tuberkuloosi\\\/tb-laakeapuri\\\/\"]}]},{\"@type\":\"BreadcrumbList\",\"@id\":\"https:\\\/\\\/www.filha.fi\\\/tuberkuloosi\\\/tb-laakeapuri\\\/#breadcrumb\",\"itemListElement\":[{\"@type\":\"ListItem\",\"position\":1,\"name\":\"Home\",\"item\":\"https:\\\/\\\/www.filha.fi\\\/\"},{\"@type\":\"ListItem\",\"position\":2,\"name\":\"Tuberkuloosi\",\"item\":\"https:\\\/\\\/www.filha.fi\\\/tuberkuloosi\\\/\"},{\"@type\":\"ListItem\",\"position\":3,\"name\":\"TB-l\u00e4\u00e4keapuri\"}]},{\"@type\":\"WebSite\",\"@id\":\"https:\\\/\\\/www.filha.fi\\\/#website\",\"url\":\"https:\\\/\\\/www.filha.fi\\\/\",\"name\":\"Filha\",\"description\":\"Expertise in lung health\",\"publisher\":{\"@id\":\"https:\\\/\\\/www.filha.fi\\\/#organization\"},\"potentialAction\":[{\"@type\":\"SearchAction\",\"target\":{\"@type\":\"EntryPoint\",\"urlTemplate\":\"https:\\\/\\\/www.filha.fi\\\/?s={search_term_string}\"},\"query-input\":{\"@type\":\"PropertyValueSpecification\",\"valueRequired\":true,\"valueName\":\"search_term_string\"}}],\"inLanguage\":\"en-US\"},{\"@type\":\"Organization\",\"@id\":\"https:\\\/\\\/www.filha.fi\\\/#organization\",\"name\":\"Filha ry\",\"url\":\"https:\\\/\\\/www.filha.fi\\\/\",\"logo\":{\"@type\":\"ImageObject\",\"inLanguage\":\"en-US\",\"@id\":\"https:\\\/\\\/www.filha.fi\\\/#\\\/schema\\\/logo\\\/image\\\/\",\"url\":\"https:\\\/\\\/www.filha.fi\\\/wp-content\\\/uploads\\\/2019\\\/04\\\/Filha-logo.png\",\"contentUrl\":\"https:\\\/\\\/www.filha.fi\\\/wp-content\\\/uploads\\\/2019\\\/04\\\/Filha-logo.png\",\"width\":960,\"height\":1230,\"caption\":\"Filha ry\"},\"image\":{\"@id\":\"https:\\\/\\\/www.filha.fi\\\/#\\\/schema\\\/logo\\\/image\\\/\"}}]}<\/script>\n<!-- \/ Yoast SEO plugin. -->","yoast_head_json":{"title":"TB-l\u00e4\u00e4keapuri - Filha","robots":{"index":"index","follow":"follow","max-snippet":"max-snippet:-1","max-image-preview":"max-image-preview:large","max-video-preview":"max-video-preview:-1"},"canonical":"https:\/\/www.filha.fi\/tuberkuloosi\/tb-laakeapuri\/","og_locale":"en_US","og_type":"article","og_title":"TB-l\u00e4\u00e4keapuri - Filha","og_url":"https:\/\/www.filha.fi\/tuberkuloosi\/tb-laakeapuri\/","og_site_name":"Filha","article_modified_time":"2021-03-20T10:25:15+00:00","og_image":[{"width":960,"height":1230,"url":"https:\/\/www.filha.fi\/wp-content\/uploads\/2019\/04\/Filha-logo.png","type":"image\/png"}],"twitter_card":"summary_large_image","twitter_misc":{"Est. reading time":"1 minute"},"schema":{"@context":"https:\/\/schema.org","@graph":[{"@type":"WebPage","@id":"https:\/\/www.filha.fi\/tuberkuloosi\/tb-laakeapuri\/","url":"https:\/\/www.filha.fi\/tuberkuloosi\/tb-laakeapuri\/","name":"TB-l\u00e4\u00e4keapuri - Filha","isPartOf":{"@id":"https:\/\/www.filha.fi\/#website"},"datePublished":"2020-07-10T07:14:05+00:00","dateModified":"2021-03-20T10:25:15+00:00","breadcrumb":{"@id":"https:\/\/www.filha.fi\/tuberkuloosi\/tb-laakeapuri\/#breadcrumb"},"inLanguage":"en-US","potentialAction":[{"@type":"ReadAction","target":["https:\/\/www.filha.fi\/tuberkuloosi\/tb-laakeapuri\/"]}]},{"@type":"BreadcrumbList","@id":"https:\/\/www.filha.fi\/tuberkuloosi\/tb-laakeapuri\/#breadcrumb","itemListElement":[{"@type":"ListItem","position":1,"name":"Home","item":"https:\/\/www.filha.fi\/"},{"@type":"ListItem","position":2,"name":"Tuberkuloosi","item":"https:\/\/www.filha.fi\/tuberkuloosi\/"},{"@type":"ListItem","position":3,"name":"TB-l\u00e4\u00e4keapuri"}]},{"@type":"WebSite","@id":"https:\/\/www.filha.fi\/#website","url":"https:\/\/www.filha.fi\/","name":"Filha","description":"Expertise in lung health","publisher":{"@id":"https:\/\/www.filha.fi\/#organization"},"potentialAction":[{"@type":"SearchAction","target":{"@type":"EntryPoint","urlTemplate":"https:\/\/www.filha.fi\/?s={search_term_string}"},"query-input":{"@type":"PropertyValueSpecification","valueRequired":true,"valueName":"search_term_string"}}],"inLanguage":"en-US"},{"@type":"Organization","@id":"https:\/\/www.filha.fi\/#organization","name":"Filha ry","url":"https:\/\/www.filha.fi\/","logo":{"@type":"ImageObject","inLanguage":"en-US","@id":"https:\/\/www.filha.fi\/#\/schema\/logo\/image\/","url":"https:\/\/www.filha.fi\/wp-content\/uploads\/2019\/04\/Filha-logo.png","contentUrl":"https:\/\/www.filha.fi\/wp-content\/uploads\/2019\/04\/Filha-logo.png","width":960,"height":1230,"caption":"Filha ry"},"image":{"@id":"https:\/\/www.filha.fi\/#\/schema\/logo\/image\/"}}]}},"_links":{"self":[{"href":"https:\/\/www.filha.fi\/en\/wp-json\/wp\/v2\/pages\/5262","targetHints":{"allow":["GET"]}}],"collection":[{"href":"https:\/\/www.filha.fi\/en\/wp-json\/wp\/v2\/pages"}],"about":[{"href":"https:\/\/www.filha.fi\/en\/wp-json\/wp\/v2\/types\/page"}],"author":[{"embeddable":true,"href":"https:\/\/www.filha.fi\/en\/wp-json\/wp\/v2\/users\/4"}],"replies":[{"embeddable":true,"href":"https:\/\/www.filha.fi\/en\/wp-json\/wp\/v2\/comments?post=5262"}],"version-history":[{"count":0,"href":"https:\/\/www.filha.fi\/en\/wp-json\/wp\/v2\/pages\/5262\/revisions"}],"up":[{"embeddable":true,"href":"https:\/\/www.filha.fi\/en\/wp-json\/wp\/v2\/pages\/113"}],"wp:attachment":[{"href":"https:\/\/www.filha.fi\/en\/wp-json\/wp\/v2\/media?parent=5262"}],"wp:term":[{"taxonomy":"category","embeddable":true,"href":"https:\/\/www.filha.fi\/en\/wp-json\/wp\/v2\/categories?post=5262"}],"curies":[{"name":"wp","href":"https:\/\/api.w.org\/{rel}","templated":true}]}}