{"id":5372,"date":"2020-07-16T13:44:38","date_gmt":"2020-07-16T10:44:38","guid":{"rendered":"https:\/\/www.filha.fi\/?page_id=5372"},"modified":"2020-10-06T11:43:42","modified_gmt":"2020-10-06T08:43:42","slug":"sisailmatesti","status":"publish","type":"page","link":"https:\/\/www.filha.fi\/en\/sisailmatesti\/","title":{"rendered":"Sis\u00e4ilmatesti"},"content":{"rendered":"<p>T\u00e4ll\u00e4 sivulla ei viel\u00e4 ole sis\u00e4lt\u00f6\u00e4<\/p>\n<hr><div id='filha-kysely'><div id='filha-kysymys'>L\u00f6ysitk\u00f6 mit\u00e4 etsit?<\/div><div id='filha-kyselyinfo'>Anna meille palautetta sivun sis\u00e4ll\u00f6st\u00e4. L\u00f6ysitk\u00f6 sivulta mit\u00e4 olit etsim\u00e4ss\u00e4? Oliko jokin asia ilmaistu ep\u00e4selv\u00e4sti?\r\n\r\nEmme vastaa n\u00e4ihin palautteisiin henkil\u00f6kohtaisesti vaan k\u00e4yt\u00e4mme tietoja sivustomme kehitt\u00e4misess\u00e4.<\/div><button class='filha-kysely-nappula' id='nappula_0' onclick='register_click(this)'>L\u00f6ysin<\/button><button class='filha-kysely-nappula' id='nappula_1' onclick='register_click(this)'>L\u00f6ysin osittain<\/button><button class='filha-kysely-nappula' id='nappula_2' onclick='register_click(this)'>En l\u00f6yt\u00e4nyt<\/button><button class='filha-kysely-nappula palaute' id='nappula_3'>Vapaa palaute<\/button><\/div><div id='vapaa-palaute'><textarea id='palauteteksti' placeholder='Kirjoita palautteesi...' ><\/textarea><button type='button' id='tallenna-palaute' onclick='tallenna_palaute();'>L\u00e4het\u00e4<\/button><\/div><script>\nfunction register_click(btn){\n                    var data = {\n                        'action' : 'filha_save_votes',\n                        'vote' : btn.textContent,\n                        'q' : 5372\n                    };\n                    jQuery.post('https:\/\/www.filha.fi\/wp-admin\/admin-ajax.php', data, function(response){\n                        confirm('Kiitos palautteestasi');\n                        window.location.reload();\n                    });\n                }\njQuery(function(){jQuery('.palaute').on('click', function(event){\n                        event.stopImmediatePropagation();\n                        jQuery('#vapaa-palaute').show();\n                    });\njQuery('.filha-vastaus-admin').each(function(){\n                        const all = parseInt(jQuery('#filha-all-count').html());\n                        const n = parseInt(jQuery(this).data('count'));\n                        const w = jQuery(this).outerWidth();\n                        jQuery(this).css('width', (w \/all * n));\n                    });\n                });function tallenna_palaute(){\n                    var data = {\n                        'action' : 'filha_save_votes',\n                        'feedback' : jQuery('#palauteteksti').val(),\n                        'q' : 5372\n                    };\n                   jQuery.post('https:\/\/www.filha.fi\/wp-admin\/admin-ajax.php', data, function(response){\n                        confirm('Kiitos palautteestasi');\n                        window.location.reload();\n                    });\n                    jQuery('#vapaa-palaute').hide();\n                }\n\n                function filhaExportCSV(){\n                    var data = {\n                        'action' : 'filha_export_votes',\n                        'q' : 5372\n                    };\n                   jQuery.post('https:\/\/www.filha.fi\/wp-admin\/admin-ajax.php', data, function(response){\n                    var downloadLink = document.createElement('a');\n                    var fileData = ['\\ufeff'+response];\n      \n                    var blobObject = new Blob(fileData,{\n                       type: 'text\/csv;charset=utf-8;'\n                     });\n      \n                    var url = URL.createObjectURL(blobObject);\n                    downloadLink.href = url;\n                    downloadLink.download = 'tulokset.csv';\n                    document.body.appendChild(downloadLink);\n                    downloadLink.click();\n                    document.body.removeChild(downloadLink);\n                    });\n                }\n<\/script>","protected":false},"excerpt":{"rendered":"<p>T\u00e4ll\u00e4 sivulla ei viel\u00e4 ole sis\u00e4lt\u00f6\u00e4 L\u00f6ysitk\u00f6 mit\u00e4 etsit?Anna meille palautetta sivun sis\u00e4ll\u00f6st\u00e4. L\u00f6ysitk\u00f6 sivulta mit\u00e4 olit etsim\u00e4ss\u00e4? Oliko jokin asia ilmaistu ep\u00e4selv\u00e4sti? Emme vastaa n\u00e4ihin palautteisiin henkil\u00f6kohtaisesti vaan k\u00e4yt\u00e4mme &#8230; <a title=\"Sis\u00e4ilmatesti\" class=\"read-more\" href=\"https:\/\/www.filha.fi\/en\/sisailmatesti\/\" aria-label=\"Read more about Sis\u00e4ilmatesti\">Read more<\/a><\/p>\n","protected":false},"author":17,"featured_media":0,"parent":0,"menu_order":0,"comment_status":"closed","ping_status":"closed","template":"","meta":{"_acf_changed":false,"footnotes":""},"categories":[],"class_list":["post-5372","page","type-page","status-publish"],"translation":{"provider":"WPGlobus","version":"3.0.2","language":"en","enabled_languages":["fi","en"],"languages":{"fi":{"title":true,"content":true,"excerpt":false},"en":{"title":false,"content":false,"excerpt":false}}},"acf":[],"yoast_head":"<!-- This site is optimized with the Yoast SEO plugin v27.4 - https:\/\/yoast.com\/product\/yoast-seo-wordpress\/ -->\n<title>Sis\u00e4ilmatesti - Filha<\/title>\n<meta name=\"robots\" content=\"index, follow, max-snippet:-1, max-image-preview:large, max-video-preview:-1\" \/>\n<link rel=\"canonical\" href=\"https:\/\/www.filha.fi\/sisailmatesti\/\" \/>\n<meta property=\"og:locale\" content=\"en_US\" \/>\n<meta property=\"og:type\" content=\"article\" \/>\n<meta property=\"og:title\" content=\"Sis\u00e4ilmatesti - Filha\" \/>\n<meta property=\"og:url\" content=\"https:\/\/www.filha.fi\/sisailmatesti\/\" \/>\n<meta property=\"og:site_name\" content=\"Filha\" \/>\n<meta property=\"article:modified_time\" content=\"2020-10-06T08:43:42+00:00\" \/>\n<meta property=\"og:image\" content=\"https:\/\/www.filha.fi\/wp-content\/uploads\/2019\/04\/Filha-logo.png\" \/>\n\t<meta property=\"og:image:width\" content=\"960\" \/>\n\t<meta property=\"og:image:height\" content=\"1230\" \/>\n\t<meta property=\"og:image:type\" content=\"image\/png\" \/>\n<meta name=\"twitter:card\" content=\"summary_large_image\" \/>\n<script type=\"application\/ld+json\" class=\"yoast-schema-graph\">{\"@context\":\"https:\\\/\\\/schema.org\",\"@graph\":[{\"@type\":\"WebPage\",\"@id\":\"https:\\\/\\\/www.filha.fi\\\/sisailmatesti\\\/\",\"url\":\"https:\\\/\\\/www.filha.fi\\\/sisailmatesti\\\/\",\"name\":\"Sis\u00e4ilmatesti - Filha\",\"isPartOf\":{\"@id\":\"https:\\\/\\\/www.filha.fi\\\/#website\"},\"datePublished\":\"2020-07-16T10:44:38+00:00\",\"dateModified\":\"2020-10-06T08:43:42+00:00\",\"breadcrumb\":{\"@id\":\"https:\\\/\\\/www.filha.fi\\\/sisailmatesti\\\/#breadcrumb\"},\"inLanguage\":\"en-US\",\"potentialAction\":[{\"@type\":\"ReadAction\",\"target\":[\"https:\\\/\\\/www.filha.fi\\\/sisailmatesti\\\/\"]}]},{\"@type\":\"BreadcrumbList\",\"@id\":\"https:\\\/\\\/www.filha.fi\\\/sisailmatesti\\\/#breadcrumb\",\"itemListElement\":[{\"@type\":\"ListItem\",\"position\":1,\"name\":\"Home\",\"item\":\"https:\\\/\\\/www.filha.fi\\\/\"},{\"@type\":\"ListItem\",\"position\":2,\"name\":\"Sis\u00e4ilmatesti\"}]},{\"@type\":\"WebSite\",\"@id\":\"https:\\\/\\\/www.filha.fi\\\/#website\",\"url\":\"https:\\\/\\\/www.filha.fi\\\/\",\"name\":\"Filha\",\"description\":\"Expertise in lung health\",\"publisher\":{\"@id\":\"https:\\\/\\\/www.filha.fi\\\/#organization\"},\"potentialAction\":[{\"@type\":\"SearchAction\",\"target\":{\"@type\":\"EntryPoint\",\"urlTemplate\":\"https:\\\/\\\/www.filha.fi\\\/?s={search_term_string}\"},\"query-input\":{\"@type\":\"PropertyValueSpecification\",\"valueRequired\":true,\"valueName\":\"search_term_string\"}}],\"inLanguage\":\"en-US\"},{\"@type\":\"Organization\",\"@id\":\"https:\\\/\\\/www.filha.fi\\\/#organization\",\"name\":\"Filha ry\",\"url\":\"https:\\\/\\\/www.filha.fi\\\/\",\"logo\":{\"@type\":\"ImageObject\",\"inLanguage\":\"en-US\",\"@id\":\"https:\\\/\\\/www.filha.fi\\\/#\\\/schema\\\/logo\\\/image\\\/\",\"url\":\"https:\\\/\\\/www.filha.fi\\\/wp-content\\\/uploads\\\/2019\\\/04\\\/Filha-logo.png\",\"contentUrl\":\"https:\\\/\\\/www.filha.fi\\\/wp-content\\\/uploads\\\/2019\\\/04\\\/Filha-logo.png\",\"width\":960,\"height\":1230,\"caption\":\"Filha ry\"},\"image\":{\"@id\":\"https:\\\/\\\/www.filha.fi\\\/#\\\/schema\\\/logo\\\/image\\\/\"}}]}<\/script>\n<!-- \/ Yoast SEO plugin. -->","yoast_head_json":{"title":"Sis\u00e4ilmatesti - Filha","robots":{"index":"index","follow":"follow","max-snippet":"max-snippet:-1","max-image-preview":"max-image-preview:large","max-video-preview":"max-video-preview:-1"},"canonical":"https:\/\/www.filha.fi\/sisailmatesti\/","og_locale":"en_US","og_type":"article","og_title":"Sis\u00e4ilmatesti - Filha","og_url":"https:\/\/www.filha.fi\/sisailmatesti\/","og_site_name":"Filha","article_modified_time":"2020-10-06T08:43:42+00:00","og_image":[{"width":960,"height":1230,"url":"https:\/\/www.filha.fi\/wp-content\/uploads\/2019\/04\/Filha-logo.png","type":"image\/png"}],"twitter_card":"summary_large_image","schema":{"@context":"https:\/\/schema.org","@graph":[{"@type":"WebPage","@id":"https:\/\/www.filha.fi\/sisailmatesti\/","url":"https:\/\/www.filha.fi\/sisailmatesti\/","name":"Sis\u00e4ilmatesti - Filha","isPartOf":{"@id":"https:\/\/www.filha.fi\/#website"},"datePublished":"2020-07-16T10:44:38+00:00","dateModified":"2020-10-06T08:43:42+00:00","breadcrumb":{"@id":"https:\/\/www.filha.fi\/sisailmatesti\/#breadcrumb"},"inLanguage":"en-US","potentialAction":[{"@type":"ReadAction","target":["https:\/\/www.filha.fi\/sisailmatesti\/"]}]},{"@type":"BreadcrumbList","@id":"https:\/\/www.filha.fi\/sisailmatesti\/#breadcrumb","itemListElement":[{"@type":"ListItem","position":1,"name":"Home","item":"https:\/\/www.filha.fi\/"},{"@type":"ListItem","position":2,"name":"Sis\u00e4ilmatesti"}]},{"@type":"WebSite","@id":"https:\/\/www.filha.fi\/#website","url":"https:\/\/www.filha.fi\/","name":"Filha","description":"Expertise in lung health","publisher":{"@id":"https:\/\/www.filha.fi\/#organization"},"potentialAction":[{"@type":"SearchAction","target":{"@type":"EntryPoint","urlTemplate":"https:\/\/www.filha.fi\/?s={search_term_string}"},"query-input":{"@type":"PropertyValueSpecification","valueRequired":true,"valueName":"search_term_string"}}],"inLanguage":"en-US"},{"@type":"Organization","@id":"https:\/\/www.filha.fi\/#organization","name":"Filha ry","url":"https:\/\/www.filha.fi\/","logo":{"@type":"ImageObject","inLanguage":"en-US","@id":"https:\/\/www.filha.fi\/#\/schema\/logo\/image\/","url":"https:\/\/www.filha.fi\/wp-content\/uploads\/2019\/04\/Filha-logo.png","contentUrl":"https:\/\/www.filha.fi\/wp-content\/uploads\/2019\/04\/Filha-logo.png","width":960,"height":1230,"caption":"Filha ry"},"image":{"@id":"https:\/\/www.filha.fi\/#\/schema\/logo\/image\/"}}]}},"_links":{"self":[{"href":"https:\/\/www.filha.fi\/en\/wp-json\/wp\/v2\/pages\/5372","targetHints":{"allow":["GET"]}}],"collection":[{"href":"https:\/\/www.filha.fi\/en\/wp-json\/wp\/v2\/pages"}],"about":[{"href":"https:\/\/www.filha.fi\/en\/wp-json\/wp\/v2\/types\/page"}],"author":[{"embeddable":true,"href":"https:\/\/www.filha.fi\/en\/wp-json\/wp\/v2\/users\/17"}],"replies":[{"embeddable":true,"href":"https:\/\/www.filha.fi\/en\/wp-json\/wp\/v2\/comments?post=5372"}],"version-history":[{"count":0,"href":"https:\/\/www.filha.fi\/en\/wp-json\/wp\/v2\/pages\/5372\/revisions"}],"wp:attachment":[{"href":"https:\/\/www.filha.fi\/en\/wp-json\/wp\/v2\/media?parent=5372"}],"wp:term":[{"taxonomy":"category","embeddable":true,"href":"https:\/\/www.filha.fi\/en\/wp-json\/wp\/v2\/categories?post=5372"}],"curies":[{"name":"wp","href":"https:\/\/api.w.org\/{rel}","templated":true}]}}