{"id":57,"date":"2015-09-08T12:58:43","date_gmt":"2015-09-08T12:58:43","guid":{"rendered":"http:\/\/www.filha.fi\/content_page\/tuberkuloosin-hoidon-asiantuntijaryhma\/"},"modified":"2023-06-05T14:15:05","modified_gmt":"2023-06-05T11:15:05","slug":"tuberkuloosin-hoidon-asiantuntijaryhma","status":"publish","type":"page","link":"https:\/\/www.filha.fi\/en\/tuberkuloosi\/tuberkuloosin-hoidon-asiantuntijaryhma\/","title":{"rendered":"Tuberkuloosin hoidon asiantuntijaryhm\u00e4"},"content":{"rendered":"<p>Valtakunnallisen tuberkuloosin hoidon asiantuntijaty\u00f6ryhm\u00e4n apuun voi turvautua tuberkuloosin hoidon erityiskysymyksiss\u00e4.\u00a0Erityisesti monil\u00e4\u00e4keresistenttien (MDR) ja eritt\u00e4in resistenttien (XDR) tuberkuloosipotilaiden diagnostiikka ja hoito on haastavaa ja vaatii erityisosaamista.<\/p>\n<p>Tuberkuloosin hoidon asiantuntijaty\u00f6ryhm\u00e4 (19 asiantuntijaa) koostuu yliopistosairaaloiden keuhko-, infektio- ja lasteninfektiosairauksien asiantuntijoista sek\u00e4 THL:n mykobakteerilaboratorion edustajasta. Tarvittaessa kokouksiin kutsutaan asiantuntijoita my\u00f6s muilta tahoilta. Ryhm\u00e4 kokoontuu 3-4 kertaa vuodessa, ja kokousten v\u00e4liaikana ryhm\u00e4n toiminta tapahtuu salatulla nettifoorumilla.<\/p>\n<p>Ryhm\u00e4n toimintaa johtaa Filhan p\u00e4\u00e4sihteeri Tuula Vasankari ja k\u00e4yt\u00e4nn\u00f6n asioissa avustaa projektivastaava Marianne Helander. Ryhm\u00e4 tekee yhteisty\u00f6t\u00e4 THL:n yhteyteen perustetun tuberkuloosin torjunnan asiantuntijaryhm\u00e4n kanssa.<\/p>\n<p>Yhteyden ryhm\u00e4\u00e4n saa paikallisen yliopistosairaalan edustajan kautta.<\/p>\n<p><a href=\"https:\/\/www.filha.fi\/wp-content\/uploads\/2023\/06\/TB-hoidon-asiantuntijaryhman-jasenet_2023.pdf\" target=\"_blank\" rel=\"noopener\">Tuberkuloosin hoidon valtakunnallisen asiantuntijaryhm\u00e4n j\u00e4senet (5.6.2023)<\/a><\/p>\n<p><strong>Lis\u00e4tietoja:<\/strong><br \/>\nProf., p\u00e4\u00e4sihteeri Tuula Vasankari<br \/>\n<a href=\"mailto:tuula.vasankari@filha.fi\">tuula.vasankari@filha.fi<\/a><\/p>\n<p>Projektivastaava Marianne Helander<br \/>\n<a href=\"mailto:marianne.helander@filha.fi\" target=\"_blank\" rel=\"noopener noreferrer\">marianne.helander@filha.fi<\/a><\/p>\n<p>&nbsp;<\/p>\n","protected":false},"excerpt":{"rendered":"<p>Valtakunnallisen tuberkuloosin hoidon asiantuntijaty\u00f6ryhm\u00e4n apuun voi turvautua tuberkuloosin hoidon erityiskysymyksiss\u00e4.\u00a0Erityisesti monil\u00e4\u00e4keresistenttien (MDR) ja eritt\u00e4in resistenttien (XDR) tuberkuloosipotilaiden diagnostiikka ja hoito on haastavaa ja vaatii erityisosaamista. Tuberkuloosin hoidon asiantuntijaty\u00f6ryhm\u00e4 (19 asiantuntijaa) &#8230; <a title=\"Tuberkuloosin hoidon asiantuntijaryhm\u00e4\" class=\"read-more\" href=\"https:\/\/www.filha.fi\/en\/tuberkuloosi\/tuberkuloosin-hoidon-asiantuntijaryhma\/\" aria-label=\"Read more about Tuberkuloosin hoidon asiantuntijaryhm\u00e4\">Read more<\/a><\/p>\n","protected":false},"author":4,"featured_media":0,"parent":113,"menu_order":0,"comment_status":"closed","ping_status":"closed","template":"","meta":{"_acf_changed":false,"footnotes":""},"categories":[84,3,47],"class_list":["post-57","page","type-page","status-publish","category-marianne","category-tuberkuloosi","category-tuula"],"translation":{"provider":"WPGlobus","version":"3.0.2","language":"en","enabled_languages":["fi","en"],"languages":{"fi":{"title":true,"content":true,"excerpt":false},"en":{"title":false,"content":false,"excerpt":false}}},"acf":[],"yoast_head":"<!-- This site is optimized with the Yoast SEO plugin v27.4 - https:\/\/yoast.com\/product\/yoast-seo-wordpress\/ -->\n<title>Tuberkuloosin hoidon asiantuntijaryhm\u00e4 - Filha<\/title>\n<meta name=\"robots\" content=\"index, follow, max-snippet:-1, max-image-preview:large, max-video-preview:-1\" \/>\n<link rel=\"canonical\" href=\"https:\/\/www.filha.fi\/tuberkuloosi\/tuberkuloosin-hoidon-asiantuntijaryhma\/\" \/>\n<meta property=\"og:locale\" content=\"en_US\" \/>\n<meta property=\"og:type\" content=\"article\" \/>\n<meta property=\"og:title\" content=\"Tuberkuloosin hoidon asiantuntijaryhm\u00e4 - Filha\" \/>\n<meta property=\"og:url\" content=\"https:\/\/www.filha.fi\/tuberkuloosi\/tuberkuloosin-hoidon-asiantuntijaryhma\/\" \/>\n<meta property=\"og:site_name\" content=\"Filha\" \/>\n<meta property=\"article:modified_time\" content=\"2023-06-05T11:15:05+00:00\" \/>\n<meta property=\"og:image\" content=\"https:\/\/www.filha.fi\/wp-content\/uploads\/2019\/04\/Filha-logo.png\" \/>\n\t<meta property=\"og:image:width\" content=\"960\" \/>\n\t<meta property=\"og:image:height\" content=\"1230\" \/>\n\t<meta property=\"og:image:type\" content=\"image\/png\" \/>\n<meta name=\"twitter:card\" content=\"summary_large_image\" \/>\n<meta name=\"twitter:label1\" content=\"Est. reading time\" \/>\n\t<meta name=\"twitter:data1\" content=\"1 minute\" \/>\n<script type=\"application\/ld+json\" class=\"yoast-schema-graph\">{\"@context\":\"https:\\\/\\\/schema.org\",\"@graph\":[{\"@type\":\"WebPage\",\"@id\":\"https:\\\/\\\/www.filha.fi\\\/tuberkuloosi\\\/tuberkuloosin-hoidon-asiantuntijaryhma\\\/\",\"url\":\"https:\\\/\\\/www.filha.fi\\\/tuberkuloosi\\\/tuberkuloosin-hoidon-asiantuntijaryhma\\\/\",\"name\":\"Tuberkuloosin hoidon asiantuntijaryhm\u00e4 - Filha\",\"isPartOf\":{\"@id\":\"https:\\\/\\\/www.filha.fi\\\/#website\"},\"datePublished\":\"2015-09-08T12:58:43+00:00\",\"dateModified\":\"2023-06-05T11:15:05+00:00\",\"breadcrumb\":{\"@id\":\"https:\\\/\\\/www.filha.fi\\\/tuberkuloosi\\\/tuberkuloosin-hoidon-asiantuntijaryhma\\\/#breadcrumb\"},\"inLanguage\":\"en-US\",\"potentialAction\":[{\"@type\":\"ReadAction\",\"target\":[\"https:\\\/\\\/www.filha.fi\\\/tuberkuloosi\\\/tuberkuloosin-hoidon-asiantuntijaryhma\\\/\"]}]},{\"@type\":\"BreadcrumbList\",\"@id\":\"https:\\\/\\\/www.filha.fi\\\/tuberkuloosi\\\/tuberkuloosin-hoidon-asiantuntijaryhma\\\/#breadcrumb\",\"itemListElement\":[{\"@type\":\"ListItem\",\"position\":1,\"name\":\"Home\",\"item\":\"https:\\\/\\\/www.filha.fi\\\/\"},{\"@type\":\"ListItem\",\"position\":2,\"name\":\"Tuberkuloosi\",\"item\":\"https:\\\/\\\/www.filha.fi\\\/tuberkuloosi\\\/\"},{\"@type\":\"ListItem\",\"position\":3,\"name\":\"Tuberkuloosin hoidon asiantuntijaryhm\u00e4\"}]},{\"@type\":\"WebSite\",\"@id\":\"https:\\\/\\\/www.filha.fi\\\/#website\",\"url\":\"https:\\\/\\\/www.filha.fi\\\/\",\"name\":\"Filha\",\"description\":\"Expertise in lung health\",\"publisher\":{\"@id\":\"https:\\\/\\\/www.filha.fi\\\/#organization\"},\"potentialAction\":[{\"@type\":\"SearchAction\",\"target\":{\"@type\":\"EntryPoint\",\"urlTemplate\":\"https:\\\/\\\/www.filha.fi\\\/?s={search_term_string}\"},\"query-input\":{\"@type\":\"PropertyValueSpecification\",\"valueRequired\":true,\"valueName\":\"search_term_string\"}}],\"inLanguage\":\"en-US\"},{\"@type\":\"Organization\",\"@id\":\"https:\\\/\\\/www.filha.fi\\\/#organization\",\"name\":\"Filha ry\",\"url\":\"https:\\\/\\\/www.filha.fi\\\/\",\"logo\":{\"@type\":\"ImageObject\",\"inLanguage\":\"en-US\",\"@id\":\"https:\\\/\\\/www.filha.fi\\\/#\\\/schema\\\/logo\\\/image\\\/\",\"url\":\"https:\\\/\\\/www.filha.fi\\\/wp-content\\\/uploads\\\/2019\\\/04\\\/Filha-logo.png\",\"contentUrl\":\"https:\\\/\\\/www.filha.fi\\\/wp-content\\\/uploads\\\/2019\\\/04\\\/Filha-logo.png\",\"width\":960,\"height\":1230,\"caption\":\"Filha ry\"},\"image\":{\"@id\":\"https:\\\/\\\/www.filha.fi\\\/#\\\/schema\\\/logo\\\/image\\\/\"}}]}<\/script>\n<!-- \/ Yoast SEO plugin. -->","yoast_head_json":{"title":"Tuberkuloosin hoidon asiantuntijaryhm\u00e4 - Filha","robots":{"index":"index","follow":"follow","max-snippet":"max-snippet:-1","max-image-preview":"max-image-preview:large","max-video-preview":"max-video-preview:-1"},"canonical":"https:\/\/www.filha.fi\/tuberkuloosi\/tuberkuloosin-hoidon-asiantuntijaryhma\/","og_locale":"en_US","og_type":"article","og_title":"Tuberkuloosin hoidon asiantuntijaryhm\u00e4 - Filha","og_url":"https:\/\/www.filha.fi\/tuberkuloosi\/tuberkuloosin-hoidon-asiantuntijaryhma\/","og_site_name":"Filha","article_modified_time":"2023-06-05T11:15:05+00:00","og_image":[{"width":960,"height":1230,"url":"https:\/\/www.filha.fi\/wp-content\/uploads\/2019\/04\/Filha-logo.png","type":"image\/png"}],"twitter_card":"summary_large_image","twitter_misc":{"Est. reading time":"1 minute"},"schema":{"@context":"https:\/\/schema.org","@graph":[{"@type":"WebPage","@id":"https:\/\/www.filha.fi\/tuberkuloosi\/tuberkuloosin-hoidon-asiantuntijaryhma\/","url":"https:\/\/www.filha.fi\/tuberkuloosi\/tuberkuloosin-hoidon-asiantuntijaryhma\/","name":"Tuberkuloosin hoidon asiantuntijaryhm\u00e4 - Filha","isPartOf":{"@id":"https:\/\/www.filha.fi\/#website"},"datePublished":"2015-09-08T12:58:43+00:00","dateModified":"2023-06-05T11:15:05+00:00","breadcrumb":{"@id":"https:\/\/www.filha.fi\/tuberkuloosi\/tuberkuloosin-hoidon-asiantuntijaryhma\/#breadcrumb"},"inLanguage":"en-US","potentialAction":[{"@type":"ReadAction","target":["https:\/\/www.filha.fi\/tuberkuloosi\/tuberkuloosin-hoidon-asiantuntijaryhma\/"]}]},{"@type":"BreadcrumbList","@id":"https:\/\/www.filha.fi\/tuberkuloosi\/tuberkuloosin-hoidon-asiantuntijaryhma\/#breadcrumb","itemListElement":[{"@type":"ListItem","position":1,"name":"Home","item":"https:\/\/www.filha.fi\/"},{"@type":"ListItem","position":2,"name":"Tuberkuloosi","item":"https:\/\/www.filha.fi\/tuberkuloosi\/"},{"@type":"ListItem","position":3,"name":"Tuberkuloosin hoidon asiantuntijaryhm\u00e4"}]},{"@type":"WebSite","@id":"https:\/\/www.filha.fi\/#website","url":"https:\/\/www.filha.fi\/","name":"Filha","description":"Expertise in lung health","publisher":{"@id":"https:\/\/www.filha.fi\/#organization"},"potentialAction":[{"@type":"SearchAction","target":{"@type":"EntryPoint","urlTemplate":"https:\/\/www.filha.fi\/?s={search_term_string}"},"query-input":{"@type":"PropertyValueSpecification","valueRequired":true,"valueName":"search_term_string"}}],"inLanguage":"en-US"},{"@type":"Organization","@id":"https:\/\/www.filha.fi\/#organization","name":"Filha ry","url":"https:\/\/www.filha.fi\/","logo":{"@type":"ImageObject","inLanguage":"en-US","@id":"https:\/\/www.filha.fi\/#\/schema\/logo\/image\/","url":"https:\/\/www.filha.fi\/wp-content\/uploads\/2019\/04\/Filha-logo.png","contentUrl":"https:\/\/www.filha.fi\/wp-content\/uploads\/2019\/04\/Filha-logo.png","width":960,"height":1230,"caption":"Filha ry"},"image":{"@id":"https:\/\/www.filha.fi\/#\/schema\/logo\/image\/"}}]}},"_links":{"self":[{"href":"https:\/\/www.filha.fi\/en\/wp-json\/wp\/v2\/pages\/57","targetHints":{"allow":["GET"]}}],"collection":[{"href":"https:\/\/www.filha.fi\/en\/wp-json\/wp\/v2\/pages"}],"about":[{"href":"https:\/\/www.filha.fi\/en\/wp-json\/wp\/v2\/types\/page"}],"author":[{"embeddable":true,"href":"https:\/\/www.filha.fi\/en\/wp-json\/wp\/v2\/users\/4"}],"replies":[{"embeddable":true,"href":"https:\/\/www.filha.fi\/en\/wp-json\/wp\/v2\/comments?post=57"}],"version-history":[{"count":0,"href":"https:\/\/www.filha.fi\/en\/wp-json\/wp\/v2\/pages\/57\/revisions"}],"up":[{"embeddable":true,"href":"https:\/\/www.filha.fi\/en\/wp-json\/wp\/v2\/pages\/113"}],"wp:attachment":[{"href":"https:\/\/www.filha.fi\/en\/wp-json\/wp\/v2\/media?parent=57"}],"wp:term":[{"taxonomy":"category","embeddable":true,"href":"https:\/\/www.filha.fi\/en\/wp-json\/wp\/v2\/categories?post=57"}],"curies":[{"name":"wp","href":"https:\/\/api.w.org\/{rel}","templated":true}]}}