{"id":60,"date":"2015-09-08T13:00:39","date_gmt":"2015-09-08T13:00:39","guid":{"rendered":"http:\/\/www.filha.fi\/content_page\/verkkokurssit\/"},"modified":"2025-03-26T13:11:34","modified_gmt":"2025-03-26T11:11:34","slug":"verkkokurssit","status":"publish","type":"page","link":"https:\/\/www.filha.fi\/en\/tuberkuloosi\/verkkokurssit\/","title":{"rendered":"Tuberkuloosiverkkokurssit"},"content":{"rendered":"<p>Duodecimin Oppiportissa on saatavilla seuraavat maksuttomat kurssit:<\/p>\n<h3><strong>Tuberkuloosin perusteet<\/strong><\/h3>\n<p>Verkkokurssiin on koottu perustietoa tuberkuloosista kattaen koko taudinkulun. Kurssi on tarkoitettu ty\u00f6ntekij\u00f6iden lis\u00e4ksi alan opiskelijoille. Kurssi sis\u00e4lt\u00e4\u00e4 my\u00f6s paljon kirjallisuusviitteit\u00e4 ja linkkej\u00e4 tiedon syvent\u00e4miseen.<\/p>\n<p><a href=\"http:\/\/www.oppiportti.fi\/op\/dvk00023\" target=\"_blank\" rel=\"noopener noreferrer\">Tuberkuloosin perusteet<\/a><\/p>\n<h3><strong>Tuberkuloosin hoito ja tartunnanj\u00e4ljitys<\/strong><\/h3>\n<p>T\u00e4ll\u00e4 kurssilla k\u00e4yd\u00e4\u00e4n l\u00e4pi tuberkuloosin hoidon, valvotun l\u00e4\u00e4kehoidon ja tartunnanj\u00e4ljityksen periaatteet. Kurssin kohderyhm\u00e4n\u00e4 ovat tuberkuloosiin sairastuneita hoitava ja taudille altistuneita kohtaava terveydenhuollon henkil\u00f6st\u00f6 ja alan opiskelijat.<\/p>\n<p><a href=\"http:\/\/www.oppiportti.fi\/op\/dvk00022\" target=\"_blank\" rel=\"noopener noreferrer\">Tuberkuloosin hoito ja tartunnanj\u00e4ljitys<\/a><\/p>\n<h3><strong>Tuberkuloosi ja maahanmuuttajat<\/strong><\/h3>\n<p>Kurssilla k\u00e4yd\u00e4\u00e4n l\u00e4pi tuberkuloosin perus- ja erityispiirteet maahanmuuttajilla. Tutuksi tulevat my\u00f6s maahanmuuttajien tuberkuloosin terveystarkastuksia koskevat suositukset sek\u00e4 kulttuurin vaikutus terveytt\u00e4, sairautta ja parantamista koskeviin k\u00e4sityksiin. Kurssi soveltuu my\u00f6s sosiaalialan ty\u00f6ntekij\u00f6ille. Terveystarkastuksia koskeva teksti tullaan p\u00e4ivitt\u00e4m\u00e4\u00e4n.<\/p>\n<p><a href=\"http:\/\/www.oppiportti.fi\/op\/dvk00051\" target=\"_blank\" rel=\"noopener noreferrer\">Tuberkuloosi ja maahanmuuttajat<\/a><br \/>\n<!--\n\n<h3><strong>Tuberkuloosi ty\u00f6terveyshuollossa<\/strong><\/h3>\n\n\nKurssi k\u00e4sittelee tuberkuloosia, siihen liittyv\u00e4\u00e4 lains\u00e4\u00e4d\u00e4nt\u00f6\u00e4, terveystarkastuksia, altistumisselvityksi\u00e4 sek\u00e4 diagnostiikkaa ja hoitoa.\n\nKurssia uusitaan parhaillaan ja linkki lis\u00e4t\u00e4\u00e4n t\u00e4lle sivulle, kun uusittu kurssi on julkaistu.--><\/p>\n","protected":false},"excerpt":{"rendered":"<p>Duodecimin Oppiportissa on saatavilla seuraavat maksuttomat kurssit: Tuberkuloosin perusteet Verkkokurssiin on koottu perustietoa tuberkuloosista kattaen koko taudinkulun. Kurssi on tarkoitettu ty\u00f6ntekij\u00f6iden lis\u00e4ksi alan opiskelijoille. Kurssi sis\u00e4lt\u00e4\u00e4 my\u00f6s paljon kirjallisuusviitteit\u00e4 ja &#8230; <a title=\"Tuberkuloosiverkkokurssit\" class=\"read-more\" href=\"https:\/\/www.filha.fi\/en\/tuberkuloosi\/verkkokurssit\/\" aria-label=\"Read more about Tuberkuloosiverkkokurssit\">Read more<\/a><\/p>\n","protected":false},"author":4,"featured_media":0,"parent":113,"menu_order":0,"comment_status":"closed","ping_status":"closed","template":"","meta":{"_acf_changed":false,"footnotes":""},"categories":[3,47],"class_list":["post-60","page","type-page","status-publish","category-tuberkuloosi","category-tuula"],"translation":{"provider":"WPGlobus","version":"3.0.2","language":"en","enabled_languages":["fi","en"],"languages":{"fi":{"title":true,"content":true,"excerpt":false},"en":{"title":false,"content":false,"excerpt":false}}},"acf":[],"yoast_head":"<!-- This site is optimized with the Yoast SEO plugin v27.4 - https:\/\/yoast.com\/product\/yoast-seo-wordpress\/ -->\n<title>Tuberkuloosiverkkokurssit - Filha<\/title>\n<meta name=\"robots\" content=\"index, follow, max-snippet:-1, max-image-preview:large, max-video-preview:-1\" \/>\n<link rel=\"canonical\" href=\"https:\/\/www.filha.fi\/tuberkuloosi\/verkkokurssit\/\" \/>\n<meta property=\"og:locale\" content=\"en_US\" \/>\n<meta property=\"og:type\" content=\"article\" \/>\n<meta property=\"og:title\" content=\"Tuberkuloosiverkkokurssit - Filha\" \/>\n<meta property=\"og:url\" content=\"https:\/\/www.filha.fi\/tuberkuloosi\/verkkokurssit\/\" \/>\n<meta property=\"og:site_name\" content=\"Filha\" \/>\n<meta property=\"article:modified_time\" content=\"2025-03-26T11:11:34+00:00\" \/>\n<meta property=\"og:image\" content=\"https:\/\/www.filha.fi\/wp-content\/uploads\/2019\/04\/Filha-logo.png\" \/>\n\t<meta property=\"og:image:width\" content=\"960\" \/>\n\t<meta property=\"og:image:height\" content=\"1230\" \/>\n\t<meta property=\"og:image:type\" content=\"image\/png\" \/>\n<meta name=\"twitter:card\" content=\"summary_large_image\" \/>\n<meta name=\"twitter:label1\" content=\"Est. reading time\" \/>\n\t<meta name=\"twitter:data1\" content=\"1 minute\" \/>\n<script type=\"application\/ld+json\" class=\"yoast-schema-graph\">{\"@context\":\"https:\\\/\\\/schema.org\",\"@graph\":[{\"@type\":\"WebPage\",\"@id\":\"https:\\\/\\\/www.filha.fi\\\/tuberkuloosi\\\/verkkokurssit\\\/\",\"url\":\"https:\\\/\\\/www.filha.fi\\\/tuberkuloosi\\\/verkkokurssit\\\/\",\"name\":\"Tuberkuloosiverkkokurssit - Filha\",\"isPartOf\":{\"@id\":\"https:\\\/\\\/www.filha.fi\\\/#website\"},\"datePublished\":\"2015-09-08T13:00:39+00:00\",\"dateModified\":\"2025-03-26T11:11:34+00:00\",\"breadcrumb\":{\"@id\":\"https:\\\/\\\/www.filha.fi\\\/tuberkuloosi\\\/verkkokurssit\\\/#breadcrumb\"},\"inLanguage\":\"en-US\",\"potentialAction\":[{\"@type\":\"ReadAction\",\"target\":[\"https:\\\/\\\/www.filha.fi\\\/tuberkuloosi\\\/verkkokurssit\\\/\"]}]},{\"@type\":\"BreadcrumbList\",\"@id\":\"https:\\\/\\\/www.filha.fi\\\/tuberkuloosi\\\/verkkokurssit\\\/#breadcrumb\",\"itemListElement\":[{\"@type\":\"ListItem\",\"position\":1,\"name\":\"Home\",\"item\":\"https:\\\/\\\/www.filha.fi\\\/\"},{\"@type\":\"ListItem\",\"position\":2,\"name\":\"Tuberkuloosi\",\"item\":\"https:\\\/\\\/www.filha.fi\\\/tuberkuloosi\\\/\"},{\"@type\":\"ListItem\",\"position\":3,\"name\":\"Tuberkuloosiverkkokurssit\"}]},{\"@type\":\"WebSite\",\"@id\":\"https:\\\/\\\/www.filha.fi\\\/#website\",\"url\":\"https:\\\/\\\/www.filha.fi\\\/\",\"name\":\"Filha\",\"description\":\"Expertise in lung health\",\"publisher\":{\"@id\":\"https:\\\/\\\/www.filha.fi\\\/#organization\"},\"potentialAction\":[{\"@type\":\"SearchAction\",\"target\":{\"@type\":\"EntryPoint\",\"urlTemplate\":\"https:\\\/\\\/www.filha.fi\\\/?s={search_term_string}\"},\"query-input\":{\"@type\":\"PropertyValueSpecification\",\"valueRequired\":true,\"valueName\":\"search_term_string\"}}],\"inLanguage\":\"en-US\"},{\"@type\":\"Organization\",\"@id\":\"https:\\\/\\\/www.filha.fi\\\/#organization\",\"name\":\"Filha ry\",\"url\":\"https:\\\/\\\/www.filha.fi\\\/\",\"logo\":{\"@type\":\"ImageObject\",\"inLanguage\":\"en-US\",\"@id\":\"https:\\\/\\\/www.filha.fi\\\/#\\\/schema\\\/logo\\\/image\\\/\",\"url\":\"https:\\\/\\\/www.filha.fi\\\/wp-content\\\/uploads\\\/2019\\\/04\\\/Filha-logo.png\",\"contentUrl\":\"https:\\\/\\\/www.filha.fi\\\/wp-content\\\/uploads\\\/2019\\\/04\\\/Filha-logo.png\",\"width\":960,\"height\":1230,\"caption\":\"Filha ry\"},\"image\":{\"@id\":\"https:\\\/\\\/www.filha.fi\\\/#\\\/schema\\\/logo\\\/image\\\/\"}}]}<\/script>\n<!-- \/ Yoast SEO plugin. -->","yoast_head_json":{"title":"Tuberkuloosiverkkokurssit - Filha","robots":{"index":"index","follow":"follow","max-snippet":"max-snippet:-1","max-image-preview":"max-image-preview:large","max-video-preview":"max-video-preview:-1"},"canonical":"https:\/\/www.filha.fi\/tuberkuloosi\/verkkokurssit\/","og_locale":"en_US","og_type":"article","og_title":"Tuberkuloosiverkkokurssit - Filha","og_url":"https:\/\/www.filha.fi\/tuberkuloosi\/verkkokurssit\/","og_site_name":"Filha","article_modified_time":"2025-03-26T11:11:34+00:00","og_image":[{"width":960,"height":1230,"url":"https:\/\/www.filha.fi\/wp-content\/uploads\/2019\/04\/Filha-logo.png","type":"image\/png"}],"twitter_card":"summary_large_image","twitter_misc":{"Est. reading time":"1 minute"},"schema":{"@context":"https:\/\/schema.org","@graph":[{"@type":"WebPage","@id":"https:\/\/www.filha.fi\/tuberkuloosi\/verkkokurssit\/","url":"https:\/\/www.filha.fi\/tuberkuloosi\/verkkokurssit\/","name":"Tuberkuloosiverkkokurssit - Filha","isPartOf":{"@id":"https:\/\/www.filha.fi\/#website"},"datePublished":"2015-09-08T13:00:39+00:00","dateModified":"2025-03-26T11:11:34+00:00","breadcrumb":{"@id":"https:\/\/www.filha.fi\/tuberkuloosi\/verkkokurssit\/#breadcrumb"},"inLanguage":"en-US","potentialAction":[{"@type":"ReadAction","target":["https:\/\/www.filha.fi\/tuberkuloosi\/verkkokurssit\/"]}]},{"@type":"BreadcrumbList","@id":"https:\/\/www.filha.fi\/tuberkuloosi\/verkkokurssit\/#breadcrumb","itemListElement":[{"@type":"ListItem","position":1,"name":"Home","item":"https:\/\/www.filha.fi\/"},{"@type":"ListItem","position":2,"name":"Tuberkuloosi","item":"https:\/\/www.filha.fi\/tuberkuloosi\/"},{"@type":"ListItem","position":3,"name":"Tuberkuloosiverkkokurssit"}]},{"@type":"WebSite","@id":"https:\/\/www.filha.fi\/#website","url":"https:\/\/www.filha.fi\/","name":"Filha","description":"Expertise in lung health","publisher":{"@id":"https:\/\/www.filha.fi\/#organization"},"potentialAction":[{"@type":"SearchAction","target":{"@type":"EntryPoint","urlTemplate":"https:\/\/www.filha.fi\/?s={search_term_string}"},"query-input":{"@type":"PropertyValueSpecification","valueRequired":true,"valueName":"search_term_string"}}],"inLanguage":"en-US"},{"@type":"Organization","@id":"https:\/\/www.filha.fi\/#organization","name":"Filha ry","url":"https:\/\/www.filha.fi\/","logo":{"@type":"ImageObject","inLanguage":"en-US","@id":"https:\/\/www.filha.fi\/#\/schema\/logo\/image\/","url":"https:\/\/www.filha.fi\/wp-content\/uploads\/2019\/04\/Filha-logo.png","contentUrl":"https:\/\/www.filha.fi\/wp-content\/uploads\/2019\/04\/Filha-logo.png","width":960,"height":1230,"caption":"Filha ry"},"image":{"@id":"https:\/\/www.filha.fi\/#\/schema\/logo\/image\/"}}]}},"_links":{"self":[{"href":"https:\/\/www.filha.fi\/en\/wp-json\/wp\/v2\/pages\/60","targetHints":{"allow":["GET"]}}],"collection":[{"href":"https:\/\/www.filha.fi\/en\/wp-json\/wp\/v2\/pages"}],"about":[{"href":"https:\/\/www.filha.fi\/en\/wp-json\/wp\/v2\/types\/page"}],"author":[{"embeddable":true,"href":"https:\/\/www.filha.fi\/en\/wp-json\/wp\/v2\/users\/4"}],"replies":[{"embeddable":true,"href":"https:\/\/www.filha.fi\/en\/wp-json\/wp\/v2\/comments?post=60"}],"version-history":[{"count":0,"href":"https:\/\/www.filha.fi\/en\/wp-json\/wp\/v2\/pages\/60\/revisions"}],"up":[{"embeddable":true,"href":"https:\/\/www.filha.fi\/en\/wp-json\/wp\/v2\/pages\/113"}],"wp:attachment":[{"href":"https:\/\/www.filha.fi\/en\/wp-json\/wp\/v2\/media?parent=60"}],"wp:term":[{"taxonomy":"category","embeddable":true,"href":"https:\/\/www.filha.fi\/en\/wp-json\/wp\/v2\/categories?post=60"}],"curies":[{"name":"wp","href":"https:\/\/api.w.org\/{rel}","templated":true}]}}