{"id":6437,"date":"2020-12-04T12:40:39","date_gmt":"2020-12-04T10:40:39","guid":{"rendered":"https:\/\/www.filha.fi\/?page_id=6437"},"modified":"2025-10-28T13:18:41","modified_gmt":"2025-10-28T11:18:41","slug":"fincovid-19","status":"publish","type":"page","link":"https:\/\/www.filha.fi\/en\/hankkeet\/fincovid-19\/","title":{"rendered":"FINCOVID-19"},"content":{"rendered":"<h2>Tutkimus koronataudin pitk\u00e4aikaisvaikutuksista<\/h2>\n<p>FINCOVID-19-tutkimuksella selvitet\u00e4\u00e4n koronataudin (COVID-19) pitk\u00e4aikaisvaikutuksia ja taudista toipumista.<\/p>\n<p>Aiemmista SARS- ja MERS- taudeista tiedet\u00e4\u00e4n ett\u00e4 toipuminen on ollut hidasta ja el\u00e4m\u00e4nlaatu alentunut jopa 2 vuotta sairastumisen j\u00e4lkeen, joten oletuksena on, ett\u00e4 t\u00e4st\u00e4kin koronataudista toipuminen olisi hidasta.<\/p>\n<p>Tutkimuksella selvitet\u00e4\u00e4n, miten koronataudista toivutaan ja miten kauan se yleens\u00e4 kest\u00e4\u00e4. Lis\u00e4ksi etsit\u00e4\u00e4n tekij\u00f6it\u00e4, jotka vaikuttavat toipumiseen. Tutkimuksella selvitet\u00e4\u00e4n my\u00f6s, voisiko toipumista vauhdittaa intensiivisemm\u00e4ll\u00e4 tuella. N\u00e4ill\u00e4 tiedoilla on yhteiskunnallisesti suuri merkitys, sill\u00e4 suuri joukko joutuu olemaan pitk\u00e4\u00e4n poissa ty\u00f6el\u00e4m\u00e4st\u00e4 sairastetun taudin vuoksi.<\/p>\n<p>Filha toteuttaa tutkimuksen yhteisty\u00f6ss\u00e4 HUSin ja Hengitysliiton kanssa.<\/p>\n<h2>Tutkimuksen toteutus<\/h2>\n<p>Filha toteuttaa tutkimuksen yhteisty\u00f6ss\u00e4 HUSin ja Hengitysliiton kanssa.<\/p>\n<p>Tutkimukseen pyydet\u00e4\u00e4n kaikki vuonna 2020 sairaalahoitoisen koronan HUSin alueella sairastaneet. Heid\u00e4t jaetaan &#8220;lievempiin&#8221; eli sellaisiin, jotka ovat p\u00e4rj\u00e4nneet pienemm\u00e4ll\u00e4 happilis\u00e4ll\u00e4 osastohoidossa ja vaikeampiin eli tehohoitoisiin tai muuten vaikean tautimuodon sairastaneisiin. Avohoitoisia potilaita ei ainakaan t\u00e4ss\u00e4 vaiheessa oteta tutkimukseen.<\/p>\n<p>Potilaiden toipumista seurataan vuoden ajan ja sairaalan tiedoista haetaan my\u00f6s tehtyj\u00e4 tutkimuksia, kuten keuhkotoimintatutkimuksia, kuvantamisia,\u00a0l\u00e4\u00e4kehoitoja ja laboratoriotuloksia. 6 kuukautta sairastumisesta heille l\u00e4hetet\u00e4\u00e4n el\u00e4m\u00e4nlaatukysely ja oirekysely, jossa kysyt\u00e4\u00e4n my\u00f6s toipumiseen liittyvist\u00e4 asioista. Kysely toistetaan vuoden kuluttua.<\/p>\n<p>Lis\u00e4ksi pieni joukko potilaita valitaan kuntoutusinterventioon, jossa he saavat fysioterapeutin ohjaamana erityist\u00e4 tukea kuntoutumiseen ja selvitet\u00e4\u00e4n, voiko t\u00e4ll\u00e4 nopeuttaa toipumista.<\/p>\n<h2>Julkaisut<\/h2>\n<p>Kattainen S, Lindahl A,\u00a0Vasankari T, Ollila H, Volmonen K, Piiril\u00e4 P, Kauppi P, Paajanen J, Kreivi HR, Ulenius L, Varpula T, Aro M, Reijula J, H\u00e4stbacka J. <a href=\"https:\/\/eur03.safelinks.protection.outlook.com\/?url=https%3A%2F%2Fpubmed.ncbi.nlm.nih.gov%2F35733179%2F&amp;data=05%7C02%7C%7Cab8eb55180154d5f01be08de160a0440%7C04330c3f87e2431b816a94527ed87d4d%7C0%7C0%7C638972429431361655%7CUnknown%7CTWFpbGZsb3d8eyJFbXB0eU1hcGkiOnRydWUsIlYiOiIwLjAuMDAwMCIsIlAiOiJXaW4zMiIsIkFOIjoiTWFpbCIsIldUIjoyfQ%3D%3D%7C0%7C%7C%7C&amp;sdata=ekgnytzFPXRSCl0EnHCQCwwvn2anDpf41Xn2fePbblk%3D&amp;reserved=0\">Lung function and exercise capacity 6\u00a0months after hospital discharge for critical COVID-19.<\/a> BMC Pulm Med. 2022 Jun 22;22(1):243. doi: 10.1186\/s12890-022-02023-w.<\/p>\n<p>Lindahl A, Aro M, Vasankari T. Lungf\u00f6r\u00e4ndringar och livskvalitet efter sv\u00e5r covid-19: studien Fincovid-19. Finska L\u00e4k\u00e4rs\u00e4llskapets Handlingar 2022; 182: 43 \u2013 47.<\/p>\n<p>Lindahl AL, Aro M, Reijula J, Puolanne M, M\u00e4kel\u00e4 MJ, Vasankari T. Persisting symptoms common but inability to work rare: a one-year follow-up study of Finnish hospitalised COVID-19 patients. Infect Dis (Lond). 2023 Aug 10:1-10. doi: 10.1080\/23744235.2023.2244586. Epub ahead of print. PMID: 37560984.<\/p>\n<p>Lindahl, A., Reijula, J., Malmberg, L. P., Aro, M., Vasankari, T., &amp; M\u00e4kel\u00e4, M. J.\u00a0(2021).\u00a0Small airway function in Finnish COVID-19 survivors.\u00a0<em>Respiratory Research<\/em>,\u00a0<em>22<\/em>(1), [237]. <a href=\"https:\/\/doi.org\/10.1186\/s12931-021-01830-9\" target=\"_blank\" rel=\"noopener\">https:\/\/doi.org\/10.1186\/s12931-021-01830-9<\/a><\/p>\n<p>Lindahl, A., Aro, M., Reijula, J., M\u00e4kel\u00e4, M. J., Ollgren, J., Puolanne, M., Jarvinen, A., &amp; Vasankari, T. (2022).\u00a0Women report more symptoms and impaired quality of life: a survey of Finnish COVID-19 survivors.\u00a0<em>Infectious Diseases<\/em>,\u00a0<em>54<\/em>(1), 53-62.\u00a0<a href=\"https:\/\/doi.org\/10.1080\/23744235.2021.1965210\" target=\"_blank\" rel=\"noopener\">https:\/\/doi.org\/10.1080\/23744235.2021.1965210<\/a><\/p>\n<p><span class=\"authors\">Lindahl, A., Aro, M., Reijula, J., Puolanne, M., M\u00e4kel\u00e4, M. J. &amp; Vasankari, T<\/span>\u00a0<span class=\"date\">(2023).<\/span>\u00a0<span class=\"art_title\">Persisting symptoms common but inability to work rare: a one-year follow-up study of Finnish hospitalised COVID-19 patients,<\/span>\u00a0<span class=\"serial_title\">Infectious Diseases,<\/span>\u00a0<span class=\"doi_link\">DOI:\u00a0<a href=\"https:\/\/doi.org\/10.1080\/23744235.2023.2244586\" target=\"_blank\" rel=\"noopener\">10.1080\/23744235.2023.2244586<\/a><\/span><\/p>\n<h2>FINCOVID-19-tutkimuksesta muualla verkossa<\/h2>\n<p>Koronavirustaudin pitk\u00e4aikaisvaikutuksia tutkitaan Hengityskanava 5.11.2020<\/p>\n<p><a href=\"https:\/\/eur03.safelinks.protection.outlook.com\/?url=https%3A%2F%2Fwww.hus.fi%2Fajankohtaista%2Fhusissa-tutkitaan-koronavirustaudin-pitkaaikaisvaikutuksia-keuhkoille-ja&amp;data=04%7C01%7C%7C0fc097b583ca4eee27a708d898311240%7C04330c3f87e2431b816a94527ed87d4d%7C0%7C1%7C637426683818569625%7CUnknown%7CTWFpbGZsb3d8eyJWIjoiMC4wLjAwMDAiLCJQIjoiV2luMzIiLCJBTiI6Ik1haWwiLCJXVCI6Mn0%3D%7C1000&amp;sdata=e2f52dxcHxMvvPHUIXl3ym%2Bl7MmREeauNVDmJO%2FKDGs%3D&amp;reserved=0\">HUSissa tutkitaan koronavirustaudin pitk\u00e4aikaisvaikutuksia keuhkoille ja el\u00e4m\u00e4nlaadulle<\/a> HUSin tiedote 28.10.2020<\/p>\n<p><a href=\"https:\/\/www.laakarilehti.fi\/ajassa\/ajankohtaista\/koronaviruksen-aiheuttaman-taudin-pitkaaikaisvaikutuksista-tutkimus\/\">Koronaviruksen aiheuttaman taudin pitk\u00e4aikaisvaikutuksista tutkimus<\/a> L\u00e4\u00e4k\u00e4rilehti 28.10.2020<\/p>\n<p><a href=\"https:\/\/eur03.safelinks.protection.outlook.com\/?url=https%3A%2F%2Fwww.filha.fi%2Fkoronavirustaudista-toipumista-aletaan-tutkia%2F&amp;data=04%7C01%7C%7C0fc097b583ca4eee27a708d898311240%7C04330c3f87e2431b816a94527ed87d4d%7C0%7C1%7C637426683818569625%7CUnknown%7CTWFpbGZsb3d8eyJWIjoiMC4wLjAwMDAiLCJQIjoiV2luMzIiLCJBTiI6Ik1haWwiLCJXVCI6Mn0%3D%7C1000&amp;sdata=MukGZBuOsJcYiZ8trR4OLW0gwPpnbP%2Bn01wLFRC6rDc%3D&amp;reserved=0\">Koronavirustaudista toipumista aletaan tutkia<\/a> Filhan uutinen 5.10.2020<\/p>\n","protected":false},"excerpt":{"rendered":"<p>Tutkimus koronataudin pitk\u00e4aikaisvaikutuksista FINCOVID-19-tutkimuksella selvitet\u00e4\u00e4n koronataudin (COVID-19) pitk\u00e4aikaisvaikutuksia ja taudista toipumista. Aiemmista SARS- ja MERS- taudeista tiedet\u00e4\u00e4n ett\u00e4 toipuminen on ollut hidasta ja el\u00e4m\u00e4nlaatu alentunut jopa 2 vuotta sairastumisen j\u00e4lkeen, &#8230; <a title=\"FINCOVID-19\" class=\"read-more\" href=\"https:\/\/www.filha.fi\/en\/hankkeet\/fincovid-19\/\" aria-label=\"Read more about FINCOVID-19\">Read more<\/a><\/p>\n","protected":false},"author":4,"featured_media":0,"parent":37,"menu_order":0,"comment_status":"closed","ping_status":"closed","template":"","meta":{"_acf_changed":false,"footnotes":""},"categories":[85,74,47],"class_list":["post-6437","page","type-page","status-publish","category-fincovid-19","category-miia","category-tuula"],"translation":{"provider":"WPGlobus","version":"3.0.2","language":"en","enabled_languages":["fi","en"],"languages":{"fi":{"title":true,"content":true,"excerpt":false},"en":{"title":false,"content":false,"excerpt":false}}},"acf":[],"yoast_head":"<!-- This site is optimized with the Yoast SEO plugin v27.4 - https:\/\/yoast.com\/product\/yoast-seo-wordpress\/ -->\n<title>FINCOVID-19 - Filha<\/title>\n<meta name=\"robots\" content=\"index, follow, max-snippet:-1, max-image-preview:large, max-video-preview:-1\" \/>\n<link rel=\"canonical\" href=\"https:\/\/www.filha.fi\/hankkeet\/fincovid-19\/\" \/>\n<meta property=\"og:locale\" content=\"en_US\" \/>\n<meta property=\"og:type\" content=\"article\" \/>\n<meta property=\"og:title\" content=\"FINCOVID-19 - Filha\" \/>\n<meta property=\"og:url\" content=\"https:\/\/www.filha.fi\/hankkeet\/fincovid-19\/\" \/>\n<meta property=\"og:site_name\" content=\"Filha\" \/>\n<meta property=\"article:modified_time\" content=\"2025-10-28T11:18:41+00:00\" \/>\n<meta property=\"og:image\" content=\"https:\/\/www.filha.fi\/wp-content\/uploads\/2019\/04\/Filha-logo.png\" \/>\n\t<meta property=\"og:image:width\" content=\"960\" \/>\n\t<meta property=\"og:image:height\" content=\"1230\" \/>\n\t<meta property=\"og:image:type\" content=\"image\/png\" \/>\n<meta name=\"twitter:card\" content=\"summary_large_image\" \/>\n<meta name=\"twitter:label1\" content=\"Est. reading time\" \/>\n\t<meta name=\"twitter:data1\" content=\"3 minutes\" \/>\n<script type=\"application\/ld+json\" class=\"yoast-schema-graph\">{\"@context\":\"https:\\\/\\\/schema.org\",\"@graph\":[{\"@type\":\"WebPage\",\"@id\":\"https:\\\/\\\/www.filha.fi\\\/hankkeet\\\/fincovid-19\\\/\",\"url\":\"https:\\\/\\\/www.filha.fi\\\/hankkeet\\\/fincovid-19\\\/\",\"name\":\"FINCOVID-19 - Filha\",\"isPartOf\":{\"@id\":\"https:\\\/\\\/www.filha.fi\\\/#website\"},\"datePublished\":\"2020-12-04T10:40:39+00:00\",\"dateModified\":\"2025-10-28T11:18:41+00:00\",\"breadcrumb\":{\"@id\":\"https:\\\/\\\/www.filha.fi\\\/hankkeet\\\/fincovid-19\\\/#breadcrumb\"},\"inLanguage\":\"en-US\",\"potentialAction\":[{\"@type\":\"ReadAction\",\"target\":[\"https:\\\/\\\/www.filha.fi\\\/hankkeet\\\/fincovid-19\\\/\"]}]},{\"@type\":\"BreadcrumbList\",\"@id\":\"https:\\\/\\\/www.filha.fi\\\/hankkeet\\\/fincovid-19\\\/#breadcrumb\",\"itemListElement\":[{\"@type\":\"ListItem\",\"position\":1,\"name\":\"Home\",\"item\":\"https:\\\/\\\/www.filha.fi\\\/\"},{\"@type\":\"ListItem\",\"position\":2,\"name\":\"Hankkeet\",\"item\":\"https:\\\/\\\/www.filha.fi\\\/hankkeet\\\/\"},{\"@type\":\"ListItem\",\"position\":3,\"name\":\"FINCOVID-19\"}]},{\"@type\":\"WebSite\",\"@id\":\"https:\\\/\\\/www.filha.fi\\\/#website\",\"url\":\"https:\\\/\\\/www.filha.fi\\\/\",\"name\":\"Filha\",\"description\":\"Expertise in lung health\",\"publisher\":{\"@id\":\"https:\\\/\\\/www.filha.fi\\\/#organization\"},\"potentialAction\":[{\"@type\":\"SearchAction\",\"target\":{\"@type\":\"EntryPoint\",\"urlTemplate\":\"https:\\\/\\\/www.filha.fi\\\/?s={search_term_string}\"},\"query-input\":{\"@type\":\"PropertyValueSpecification\",\"valueRequired\":true,\"valueName\":\"search_term_string\"}}],\"inLanguage\":\"en-US\"},{\"@type\":\"Organization\",\"@id\":\"https:\\\/\\\/www.filha.fi\\\/#organization\",\"name\":\"Filha ry\",\"url\":\"https:\\\/\\\/www.filha.fi\\\/\",\"logo\":{\"@type\":\"ImageObject\",\"inLanguage\":\"en-US\",\"@id\":\"https:\\\/\\\/www.filha.fi\\\/#\\\/schema\\\/logo\\\/image\\\/\",\"url\":\"https:\\\/\\\/www.filha.fi\\\/wp-content\\\/uploads\\\/2019\\\/04\\\/Filha-logo.png\",\"contentUrl\":\"https:\\\/\\\/www.filha.fi\\\/wp-content\\\/uploads\\\/2019\\\/04\\\/Filha-logo.png\",\"width\":960,\"height\":1230,\"caption\":\"Filha ry\"},\"image\":{\"@id\":\"https:\\\/\\\/www.filha.fi\\\/#\\\/schema\\\/logo\\\/image\\\/\"}}]}<\/script>\n<!-- \/ Yoast SEO plugin. -->","yoast_head_json":{"title":"FINCOVID-19 - Filha","robots":{"index":"index","follow":"follow","max-snippet":"max-snippet:-1","max-image-preview":"max-image-preview:large","max-video-preview":"max-video-preview:-1"},"canonical":"https:\/\/www.filha.fi\/hankkeet\/fincovid-19\/","og_locale":"en_US","og_type":"article","og_title":"FINCOVID-19 - Filha","og_url":"https:\/\/www.filha.fi\/hankkeet\/fincovid-19\/","og_site_name":"Filha","article_modified_time":"2025-10-28T11:18:41+00:00","og_image":[{"width":960,"height":1230,"url":"https:\/\/www.filha.fi\/wp-content\/uploads\/2019\/04\/Filha-logo.png","type":"image\/png"}],"twitter_card":"summary_large_image","twitter_misc":{"Est. reading time":"3 minutes"},"schema":{"@context":"https:\/\/schema.org","@graph":[{"@type":"WebPage","@id":"https:\/\/www.filha.fi\/hankkeet\/fincovid-19\/","url":"https:\/\/www.filha.fi\/hankkeet\/fincovid-19\/","name":"FINCOVID-19 - Filha","isPartOf":{"@id":"https:\/\/www.filha.fi\/#website"},"datePublished":"2020-12-04T10:40:39+00:00","dateModified":"2025-10-28T11:18:41+00:00","breadcrumb":{"@id":"https:\/\/www.filha.fi\/hankkeet\/fincovid-19\/#breadcrumb"},"inLanguage":"en-US","potentialAction":[{"@type":"ReadAction","target":["https:\/\/www.filha.fi\/hankkeet\/fincovid-19\/"]}]},{"@type":"BreadcrumbList","@id":"https:\/\/www.filha.fi\/hankkeet\/fincovid-19\/#breadcrumb","itemListElement":[{"@type":"ListItem","position":1,"name":"Home","item":"https:\/\/www.filha.fi\/"},{"@type":"ListItem","position":2,"name":"Hankkeet","item":"https:\/\/www.filha.fi\/hankkeet\/"},{"@type":"ListItem","position":3,"name":"FINCOVID-19"}]},{"@type":"WebSite","@id":"https:\/\/www.filha.fi\/#website","url":"https:\/\/www.filha.fi\/","name":"Filha","description":"Expertise in lung health","publisher":{"@id":"https:\/\/www.filha.fi\/#organization"},"potentialAction":[{"@type":"SearchAction","target":{"@type":"EntryPoint","urlTemplate":"https:\/\/www.filha.fi\/?s={search_term_string}"},"query-input":{"@type":"PropertyValueSpecification","valueRequired":true,"valueName":"search_term_string"}}],"inLanguage":"en-US"},{"@type":"Organization","@id":"https:\/\/www.filha.fi\/#organization","name":"Filha ry","url":"https:\/\/www.filha.fi\/","logo":{"@type":"ImageObject","inLanguage":"en-US","@id":"https:\/\/www.filha.fi\/#\/schema\/logo\/image\/","url":"https:\/\/www.filha.fi\/wp-content\/uploads\/2019\/04\/Filha-logo.png","contentUrl":"https:\/\/www.filha.fi\/wp-content\/uploads\/2019\/04\/Filha-logo.png","width":960,"height":1230,"caption":"Filha ry"},"image":{"@id":"https:\/\/www.filha.fi\/#\/schema\/logo\/image\/"}}]}},"_links":{"self":[{"href":"https:\/\/www.filha.fi\/en\/wp-json\/wp\/v2\/pages\/6437","targetHints":{"allow":["GET"]}}],"collection":[{"href":"https:\/\/www.filha.fi\/en\/wp-json\/wp\/v2\/pages"}],"about":[{"href":"https:\/\/www.filha.fi\/en\/wp-json\/wp\/v2\/types\/page"}],"author":[{"embeddable":true,"href":"https:\/\/www.filha.fi\/en\/wp-json\/wp\/v2\/users\/4"}],"replies":[{"embeddable":true,"href":"https:\/\/www.filha.fi\/en\/wp-json\/wp\/v2\/comments?post=6437"}],"version-history":[{"count":1,"href":"https:\/\/www.filha.fi\/en\/wp-json\/wp\/v2\/pages\/6437\/revisions"}],"predecessor-version":[{"id":34049,"href":"https:\/\/www.filha.fi\/en\/wp-json\/wp\/v2\/pages\/6437\/revisions\/34049"}],"up":[{"embeddable":true,"href":"https:\/\/www.filha.fi\/en\/wp-json\/wp\/v2\/pages\/37"}],"wp:attachment":[{"href":"https:\/\/www.filha.fi\/en\/wp-json\/wp\/v2\/media?parent=6437"}],"wp:term":[{"taxonomy":"category","embeddable":true,"href":"https:\/\/www.filha.fi\/en\/wp-json\/wp\/v2\/categories?post=6437"}],"curies":[{"name":"wp","href":"https:\/\/api.w.org\/{rel}","templated":true}]}}