{"id":6630,"date":"2020-12-16T20:13:50","date_gmt":"2020-12-16T18:13:50","guid":{"rendered":"https:\/\/www.filha.fi\/?page_id=6630"},"modified":"2021-04-06T12:09:47","modified_gmt":"2021-04-06T09:09:47","slug":"monikieliset-maskijulisteet","status":"publish","type":"page","link":"https:\/\/www.filha.fi\/en\/covid-19\/monikieliset-maskijulisteet\/","title":{"rendered":"Monikieliset maskijulisteet"},"content":{"rendered":"<h3>T\u00e4lt\u00e4 sivulta voi ladata maskin k\u00e4ytt\u00f6\u00e4 ohjeistavat julisteet. Kieliversioita on kuusi: suomi, ruotsi, englanti, ven\u00e4j\u00e4, somali ja kurdi. Suomenkielisi\u00e4 l\u00f6ytyy kaksi eri versiota. Julisteet on tuotettu Keuhkohuoli-hankkeessa ja kuvat on piirt\u00e4nyt Huda Abdi.<\/h3>\n<p>&nbsp;<\/p>\n<table border=\"1\" cellspacing=\"0\" cellpadding=\"0\">\n<tbody>\n<tr>\n<td><img fetchpriority=\"high\" decoding=\"async\" class=\"alignnone size-medium wp-image-6632\" src=\"https:\/\/www.filha.fi\/wp-content\/uploads\/2020\/12\/Kasvosuoja_875x1237-5_suomi_v2-page-001-212x300.jpg\" alt=\"\" width=\"212\" height=\"300\" srcset=\"https:\/\/www.filha.fi\/wp-content\/uploads\/2020\/12\/Kasvosuoja_875x1237-5_suomi_v2-page-001-212x300.jpg 212w, https:\/\/www.filha.fi\/wp-content\/uploads\/2020\/12\/Kasvosuoja_875x1237-5_suomi_v2-page-001-724x1024.jpg 724w, https:\/\/www.filha.fi\/wp-content\/uploads\/2020\/12\/Kasvosuoja_875x1237-5_suomi_v2-page-001-768x1086.jpg 768w, https:\/\/www.filha.fi\/wp-content\/uploads\/2020\/12\/Kasvosuoja_875x1237-5_suomi_v2-page-001-1086x1536.jpg 1086w, https:\/\/www.filha.fi\/wp-content\/uploads\/2020\/12\/Kasvosuoja_875x1237-5_suomi_v2-page-001-1448x2048.jpg 1448w, https:\/\/www.filha.fi\/wp-content\/uploads\/2020\/12\/Kasvosuoja_875x1237-5_suomi_v2-page-001-scaled.jpg 1810w\" sizes=\"(max-width: 212px) 100vw, 212px\" \/><\/td>\n<td>\n<h3>Juliste A4 (pdf, suomi 1)<\/h3>\n<h3><strong>Lataa juliste alla olevasta linkist\u00e4.<\/strong><\/h3>\n<p><a href=\"https:\/\/www.filha.fi\/wp-content\/uploads\/2020\/12\/Kasvosuoja_875x1237-5_suomi_v2.pdf\" target=\"_blank\" rel=\"noopener noreferrer\"><strong>Kasvosuoja\u00a0 suomi 1<\/strong><\/a><\/td>\n<\/tr>\n<tr>\n<td><img decoding=\"async\" class=\"alignnone size-medium wp-image-6633\" src=\"https:\/\/www.filha.fi\/wp-content\/uploads\/2020\/12\/Kasvosuoja_875x1237-5_ruotsi_v2-212x300.jpg\" alt=\"\" width=\"212\" height=\"300\" srcset=\"https:\/\/www.filha.fi\/wp-content\/uploads\/2020\/12\/Kasvosuoja_875x1237-5_ruotsi_v2-212x300.jpg 212w, https:\/\/www.filha.fi\/wp-content\/uploads\/2020\/12\/Kasvosuoja_875x1237-5_ruotsi_v2-724x1024.jpg 724w, https:\/\/www.filha.fi\/wp-content\/uploads\/2020\/12\/Kasvosuoja_875x1237-5_ruotsi_v2-768x1086.jpg 768w, https:\/\/www.filha.fi\/wp-content\/uploads\/2020\/12\/Kasvosuoja_875x1237-5_ruotsi_v2-1086x1536.jpg 1086w, https:\/\/www.filha.fi\/wp-content\/uploads\/2020\/12\/Kasvosuoja_875x1237-5_ruotsi_v2-1448x2048.jpg 1448w, https:\/\/www.filha.fi\/wp-content\/uploads\/2020\/12\/Kasvosuoja_875x1237-5_ruotsi_v2-scaled.jpg 1810w\" sizes=\"(max-width: 212px) 100vw, 212px\" \/><\/td>\n<td>\n<h3>Juliste 4 A(pdf, ruotsi)<\/h3>\n<h3><strong>Lataa juliste alla olevasta linkist\u00e4.<\/strong><\/h3>\n<p><strong><a href=\"https:\/\/www.filha.fi\/wp-content\/uploads\/2020\/12\/Kasvosuoja_875x1237-5_ruotsi_v2.pdf\">Kasvosuoja\u00a0 ruotsi<\/a><\/strong><\/p>\n<p>&nbsp;<\/td>\n<\/tr>\n<tr>\n<td><img decoding=\"async\" class=\"alignnone size-medium wp-image-6636\" src=\"https:\/\/www.filha.fi\/wp-content\/uploads\/2020\/12\/Kasvosuoja_875x1237-5_englanti-page-001-212x300.jpg\" alt=\"\" width=\"212\" height=\"300\" srcset=\"https:\/\/www.filha.fi\/wp-content\/uploads\/2020\/12\/Kasvosuoja_875x1237-5_englanti-page-001-212x300.jpg 212w, https:\/\/www.filha.fi\/wp-content\/uploads\/2020\/12\/Kasvosuoja_875x1237-5_englanti-page-001-724x1024.jpg 724w, https:\/\/www.filha.fi\/wp-content\/uploads\/2020\/12\/Kasvosuoja_875x1237-5_englanti-page-001-768x1086.jpg 768w, https:\/\/www.filha.fi\/wp-content\/uploads\/2020\/12\/Kasvosuoja_875x1237-5_englanti-page-001-1086x1536.jpg 1086w, https:\/\/www.filha.fi\/wp-content\/uploads\/2020\/12\/Kasvosuoja_875x1237-5_englanti-page-001-1448x2048.jpg 1448w, https:\/\/www.filha.fi\/wp-content\/uploads\/2020\/12\/Kasvosuoja_875x1237-5_englanti-page-001-scaled.jpg 1810w\" sizes=\"(max-width: 212px) 100vw, 212px\" \/><\/td>\n<td>\n<h3>Juliste A4 (pdf, englanti)<\/h3>\n<h3><strong>Lataa juliste alla olevasta linkist\u00e4.<\/strong><\/h3>\n<p><a href=\"https:\/\/www.filha.fi\/wp-content\/uploads\/2020\/12\/Kasvosuoja_875x1237-5_englanti.pdf\" target=\"_blank\" rel=\"noopener noreferrer\"><strong>Kasvosuoja_englanti<\/strong><\/a><\/td>\n<\/tr>\n<tr>\n<td><img loading=\"lazy\" decoding=\"async\" class=\"alignnone size-medium wp-image-6637\" src=\"https:\/\/www.filha.fi\/wp-content\/uploads\/2020\/12\/Kasvosuoja_875x1237-5_venaja-212x300.jpg\" alt=\"\" width=\"212\" height=\"300\" srcset=\"https:\/\/www.filha.fi\/wp-content\/uploads\/2020\/12\/Kasvosuoja_875x1237-5_venaja-212x300.jpg 212w, https:\/\/www.filha.fi\/wp-content\/uploads\/2020\/12\/Kasvosuoja_875x1237-5_venaja-724x1024.jpg 724w, https:\/\/www.filha.fi\/wp-content\/uploads\/2020\/12\/Kasvosuoja_875x1237-5_venaja-768x1086.jpg 768w, https:\/\/www.filha.fi\/wp-content\/uploads\/2020\/12\/Kasvosuoja_875x1237-5_venaja-1086x1536.jpg 1086w, https:\/\/www.filha.fi\/wp-content\/uploads\/2020\/12\/Kasvosuoja_875x1237-5_venaja-1448x2048.jpg 1448w, https:\/\/www.filha.fi\/wp-content\/uploads\/2020\/12\/Kasvosuoja_875x1237-5_venaja-scaled.jpg 1810w\" sizes=\"(max-width: 212px) 100vw, 212px\" \/><\/td>\n<td>\n<h3>Juliste A4 (pdf, ven\u00e4j\u00e4)<\/h3>\n<h3><strong>Lataa juliste alla olevasta linkist\u00e4.<\/strong><\/h3>\n<p><strong><a href=\"https:\/\/www.filha.fi\/wp-content\/uploads\/2020\/12\/Kasvosuoja_875x1237-5_venaja.pdf\" target=\"_blank\" rel=\"noopener noreferrer\">Kasvosuoja_venaja<\/a><\/strong><\/td>\n<\/tr>\n<tr>\n<td><img loading=\"lazy\" decoding=\"async\" class=\"alignnone size-medium wp-image-6640\" src=\"https:\/\/www.filha.fi\/wp-content\/uploads\/2020\/12\/kasvosuoja-tiedoite-versio-2-003-212x300.png\" alt=\"\" width=\"212\" height=\"300\" srcset=\"https:\/\/www.filha.fi\/wp-content\/uploads\/2020\/12\/kasvosuoja-tiedoite-versio-2-003-212x300.png 212w, https:\/\/www.filha.fi\/wp-content\/uploads\/2020\/12\/kasvosuoja-tiedoite-versio-2-003-724x1024.png 724w, https:\/\/www.filha.fi\/wp-content\/uploads\/2020\/12\/kasvosuoja-tiedoite-versio-2-003-768x1086.png 768w, https:\/\/www.filha.fi\/wp-content\/uploads\/2020\/12\/kasvosuoja-tiedoite-versio-2-003-1086x1536.png 1086w, https:\/\/www.filha.fi\/wp-content\/uploads\/2020\/12\/kasvosuoja-tiedoite-versio-2-003-1448x2048.png 1448w\" sizes=\"(max-width: 212px) 100vw, 212px\" \/><\/td>\n<td>\n<h3>Juliste A4 (pdf, somali)<\/h3>\n<h3><strong>Lataa juliste alla olevasta linkist\u00e4.<\/strong><\/h3>\n<p><strong><a href=\"https:\/\/www.filha.fi\/wp-content\/uploads\/2020\/12\/kasvosuoja-tiedote-versio-somali.pdf\" target=\"_blank\" rel=\"noopener noreferrer\">Kasvosuoja\u00a0 somali<\/a><\/strong><\/td>\n<\/tr>\n<tr>\n<td><img loading=\"lazy\" decoding=\"async\" class=\"alignnone size-medium wp-image-6643\" src=\"https:\/\/www.filha.fi\/wp-content\/uploads\/2020\/12\/kasvosuoja-tiedoite-versio-suomi-212x300.png\" alt=\"\" width=\"212\" height=\"300\" srcset=\"https:\/\/www.filha.fi\/wp-content\/uploads\/2020\/12\/kasvosuoja-tiedoite-versio-suomi-212x300.png 212w, https:\/\/www.filha.fi\/wp-content\/uploads\/2020\/12\/kasvosuoja-tiedoite-versio-suomi-724x1024.png 724w, https:\/\/www.filha.fi\/wp-content\/uploads\/2020\/12\/kasvosuoja-tiedoite-versio-suomi-768x1086.png 768w, https:\/\/www.filha.fi\/wp-content\/uploads\/2020\/12\/kasvosuoja-tiedoite-versio-suomi-1086x1536.png 1086w, https:\/\/www.filha.fi\/wp-content\/uploads\/2020\/12\/kasvosuoja-tiedoite-versio-suomi-1448x2048.png 1448w\" sizes=\"(max-width: 212px) 100vw, 212px\" \/><\/td>\n<td>\n<h3>Juliste A4 (pdf, suomi 2)<\/h3>\n<h3><strong>Lataa juliste alla olevasta linkist\u00e4.<\/strong><\/h3>\n<p><strong><a href=\"https:\/\/www.filha.fi\/wp-content\/uploads\/2020\/12\/kasvosuoja-tiedote-versio-suomi-nainen.pdf\" target=\"_blank\" rel=\"noopener noreferrer\">kasvosuoja\u00a0 suomi 2<\/a><\/strong><\/td>\n<\/tr>\n<tr>\n<td><img loading=\"lazy\" decoding=\"async\" class=\"alignnone size-medium wp-image-6649\" src=\"https:\/\/www.filha.fi\/wp-content\/uploads\/2020\/12\/Kasvosuoja_875x1237-5_kurdi_v2-212x300.jpg\" alt=\"\" width=\"212\" height=\"300\" srcset=\"https:\/\/www.filha.fi\/wp-content\/uploads\/2020\/12\/Kasvosuoja_875x1237-5_kurdi_v2-212x300.jpg 212w, https:\/\/www.filha.fi\/wp-content\/uploads\/2020\/12\/Kasvosuoja_875x1237-5_kurdi_v2-724x1024.jpg 724w, https:\/\/www.filha.fi\/wp-content\/uploads\/2020\/12\/Kasvosuoja_875x1237-5_kurdi_v2-768x1086.jpg 768w, https:\/\/www.filha.fi\/wp-content\/uploads\/2020\/12\/Kasvosuoja_875x1237-5_kurdi_v2-1086x1536.jpg 1086w, https:\/\/www.filha.fi\/wp-content\/uploads\/2020\/12\/Kasvosuoja_875x1237-5_kurdi_v2-1448x2048.jpg 1448w, https:\/\/www.filha.fi\/wp-content\/uploads\/2020\/12\/Kasvosuoja_875x1237-5_kurdi_v2-scaled.jpg 1810w\" sizes=\"(max-width: 212px) 100vw, 212px\" \/><\/td>\n<td>\n<h3>Juliste A4 (pdf, kurdi)<\/h3>\n<h3><strong>Lataa juliste alla olevasta linkist\u00e4.<\/strong><\/h3>\n<p><strong><a href=\"https:\/\/www.filha.fi\/wp-content\/uploads\/2020\/12\/Kasvosuoja_875x1237-5_kurdi_v2.pdf\" target=\"_blank\" rel=\"noopener noreferrer\">Kasvosuoja_kurdi<\/a><\/strong><\/td>\n<\/tr>\n<\/tbody>\n<\/table>\n","protected":false},"excerpt":{"rendered":"<p>T\u00e4lt\u00e4 sivulta voi ladata maskin k\u00e4ytt\u00f6\u00e4 ohjeistavat julisteet. Kieliversioita on kuusi: suomi, ruotsi, englanti, ven\u00e4j\u00e4, somali ja kurdi. Suomenkielisi\u00e4 l\u00f6ytyy kaksi eri versiota. Julisteet on tuotettu Keuhkohuoli-hankkeessa ja kuvat on &#8230; <a title=\"Monikieliset maskijulisteet\" class=\"read-more\" href=\"https:\/\/www.filha.fi\/en\/covid-19\/monikieliset-maskijulisteet\/\" aria-label=\"Read more about Monikieliset maskijulisteet\">Read more<\/a><\/p>\n","protected":false},"author":4,"featured_media":0,"parent":4023,"menu_order":0,"comment_status":"closed","ping_status":"closed","template":"","meta":{"_acf_changed":false,"footnotes":""},"categories":[94,75],"class_list":["post-6630","page","type-page","status-publish","category-covid-19","category-koronavirus"],"translation":{"provider":"WPGlobus","version":"3.0.2","language":"en","enabled_languages":["fi","en"],"languages":{"fi":{"title":true,"content":true,"excerpt":false},"en":{"title":false,"content":false,"excerpt":false}}},"acf":[],"yoast_head":"<!-- This site is optimized with the Yoast SEO plugin v27.4 - https:\/\/yoast.com\/product\/yoast-seo-wordpress\/ -->\n<title>Monikieliset maskijulisteet - Filha<\/title>\n<meta name=\"robots\" content=\"index, follow, max-snippet:-1, max-image-preview:large, max-video-preview:-1\" \/>\n<link rel=\"canonical\" href=\"https:\/\/www.filha.fi\/covid-19\/monikieliset-maskijulisteet\/\" \/>\n<meta property=\"og:locale\" content=\"en_US\" \/>\n<meta property=\"og:type\" content=\"article\" \/>\n<meta property=\"og:title\" content=\"Monikieliset maskijulisteet - Filha\" \/>\n<meta property=\"og:url\" content=\"https:\/\/www.filha.fi\/covid-19\/monikieliset-maskijulisteet\/\" \/>\n<meta property=\"og:site_name\" content=\"Filha\" \/>\n<meta property=\"article:modified_time\" content=\"2021-04-06T09:09:47+00:00\" \/>\n<meta property=\"og:image\" content=\"https:\/\/www.filha.fi\/wp-content\/uploads\/2020\/12\/Kasvosuoja_875x1237-5_suomi_v2-page-001-212x300.jpg\" \/>\n<meta name=\"twitter:card\" content=\"summary_large_image\" \/>\n<meta name=\"twitter:label1\" content=\"Est. reading time\" \/>\n\t<meta name=\"twitter:data1\" content=\"1 minute\" \/>\n<script type=\"application\/ld+json\" class=\"yoast-schema-graph\">{\"@context\":\"https:\\\/\\\/schema.org\",\"@graph\":[{\"@type\":\"WebPage\",\"@id\":\"https:\\\/\\\/www.filha.fi\\\/covid-19\\\/monikieliset-maskijulisteet\\\/\",\"url\":\"https:\\\/\\\/www.filha.fi\\\/covid-19\\\/monikieliset-maskijulisteet\\\/\",\"name\":\"Monikieliset maskijulisteet - Filha\",\"isPartOf\":{\"@id\":\"https:\\\/\\\/www.filha.fi\\\/#website\"},\"primaryImageOfPage\":{\"@id\":\"https:\\\/\\\/www.filha.fi\\\/covid-19\\\/monikieliset-maskijulisteet\\\/#primaryimage\"},\"image\":{\"@id\":\"https:\\\/\\\/www.filha.fi\\\/covid-19\\\/monikieliset-maskijulisteet\\\/#primaryimage\"},\"thumbnailUrl\":\"https:\\\/\\\/www.filha.fi\\\/wp-content\\\/uploads\\\/2020\\\/12\\\/Kasvosuoja_875x1237-5_suomi_v2-page-001-212x300.jpg\",\"datePublished\":\"2020-12-16T18:13:50+00:00\",\"dateModified\":\"2021-04-06T09:09:47+00:00\",\"breadcrumb\":{\"@id\":\"https:\\\/\\\/www.filha.fi\\\/covid-19\\\/monikieliset-maskijulisteet\\\/#breadcrumb\"},\"inLanguage\":\"en-US\",\"potentialAction\":[{\"@type\":\"ReadAction\",\"target\":[\"https:\\\/\\\/www.filha.fi\\\/covid-19\\\/monikieliset-maskijulisteet\\\/\"]}]},{\"@type\":\"ImageObject\",\"inLanguage\":\"en-US\",\"@id\":\"https:\\\/\\\/www.filha.fi\\\/covid-19\\\/monikieliset-maskijulisteet\\\/#primaryimage\",\"url\":\"https:\\\/\\\/www.filha.fi\\\/wp-content\\\/uploads\\\/2020\\\/12\\\/Kasvosuoja_875x1237-5_suomi_v2-page-001-212x300.jpg\",\"contentUrl\":\"https:\\\/\\\/www.filha.fi\\\/wp-content\\\/uploads\\\/2020\\\/12\\\/Kasvosuoja_875x1237-5_suomi_v2-page-001-212x300.jpg\"},{\"@type\":\"BreadcrumbList\",\"@id\":\"https:\\\/\\\/www.filha.fi\\\/covid-19\\\/monikieliset-maskijulisteet\\\/#breadcrumb\",\"itemListElement\":[{\"@type\":\"ListItem\",\"position\":1,\"name\":\"Home\",\"item\":\"https:\\\/\\\/www.filha.fi\\\/\"},{\"@type\":\"ListItem\",\"position\":2,\"name\":\"Korona\",\"item\":\"https:\\\/\\\/www.filha.fi\\\/covid-19\\\/\"},{\"@type\":\"ListItem\",\"position\":3,\"name\":\"Monikieliset maskijulisteet\"}]},{\"@type\":\"WebSite\",\"@id\":\"https:\\\/\\\/www.filha.fi\\\/#website\",\"url\":\"https:\\\/\\\/www.filha.fi\\\/\",\"name\":\"Filha\",\"description\":\"Expertise in lung health\",\"publisher\":{\"@id\":\"https:\\\/\\\/www.filha.fi\\\/#organization\"},\"potentialAction\":[{\"@type\":\"SearchAction\",\"target\":{\"@type\":\"EntryPoint\",\"urlTemplate\":\"https:\\\/\\\/www.filha.fi\\\/?s={search_term_string}\"},\"query-input\":{\"@type\":\"PropertyValueSpecification\",\"valueRequired\":true,\"valueName\":\"search_term_string\"}}],\"inLanguage\":\"en-US\"},{\"@type\":\"Organization\",\"@id\":\"https:\\\/\\\/www.filha.fi\\\/#organization\",\"name\":\"Filha ry\",\"url\":\"https:\\\/\\\/www.filha.fi\\\/\",\"logo\":{\"@type\":\"ImageObject\",\"inLanguage\":\"en-US\",\"@id\":\"https:\\\/\\\/www.filha.fi\\\/#\\\/schema\\\/logo\\\/image\\\/\",\"url\":\"https:\\\/\\\/www.filha.fi\\\/wp-content\\\/uploads\\\/2019\\\/04\\\/Filha-logo.png\",\"contentUrl\":\"https:\\\/\\\/www.filha.fi\\\/wp-content\\\/uploads\\\/2019\\\/04\\\/Filha-logo.png\",\"width\":960,\"height\":1230,\"caption\":\"Filha ry\"},\"image\":{\"@id\":\"https:\\\/\\\/www.filha.fi\\\/#\\\/schema\\\/logo\\\/image\\\/\"}}]}<\/script>\n<!-- \/ Yoast SEO plugin. -->","yoast_head_json":{"title":"Monikieliset maskijulisteet - Filha","robots":{"index":"index","follow":"follow","max-snippet":"max-snippet:-1","max-image-preview":"max-image-preview:large","max-video-preview":"max-video-preview:-1"},"canonical":"https:\/\/www.filha.fi\/covid-19\/monikieliset-maskijulisteet\/","og_locale":"en_US","og_type":"article","og_title":"Monikieliset maskijulisteet - Filha","og_url":"https:\/\/www.filha.fi\/covid-19\/monikieliset-maskijulisteet\/","og_site_name":"Filha","article_modified_time":"2021-04-06T09:09:47+00:00","og_image":[{"url":"https:\/\/www.filha.fi\/wp-content\/uploads\/2020\/12\/Kasvosuoja_875x1237-5_suomi_v2-page-001-212x300.jpg","type":"","width":"","height":""}],"twitter_card":"summary_large_image","twitter_misc":{"Est. reading time":"1 minute"},"schema":{"@context":"https:\/\/schema.org","@graph":[{"@type":"WebPage","@id":"https:\/\/www.filha.fi\/covid-19\/monikieliset-maskijulisteet\/","url":"https:\/\/www.filha.fi\/covid-19\/monikieliset-maskijulisteet\/","name":"Monikieliset maskijulisteet - Filha","isPartOf":{"@id":"https:\/\/www.filha.fi\/#website"},"primaryImageOfPage":{"@id":"https:\/\/www.filha.fi\/covid-19\/monikieliset-maskijulisteet\/#primaryimage"},"image":{"@id":"https:\/\/www.filha.fi\/covid-19\/monikieliset-maskijulisteet\/#primaryimage"},"thumbnailUrl":"https:\/\/www.filha.fi\/wp-content\/uploads\/2020\/12\/Kasvosuoja_875x1237-5_suomi_v2-page-001-212x300.jpg","datePublished":"2020-12-16T18:13:50+00:00","dateModified":"2021-04-06T09:09:47+00:00","breadcrumb":{"@id":"https:\/\/www.filha.fi\/covid-19\/monikieliset-maskijulisteet\/#breadcrumb"},"inLanguage":"en-US","potentialAction":[{"@type":"ReadAction","target":["https:\/\/www.filha.fi\/covid-19\/monikieliset-maskijulisteet\/"]}]},{"@type":"ImageObject","inLanguage":"en-US","@id":"https:\/\/www.filha.fi\/covid-19\/monikieliset-maskijulisteet\/#primaryimage","url":"https:\/\/www.filha.fi\/wp-content\/uploads\/2020\/12\/Kasvosuoja_875x1237-5_suomi_v2-page-001-212x300.jpg","contentUrl":"https:\/\/www.filha.fi\/wp-content\/uploads\/2020\/12\/Kasvosuoja_875x1237-5_suomi_v2-page-001-212x300.jpg"},{"@type":"BreadcrumbList","@id":"https:\/\/www.filha.fi\/covid-19\/monikieliset-maskijulisteet\/#breadcrumb","itemListElement":[{"@type":"ListItem","position":1,"name":"Home","item":"https:\/\/www.filha.fi\/"},{"@type":"ListItem","position":2,"name":"Korona","item":"https:\/\/www.filha.fi\/covid-19\/"},{"@type":"ListItem","position":3,"name":"Monikieliset maskijulisteet"}]},{"@type":"WebSite","@id":"https:\/\/www.filha.fi\/#website","url":"https:\/\/www.filha.fi\/","name":"Filha","description":"Expertise in lung health","publisher":{"@id":"https:\/\/www.filha.fi\/#organization"},"potentialAction":[{"@type":"SearchAction","target":{"@type":"EntryPoint","urlTemplate":"https:\/\/www.filha.fi\/?s={search_term_string}"},"query-input":{"@type":"PropertyValueSpecification","valueRequired":true,"valueName":"search_term_string"}}],"inLanguage":"en-US"},{"@type":"Organization","@id":"https:\/\/www.filha.fi\/#organization","name":"Filha ry","url":"https:\/\/www.filha.fi\/","logo":{"@type":"ImageObject","inLanguage":"en-US","@id":"https:\/\/www.filha.fi\/#\/schema\/logo\/image\/","url":"https:\/\/www.filha.fi\/wp-content\/uploads\/2019\/04\/Filha-logo.png","contentUrl":"https:\/\/www.filha.fi\/wp-content\/uploads\/2019\/04\/Filha-logo.png","width":960,"height":1230,"caption":"Filha ry"},"image":{"@id":"https:\/\/www.filha.fi\/#\/schema\/logo\/image\/"}}]}},"_links":{"self":[{"href":"https:\/\/www.filha.fi\/en\/wp-json\/wp\/v2\/pages\/6630","targetHints":{"allow":["GET"]}}],"collection":[{"href":"https:\/\/www.filha.fi\/en\/wp-json\/wp\/v2\/pages"}],"about":[{"href":"https:\/\/www.filha.fi\/en\/wp-json\/wp\/v2\/types\/page"}],"author":[{"embeddable":true,"href":"https:\/\/www.filha.fi\/en\/wp-json\/wp\/v2\/users\/4"}],"replies":[{"embeddable":true,"href":"https:\/\/www.filha.fi\/en\/wp-json\/wp\/v2\/comments?post=6630"}],"version-history":[{"count":0,"href":"https:\/\/www.filha.fi\/en\/wp-json\/wp\/v2\/pages\/6630\/revisions"}],"up":[{"embeddable":true,"href":"https:\/\/www.filha.fi\/en\/wp-json\/wp\/v2\/pages\/4023"}],"wp:attachment":[{"href":"https:\/\/www.filha.fi\/en\/wp-json\/wp\/v2\/media?parent=6630"}],"wp:term":[{"taxonomy":"category","embeddable":true,"href":"https:\/\/www.filha.fi\/en\/wp-json\/wp\/v2\/categories?post=6630"}],"curies":[{"name":"wp","href":"https:\/\/api.w.org\/{rel}","templated":true}]}}