{"id":7307,"date":"2021-02-23T15:35:34","date_gmt":"2021-02-23T13:35:34","guid":{"rendered":"https:\/\/www.filha.fi\/?page_id=7307"},"modified":"2025-10-30T18:46:39","modified_gmt":"2025-10-30T16:46:39","slug":"sisailma-materiaalit","status":"publish","type":"page","link":"https:\/\/www.filha.fi\/en\/hankkeet\/kansallinen-sisailma-ja-terveys-ohjelma-2018-2028\/sisailma-materiaalit\/","title":{"rendered":"Materiaalia terveydenhuollon ammattilaisille"},"content":{"rendered":"<p>Filha vastaa Kansallisessa sis\u00e4ilma ja terveys -ohjelmassa 2018-2028 terveydenhuollon ammattilaisten kouluttamisesta. Tavoitteena on vahvistaa terveydenhuollon ammattilaisten tietoa ja osaamista sis\u00e4ymp\u00e4rist\u00f6ss\u00e4 oireilevan potilaan kohtaamiseen sek\u00e4 hoidon ja tuen tarjoamiseen liittyen.<\/p>\n<hr \/>\n<h2 class=\"entry-title\">Ohje ep\u00e4iltyjen sis\u00e4ymp\u00e4rist\u00f6\u00f6n liittyvien oireiden selvittelyyn ja hoitoon<\/h2>\n<p class=\"entry-title\">Suomen- ja ruotsinkielinen ohje tarjoaa terveydenhuollon ammattilaisille tiivistetysti keinoja ep\u00e4iltyjen sis\u00e4ymp\u00e4rist\u00f6\u00f6n liittyvien oireiden selvittelyyn ja hoitoon. Ohje perustuu kev\u00e4\u00e4ll\u00e4 2024 julkaistuun Sosiaali- ja terveysministeri\u00f6n (STM) suositukseen \u201d<a href=\"https:\/\/www.terveysportti.fi\/apps\/dtk\/ltk\/article\/hsu00028\" target=\"_blank\" rel=\"noopener\">Sis\u00e4ilmaan liittyv\u00e4n oireilun ja sairastumisen hoitosuositus<\/a>\u201d.\u00a0Tutustu ohjeeseen, ota k\u00e4ytt\u00f6\u00f6n omassa ty\u00f6ss\u00e4si ja vinkkaa kollegoille!<\/p>\n<p>&nbsp;<\/p>\n<ul>\n<li><a href=\"https:\/\/www.filha.fi\/wp-content\/uploads\/2024\/12\/Sisailmaohje_A4_Final_fi.pdf\" target=\"_blank\" rel=\"noopener\">Ohje suomenkielell\u00e4.<\/a><\/li>\n<li><a href=\"https:\/\/www.filha.fi\/wp-content\/uploads\/2024\/12\/Sisailmaohje_A4_sv.pdf\" target=\"_blank\" rel=\"noopener\">Anvisningen p\u00e5 svenska.<\/a><\/li>\n<\/ul>\n<hr \/>\n<h2>Verkkokurssi terveydenhuollon ammattilaisille<\/h2>\n<p><a href=\"https:\/\/www.terveyskyla.fi\/terveyskyl%C3%A4pro\/ajankohtaista\/verkkokurssi-tarjoaa-ammattilaiselle-tietoa-ja-ty%C3%B6kaluja-potilasty%C3%B6n-tueksi-sis%C3%A4ilmatilanteissa\" target=\"_blank\" rel=\"attachment noopener wp-att-17789\"><img fetchpriority=\"high\" decoding=\"async\" class=\"alignnone wp-image-19120 size-medium\" src=\"https:\/\/www.filha.fi\/wp-content\/uploads\/2022\/12\/Terveyskylapro_verkkokuva_b-216x300.jpg\" alt=\"Sis\u00e4ilmaan liitetty oireilu aikuisilla - Miten tutkin, tuen ja hoidan? -verkkokurssin banneri. Kuvassa hoitaja kuvituskuvana.\" width=\"216\" height=\"300\" srcset=\"https:\/\/www.filha.fi\/wp-content\/uploads\/2022\/12\/Terveyskylapro_verkkokuva_b-216x300.jpg 216w, https:\/\/www.filha.fi\/wp-content\/uploads\/2022\/12\/Terveyskylapro_verkkokuva_b-737x1024.jpg 737w, https:\/\/www.filha.fi\/wp-content\/uploads\/2022\/12\/Terveyskylapro_verkkokuva_b-768x1066.jpg 768w, https:\/\/www.filha.fi\/wp-content\/uploads\/2022\/12\/Terveyskylapro_verkkokuva_b.jpg 1063w\" sizes=\"(max-width: 216px) 100vw, 216px\" \/><\/a><\/p>\n<p>Verkkokurssi terveydenhuollon ammattilaisille Terveyskyl\u00e4PRO-palvelussa. Kurssi on suunnattu erityisesti perusterveydenhuollon l\u00e4\u00e4k\u00e4reille ja hoitajille, mutta sopii kaikille terveydenhuollon ammattilaisille. Kurssi on julkaistu vuonna 2022 ja p\u00e4ivitetty vuonna 2024.<\/p>\n<p>Voit k\u00e4yd\u00e4 kurssin kokonaisuudessaan l\u00e4pi tai silm\u00e4ill\u00e4 itse\u00e4si kiinnostavat kohdat. Voit my\u00f6s tallentaa itsellesi ty\u00f6kaluja ty\u00f6si tueksi.<\/p>\n<p>P\u00e4\u00e4set verkkokurssiin t\u00e4\u00e4lt\u00e4: <a href=\"https:\/\/www.terveyskyla.fi\/terveyskyl%C3%A4pro\/ajankohtaista\/verkkokurssi-tarjoaa-ammattilaiselle-tietoa-ja-ty%C3%B6kaluja-potilasty%C3%B6n-tueksi-sis%C3%A4ilmatilanteissa\" target=\"_blank\" rel=\"noopener\">Sis\u00e4ilmaan liitetty oireilu aikuisilla &#8211; Miten tutkin, tuen ja hoidan?<\/a><\/p>\n<hr \/>\n<h2 class=\"entry-title\">Ammattikorkeakouluille suunnattu sis\u00e4ilmaoppimateriaali<\/h2>\n<p class=\"entry-title\">Maksuton oppimateriaali on tarkoitettu ammattikorkeakoulun terveydenhuoltoalan opiskelijoille. Kurssin tavoite on lis\u00e4t\u00e4 tietoa sis\u00e4ilmaan liitetyst\u00e4 oireilusta sek\u00e4 antaa perusvalmiudet kohtaamistilanteisiin.<\/p>\n<p><strong>Opettaja, haluaisitko oppimateriaalin osaksi opetusta?<\/strong><\/p>\n<p>Lataa opettajan ohjeet\u00a0<a href=\"https:\/\/www.filha.fi\/wp-content\/uploads\/2024\/02\/AMK_ohjeet-1.pdf\" target=\"_blank\" rel=\"noopener\">t\u00e4st\u00e4<\/a>.<\/p>\n<p>Tilataksesi oppimateriaalin opetusk\u00e4ytt\u00f6\u00f6n, t\u00e4yt\u00e4 oppimateriaalin tilauskaavake\u00a0<a href=\"https:\/\/q.surveypal.com\/Sisailmaoppimateriaalin-tilauskaavake-ammattikorkeakouluille\" target=\"_blank\" rel=\"noopener\">t\u00e4st\u00e4.<\/a><\/p>\n<p><em>* Luovutamme oppimateriaalin ainoastaan terveydenhuoltoalan opetusta toteuttaville ammattikorkeakouluille.<\/em><\/p>\n<hr \/>\n<h2>Muuta hy\u00f6dyllist\u00e4 materiaalia<\/h2>\n<p>Filhan\u00a0<a href=\"https:\/\/ammattilaiset.filha.fi\/\">Videokirjastosta<\/a> l\u00f6yd\u00e4t lyhyit\u00e4 videoluentoja sis\u00e4ilma-aiheesta. Videokirjasto vaatii tunnistautumisen.<\/p>\n<p><a href=\"https:\/\/www.ttl.fi\/teemat\/tyohyvinvointi-ja-tyokyky\/sisailma\/sisailma-terveys-ja-oireilu\" target=\"_blank\" rel=\"noopener\">Oireilu sis\u00e4ymp\u00e4rist\u00f6ss\u00e4<\/a> TTL:n sivusto oireiluun vaikuttavista tekij\u00f6ist\u00e4 ja oireita v\u00e4hent\u00e4vist\u00e4 keinoista.<\/p>\n<p><a href=\"https:\/\/www.ttl.fi\/oppimateriaalit\/sisailma-tyopaikalla\" target=\"_blank\" rel=\"noopener\">Sis\u00e4ilma ty\u00f6paikalla<\/a> Verkkomateriaali esihenkil\u00f6ille ja henkil\u00f6st\u00f6lle (TTL).<\/p>\n<table style=\"height: 186px;\" width=\"598\">\n<tbody>\n<tr>\n<td><a href=\"https:\/\/www.filha.fi\/wp-content\/uploads\/2020\/06\/tietokortti_sisailma-FINAL-verkkoon.pdf\" target=\"_blank\" rel=\"noopener noreferrer\"><img decoding=\"async\" class=\"alignnone wp-image-5034 \" src=\"https:\/\/www.filha.fi\/wp-content\/uploads\/2020\/06\/TTL-tietokortti_sis\u00e4ilma-212x300.jpg\" alt=\"\" width=\"150\" height=\"212\" srcset=\"https:\/\/www.filha.fi\/wp-content\/uploads\/2020\/06\/TTL-tietokortti_sis\u00e4ilma-212x300.jpg 212w, https:\/\/www.filha.fi\/wp-content\/uploads\/2020\/06\/TTL-tietokortti_sis\u00e4ilma.jpg 603w\" sizes=\"(max-width: 150px) 100vw, 150px\" \/><\/a><\/td>\n<td>\n<h3>Tietokortti<\/h3>\n<p><strong><a href=\"https:\/\/www.filha.fi\/wp-content\/uploads\/2020\/06\/tietokortti_sisailma-FINAL-verkkoon.pdf\" target=\"_blank\" rel=\"noopener noreferrer\">Tietoa oireilusta sis\u00e4ymp\u00e4rist\u00f6ss\u00e4 terveydenhuollon ammattilaisille<\/a><\/strong><\/p>\n<p>Ty\u00f6terveyslaitoksen\u00a0 sis\u00e4ilmasivut <a href=\"http:\/\/www.ttl.fi\/sisailma\" target=\"_blank\" rel=\"noopener noreferrer\">www.ttl.fi\/sisailma<\/a><\/td>\n<\/tr>\n<\/tbody>\n<\/table>\n<p>Tietoisku sis\u00e4ilmaoireilun monitekij\u00e4isyydest\u00e4 16.9.2021 <a href=\"https:\/\/www.youtube.com\/watch?v=eNNWQbnvvLA&amp;t=2s\" target=\"_blank\" rel=\"noopener\">Kuntamarkkinoilla katsottavissa t\u00e4\u00e4ll\u00e4.<\/a> Neuvotteleva virkamies Vesa Pekkola keskustelee psykologi Sanna Selinheimon ja keuhkosairauksien erikoisl\u00e4\u00e4k\u00e4ri Tuula Vasankarin kanssa aiheesta.<\/p>\n<hr \/>\n<h2>Liity sis\u00e4ilmaverkostoon<\/h2>\n<p>Oletko kiinnostunut kuulemaan sis\u00e4ilma-aiheista lis\u00e4\u00e4?<\/p>\n<p>Voit ilmoittautua terveydenhuollon ammattilaisten sis\u00e4ilmaverkostoon.<br \/>\nVerkostoon kuuluminen ei sido Sinua mihink\u00e4\u00e4n. T\u00e4ll\u00e4 hetkell\u00e4 verkosto toimii tiedotuskanavana. L\u00e4het\u00e4mme uutiskirjeen noin 1-2 kertaa vuodessa.<\/p>\n<p><a href=\"https:\/\/eur03.safelinks.protection.outlook.com\/?url=https%3A%2F%2Fq.surveypal.com%2FSisailmaverkosto&amp;data=04%7C01%7C%7Ceb6377fb5863417e53e608d9b6570d0f%7C04330c3f87e2431b816a94527ed87d4d%7C0%7C0%7C637741307310636337%7CUnknown%7CTWFpbGZsb3d8eyJWIjoiMC4wLjAwMDAiLCJQIjoiV2luMzIiLCJBTiI6Ik1haWwiLCJXVCI6Mn0%3D%7C3000&amp;sdata=M3x8r6JuvxIXMkX6AfKPJijkAW9MTvhi%2Fg8PkNs4X6k%3D&amp;reserved=0\" target=\"_blank\" rel=\"noopener\">Ilmoittaudu terveydenhuollon ammattilaisten sis\u00e4ilmaverkostoon t\u00e4\u00e4ll\u00e4 *<\/a><\/p>\n<p>* Yhteystietojen antaminen ei sido sinua mihink\u00e4\u00e4n. Yhteystietoja ei luovuteta Filha ry:n ulkopuolisille tahoille ja niit\u00e4 k\u00e4ytet\u00e4\u00e4n ainoastaan verkoston toimintaan liittyv\u00e4\u00e4 tiedotusta varten. Voit milloin tahansa peruuttaa suostumuksesi tiedotukseen\/yhteydenottoon l\u00e4hett\u00e4m\u00e4ll\u00e4 s\u00e4hk\u00f6postia osoitteeseen <a href=\"mailto:filha@filha.fi\">filha@filha.fi.<\/a><\/p>\n","protected":false},"excerpt":{"rendered":"<p>Filha vastaa Kansallisessa sis\u00e4ilma ja terveys -ohjelmassa 2018-2028 terveydenhuollon ammattilaisten kouluttamisesta. Tavoitteena on vahvistaa terveydenhuollon ammattilaisten tietoa ja osaamista sis\u00e4ymp\u00e4rist\u00f6ss\u00e4 oireilevan potilaan kohtaamiseen sek\u00e4 hoidon ja tuen tarjoamiseen liittyen. Ohje &#8230; <a title=\"Materiaalia terveydenhuollon ammattilaisille\" class=\"read-more\" href=\"https:\/\/www.filha.fi\/en\/hankkeet\/kansallinen-sisailma-ja-terveys-ohjelma-2018-2028\/sisailma-materiaalit\/\" aria-label=\"Read more about Materiaalia terveydenhuollon ammattilaisille\">Read more<\/a><\/p>\n","protected":false},"author":4,"featured_media":0,"parent":1850,"menu_order":0,"comment_status":"closed","ping_status":"closed","template":"","meta":{"_acf_changed":false,"footnotes":""},"categories":[72,21],"class_list":["post-7307","page","type-page","status-publish","category-hanna","category-sisailma"],"translation":{"provider":"WPGlobus","version":"3.0.2","language":"en","enabled_languages":["fi","en"],"languages":{"fi":{"title":true,"content":true,"excerpt":false},"en":{"title":false,"content":false,"excerpt":false}}},"acf":[],"yoast_head":"<!-- This site is optimized with the Yoast SEO plugin v27.4 - https:\/\/yoast.com\/product\/yoast-seo-wordpress\/ -->\n<title>Materiaalia terveydenhuollon ammattilaisille - Filha<\/title>\n<meta name=\"robots\" content=\"index, follow, max-snippet:-1, max-image-preview:large, max-video-preview:-1\" \/>\n<link rel=\"canonical\" href=\"https:\/\/www.filha.fi\/hankkeet\/kansallinen-sisailma-ja-terveys-ohjelma-2018-2028\/sisailma-materiaalit\/\" \/>\n<meta property=\"og:locale\" content=\"en_US\" \/>\n<meta property=\"og:type\" content=\"article\" \/>\n<meta property=\"og:title\" content=\"Materiaalia terveydenhuollon ammattilaisille - Filha\" \/>\n<meta property=\"og:url\" content=\"https:\/\/www.filha.fi\/hankkeet\/kansallinen-sisailma-ja-terveys-ohjelma-2018-2028\/sisailma-materiaalit\/\" \/>\n<meta property=\"og:site_name\" content=\"Filha\" \/>\n<meta property=\"article:modified_time\" content=\"2025-10-30T16:46:39+00:00\" \/>\n<meta property=\"og:image\" content=\"https:\/\/www.filha.fi\/wp-content\/uploads\/2022\/12\/Terveyskylapro_verkkokuva_b.jpg\" \/>\n\t<meta property=\"og:image:width\" content=\"1063\" \/>\n\t<meta property=\"og:image:height\" content=\"1476\" \/>\n\t<meta property=\"og:image:type\" content=\"image\/jpeg\" \/>\n<meta name=\"twitter:card\" content=\"summary_large_image\" \/>\n<meta name=\"twitter:label1\" content=\"Est. reading time\" \/>\n\t<meta name=\"twitter:data1\" content=\"3 minutes\" \/>\n<script type=\"application\/ld+json\" class=\"yoast-schema-graph\">{\"@context\":\"https:\\\/\\\/schema.org\",\"@graph\":[{\"@type\":\"WebPage\",\"@id\":\"https:\\\/\\\/www.filha.fi\\\/hankkeet\\\/kansallinen-sisailma-ja-terveys-ohjelma-2018-2028\\\/sisailma-materiaalit\\\/\",\"url\":\"https:\\\/\\\/www.filha.fi\\\/hankkeet\\\/kansallinen-sisailma-ja-terveys-ohjelma-2018-2028\\\/sisailma-materiaalit\\\/\",\"name\":\"Materiaalia terveydenhuollon ammattilaisille - Filha\",\"isPartOf\":{\"@id\":\"https:\\\/\\\/www.filha.fi\\\/#website\"},\"primaryImageOfPage\":{\"@id\":\"https:\\\/\\\/www.filha.fi\\\/hankkeet\\\/kansallinen-sisailma-ja-terveys-ohjelma-2018-2028\\\/sisailma-materiaalit\\\/#primaryimage\"},\"image\":{\"@id\":\"https:\\\/\\\/www.filha.fi\\\/hankkeet\\\/kansallinen-sisailma-ja-terveys-ohjelma-2018-2028\\\/sisailma-materiaalit\\\/#primaryimage\"},\"thumbnailUrl\":\"https:\\\/\\\/www.filha.fi\\\/wp-content\\\/uploads\\\/2022\\\/12\\\/Terveyskylapro_verkkokuva_b-216x300.jpg\",\"datePublished\":\"2021-02-23T13:35:34+00:00\",\"dateModified\":\"2025-10-30T16:46:39+00:00\",\"breadcrumb\":{\"@id\":\"https:\\\/\\\/www.filha.fi\\\/hankkeet\\\/kansallinen-sisailma-ja-terveys-ohjelma-2018-2028\\\/sisailma-materiaalit\\\/#breadcrumb\"},\"inLanguage\":\"en-US\",\"potentialAction\":[{\"@type\":\"ReadAction\",\"target\":[\"https:\\\/\\\/www.filha.fi\\\/hankkeet\\\/kansallinen-sisailma-ja-terveys-ohjelma-2018-2028\\\/sisailma-materiaalit\\\/\"]}]},{\"@type\":\"ImageObject\",\"inLanguage\":\"en-US\",\"@id\":\"https:\\\/\\\/www.filha.fi\\\/hankkeet\\\/kansallinen-sisailma-ja-terveys-ohjelma-2018-2028\\\/sisailma-materiaalit\\\/#primaryimage\",\"url\":\"https:\\\/\\\/www.filha.fi\\\/wp-content\\\/uploads\\\/2022\\\/12\\\/Terveyskylapro_verkkokuva_b-216x300.jpg\",\"contentUrl\":\"https:\\\/\\\/www.filha.fi\\\/wp-content\\\/uploads\\\/2022\\\/12\\\/Terveyskylapro_verkkokuva_b-216x300.jpg\"},{\"@type\":\"BreadcrumbList\",\"@id\":\"https:\\\/\\\/www.filha.fi\\\/hankkeet\\\/kansallinen-sisailma-ja-terveys-ohjelma-2018-2028\\\/sisailma-materiaalit\\\/#breadcrumb\",\"itemListElement\":[{\"@type\":\"ListItem\",\"position\":1,\"name\":\"Home\",\"item\":\"https:\\\/\\\/www.filha.fi\\\/\"},{\"@type\":\"ListItem\",\"position\":2,\"name\":\"Hankkeet\",\"item\":\"https:\\\/\\\/www.filha.fi\\\/hankkeet\\\/\"},{\"@type\":\"ListItem\",\"position\":3,\"name\":\"Kansallinen sis\u00e4ilma ja terveys -ohjelma 2018\u20132028\",\"item\":\"https:\\\/\\\/www.filha.fi\\\/hankkeet\\\/kansallinen-sisailma-ja-terveys-ohjelma-2018-2028\\\/\"},{\"@type\":\"ListItem\",\"position\":4,\"name\":\"Materiaalia terveydenhuollon ammattilaisille\"}]},{\"@type\":\"WebSite\",\"@id\":\"https:\\\/\\\/www.filha.fi\\\/#website\",\"url\":\"https:\\\/\\\/www.filha.fi\\\/\",\"name\":\"Filha\",\"description\":\"Expertise in lung health\",\"publisher\":{\"@id\":\"https:\\\/\\\/www.filha.fi\\\/#organization\"},\"potentialAction\":[{\"@type\":\"SearchAction\",\"target\":{\"@type\":\"EntryPoint\",\"urlTemplate\":\"https:\\\/\\\/www.filha.fi\\\/?s={search_term_string}\"},\"query-input\":{\"@type\":\"PropertyValueSpecification\",\"valueRequired\":true,\"valueName\":\"search_term_string\"}}],\"inLanguage\":\"en-US\"},{\"@type\":\"Organization\",\"@id\":\"https:\\\/\\\/www.filha.fi\\\/#organization\",\"name\":\"Filha ry\",\"url\":\"https:\\\/\\\/www.filha.fi\\\/\",\"logo\":{\"@type\":\"ImageObject\",\"inLanguage\":\"en-US\",\"@id\":\"https:\\\/\\\/www.filha.fi\\\/#\\\/schema\\\/logo\\\/image\\\/\",\"url\":\"https:\\\/\\\/www.filha.fi\\\/wp-content\\\/uploads\\\/2019\\\/04\\\/Filha-logo.png\",\"contentUrl\":\"https:\\\/\\\/www.filha.fi\\\/wp-content\\\/uploads\\\/2019\\\/04\\\/Filha-logo.png\",\"width\":960,\"height\":1230,\"caption\":\"Filha ry\"},\"image\":{\"@id\":\"https:\\\/\\\/www.filha.fi\\\/#\\\/schema\\\/logo\\\/image\\\/\"}}]}<\/script>\n<!-- \/ Yoast SEO plugin. -->","yoast_head_json":{"title":"Materiaalia terveydenhuollon ammattilaisille - Filha","robots":{"index":"index","follow":"follow","max-snippet":"max-snippet:-1","max-image-preview":"max-image-preview:large","max-video-preview":"max-video-preview:-1"},"canonical":"https:\/\/www.filha.fi\/hankkeet\/kansallinen-sisailma-ja-terveys-ohjelma-2018-2028\/sisailma-materiaalit\/","og_locale":"en_US","og_type":"article","og_title":"Materiaalia terveydenhuollon ammattilaisille - Filha","og_url":"https:\/\/www.filha.fi\/hankkeet\/kansallinen-sisailma-ja-terveys-ohjelma-2018-2028\/sisailma-materiaalit\/","og_site_name":"Filha","article_modified_time":"2025-10-30T16:46:39+00:00","og_image":[{"width":1063,"height":1476,"url":"https:\/\/www.filha.fi\/wp-content\/uploads\/2022\/12\/Terveyskylapro_verkkokuva_b.jpg","type":"image\/jpeg"}],"twitter_card":"summary_large_image","twitter_misc":{"Est. reading time":"3 minutes"},"schema":{"@context":"https:\/\/schema.org","@graph":[{"@type":"WebPage","@id":"https:\/\/www.filha.fi\/hankkeet\/kansallinen-sisailma-ja-terveys-ohjelma-2018-2028\/sisailma-materiaalit\/","url":"https:\/\/www.filha.fi\/hankkeet\/kansallinen-sisailma-ja-terveys-ohjelma-2018-2028\/sisailma-materiaalit\/","name":"Materiaalia terveydenhuollon ammattilaisille - Filha","isPartOf":{"@id":"https:\/\/www.filha.fi\/#website"},"primaryImageOfPage":{"@id":"https:\/\/www.filha.fi\/hankkeet\/kansallinen-sisailma-ja-terveys-ohjelma-2018-2028\/sisailma-materiaalit\/#primaryimage"},"image":{"@id":"https:\/\/www.filha.fi\/hankkeet\/kansallinen-sisailma-ja-terveys-ohjelma-2018-2028\/sisailma-materiaalit\/#primaryimage"},"thumbnailUrl":"https:\/\/www.filha.fi\/wp-content\/uploads\/2022\/12\/Terveyskylapro_verkkokuva_b-216x300.jpg","datePublished":"2021-02-23T13:35:34+00:00","dateModified":"2025-10-30T16:46:39+00:00","breadcrumb":{"@id":"https:\/\/www.filha.fi\/hankkeet\/kansallinen-sisailma-ja-terveys-ohjelma-2018-2028\/sisailma-materiaalit\/#breadcrumb"},"inLanguage":"en-US","potentialAction":[{"@type":"ReadAction","target":["https:\/\/www.filha.fi\/hankkeet\/kansallinen-sisailma-ja-terveys-ohjelma-2018-2028\/sisailma-materiaalit\/"]}]},{"@type":"ImageObject","inLanguage":"en-US","@id":"https:\/\/www.filha.fi\/hankkeet\/kansallinen-sisailma-ja-terveys-ohjelma-2018-2028\/sisailma-materiaalit\/#primaryimage","url":"https:\/\/www.filha.fi\/wp-content\/uploads\/2022\/12\/Terveyskylapro_verkkokuva_b-216x300.jpg","contentUrl":"https:\/\/www.filha.fi\/wp-content\/uploads\/2022\/12\/Terveyskylapro_verkkokuva_b-216x300.jpg"},{"@type":"BreadcrumbList","@id":"https:\/\/www.filha.fi\/hankkeet\/kansallinen-sisailma-ja-terveys-ohjelma-2018-2028\/sisailma-materiaalit\/#breadcrumb","itemListElement":[{"@type":"ListItem","position":1,"name":"Home","item":"https:\/\/www.filha.fi\/"},{"@type":"ListItem","position":2,"name":"Hankkeet","item":"https:\/\/www.filha.fi\/hankkeet\/"},{"@type":"ListItem","position":3,"name":"Kansallinen sis\u00e4ilma ja terveys -ohjelma 2018\u20132028","item":"https:\/\/www.filha.fi\/hankkeet\/kansallinen-sisailma-ja-terveys-ohjelma-2018-2028\/"},{"@type":"ListItem","position":4,"name":"Materiaalia terveydenhuollon ammattilaisille"}]},{"@type":"WebSite","@id":"https:\/\/www.filha.fi\/#website","url":"https:\/\/www.filha.fi\/","name":"Filha","description":"Expertise in lung health","publisher":{"@id":"https:\/\/www.filha.fi\/#organization"},"potentialAction":[{"@type":"SearchAction","target":{"@type":"EntryPoint","urlTemplate":"https:\/\/www.filha.fi\/?s={search_term_string}"},"query-input":{"@type":"PropertyValueSpecification","valueRequired":true,"valueName":"search_term_string"}}],"inLanguage":"en-US"},{"@type":"Organization","@id":"https:\/\/www.filha.fi\/#organization","name":"Filha ry","url":"https:\/\/www.filha.fi\/","logo":{"@type":"ImageObject","inLanguage":"en-US","@id":"https:\/\/www.filha.fi\/#\/schema\/logo\/image\/","url":"https:\/\/www.filha.fi\/wp-content\/uploads\/2019\/04\/Filha-logo.png","contentUrl":"https:\/\/www.filha.fi\/wp-content\/uploads\/2019\/04\/Filha-logo.png","width":960,"height":1230,"caption":"Filha ry"},"image":{"@id":"https:\/\/www.filha.fi\/#\/schema\/logo\/image\/"}}]}},"_links":{"self":[{"href":"https:\/\/www.filha.fi\/en\/wp-json\/wp\/v2\/pages\/7307","targetHints":{"allow":["GET"]}}],"collection":[{"href":"https:\/\/www.filha.fi\/en\/wp-json\/wp\/v2\/pages"}],"about":[{"href":"https:\/\/www.filha.fi\/en\/wp-json\/wp\/v2\/types\/page"}],"author":[{"embeddable":true,"href":"https:\/\/www.filha.fi\/en\/wp-json\/wp\/v2\/users\/4"}],"replies":[{"embeddable":true,"href":"https:\/\/www.filha.fi\/en\/wp-json\/wp\/v2\/comments?post=7307"}],"version-history":[{"count":1,"href":"https:\/\/www.filha.fi\/en\/wp-json\/wp\/v2\/pages\/7307\/revisions"}],"predecessor-version":[{"id":34074,"href":"https:\/\/www.filha.fi\/en\/wp-json\/wp\/v2\/pages\/7307\/revisions\/34074"}],"up":[{"embeddable":true,"href":"https:\/\/www.filha.fi\/en\/wp-json\/wp\/v2\/pages\/1850"}],"wp:attachment":[{"href":"https:\/\/www.filha.fi\/en\/wp-json\/wp\/v2\/media?parent=7307"}],"wp:term":[{"taxonomy":"category","embeddable":true,"href":"https:\/\/www.filha.fi\/en\/wp-json\/wp\/v2\/categories?post=7307"}],"curies":[{"name":"wp","href":"https:\/\/api.w.org\/{rel}","templated":true}]}}