{"id":75,"date":"2015-09-09T08:30:39","date_gmt":"2015-09-09T08:30:39","guid":{"rendered":"http:\/\/www.filha.fi\/content_page\/toimivat-palkeet\/"},"modified":"2023-06-20T11:18:47","modified_gmt":"2023-06-20T08:18:47","slug":"toimivat-palkeet","status":"publish","type":"page","link":"https:\/\/www.filha.fi\/en\/hankkeet\/toimivat-palkeet\/","title":{"rendered":"Toimivat palkeet"},"content":{"rendered":"<table border=\"1\" cellspacing=\"0\" cellpadding=\"0\">\n<tbody>\n<tr>\n<td>Kesto kk\/vuosi \u2013 kk\/vuosi<\/td>\n<td>2014\u20132018<\/td>\n<\/tr>\n<tr>\n<td>P\u00e4\u00e4toteuttaja<\/td>\n<td>Filha ry<\/td>\n<\/tr>\n<tr>\n<td>Muut toteuttajat<\/td>\n<td>Allergia- Iho- ja Astmaliitto, Apteekkariliitto, Hengitysliitto, Hoitoty\u00f6n tutkimuss\u00e4\u00e4ti\u00f6<\/td>\n<\/tr>\n<tr>\n<td>Rahoittajat<\/td>\n<td>Ray<\/td>\n<\/tr>\n<tr>\n<td>Yhteisty\u00f6kumppanit<\/td>\n<td>Kouvolan hyvinvointipalvelut, Kymenlaakson Ik\u00e4Opastin -hanke, Kouvolan apteekit, paikalliset j\u00e4rjest\u00f6t<\/td>\n<\/tr>\n<tr>\n<td>Kohderyhm\u00e4<\/td>\n<td>Ik\u00e4\u00e4ntyv\u00e4t astmaa ja keuhkoahtaumatautia sairastavat ja heid\u00e4n l\u00e4heiset<\/td>\n<\/tr>\n<tr>\n<td>Lyhyt kuvaus<\/td>\n<td>Toimivat palkeet \u00a0\u2013 ik\u00e4\u00e4ntyv\u00e4n hengityssairaan arki -projektissa etsit\u00e4\u00e4n yhdess\u00e4 hengityssairaiden kanssa omahoitoa, p\u00e4rj\u00e4\u00e4mist\u00e4 ja vaikutusmahdollisuuksia tukevia uusia keinoja. Projektissa kehitet\u00e4\u00e4n \u00a0palveluk\u00e4yt\u00e4nt\u00f6j\u00e4, joissa yhdistet\u00e4\u00e4n mukana olevien j\u00e4rjest\u00f6jen, julkisen sektorin sek\u00e4 hengityssairaan ja h\u00e4nen omaisensa laaja-alainen osaaminen ja asiantuntemus. <strong>Projekti toimii t\u00e4ll\u00e4 hetkell\u00e4 Kouvolassa.<\/strong><\/p>\n<p><strong>Toimintaa voi seurata<\/strong>\u00a0<a href=\"https:\/\/www.facebook.com\/toimivatpalkeet\/\" target=\"_blank\" rel=\"noopener noreferrer\">Toimivat palkeet Facebook &#8211; sivuilla<\/a><\/td>\n<\/tr>\n<tr>\n<td>Yhteyshenkil\u00f6<\/td>\n<td>Ulla Vetel\u00e4suo,<br \/>\np. 040-5753050<br \/>\n<a href=\"mailto:ulla.vetelasuo@filha.fi\">ulla.vetelasuo@filha.fi<\/a><\/td>\n<\/tr>\n<\/tbody>\n<\/table>\n<p><strong>Hankkeen tiedotteet:<\/strong><\/p>\n<p><a href=\"http:\/\/www.filha.fi\/wp-content\/uploads\/2019\/05\/Toimivat-Palkeet-tiedote-6.2.2017.pdf\" target=\"_blank\" rel=\"noopener noreferrer\">Hankkeella tukea hengityssairaan arkeen (6.2.2017)<\/a><\/p>\n<p><strong>Toimivat palkeet -hankkeessa tavattiin, havainnoitiin ja haastateltiin useita ik\u00e4\u00e4ntyvi\u00e4 hengityssairaita.<\/strong><\/p>\n<p>N\u00e4iden keskusteluiden perusteella kiteytettiin 20 asiaa, jotka parantaisivat hengityssairaiden<br \/>\nomahoitovalmiuksia ja p\u00e4rj\u00e4\u00e4mist\u00e4. Hankkeessa n\u00e4it\u00e4 esiin tulleita asioita kutsuttiin<br \/>\nteeseiksi, mutta niiden avulla voidaan my\u00f6s m\u00e4\u00e4ritell\u00e4 hengityssairaan hoidon laatua.<\/p>\n<p><strong>Ik\u00e4\u00e4ntyneen hengityssairaan hoitoteesit<\/strong>:\u00a0<a href=\"http:\/\/www.filha.fi\/wp-content\/uploads\/2015\/09\/tp_teesit_2018.pdf\" type=\"application\/pdf; length=57294\">Toimivan palkeet teesit 2018 (pdf)<\/a><\/p>\n<p>Kymenlaakson ik\u00e4ihmisille suunnattua neuvontaa ja ohjausta l\u00f6ytyy sivuilta\u00a0www.kymenlaaksonopastin.fi.<\/p>\n<p>Sivuilta l\u00f6ytyy my\u00f6s ik\u00e4\u00e4ntyville hengityssairaille tehty palveluopas.<\/p>\n<p><strong>Toimivat palkeet hankkeen kyselylomakkeita:<\/strong><\/p>\n<p><a href=\"http:\/\/www.filha.fi\/wp-content\/uploads\/2019\/05\/keuhkoahtaumatautia_sairastavan_omahoitokysely.docx\" target=\"_blank\" rel=\"noopener noreferrer\">Keuhkoahtaumatautia sairastavan omahoitokysely<\/a> (Word-lomake)<\/p>\n<p><a href=\"http:\/\/www.filha.fi\/wp-content\/uploads\/2019\/05\/Hengityssairaiden-rekrytointilomake-palvelujen-yhteiskehittamiseen.docx\" target=\"_blank\" rel=\"noopener noreferrer\">Hengityssairaiden rekrytointilomake palvelujen yhteiskehittamiseen<\/a> (Word-lomake)<\/p>\n<p><a href=\"http:\/\/www.filha.fi\/wp-content\/uploads\/2019\/05\/Astmaa-sairastavan-omahoitokysely.docx\" target=\"_blank\" rel=\"noopener noreferrer\">Astmaa sairastavan omahoitokysely<\/a> (Word-lomake)<\/p>\n<p><a href=\"http:\/\/www.filha.fi\/wp-content\/uploads\/2019\/05\/Kysely-kotihappihoitoa-kayttaville-2015.docx\" target=\"_blank\" rel=\"noopener noreferrer\">Kysely kotihappihoitoa k\u00e4ytt\u00e4ville<\/a> (Word-lomake)<\/p>\n<p><strong>Hankkeen materiaaleja:<\/strong><\/p>\n<p><a href=\"http:\/\/www.filha.fi\/wp-content\/uploads\/2019\/05\/Toimivat-palkeet-Kouvola-esite.pdf\" target=\"_blank\" rel=\"noopener noreferrer\">Toimivat palkeet, Kouvola -esite<\/a><\/p>\n<p><a href=\"http:\/\/www.filha.fi\/wp-content\/uploads\/2019\/05\/Palveluja-ja-tukea-ik\u00e4\u00e4ntyv\u00e4lle-hengityssairaalle-Kouvolassa-2017.pdf\" target=\"_blank\" rel=\"noopener noreferrer\">Palveluja ja tukea ik\u00e4\u00e4ntyv\u00e4lle hengityssairaalle Kouvolassa 2017<\/a><\/p>\n","protected":false},"excerpt":{"rendered":"<p>Kesto kk\/vuosi \u2013 kk\/vuosi 2014\u20132018 P\u00e4\u00e4toteuttaja Filha ry Muut toteuttajat Allergia- Iho- ja Astmaliitto, Apteekkariliitto, Hengitysliitto, Hoitoty\u00f6n tutkimuss\u00e4\u00e4ti\u00f6 Rahoittajat Ray Yhteisty\u00f6kumppanit Kouvolan hyvinvointipalvelut, Kymenlaakson Ik\u00e4Opastin -hanke, Kouvolan apteekit, paikalliset j\u00e4rjest\u00f6t &#8230; <a title=\"Toimivat palkeet\" class=\"read-more\" href=\"https:\/\/www.filha.fi\/en\/hankkeet\/toimivat-palkeet\/\" aria-label=\"Read more about Toimivat palkeet\">Read more<\/a><\/p>\n","protected":false},"author":4,"featured_media":0,"parent":37,"menu_order":0,"comment_status":"closed","ping_status":"closed","template":"","meta":{"_acf_changed":false,"footnotes":""},"categories":[4,5,32,34],"class_list":["post-75","page","type-page","status-publish","category-astma","category-keuhkoahtaumatauti","category-toimivat-palkeet","category-ulla"],"translation":{"provider":"WPGlobus","version":"3.0.2","language":"en","enabled_languages":["fi","en"],"languages":{"fi":{"title":true,"content":true,"excerpt":false},"en":{"title":false,"content":false,"excerpt":false}}},"acf":[],"yoast_head":"<!-- This site is optimized with the Yoast SEO plugin v27.4 - https:\/\/yoast.com\/product\/yoast-seo-wordpress\/ -->\n<title>Toimivat palkeet - Filha<\/title>\n<meta name=\"robots\" content=\"index, follow, max-snippet:-1, max-image-preview:large, max-video-preview:-1\" \/>\n<link rel=\"canonical\" href=\"https:\/\/www.filha.fi\/hankkeet\/toimivat-palkeet\/\" \/>\n<meta property=\"og:locale\" content=\"en_US\" \/>\n<meta property=\"og:type\" content=\"article\" \/>\n<meta property=\"og:title\" content=\"Toimivat palkeet - Filha\" \/>\n<meta property=\"og:url\" content=\"https:\/\/www.filha.fi\/hankkeet\/toimivat-palkeet\/\" \/>\n<meta property=\"og:site_name\" content=\"Filha\" \/>\n<meta property=\"article:modified_time\" content=\"2023-06-20T08:18:47+00:00\" \/>\n<meta property=\"og:image\" content=\"https:\/\/www.filha.fi\/wp-content\/uploads\/2019\/04\/Filha-logo.png\" \/>\n\t<meta property=\"og:image:width\" content=\"960\" \/>\n\t<meta property=\"og:image:height\" content=\"1230\" \/>\n\t<meta property=\"og:image:type\" content=\"image\/png\" \/>\n<meta name=\"twitter:card\" content=\"summary_large_image\" \/>\n<meta name=\"twitter:label1\" content=\"Est. reading time\" \/>\n\t<meta name=\"twitter:data1\" content=\"1 minute\" \/>\n<script type=\"application\/ld+json\" class=\"yoast-schema-graph\">{\"@context\":\"https:\\\/\\\/schema.org\",\"@graph\":[{\"@type\":\"WebPage\",\"@id\":\"https:\\\/\\\/www.filha.fi\\\/hankkeet\\\/toimivat-palkeet\\\/\",\"url\":\"https:\\\/\\\/www.filha.fi\\\/hankkeet\\\/toimivat-palkeet\\\/\",\"name\":\"Toimivat palkeet - Filha\",\"isPartOf\":{\"@id\":\"https:\\\/\\\/www.filha.fi\\\/#website\"},\"datePublished\":\"2015-09-09T08:30:39+00:00\",\"dateModified\":\"2023-06-20T08:18:47+00:00\",\"breadcrumb\":{\"@id\":\"https:\\\/\\\/www.filha.fi\\\/hankkeet\\\/toimivat-palkeet\\\/#breadcrumb\"},\"inLanguage\":\"en-US\",\"potentialAction\":[{\"@type\":\"ReadAction\",\"target\":[\"https:\\\/\\\/www.filha.fi\\\/hankkeet\\\/toimivat-palkeet\\\/\"]}]},{\"@type\":\"BreadcrumbList\",\"@id\":\"https:\\\/\\\/www.filha.fi\\\/hankkeet\\\/toimivat-palkeet\\\/#breadcrumb\",\"itemListElement\":[{\"@type\":\"ListItem\",\"position\":1,\"name\":\"Home\",\"item\":\"https:\\\/\\\/www.filha.fi\\\/\"},{\"@type\":\"ListItem\",\"position\":2,\"name\":\"Hankkeet\",\"item\":\"https:\\\/\\\/www.filha.fi\\\/hankkeet\\\/\"},{\"@type\":\"ListItem\",\"position\":3,\"name\":\"Toimivat palkeet\"}]},{\"@type\":\"WebSite\",\"@id\":\"https:\\\/\\\/www.filha.fi\\\/#website\",\"url\":\"https:\\\/\\\/www.filha.fi\\\/\",\"name\":\"Filha\",\"description\":\"Expertise in lung health\",\"publisher\":{\"@id\":\"https:\\\/\\\/www.filha.fi\\\/#organization\"},\"potentialAction\":[{\"@type\":\"SearchAction\",\"target\":{\"@type\":\"EntryPoint\",\"urlTemplate\":\"https:\\\/\\\/www.filha.fi\\\/?s={search_term_string}\"},\"query-input\":{\"@type\":\"PropertyValueSpecification\",\"valueRequired\":true,\"valueName\":\"search_term_string\"}}],\"inLanguage\":\"en-US\"},{\"@type\":\"Organization\",\"@id\":\"https:\\\/\\\/www.filha.fi\\\/#organization\",\"name\":\"Filha ry\",\"url\":\"https:\\\/\\\/www.filha.fi\\\/\",\"logo\":{\"@type\":\"ImageObject\",\"inLanguage\":\"en-US\",\"@id\":\"https:\\\/\\\/www.filha.fi\\\/#\\\/schema\\\/logo\\\/image\\\/\",\"url\":\"https:\\\/\\\/www.filha.fi\\\/wp-content\\\/uploads\\\/2019\\\/04\\\/Filha-logo.png\",\"contentUrl\":\"https:\\\/\\\/www.filha.fi\\\/wp-content\\\/uploads\\\/2019\\\/04\\\/Filha-logo.png\",\"width\":960,\"height\":1230,\"caption\":\"Filha ry\"},\"image\":{\"@id\":\"https:\\\/\\\/www.filha.fi\\\/#\\\/schema\\\/logo\\\/image\\\/\"}}]}<\/script>\n<!-- \/ Yoast SEO plugin. -->","yoast_head_json":{"title":"Toimivat palkeet - Filha","robots":{"index":"index","follow":"follow","max-snippet":"max-snippet:-1","max-image-preview":"max-image-preview:large","max-video-preview":"max-video-preview:-1"},"canonical":"https:\/\/www.filha.fi\/hankkeet\/toimivat-palkeet\/","og_locale":"en_US","og_type":"article","og_title":"Toimivat palkeet - Filha","og_url":"https:\/\/www.filha.fi\/hankkeet\/toimivat-palkeet\/","og_site_name":"Filha","article_modified_time":"2023-06-20T08:18:47+00:00","og_image":[{"width":960,"height":1230,"url":"https:\/\/www.filha.fi\/wp-content\/uploads\/2019\/04\/Filha-logo.png","type":"image\/png"}],"twitter_card":"summary_large_image","twitter_misc":{"Est. reading time":"1 minute"},"schema":{"@context":"https:\/\/schema.org","@graph":[{"@type":"WebPage","@id":"https:\/\/www.filha.fi\/hankkeet\/toimivat-palkeet\/","url":"https:\/\/www.filha.fi\/hankkeet\/toimivat-palkeet\/","name":"Toimivat palkeet - Filha","isPartOf":{"@id":"https:\/\/www.filha.fi\/#website"},"datePublished":"2015-09-09T08:30:39+00:00","dateModified":"2023-06-20T08:18:47+00:00","breadcrumb":{"@id":"https:\/\/www.filha.fi\/hankkeet\/toimivat-palkeet\/#breadcrumb"},"inLanguage":"en-US","potentialAction":[{"@type":"ReadAction","target":["https:\/\/www.filha.fi\/hankkeet\/toimivat-palkeet\/"]}]},{"@type":"BreadcrumbList","@id":"https:\/\/www.filha.fi\/hankkeet\/toimivat-palkeet\/#breadcrumb","itemListElement":[{"@type":"ListItem","position":1,"name":"Home","item":"https:\/\/www.filha.fi\/"},{"@type":"ListItem","position":2,"name":"Hankkeet","item":"https:\/\/www.filha.fi\/hankkeet\/"},{"@type":"ListItem","position":3,"name":"Toimivat palkeet"}]},{"@type":"WebSite","@id":"https:\/\/www.filha.fi\/#website","url":"https:\/\/www.filha.fi\/","name":"Filha","description":"Expertise in lung health","publisher":{"@id":"https:\/\/www.filha.fi\/#organization"},"potentialAction":[{"@type":"SearchAction","target":{"@type":"EntryPoint","urlTemplate":"https:\/\/www.filha.fi\/?s={search_term_string}"},"query-input":{"@type":"PropertyValueSpecification","valueRequired":true,"valueName":"search_term_string"}}],"inLanguage":"en-US"},{"@type":"Organization","@id":"https:\/\/www.filha.fi\/#organization","name":"Filha ry","url":"https:\/\/www.filha.fi\/","logo":{"@type":"ImageObject","inLanguage":"en-US","@id":"https:\/\/www.filha.fi\/#\/schema\/logo\/image\/","url":"https:\/\/www.filha.fi\/wp-content\/uploads\/2019\/04\/Filha-logo.png","contentUrl":"https:\/\/www.filha.fi\/wp-content\/uploads\/2019\/04\/Filha-logo.png","width":960,"height":1230,"caption":"Filha ry"},"image":{"@id":"https:\/\/www.filha.fi\/#\/schema\/logo\/image\/"}}]}},"_links":{"self":[{"href":"https:\/\/www.filha.fi\/en\/wp-json\/wp\/v2\/pages\/75","targetHints":{"allow":["GET"]}}],"collection":[{"href":"https:\/\/www.filha.fi\/en\/wp-json\/wp\/v2\/pages"}],"about":[{"href":"https:\/\/www.filha.fi\/en\/wp-json\/wp\/v2\/types\/page"}],"author":[{"embeddable":true,"href":"https:\/\/www.filha.fi\/en\/wp-json\/wp\/v2\/users\/4"}],"replies":[{"embeddable":true,"href":"https:\/\/www.filha.fi\/en\/wp-json\/wp\/v2\/comments?post=75"}],"version-history":[{"count":0,"href":"https:\/\/www.filha.fi\/en\/wp-json\/wp\/v2\/pages\/75\/revisions"}],"up":[{"embeddable":true,"href":"https:\/\/www.filha.fi\/en\/wp-json\/wp\/v2\/pages\/37"}],"wp:attachment":[{"href":"https:\/\/www.filha.fi\/en\/wp-json\/wp\/v2\/media?parent=75"}],"wp:term":[{"taxonomy":"category","embeddable":true,"href":"https:\/\/www.filha.fi\/en\/wp-json\/wp\/v2\/categories?post=75"}],"curies":[{"name":"wp","href":"https:\/\/api.w.org\/{rel}","templated":true}]}}