{"id":7531,"date":"2021-03-20T13:35:19","date_gmt":"2021-03-20T11:35:19","guid":{"rendered":"https:\/\/www.filha.fi\/?page_id=7531"},"modified":"2024-02-09T14:48:04","modified_gmt":"2024-02-09T12:48:04","slug":"maahanmuuttajat-ja-tb","status":"publish","type":"page","link":"https:\/\/www.filha.fi\/en\/tuberkuloosi\/maahanmuuttajat-ja-tb\/","title":{"rendered":"Maahanmuuttajat ja TB"},"content":{"rendered":"<h3><strong>Tartunnanj\u00e4ljitys<\/strong><\/h3>\n<p><a href=\"https:\/\/www.filha.fi\/tuberkuloosi\/tartunnanjaljitys\/\">Tartunnanj\u00e4ljitys<\/a>-sivulla on tietoa tartunnanj\u00e4ljityksest\u00e4 ammattilaisille ja potilaille.<\/p>\n<h3><strong>Latentti tuberkuloosi-infektio (LTBI) ja tuberkuloosiseulonnat<\/strong><\/h3>\n<p><a href=\"https:\/\/www.filha.fi\/latentti-tuberkuloosi-infektio-ltbi-ja-tuberkuloosiseulonnat\/\" target=\"_blank\" rel=\"noopener\">Latentti tuberkuloosi-infektio (LTBI) ja tuberkuloosiseulonnat<\/a> -sivulla on seulontaohjeita mm. raskaana oleville sek\u00e4 elinsiirtoa tai biologista l\u00e4\u00e4kett\u00e4 harkittaessa.<\/p>\n<h3><strong>Ramadan ja tuberkuloosihoito<\/strong><\/h3>\n<p><a href=\"https:\/\/www.filha.fi\/tuberkuloosi\/maahanmuuttajat-ja-tb\/ramadan-ja-tuberkuloosihoito\/\" rel=\"noopener\">Ramadan ja tuberkuloosihoito<\/a> Tulostettava ohje eri kielill\u00e4 paastosta tuberkuloosin aikana.<\/p>\n<h3><strong>Tietoa tuberkuloosista eri kielill\u00e4<\/strong><\/h3>\n<p><a href=\"http:\/\/tuberkuloosi.fi\/materiaali\/\" target=\"_blank\" rel=\"attachment noopener wp-att-995\"><img decoding=\"async\" class=\"size-medium wp-image-995\" src=\"https:\/\/www.filha.fi\/wp-content\/uploads\/2019\/04\/tuberkuloosi.fi-logo-300x67.jpg\" alt=\"tuberkuloosi.fi logo\" width=\"300\" height=\"67\" srcset=\"https:\/\/www.filha.fi\/wp-content\/uploads\/2019\/04\/tuberkuloosi.fi-logo-300x67.jpg 300w, https:\/\/www.filha.fi\/wp-content\/uploads\/2019\/04\/tuberkuloosi.fi-logo-768x172.jpg 768w, https:\/\/www.filha.fi\/wp-content\/uploads\/2019\/04\/tuberkuloosi.fi-logo-1024x229.jpg 1024w, https:\/\/www.filha.fi\/wp-content\/uploads\/2019\/04\/tuberkuloosi.fi-logo.jpg 1598w\" sizes=\"(max-width: 300px) 100vw, 300px\" \/><\/a><\/p>\n<p><a href=\"https:\/\/tuberkuloosi.fi\" target=\"_blank\" rel=\"noopener\">tuberkuloosi.fi-sivustolta l\u00f6yd\u00e4t tuberkuloosi\u200btietoa<\/a> 11 kielell\u00e4.<\/p>\n<p>Siell\u00e4 on my\u00f6s tulostettavia <a href=\"https:\/\/tuberkuloosi.fi\/materiaali\/tb-oppaat\/\" target=\"_blank\" rel=\"noopener\">oppaita ja potilasohjeita<\/a> monilla eri kielill\u00e4.<\/p>\n<p>Tutustu my\u00f6s <a href=\"https:\/\/tuberkuloosi.fi\/apua\/vertaistuki\/\" target=\"_blank\" rel=\"noopener\">tuberkuloosi\u200bpotilaiden vertaistukeen<\/a>.<\/p>\n<h3>Maahanmuuttajat ja tuberkuloosi -verkkokurssi<\/h3>\n<p>Filhan ja Duodecimin tekem\u00e4 maksuton verkkokurssi <a href=\"https:\/\/www.oppiportti.fi\/op\/dvk00051\" target=\"_blank\" rel=\"noopener\">Oppiportissa<\/a>.<\/p>\n<h3><strong>Tuberkuloosiin ja hiviin liittyv\u00e4t asenteet ja tiedot<\/strong><\/h3>\n<p><a href=\"https:\/\/www.filha.fi\/wp-content\/uploads\/2019\/05\/suomeen_tulevien_turvapaikanhakijoiden_tuberkuloosiin_ja_hiviin_liittyvat_asenteet_ja_tiedot.pdf\" target=\"_blank\" rel=\"noopener\">Suomeen tulevien turvapaikanhakijoiden tuberkuloosiin ja hiviin liittyv\u00e4t asenteet ja tiedot <\/a>(pdf).\u00a0 <a href=\"https:\/\/www.filha.fi\/hankkeet\/paattyneet\/tie-hanke\/\" target=\"_blank\" rel=\"noopener\">TIE-hankkeessa<\/a> laaditussa kirjallisuuskatsauksessa kartoitetaan Suomen suurimpien turvapaikanhakijaryhmien tuberkuloosiin ja hiviin liittyvi\u00e4 asenteita.<\/p>\n<h3><strong>Materiaalia vastaanottokeskusten henkil\u00f6kunnalle<\/strong><\/h3>\n<p>Maahanmuuttovirastossa pidetyn koulutuksen esitykset l\u00f6yd\u00e4t <a href=\"https:\/\/www.filha.fi\/tuberkuloosi\/maahanmuuttajat-ja-tb\/materiaalia-vastaanottokeskusten-henkilokunnalle\/\">t\u00e4\u00e4lt\u00e4<\/a>.<\/p>\n","protected":false},"excerpt":{"rendered":"<p>Tartunnanj\u00e4ljitys Tartunnanj\u00e4ljitys-sivulla on tietoa tartunnanj\u00e4ljityksest\u00e4 ammattilaisille ja potilaille. Latentti tuberkuloosi-infektio (LTBI) ja tuberkuloosiseulonnat Latentti tuberkuloosi-infektio (LTBI) ja tuberkuloosiseulonnat -sivulla on seulontaohjeita mm. raskaana oleville sek\u00e4 elinsiirtoa tai biologista l\u00e4\u00e4kett\u00e4 harkittaessa. &#8230; <a title=\"Maahanmuuttajat ja TB\" class=\"read-more\" href=\"https:\/\/www.filha.fi\/en\/tuberkuloosi\/maahanmuuttajat-ja-tb\/\" aria-label=\"Read more about Maahanmuuttajat ja TB\">Read more<\/a><\/p>\n","protected":false},"author":4,"featured_media":0,"parent":113,"menu_order":0,"comment_status":"closed","ping_status":"closed","template":"","meta":{"_acf_changed":false,"footnotes":""},"categories":[84,3],"class_list":["post-7531","page","type-page","status-publish","category-marianne","category-tuberkuloosi"],"translation":{"provider":"WPGlobus","version":"3.0.2","language":"en","enabled_languages":["fi","en"],"languages":{"fi":{"title":true,"content":true,"excerpt":false},"en":{"title":false,"content":false,"excerpt":false}}},"acf":[],"yoast_head":"<!-- This site is optimized with the Yoast SEO plugin v27.4 - https:\/\/yoast.com\/product\/yoast-seo-wordpress\/ -->\n<title>Maahanmuuttajat ja TB - Filha<\/title>\n<meta name=\"robots\" content=\"index, follow, max-snippet:-1, max-image-preview:large, max-video-preview:-1\" \/>\n<link rel=\"canonical\" href=\"https:\/\/www.filha.fi\/tuberkuloosi\/maahanmuuttajat-ja-tb\/\" \/>\n<meta property=\"og:locale\" content=\"en_US\" \/>\n<meta property=\"og:type\" content=\"article\" \/>\n<meta property=\"og:title\" content=\"Maahanmuuttajat ja TB - Filha\" \/>\n<meta property=\"og:url\" content=\"https:\/\/www.filha.fi\/tuberkuloosi\/maahanmuuttajat-ja-tb\/\" \/>\n<meta property=\"og:site_name\" content=\"Filha\" \/>\n<meta property=\"article:modified_time\" content=\"2024-02-09T12:48:04+00:00\" \/>\n<meta property=\"og:image\" content=\"https:\/\/www.filha.fi\/wp-content\/uploads\/2019\/04\/tuberkuloosi.fi-logo-300x67.jpg\" \/>\n<meta name=\"twitter:card\" content=\"summary_large_image\" \/>\n<meta name=\"twitter:label1\" content=\"Est. reading time\" \/>\n\t<meta name=\"twitter:data1\" content=\"1 minute\" \/>\n<script type=\"application\/ld+json\" class=\"yoast-schema-graph\">{\"@context\":\"https:\\\/\\\/schema.org\",\"@graph\":[{\"@type\":\"WebPage\",\"@id\":\"https:\\\/\\\/www.filha.fi\\\/tuberkuloosi\\\/maahanmuuttajat-ja-tb\\\/\",\"url\":\"https:\\\/\\\/www.filha.fi\\\/tuberkuloosi\\\/maahanmuuttajat-ja-tb\\\/\",\"name\":\"Maahanmuuttajat ja TB - Filha\",\"isPartOf\":{\"@id\":\"https:\\\/\\\/www.filha.fi\\\/#website\"},\"primaryImageOfPage\":{\"@id\":\"https:\\\/\\\/www.filha.fi\\\/tuberkuloosi\\\/maahanmuuttajat-ja-tb\\\/#primaryimage\"},\"image\":{\"@id\":\"https:\\\/\\\/www.filha.fi\\\/tuberkuloosi\\\/maahanmuuttajat-ja-tb\\\/#primaryimage\"},\"thumbnailUrl\":\"https:\\\/\\\/www.filha.fi\\\/wp-content\\\/uploads\\\/2019\\\/04\\\/tuberkuloosi.fi-logo-300x67.jpg\",\"datePublished\":\"2021-03-20T11:35:19+00:00\",\"dateModified\":\"2024-02-09T12:48:04+00:00\",\"breadcrumb\":{\"@id\":\"https:\\\/\\\/www.filha.fi\\\/tuberkuloosi\\\/maahanmuuttajat-ja-tb\\\/#breadcrumb\"},\"inLanguage\":\"en-US\",\"potentialAction\":[{\"@type\":\"ReadAction\",\"target\":[\"https:\\\/\\\/www.filha.fi\\\/tuberkuloosi\\\/maahanmuuttajat-ja-tb\\\/\"]}]},{\"@type\":\"ImageObject\",\"inLanguage\":\"en-US\",\"@id\":\"https:\\\/\\\/www.filha.fi\\\/tuberkuloosi\\\/maahanmuuttajat-ja-tb\\\/#primaryimage\",\"url\":\"https:\\\/\\\/www.filha.fi\\\/wp-content\\\/uploads\\\/2019\\\/04\\\/tuberkuloosi.fi-logo-300x67.jpg\",\"contentUrl\":\"https:\\\/\\\/www.filha.fi\\\/wp-content\\\/uploads\\\/2019\\\/04\\\/tuberkuloosi.fi-logo-300x67.jpg\"},{\"@type\":\"BreadcrumbList\",\"@id\":\"https:\\\/\\\/www.filha.fi\\\/tuberkuloosi\\\/maahanmuuttajat-ja-tb\\\/#breadcrumb\",\"itemListElement\":[{\"@type\":\"ListItem\",\"position\":1,\"name\":\"Home\",\"item\":\"https:\\\/\\\/www.filha.fi\\\/\"},{\"@type\":\"ListItem\",\"position\":2,\"name\":\"Tuberkuloosi\",\"item\":\"https:\\\/\\\/www.filha.fi\\\/tuberkuloosi\\\/\"},{\"@type\":\"ListItem\",\"position\":3,\"name\":\"Maahanmuuttajat ja TB\"}]},{\"@type\":\"WebSite\",\"@id\":\"https:\\\/\\\/www.filha.fi\\\/#website\",\"url\":\"https:\\\/\\\/www.filha.fi\\\/\",\"name\":\"Filha\",\"description\":\"Expertise in lung health\",\"publisher\":{\"@id\":\"https:\\\/\\\/www.filha.fi\\\/#organization\"},\"potentialAction\":[{\"@type\":\"SearchAction\",\"target\":{\"@type\":\"EntryPoint\",\"urlTemplate\":\"https:\\\/\\\/www.filha.fi\\\/?s={search_term_string}\"},\"query-input\":{\"@type\":\"PropertyValueSpecification\",\"valueRequired\":true,\"valueName\":\"search_term_string\"}}],\"inLanguage\":\"en-US\"},{\"@type\":\"Organization\",\"@id\":\"https:\\\/\\\/www.filha.fi\\\/#organization\",\"name\":\"Filha ry\",\"url\":\"https:\\\/\\\/www.filha.fi\\\/\",\"logo\":{\"@type\":\"ImageObject\",\"inLanguage\":\"en-US\",\"@id\":\"https:\\\/\\\/www.filha.fi\\\/#\\\/schema\\\/logo\\\/image\\\/\",\"url\":\"https:\\\/\\\/www.filha.fi\\\/wp-content\\\/uploads\\\/2019\\\/04\\\/Filha-logo.png\",\"contentUrl\":\"https:\\\/\\\/www.filha.fi\\\/wp-content\\\/uploads\\\/2019\\\/04\\\/Filha-logo.png\",\"width\":960,\"height\":1230,\"caption\":\"Filha ry\"},\"image\":{\"@id\":\"https:\\\/\\\/www.filha.fi\\\/#\\\/schema\\\/logo\\\/image\\\/\"}}]}<\/script>\n<!-- \/ Yoast SEO plugin. -->","yoast_head_json":{"title":"Maahanmuuttajat ja TB - Filha","robots":{"index":"index","follow":"follow","max-snippet":"max-snippet:-1","max-image-preview":"max-image-preview:large","max-video-preview":"max-video-preview:-1"},"canonical":"https:\/\/www.filha.fi\/tuberkuloosi\/maahanmuuttajat-ja-tb\/","og_locale":"en_US","og_type":"article","og_title":"Maahanmuuttajat ja TB - Filha","og_url":"https:\/\/www.filha.fi\/tuberkuloosi\/maahanmuuttajat-ja-tb\/","og_site_name":"Filha","article_modified_time":"2024-02-09T12:48:04+00:00","og_image":[{"url":"https:\/\/www.filha.fi\/wp-content\/uploads\/2019\/04\/tuberkuloosi.fi-logo-300x67.jpg","type":"","width":"","height":""}],"twitter_card":"summary_large_image","twitter_misc":{"Est. reading time":"1 minute"},"schema":{"@context":"https:\/\/schema.org","@graph":[{"@type":"WebPage","@id":"https:\/\/www.filha.fi\/tuberkuloosi\/maahanmuuttajat-ja-tb\/","url":"https:\/\/www.filha.fi\/tuberkuloosi\/maahanmuuttajat-ja-tb\/","name":"Maahanmuuttajat ja TB - Filha","isPartOf":{"@id":"https:\/\/www.filha.fi\/#website"},"primaryImageOfPage":{"@id":"https:\/\/www.filha.fi\/tuberkuloosi\/maahanmuuttajat-ja-tb\/#primaryimage"},"image":{"@id":"https:\/\/www.filha.fi\/tuberkuloosi\/maahanmuuttajat-ja-tb\/#primaryimage"},"thumbnailUrl":"https:\/\/www.filha.fi\/wp-content\/uploads\/2019\/04\/tuberkuloosi.fi-logo-300x67.jpg","datePublished":"2021-03-20T11:35:19+00:00","dateModified":"2024-02-09T12:48:04+00:00","breadcrumb":{"@id":"https:\/\/www.filha.fi\/tuberkuloosi\/maahanmuuttajat-ja-tb\/#breadcrumb"},"inLanguage":"en-US","potentialAction":[{"@type":"ReadAction","target":["https:\/\/www.filha.fi\/tuberkuloosi\/maahanmuuttajat-ja-tb\/"]}]},{"@type":"ImageObject","inLanguage":"en-US","@id":"https:\/\/www.filha.fi\/tuberkuloosi\/maahanmuuttajat-ja-tb\/#primaryimage","url":"https:\/\/www.filha.fi\/wp-content\/uploads\/2019\/04\/tuberkuloosi.fi-logo-300x67.jpg","contentUrl":"https:\/\/www.filha.fi\/wp-content\/uploads\/2019\/04\/tuberkuloosi.fi-logo-300x67.jpg"},{"@type":"BreadcrumbList","@id":"https:\/\/www.filha.fi\/tuberkuloosi\/maahanmuuttajat-ja-tb\/#breadcrumb","itemListElement":[{"@type":"ListItem","position":1,"name":"Home","item":"https:\/\/www.filha.fi\/"},{"@type":"ListItem","position":2,"name":"Tuberkuloosi","item":"https:\/\/www.filha.fi\/tuberkuloosi\/"},{"@type":"ListItem","position":3,"name":"Maahanmuuttajat ja TB"}]},{"@type":"WebSite","@id":"https:\/\/www.filha.fi\/#website","url":"https:\/\/www.filha.fi\/","name":"Filha","description":"Expertise in lung health","publisher":{"@id":"https:\/\/www.filha.fi\/#organization"},"potentialAction":[{"@type":"SearchAction","target":{"@type":"EntryPoint","urlTemplate":"https:\/\/www.filha.fi\/?s={search_term_string}"},"query-input":{"@type":"PropertyValueSpecification","valueRequired":true,"valueName":"search_term_string"}}],"inLanguage":"en-US"},{"@type":"Organization","@id":"https:\/\/www.filha.fi\/#organization","name":"Filha ry","url":"https:\/\/www.filha.fi\/","logo":{"@type":"ImageObject","inLanguage":"en-US","@id":"https:\/\/www.filha.fi\/#\/schema\/logo\/image\/","url":"https:\/\/www.filha.fi\/wp-content\/uploads\/2019\/04\/Filha-logo.png","contentUrl":"https:\/\/www.filha.fi\/wp-content\/uploads\/2019\/04\/Filha-logo.png","width":960,"height":1230,"caption":"Filha ry"},"image":{"@id":"https:\/\/www.filha.fi\/#\/schema\/logo\/image\/"}}]}},"_links":{"self":[{"href":"https:\/\/www.filha.fi\/en\/wp-json\/wp\/v2\/pages\/7531","targetHints":{"allow":["GET"]}}],"collection":[{"href":"https:\/\/www.filha.fi\/en\/wp-json\/wp\/v2\/pages"}],"about":[{"href":"https:\/\/www.filha.fi\/en\/wp-json\/wp\/v2\/types\/page"}],"author":[{"embeddable":true,"href":"https:\/\/www.filha.fi\/en\/wp-json\/wp\/v2\/users\/4"}],"replies":[{"embeddable":true,"href":"https:\/\/www.filha.fi\/en\/wp-json\/wp\/v2\/comments?post=7531"}],"version-history":[{"count":0,"href":"https:\/\/www.filha.fi\/en\/wp-json\/wp\/v2\/pages\/7531\/revisions"}],"up":[{"embeddable":true,"href":"https:\/\/www.filha.fi\/en\/wp-json\/wp\/v2\/pages\/113"}],"wp:attachment":[{"href":"https:\/\/www.filha.fi\/en\/wp-json\/wp\/v2\/media?parent=7531"}],"wp:term":[{"taxonomy":"category","embeddable":true,"href":"https:\/\/www.filha.fi\/en\/wp-json\/wp\/v2\/categories?post=7531"}],"curies":[{"name":"wp","href":"https:\/\/api.w.org\/{rel}","templated":true}]}}