{"id":7554,"date":"2021-03-23T11:49:37","date_gmt":"2021-03-23T09:49:37","guid":{"rendered":"https:\/\/www.filha.fi\/?page_id=7554"},"modified":"2026-02-23T15:28:48","modified_gmt":"2026-02-23T13:28:48","slug":"tuberkuloosin-hoitajaverkosto","status":"publish","type":"page","link":"https:\/\/www.filha.fi\/en\/tuberkuloosi\/tuberkuloosin-hoitajaverkosto\/","title":{"rendered":"Tuberkuloosin hoitajaverkosto"},"content":{"rendered":"<p>Tuberkuloosihoitajilla on keskeinen rooli kaikissa eri tuberkuloosihoidon vaiheissa.<br \/>\nUseimmilla hyvinvointialueilla on nimetty tuberkuloosihoitaja tai tuberkuloosivastuuhoitaja, jonka vastuualueina ovat tartunnanj\u00e4ljityksen tekeminen, l\u00e4\u00e4kehoidon toteutus, valvotun l\u00e4\u00e4kehoidon koordinointi, hoidon vaikutusten seuranta, sairastuneiden ja l\u00e4heisten ohjaus, kollegoiden ohjeistus.<\/p>\n<p>Filha yll\u00e4pit\u00e4\u00e4 tuberkuloosin hoitajaverkostoa, jonka kautta hoitajat saavat kliinist\u00e4 ty\u00f6t\u00e4 tukevaa lis\u00e4koulutusta, ty\u00f6teht\u00e4vi\u00e4\u00e4n tukevaa kollegiaalista tukea sek\u00e4 mahdollisuuden verkoston kautta kehitt\u00e4\u00e4 tuberkuloosipotilaiden hoitoty\u00f6t\u00e4 omalla alueellaan. Verkosto kokoontuu kahdesti vuodessa Teams-alustalla pidett\u00e4viin kokouksiin. Hoitajaverkoston toiminnan tarkoitus on edist\u00e4\u00e4 verkoston hoitajien ammatillista osaamista sek\u00e4 ty\u00f6hyvinvointia ja ty\u00f6ss\u00e4 jaksamista.<\/p>\n<p>Lis\u00e4tietoja <a href=\"https:\/\/tuberkuloosi.fi\/apua\/vertaistuki\/\" target=\"_blank\" rel=\"noopener\">vertaistuesta tuberkuloosi.fi-sivustolla<\/a>.<\/p>\n<p><strong>Liity mukaan verkoston toimintaan! Meit\u00e4 on jo yli kahdeksankymment\u00e4.<\/strong><\/p>\n<p><img fetchpriority=\"high\" decoding=\"async\" class=\"alignnone wp-image-34504 size-full\" src=\"https:\/\/www.filha.fi\/wp-content\/uploads\/2026\/02\/TB-hoitajien-verkoston-kevatdia.jpg\" alt=\"Hyv\u00e4\u00e4 kev\u00e4tt\u00e4!\" width=\"1280\" height=\"720\" \/><\/p>\n","protected":false},"excerpt":{"rendered":"<p>Tuberkuloosihoitajilla on keskeinen rooli kaikissa eri tuberkuloosihoidon vaiheissa. Useimmilla hyvinvointialueilla on nimetty tuberkuloosihoitaja tai tuberkuloosivastuuhoitaja, jonka vastuualueina ovat tartunnanj\u00e4ljityksen tekeminen, l\u00e4\u00e4kehoidon toteutus, valvotun l\u00e4\u00e4kehoidon koordinointi, hoidon vaikutusten seuranta, sairastuneiden ja &#8230; <a title=\"Tuberkuloosin hoitajaverkosto\" class=\"read-more\" href=\"https:\/\/www.filha.fi\/en\/tuberkuloosi\/tuberkuloosin-hoitajaverkosto\/\" aria-label=\"Read more about Tuberkuloosin hoitajaverkosto\">Read more<\/a><\/p>\n","protected":false},"author":4,"featured_media":0,"parent":113,"menu_order":0,"comment_status":"closed","ping_status":"closed","template":"","meta":{"_acf_changed":false,"footnotes":""},"categories":[102,84,3],"class_list":["post-7554","page","type-page","status-publish","category-iiris","category-marianne","category-tuberkuloosi"],"translation":{"provider":"WPGlobus","version":"3.0.2","language":"en","enabled_languages":["fi","en"],"languages":{"fi":{"title":true,"content":true,"excerpt":false},"en":{"title":false,"content":false,"excerpt":false}}},"acf":[],"yoast_head":"<!-- This site is optimized with the Yoast SEO plugin v27.4 - https:\/\/yoast.com\/product\/yoast-seo-wordpress\/ -->\n<title>Tuberkuloosin hoitajaverkosto - Filha<\/title>\n<meta name=\"robots\" content=\"index, follow, max-snippet:-1, max-image-preview:large, max-video-preview:-1\" \/>\n<link rel=\"canonical\" href=\"https:\/\/www.filha.fi\/tuberkuloosi\/tuberkuloosin-hoitajaverkosto\/\" \/>\n<meta property=\"og:locale\" content=\"en_US\" \/>\n<meta property=\"og:type\" content=\"article\" \/>\n<meta property=\"og:title\" content=\"Tuberkuloosin hoitajaverkosto - Filha\" \/>\n<meta property=\"og:url\" content=\"https:\/\/www.filha.fi\/tuberkuloosi\/tuberkuloosin-hoitajaverkosto\/\" \/>\n<meta property=\"og:site_name\" content=\"Filha\" \/>\n<meta property=\"article:modified_time\" content=\"2026-02-23T13:28:48+00:00\" \/>\n<meta property=\"og:image\" content=\"https:\/\/www.filha.fi\/wp-content\/uploads\/2019\/04\/Filha-logo.png\" \/>\n\t<meta property=\"og:image:width\" content=\"960\" \/>\n\t<meta property=\"og:image:height\" content=\"1230\" \/>\n\t<meta property=\"og:image:type\" content=\"image\/png\" \/>\n<meta name=\"twitter:card\" content=\"summary_large_image\" \/>\n<meta name=\"twitter:label1\" content=\"Est. reading time\" \/>\n\t<meta name=\"twitter:data1\" content=\"1 minute\" \/>\n<script type=\"application\/ld+json\" class=\"yoast-schema-graph\">{\"@context\":\"https:\\\/\\\/schema.org\",\"@graph\":[{\"@type\":\"WebPage\",\"@id\":\"https:\\\/\\\/www.filha.fi\\\/tuberkuloosi\\\/tuberkuloosin-hoitajaverkosto\\\/\",\"url\":\"https:\\\/\\\/www.filha.fi\\\/tuberkuloosi\\\/tuberkuloosin-hoitajaverkosto\\\/\",\"name\":\"Tuberkuloosin hoitajaverkosto - Filha\",\"isPartOf\":{\"@id\":\"https:\\\/\\\/www.filha.fi\\\/#website\"},\"primaryImageOfPage\":{\"@id\":\"https:\\\/\\\/www.filha.fi\\\/tuberkuloosi\\\/tuberkuloosin-hoitajaverkosto\\\/#primaryimage\"},\"image\":{\"@id\":\"https:\\\/\\\/www.filha.fi\\\/tuberkuloosi\\\/tuberkuloosin-hoitajaverkosto\\\/#primaryimage\"},\"thumbnailUrl\":\"https:\\\/\\\/www.filha.fi\\\/wp-content\\\/uploads\\\/2026\\\/02\\\/TB-hoitajien-verkoston-kevatdia.jpg\",\"datePublished\":\"2021-03-23T09:49:37+00:00\",\"dateModified\":\"2026-02-23T13:28:48+00:00\",\"breadcrumb\":{\"@id\":\"https:\\\/\\\/www.filha.fi\\\/tuberkuloosi\\\/tuberkuloosin-hoitajaverkosto\\\/#breadcrumb\"},\"inLanguage\":\"en-US\",\"potentialAction\":[{\"@type\":\"ReadAction\",\"target\":[\"https:\\\/\\\/www.filha.fi\\\/tuberkuloosi\\\/tuberkuloosin-hoitajaverkosto\\\/\"]}]},{\"@type\":\"ImageObject\",\"inLanguage\":\"en-US\",\"@id\":\"https:\\\/\\\/www.filha.fi\\\/tuberkuloosi\\\/tuberkuloosin-hoitajaverkosto\\\/#primaryimage\",\"url\":\"https:\\\/\\\/www.filha.fi\\\/wp-content\\\/uploads\\\/2026\\\/02\\\/TB-hoitajien-verkoston-kevatdia.jpg\",\"contentUrl\":\"https:\\\/\\\/www.filha.fi\\\/wp-content\\\/uploads\\\/2026\\\/02\\\/TB-hoitajien-verkoston-kevatdia.jpg\"},{\"@type\":\"BreadcrumbList\",\"@id\":\"https:\\\/\\\/www.filha.fi\\\/tuberkuloosi\\\/tuberkuloosin-hoitajaverkosto\\\/#breadcrumb\",\"itemListElement\":[{\"@type\":\"ListItem\",\"position\":1,\"name\":\"Home\",\"item\":\"https:\\\/\\\/www.filha.fi\\\/\"},{\"@type\":\"ListItem\",\"position\":2,\"name\":\"Tuberkuloosi\",\"item\":\"https:\\\/\\\/www.filha.fi\\\/tuberkuloosi\\\/\"},{\"@type\":\"ListItem\",\"position\":3,\"name\":\"Tuberkuloosin hoitajaverkosto\"}]},{\"@type\":\"WebSite\",\"@id\":\"https:\\\/\\\/www.filha.fi\\\/#website\",\"url\":\"https:\\\/\\\/www.filha.fi\\\/\",\"name\":\"Filha\",\"description\":\"Expertise in lung health\",\"publisher\":{\"@id\":\"https:\\\/\\\/www.filha.fi\\\/#organization\"},\"potentialAction\":[{\"@type\":\"SearchAction\",\"target\":{\"@type\":\"EntryPoint\",\"urlTemplate\":\"https:\\\/\\\/www.filha.fi\\\/?s={search_term_string}\"},\"query-input\":{\"@type\":\"PropertyValueSpecification\",\"valueRequired\":true,\"valueName\":\"search_term_string\"}}],\"inLanguage\":\"en-US\"},{\"@type\":\"Organization\",\"@id\":\"https:\\\/\\\/www.filha.fi\\\/#organization\",\"name\":\"Filha ry\",\"url\":\"https:\\\/\\\/www.filha.fi\\\/\",\"logo\":{\"@type\":\"ImageObject\",\"inLanguage\":\"en-US\",\"@id\":\"https:\\\/\\\/www.filha.fi\\\/#\\\/schema\\\/logo\\\/image\\\/\",\"url\":\"https:\\\/\\\/www.filha.fi\\\/wp-content\\\/uploads\\\/2019\\\/04\\\/Filha-logo.png\",\"contentUrl\":\"https:\\\/\\\/www.filha.fi\\\/wp-content\\\/uploads\\\/2019\\\/04\\\/Filha-logo.png\",\"width\":960,\"height\":1230,\"caption\":\"Filha ry\"},\"image\":{\"@id\":\"https:\\\/\\\/www.filha.fi\\\/#\\\/schema\\\/logo\\\/image\\\/\"}}]}<\/script>\n<!-- \/ Yoast SEO plugin. -->","yoast_head_json":{"title":"Tuberkuloosin hoitajaverkosto - Filha","robots":{"index":"index","follow":"follow","max-snippet":"max-snippet:-1","max-image-preview":"max-image-preview:large","max-video-preview":"max-video-preview:-1"},"canonical":"https:\/\/www.filha.fi\/tuberkuloosi\/tuberkuloosin-hoitajaverkosto\/","og_locale":"en_US","og_type":"article","og_title":"Tuberkuloosin hoitajaverkosto - Filha","og_url":"https:\/\/www.filha.fi\/tuberkuloosi\/tuberkuloosin-hoitajaverkosto\/","og_site_name":"Filha","article_modified_time":"2026-02-23T13:28:48+00:00","og_image":[{"width":960,"height":1230,"url":"https:\/\/www.filha.fi\/wp-content\/uploads\/2019\/04\/Filha-logo.png","type":"image\/png"}],"twitter_card":"summary_large_image","twitter_misc":{"Est. reading time":"1 minute"},"schema":{"@context":"https:\/\/schema.org","@graph":[{"@type":"WebPage","@id":"https:\/\/www.filha.fi\/tuberkuloosi\/tuberkuloosin-hoitajaverkosto\/","url":"https:\/\/www.filha.fi\/tuberkuloosi\/tuberkuloosin-hoitajaverkosto\/","name":"Tuberkuloosin hoitajaverkosto - Filha","isPartOf":{"@id":"https:\/\/www.filha.fi\/#website"},"primaryImageOfPage":{"@id":"https:\/\/www.filha.fi\/tuberkuloosi\/tuberkuloosin-hoitajaverkosto\/#primaryimage"},"image":{"@id":"https:\/\/www.filha.fi\/tuberkuloosi\/tuberkuloosin-hoitajaverkosto\/#primaryimage"},"thumbnailUrl":"https:\/\/www.filha.fi\/wp-content\/uploads\/2026\/02\/TB-hoitajien-verkoston-kevatdia.jpg","datePublished":"2021-03-23T09:49:37+00:00","dateModified":"2026-02-23T13:28:48+00:00","breadcrumb":{"@id":"https:\/\/www.filha.fi\/tuberkuloosi\/tuberkuloosin-hoitajaverkosto\/#breadcrumb"},"inLanguage":"en-US","potentialAction":[{"@type":"ReadAction","target":["https:\/\/www.filha.fi\/tuberkuloosi\/tuberkuloosin-hoitajaverkosto\/"]}]},{"@type":"ImageObject","inLanguage":"en-US","@id":"https:\/\/www.filha.fi\/tuberkuloosi\/tuberkuloosin-hoitajaverkosto\/#primaryimage","url":"https:\/\/www.filha.fi\/wp-content\/uploads\/2026\/02\/TB-hoitajien-verkoston-kevatdia.jpg","contentUrl":"https:\/\/www.filha.fi\/wp-content\/uploads\/2026\/02\/TB-hoitajien-verkoston-kevatdia.jpg"},{"@type":"BreadcrumbList","@id":"https:\/\/www.filha.fi\/tuberkuloosi\/tuberkuloosin-hoitajaverkosto\/#breadcrumb","itemListElement":[{"@type":"ListItem","position":1,"name":"Home","item":"https:\/\/www.filha.fi\/"},{"@type":"ListItem","position":2,"name":"Tuberkuloosi","item":"https:\/\/www.filha.fi\/tuberkuloosi\/"},{"@type":"ListItem","position":3,"name":"Tuberkuloosin hoitajaverkosto"}]},{"@type":"WebSite","@id":"https:\/\/www.filha.fi\/#website","url":"https:\/\/www.filha.fi\/","name":"Filha","description":"Expertise in lung health","publisher":{"@id":"https:\/\/www.filha.fi\/#organization"},"potentialAction":[{"@type":"SearchAction","target":{"@type":"EntryPoint","urlTemplate":"https:\/\/www.filha.fi\/?s={search_term_string}"},"query-input":{"@type":"PropertyValueSpecification","valueRequired":true,"valueName":"search_term_string"}}],"inLanguage":"en-US"},{"@type":"Organization","@id":"https:\/\/www.filha.fi\/#organization","name":"Filha ry","url":"https:\/\/www.filha.fi\/","logo":{"@type":"ImageObject","inLanguage":"en-US","@id":"https:\/\/www.filha.fi\/#\/schema\/logo\/image\/","url":"https:\/\/www.filha.fi\/wp-content\/uploads\/2019\/04\/Filha-logo.png","contentUrl":"https:\/\/www.filha.fi\/wp-content\/uploads\/2019\/04\/Filha-logo.png","width":960,"height":1230,"caption":"Filha ry"},"image":{"@id":"https:\/\/www.filha.fi\/#\/schema\/logo\/image\/"}}]}},"_links":{"self":[{"href":"https:\/\/www.filha.fi\/en\/wp-json\/wp\/v2\/pages\/7554","targetHints":{"allow":["GET"]}}],"collection":[{"href":"https:\/\/www.filha.fi\/en\/wp-json\/wp\/v2\/pages"}],"about":[{"href":"https:\/\/www.filha.fi\/en\/wp-json\/wp\/v2\/types\/page"}],"author":[{"embeddable":true,"href":"https:\/\/www.filha.fi\/en\/wp-json\/wp\/v2\/users\/4"}],"replies":[{"embeddable":true,"href":"https:\/\/www.filha.fi\/en\/wp-json\/wp\/v2\/comments?post=7554"}],"version-history":[{"count":3,"href":"https:\/\/www.filha.fi\/en\/wp-json\/wp\/v2\/pages\/7554\/revisions"}],"predecessor-version":[{"id":34741,"href":"https:\/\/www.filha.fi\/en\/wp-json\/wp\/v2\/pages\/7554\/revisions\/34741"}],"up":[{"embeddable":true,"href":"https:\/\/www.filha.fi\/en\/wp-json\/wp\/v2\/pages\/113"}],"wp:attachment":[{"href":"https:\/\/www.filha.fi\/en\/wp-json\/wp\/v2\/media?parent=7554"}],"wp:term":[{"taxonomy":"category","embeddable":true,"href":"https:\/\/www.filha.fi\/en\/wp-json\/wp\/v2\/categories?post=7554"}],"curies":[{"name":"wp","href":"https:\/\/api.w.org\/{rel}","templated":true}]}}