{"id":7700,"date":"2021-03-26T11:07:21","date_gmt":"2021-03-26T09:07:21","guid":{"rendered":"https:\/\/www.filha.fi\/?page_id=7700"},"modified":"2025-10-28T14:03:20","modified_gmt":"2025-10-28T12:03:20","slug":"tutkimus","status":"publish","type":"page","link":"https:\/\/www.filha.fi\/en\/tutkimus\/","title":{"rendered":"Tutkimus"},"content":{"rendered":"<p>Filhan tuberkuloosin ja keuhkosairauksien asiantuntemus on kansallisesti ja kansainv\u00e4lisesti arvostettua. Tavoitteenamme on olla yksi johtavista keuhkosairausalan j\u00e4rjest\u00f6muotoisista osaamiskeskuksista Suomessa ja Euroopassa.<\/p>\n<p>Tutkittu tieto on kaiken toimintamme l\u00e4ht\u00f6kohta ja ohjaava tekij\u00e4, ja oma tutkimustoimintamme on aktiivista.<\/p>\n<h3><strong>Julkaisuja<\/strong><\/h3>\n<p>Professori Tuula Vasankarin <a href=\"https:\/\/www.filha.fi\/tuula-vasankari\/\" target=\"_blank\" rel=\"noopener\">julkaisuluettelo<\/a>.<\/p>\n<h3><strong>Tutkimusta Filhassa<\/strong><\/h3>\n<p>VARNIK, TUPAKKA- JA NIKOTIINITUOTTEIDEN K\u00c4YTT\u00d6 PUOLUSTUSVOIMISSA -TUTKIMUSHANKE (2019\u20132030)<\/p>\n<p>T\u00e4ss\u00e4 tutkimushankkeessa selvitet\u00e4\u00e4n varusmiesten ja kantahenkil\u00f6kunnan tupakka- ja nikotiinituotteiden k\u00e4ytt\u00f6\u00e4 ja sen yhteytt\u00e4 Puolustusvoimille tyypillisiin terveysongelmiin kuten infektioihin, rasitus- ja kuulovammoihin. Erityisen\u00e4 tavoitteena on nuuskan terveyshaittojen arviointi. Hankkeessa vuosina 2020\u20132022 toteutetut kyselyt varusmiehille tarjoavat kansainv\u00e4lisestikin arvokasta tietoa tupakka- ja nikotiinituotteiden k\u00e4yt\u00f6st\u00e4 nuorilla miehill\u00e4. Lis\u00e4ksi tutkimushankkeessa arvioidaan henkil\u00f6st\u00f6n saaman lopettamisen tuen vaikuttavuutta.<\/p>\n<p>ELO-TUTKIMUS &#8211; ELINTAVAT JA LIIKKUMINEN OSANA UNIAPNEAN HOITOA (2023\u20132027)<\/p>\n<p>Tutkimuksessa selvitet\u00e4\u00e4n, voidaanko CPAP-hoitoon yhdistetyll\u00e4 yksil\u00f6llisell\u00e4 elintapa- ja liikuntatottumusten tuella lievitt\u00e4\u00e4 uniapnean vaikeusastetta, v\u00e4hent\u00e4\u00e4 taudin oireita ja vaikuttaa CPAP-hoidon tarpeeseen. Tutkimuksessa tarkastellaan my\u00f6s elintapaintervention vaikutusta tutkittavien el\u00e4m\u00e4nlaatuun, elintapoihin, fyysiseen suorituskykyyn, kehonkoostumukseen, muutosten pysyvyyteen sek\u00e4 arvioidaan saavutettua kustannushy\u00f6ty\u00e4.<\/p>\n<p>Tutkimus toteutetaan yhteisty\u00f6ss\u00e4 Filha ry:n, Hengitysliiton, Keski-Suomen hyvinvointialueen\/Sairaala Novan sek\u00e4 Jyv\u00e4skyl\u00e4n yliopiston liikuntatieteellisen tiedekunnan kanssa. Filha koordinoi tutkimushanketta ja johtava tutkija on professori Tuula Vasankari.<\/p>\n<p>KESTI-TUTKIMUS &#8211; KEUHKOSY\u00d6P\u00c4\u00c4 SAIRASTAVIEN KOKEMUKSIA SAIRAUDESTA JA SEN HOIDOSTA<\/p>\n<p>Tutkimuksen tavoitteena on selvitt\u00e4\u00e4 keuhkosy\u00f6p\u00e4stigman nykytilannetta Suomessa keuhkosy\u00f6p\u00e4\u00e4 sairastavien n\u00e4k\u00f6kulmasta. Tutkimusmenetelm\u00e4n\u00e4 on sairastuneiden puolistrukturoidut haastattelut. Keuhkosy\u00f6p\u00e4stigmaa tulee tutkia yhten\u00e4 mahdollisena tekij\u00e4n\u00e4 suomalaispotilaiden muita Pohjoismaita huonomman ennusteen taustalla, jotta voimme parantaa keuhkosy\u00f6v\u00e4n diagnostiikkaa ja ennustetta sek\u00e4 kehitt\u00e4\u00e4 hoidon laatua.<\/p>\n<p>KEUHKOSY\u00d6P\u00c4: HUONOENNUSTEISESTA MY\u00d6H\u00c4ISDIAGNOOSISTA KOHTI HOIDETTAVAA SAIRAUTTA -TUTKIMUSHANKE (2026\u20132029)<\/p>\n<p>Keuhkosy\u00f6p\u00e4 on johtava sy\u00f6p\u00e4sairauksien kuolinsyy l\u00e4nsimaissa. Tupakointi on keuhkosy\u00f6v\u00e4n p\u00e4\u00e4asiallinen aiheuttaja, mutta tiet\u00e4mys sairauden geneettisest\u00e4 alttiudesta, karsinogeneesist\u00e4, sy\u00f6p\u00e4seulontamenetelmist\u00e4 ja niihin liitetyst\u00e4 tupakoinnin lopettamisesta on vaillinaista. Suomessa keuhkosy\u00f6v\u00e4n riski ja kuolleisuus vaihtelevat eri alueilla, eik\u00e4 tulosten parantuminen ole seurannut muita Pohjoismaita.<\/p>\n<p>Tutkimuksen tarkoituksena on selvitt\u00e4\u00e4 keuhkosy\u00f6v\u00e4n geneettist\u00e4 alttiutta, keuhkosy\u00f6v\u00e4n varhaista havaitsemista, karsinogeenisi\u00e4 sek\u00e4 tupakoinnin lopettamista \u00e4lypuhelinsovelluksen avulla.<\/p>\n<h3><strong>Kansalliset keuhkosairausohjelmat<\/strong><\/h3>\n<p><strong>Kansallinen sis\u00e4ilma ja terveys<\/strong> -ohjelman (2018\u20132028) tavoitteena on edist\u00e4\u00e4 terveytt\u00e4 ja hyvinvointia v\u00e4hent\u00e4m\u00e4ll\u00e4 sis\u00e4ymp\u00e4rist\u00f6\u00f6n liittyvi\u00e4 haittoja Suomessa.\u00a0Ohjelmaa koordinoi Terveyden ja hyvinvoinnin laitos, ja ty\u00f6h\u00f6n osallistuvat aktiivisesti Ty\u00f6terveyslaitos, Filha ry, Hengitysliitto, Allergia-, Iho- ja Astmaliitto sek\u00e4 Sis\u00e4ilmayhdistys ry. Ohjelma toteuttaa hallituksen Terveet tilat 2028 -ohjelman terveyden ja hyvinvoinnin edist\u00e4mist\u00e4 koskevia toimenpiteit\u00e4.<\/p>\n<p><strong>Valtakunnallisen keuhkosy\u00f6p\u00e4ohjelman<\/strong> p\u00e4\u00e4tavoitteena on keuhkosy\u00f6v\u00e4n diagnostiikan ja hoidon parantaminen Suomessa. Ohjelma on kymmenvuotinen ja sit\u00e4 edistet\u00e4\u00e4n vaiheittain. Valtakunnallinen keuhkosy\u00f6p\u00e4ohjelma on perustettu yhteisty\u00f6ss\u00e4 Filha ry:n, keuhkosy\u00f6p\u00e4ty\u00f6ryhm\u00e4n ja suurimpien keuhkosy\u00f6p\u00e4\u00e4 hoitavien sairaaloiden kanssa. Filha ry vastaa ohjelman koordinoinnista, terveydenhuollon ammattilaisten koulutuksesta ja ohjelman hallinnoinnista. Ohjelman puheenjohtajana toimii professori Jussi Koivunen (Pohde) ja varapuheenjohtajana professori Tuula Vasankari (Filha ry).<\/p>\n","protected":false},"excerpt":{"rendered":"<p>Filhan tuberkuloosin ja keuhkosairauksien asiantuntemus on kansallisesti ja kansainv\u00e4lisesti arvostettua. Tavoitteenamme on olla yksi johtavista keuhkosairausalan j\u00e4rjest\u00f6muotoisista osaamiskeskuksista Suomessa ja Euroopassa. Tutkittu tieto on kaiken toimintamme l\u00e4ht\u00f6kohta ja ohjaava tekij\u00e4, &#8230; <a title=\"Tutkimus\" class=\"read-more\" href=\"https:\/\/www.filha.fi\/en\/tutkimus\/\" aria-label=\"Read more about Tutkimus\">Read more<\/a><\/p>\n","protected":false},"author":4,"featured_media":0,"parent":0,"menu_order":0,"comment_status":"closed","ping_status":"closed","template":"","meta":{"_acf_changed":false,"footnotes":""},"categories":[47],"class_list":["post-7700","page","type-page","status-publish","category-tuula"],"translation":{"provider":"WPGlobus","version":"3.0.2","language":"en","enabled_languages":["fi","en"],"languages":{"fi":{"title":true,"content":true,"excerpt":false},"en":{"title":false,"content":false,"excerpt":false}}},"acf":[],"yoast_head":"<!-- This site is optimized with the Yoast SEO plugin v27.4 - https:\/\/yoast.com\/product\/yoast-seo-wordpress\/ -->\n<title>Tutkimus - Filha<\/title>\n<meta name=\"robots\" content=\"index, follow, max-snippet:-1, max-image-preview:large, max-video-preview:-1\" \/>\n<link rel=\"canonical\" href=\"https:\/\/www.filha.fi\/tutkimus\/\" \/>\n<meta property=\"og:locale\" content=\"en_US\" \/>\n<meta property=\"og:type\" content=\"article\" \/>\n<meta property=\"og:title\" content=\"Tutkimus - Filha\" \/>\n<meta property=\"og:url\" content=\"https:\/\/www.filha.fi\/tutkimus\/\" \/>\n<meta property=\"og:site_name\" content=\"Filha\" \/>\n<meta property=\"article:modified_time\" content=\"2025-10-28T12:03:20+00:00\" \/>\n<meta property=\"og:image\" content=\"https:\/\/www.filha.fi\/wp-content\/uploads\/2019\/04\/Filha-logo.png\" \/>\n\t<meta property=\"og:image:width\" content=\"960\" \/>\n\t<meta property=\"og:image:height\" content=\"1230\" \/>\n\t<meta property=\"og:image:type\" content=\"image\/png\" \/>\n<meta name=\"twitter:card\" content=\"summary_large_image\" \/>\n<meta name=\"twitter:label1\" content=\"Est. reading time\" \/>\n\t<meta name=\"twitter:data1\" content=\"3 minutes\" \/>\n<script type=\"application\/ld+json\" class=\"yoast-schema-graph\">{\"@context\":\"https:\\\/\\\/schema.org\",\"@graph\":[{\"@type\":\"WebPage\",\"@id\":\"https:\\\/\\\/www.filha.fi\\\/tutkimus\\\/\",\"url\":\"https:\\\/\\\/www.filha.fi\\\/tutkimus\\\/\",\"name\":\"Tutkimus - Filha\",\"isPartOf\":{\"@id\":\"https:\\\/\\\/www.filha.fi\\\/#website\"},\"datePublished\":\"2021-03-26T09:07:21+00:00\",\"dateModified\":\"2025-10-28T12:03:20+00:00\",\"breadcrumb\":{\"@id\":\"https:\\\/\\\/www.filha.fi\\\/tutkimus\\\/#breadcrumb\"},\"inLanguage\":\"en-US\",\"potentialAction\":[{\"@type\":\"ReadAction\",\"target\":[\"https:\\\/\\\/www.filha.fi\\\/tutkimus\\\/\"]}]},{\"@type\":\"BreadcrumbList\",\"@id\":\"https:\\\/\\\/www.filha.fi\\\/tutkimus\\\/#breadcrumb\",\"itemListElement\":[{\"@type\":\"ListItem\",\"position\":1,\"name\":\"Home\",\"item\":\"https:\\\/\\\/www.filha.fi\\\/\"},{\"@type\":\"ListItem\",\"position\":2,\"name\":\"Tutkimus\"}]},{\"@type\":\"WebSite\",\"@id\":\"https:\\\/\\\/www.filha.fi\\\/#website\",\"url\":\"https:\\\/\\\/www.filha.fi\\\/\",\"name\":\"Filha\",\"description\":\"Expertise in lung health\",\"publisher\":{\"@id\":\"https:\\\/\\\/www.filha.fi\\\/#organization\"},\"potentialAction\":[{\"@type\":\"SearchAction\",\"target\":{\"@type\":\"EntryPoint\",\"urlTemplate\":\"https:\\\/\\\/www.filha.fi\\\/?s={search_term_string}\"},\"query-input\":{\"@type\":\"PropertyValueSpecification\",\"valueRequired\":true,\"valueName\":\"search_term_string\"}}],\"inLanguage\":\"en-US\"},{\"@type\":\"Organization\",\"@id\":\"https:\\\/\\\/www.filha.fi\\\/#organization\",\"name\":\"Filha ry\",\"url\":\"https:\\\/\\\/www.filha.fi\\\/\",\"logo\":{\"@type\":\"ImageObject\",\"inLanguage\":\"en-US\",\"@id\":\"https:\\\/\\\/www.filha.fi\\\/#\\\/schema\\\/logo\\\/image\\\/\",\"url\":\"https:\\\/\\\/www.filha.fi\\\/wp-content\\\/uploads\\\/2019\\\/04\\\/Filha-logo.png\",\"contentUrl\":\"https:\\\/\\\/www.filha.fi\\\/wp-content\\\/uploads\\\/2019\\\/04\\\/Filha-logo.png\",\"width\":960,\"height\":1230,\"caption\":\"Filha ry\"},\"image\":{\"@id\":\"https:\\\/\\\/www.filha.fi\\\/#\\\/schema\\\/logo\\\/image\\\/\"}}]}<\/script>\n<!-- \/ Yoast SEO plugin. -->","yoast_head_json":{"title":"Tutkimus - Filha","robots":{"index":"index","follow":"follow","max-snippet":"max-snippet:-1","max-image-preview":"max-image-preview:large","max-video-preview":"max-video-preview:-1"},"canonical":"https:\/\/www.filha.fi\/tutkimus\/","og_locale":"en_US","og_type":"article","og_title":"Tutkimus - Filha","og_url":"https:\/\/www.filha.fi\/tutkimus\/","og_site_name":"Filha","article_modified_time":"2025-10-28T12:03:20+00:00","og_image":[{"width":960,"height":1230,"url":"https:\/\/www.filha.fi\/wp-content\/uploads\/2019\/04\/Filha-logo.png","type":"image\/png"}],"twitter_card":"summary_large_image","twitter_misc":{"Est. reading time":"3 minutes"},"schema":{"@context":"https:\/\/schema.org","@graph":[{"@type":"WebPage","@id":"https:\/\/www.filha.fi\/tutkimus\/","url":"https:\/\/www.filha.fi\/tutkimus\/","name":"Tutkimus - Filha","isPartOf":{"@id":"https:\/\/www.filha.fi\/#website"},"datePublished":"2021-03-26T09:07:21+00:00","dateModified":"2025-10-28T12:03:20+00:00","breadcrumb":{"@id":"https:\/\/www.filha.fi\/tutkimus\/#breadcrumb"},"inLanguage":"en-US","potentialAction":[{"@type":"ReadAction","target":["https:\/\/www.filha.fi\/tutkimus\/"]}]},{"@type":"BreadcrumbList","@id":"https:\/\/www.filha.fi\/tutkimus\/#breadcrumb","itemListElement":[{"@type":"ListItem","position":1,"name":"Home","item":"https:\/\/www.filha.fi\/"},{"@type":"ListItem","position":2,"name":"Tutkimus"}]},{"@type":"WebSite","@id":"https:\/\/www.filha.fi\/#website","url":"https:\/\/www.filha.fi\/","name":"Filha","description":"Expertise in lung health","publisher":{"@id":"https:\/\/www.filha.fi\/#organization"},"potentialAction":[{"@type":"SearchAction","target":{"@type":"EntryPoint","urlTemplate":"https:\/\/www.filha.fi\/?s={search_term_string}"},"query-input":{"@type":"PropertyValueSpecification","valueRequired":true,"valueName":"search_term_string"}}],"inLanguage":"en-US"},{"@type":"Organization","@id":"https:\/\/www.filha.fi\/#organization","name":"Filha ry","url":"https:\/\/www.filha.fi\/","logo":{"@type":"ImageObject","inLanguage":"en-US","@id":"https:\/\/www.filha.fi\/#\/schema\/logo\/image\/","url":"https:\/\/www.filha.fi\/wp-content\/uploads\/2019\/04\/Filha-logo.png","contentUrl":"https:\/\/www.filha.fi\/wp-content\/uploads\/2019\/04\/Filha-logo.png","width":960,"height":1230,"caption":"Filha ry"},"image":{"@id":"https:\/\/www.filha.fi\/#\/schema\/logo\/image\/"}}]}},"_links":{"self":[{"href":"https:\/\/www.filha.fi\/en\/wp-json\/wp\/v2\/pages\/7700","targetHints":{"allow":["GET"]}}],"collection":[{"href":"https:\/\/www.filha.fi\/en\/wp-json\/wp\/v2\/pages"}],"about":[{"href":"https:\/\/www.filha.fi\/en\/wp-json\/wp\/v2\/types\/page"}],"author":[{"embeddable":true,"href":"https:\/\/www.filha.fi\/en\/wp-json\/wp\/v2\/users\/4"}],"replies":[{"embeddable":true,"href":"https:\/\/www.filha.fi\/en\/wp-json\/wp\/v2\/comments?post=7700"}],"version-history":[{"count":5,"href":"https:\/\/www.filha.fi\/en\/wp-json\/wp\/v2\/pages\/7700\/revisions"}],"predecessor-version":[{"id":34056,"href":"https:\/\/www.filha.fi\/en\/wp-json\/wp\/v2\/pages\/7700\/revisions\/34056"}],"wp:attachment":[{"href":"https:\/\/www.filha.fi\/en\/wp-json\/wp\/v2\/media?parent=7700"}],"wp:term":[{"taxonomy":"category","embeddable":true,"href":"https:\/\/www.filha.fi\/en\/wp-json\/wp\/v2\/categories?post=7700"}],"curies":[{"name":"wp","href":"https:\/\/api.w.org\/{rel}","templated":true}]}}