{"id":7790,"date":"2021-03-26T14:48:46","date_gmt":"2021-03-26T12:48:46","guid":{"rendered":"https:\/\/www.filha.fi\/?page_id=7790"},"modified":"2025-08-15T11:20:08","modified_gmt":"2025-08-15T08:20:08","slug":"sisailma","status":"publish","type":"page","link":"https:\/\/www.filha.fi\/en\/sisailma\/","title":{"rendered":"Sis\u00e4ilma"},"content":{"rendered":"\t\t<div data-elementor-type=\"wp-page\" data-elementor-id=\"7790\" class=\"elementor elementor-7790\">\n\t\t\t\t\t\t<section class=\"elementor-section elementor-top-section elementor-element elementor-element-31a2f2ce elementor-section-boxed elementor-section-height-default elementor-section-height-default\" data-id=\"31a2f2ce\" data-element_type=\"section\" data-e-type=\"section\">\n\t\t\t\t\t\t<div class=\"elementor-container elementor-column-gap-default\">\n\t\t\t\t\t<div class=\"elementor-column elementor-col-100 elementor-top-column elementor-element elementor-element-5c9f172f\" data-id=\"5c9f172f\" data-element_type=\"column\" data-e-type=\"column\">\n\t\t\t<div class=\"elementor-widget-wrap elementor-element-populated\">\n\t\t\t\t\t\t<div class=\"elementor-element elementor-element-7e77b508 elementor-widget elementor-widget-text-editor\" data-id=\"7e77b508\" data-element_type=\"widget\" data-e-type=\"widget\" data-widget_type=\"text-editor.default\">\n\t\t\t\t<div class=\"elementor-widget-container\">\n\t\t\t\t\t\t\t\t\t<p>Parhaimmillaan hyv\u00e4 sis\u00e4ilma ja viihtyis\u00e4t, toimivat tilaratkaisut tukevat hyvinvointia, terveytt\u00e4, ty\u00f6ntekoa ja oppimista. Suomessa sis\u00e4ilman laatu on eurooppalaisittain hyv\u00e4. Sis\u00e4ilmaan yhdistetty oireilu on kuitenkin yleist\u00e4.<\/p><p>Ihmisten kokemat oireet voivat aiheuttaa eri tasoista haittaa ty\u00f6- ja toimintakyvylle. Ne saattavat ilmet\u00e4 esimerkiksi erilaisena ihon, silmien ja hengitysteiden oireiluna tai yleisoireina, kuten p\u00e4\u00e4ns\u00e4rkyn\u00e4, uupuneisuutena tai huonovointisuutena.<\/p><p>Sis\u00e4ilmaan yhdistettyjen oireiden taustalla voi olla monia eri syit\u00e4. Sis\u00e4ilman laadun lis\u00e4ksi haittakokemuksiin ja oireisiin vaikuttavat monet yksil\u00f6lliset ja yhteis\u00f6lliset tekij\u00e4t. Oireet ovat yleens\u00e4 lievi\u00e4, ohimenevi\u00e4 ja loppuvat hiljalleen, kun olosuhteita kohennetaan ja rakennuksen s\u00e4\u00e4nn\u00f6llisest\u00e4 huollosta ja kunnossapidosta huolehditaan.<\/p><figure id=\"attachment_19077\" aria-describedby=\"caption-attachment-19077\" style=\"width: 1014px\" class=\"wp-caption aligncenter\"><img fetchpriority=\"high\" decoding=\"async\" class=\"size-large wp-image-19077\" src=\"https:\/\/www.filha.fi\/wp-content\/uploads\/2022\/12\/TerveyskylaPro_Kuva_5-1024x640.jpg\" alt=\"Kuva, jossa on esitelty oireita ja haittakokemuksia selitt\u00e4vi\u00e4 tekij\u00f6it\u00e4.\" width=\"1024\" height=\"640\" srcset=\"https:\/\/www.filha.fi\/wp-content\/uploads\/2022\/12\/TerveyskylaPro_Kuva_5-1024x640.jpg 1024w, https:\/\/www.filha.fi\/wp-content\/uploads\/2022\/12\/TerveyskylaPro_Kuva_5-300x187.jpg 300w, https:\/\/www.filha.fi\/wp-content\/uploads\/2022\/12\/TerveyskylaPro_Kuva_5-768x480.jpg 768w, https:\/\/www.filha.fi\/wp-content\/uploads\/2022\/12\/TerveyskylaPro_Kuva_5-1536x960.jpg 1536w, https:\/\/www.filha.fi\/wp-content\/uploads\/2022\/12\/TerveyskylaPro_Kuva_5-2048x1280.jpg 2048w\" sizes=\"(max-width: 1024px) 100vw, 1024px\" \/><figcaption id=\"caption-attachment-19077\" class=\"wp-caption-text\">Sis\u00e4ilmaan liitetyn oireilun taustalla voi olla monia tekij\u00f6it\u00e4. Yksil\u00f6n tilanteen ratkaisemiseksi on oleellista tunnistaa kaikki ne tekij\u00e4t, joihin voidaan vaikuttaa. Kuva mukaillen Ty\u00f6terveyslaitos 2020:<em style=\"font-size: 16px;\">\u00a0<a href=\"https:\/\/www.filha.fi\/wp-content\/uploads\/2020\/06\/tietokortti_sisailma-FINAL-verkkoon.pdf\" target=\"_blank\" rel=\"noopener\"><span dir=\"ltr\">Tietoa oireilusta sis\u00e4<\/span><span dir=\"ltr\">ymp\u00e4rist\u00f6ss\u00e4 terveyden<\/span><span dir=\"ltr\">huollon ammattilaisille<\/span><\/a> (pdf)<\/em><\/figcaption><\/figure><p>Terveydenhuollossa potilaiden oireiden ja sairauksien diagnostiikka, erotusdiagnostiikka ja hoito toteutetaan hyv\u00e4n l\u00e4\u00e4ketieteellisen k\u00e4yt\u00e4nn\u00f6n ja hoitosuositusten mukaisesti, p\u00e4\u00e4asiallisesti perusterveydenhuollossa. Erotusdiagnostiikkaan on syyt\u00e4 kiinnitt\u00e4\u00e4 huomiota, mutta turhia tutkimuksia tulee v\u00e4ltt\u00e4\u00e4.<\/p><ul><li>Vaikka tietyt sis\u00e4ilmassa esiintyvist\u00e4 ep\u00e4puhtauksista lis\u00e4\u00e4v\u00e4t joidenkin sairauksien riski\u00e4, samojen sairauksien riski\u00e4 lis\u00e4\u00e4v\u00e4t my\u00f6s lukuisat muut tekij\u00e4t ymp\u00e4rist\u00f6ss\u00e4mme ja perim\u00e4ss\u00e4mme. Merkitt\u00e4vimm\u00e4t riskitekij\u00e4t ovat asbesti ja radon.<\/li><li>Ep\u00e4puhtaudet eiv\u00e4t ole mink\u00e4\u00e4n sairauden t\u00e4rkein, tai edes erityisen voimakas riskitekij\u00e4 asuin- ja toimistoymp\u00e4rist\u00f6iss\u00e4 havaittavilla pitoisuuksilla.<\/li><li>Kaikista riskitekij\u00f6ist\u00e4 sis\u00e4ilman ep\u00e4puhtaudet selitt\u00e4v\u00e4t vain pienen osan sairauden riskist\u00e4.<\/li><li>On t\u00e4rke\u00e4\u00e4 erottaa sairastumisen riski oireilun lis\u00e4\u00e4ntymisest\u00e4. Esimerkiksi astmapotilaat saavat hengitystieoireita helpommin monenlaisista altisteista, my\u00f6s sis\u00e4ilmatekij\u00f6ist\u00e4, kuten p\u00f6lyst\u00e4.<\/li><li>Merkitt\u00e4v\u00e4 kosteus- ja mikrobivaurio voi aiheuttaa hengitystieoireita ja lis\u00e4t\u00e4 hieman astmaan sairastumisen riski\u00e4 (v\u00e4est\u00f6tasolla kohtalainen n\u00e4ytt\u00f6). Muiden sairauksien riskin lis\u00e4\u00e4ntymisest\u00e4 ei ole n\u00e4ytt\u00f6\u00e4. (<a href=\"https:\/\/www.kaypahoito.fi\/hoi50111\">K\u00e4yp\u00e4 hoito-suositus: Kosteus- ja homevaurioista oireileva potilas, 2017<\/a>)<\/li><li>\u2019\u2019Sis\u00e4ilmasairaus\u2019\u2019- termi\u00e4 ei tule k\u00e4ytt\u00e4\u00e4 terveydenhuollossa, koska sen k\u00e4yt\u00f6lle ei ole l\u00e4\u00e4ketieteellisi\u00e4 perusteita. <a href=\"https:\/\/thl.fi\/fi\/tutkimus-ja-kehittaminen\/tutkimukset-ja-hankkeet\/kansallinen-sisailma-ja-terveys-ohjelma-2018-2028\/ohjelman-asiantuntijaryhma\/asiantuntijaryhman-kannanotto-sisailmasairaus-termin-kaytolle-ei-ole-laaketieteellisia-perusteita\" target=\"_blank\" rel=\"noopener\">Lue lis\u00e4\u00e4 t\u00e4\u00e4lt\u00e4<\/a>.<\/li><\/ul><h3><a href=\"https:\/\/www.filha.fi\/kun-potilaani-oireilee-sisaymparistossa\/\" target=\"_blank\" rel=\"noopener\">Sis\u00e4ymp\u00e4rist\u00f6ss\u00e4 oireileva potilas \u2013 mit\u00e4 teen?<\/a><\/h3><h3><strong><a href=\"https:\/\/www.filha.fi\/hankkeet\/kansallinen-sisailma-ja-terveys-ohjelma-2018-2028\/sisailma-aiheista-materiaalia-terveydenhuollon-ammattilaisille\/\" target=\"_blank\" rel=\"noopener\">Materiaalia terveydenhuollon ammattilaisille<\/a><\/strong><\/h3><h3><strong><a href=\"https:\/\/www.filha.fi\/hankkeet\/kansallinen-sisailma-ja-terveys-ohjelma-2018-2028\/\" target=\"_blank\" rel=\"noopener\">Kansallinen sis\u00e4ilma ja terveys -ohjelma 2018\u20132028<\/a><\/strong><\/h3>\t\t\t\t\t\t\t\t<\/div>\n\t\t\t\t<\/div>\n\t\t\t\t\t<\/div>\n\t\t<\/div>\n\t\t\t\t\t<\/div>\n\t\t<\/section>\n\t\t\t\t<\/div>\n\t\t","protected":false},"excerpt":{"rendered":"<p>Parhaimmillaan hyv\u00e4 sis\u00e4ilma ja viihtyis\u00e4t, toimivat tilaratkaisut tukevat hyvinvointia, terveytt\u00e4, ty\u00f6ntekoa ja oppimista. Suomessa sis\u00e4ilman laatu on eurooppalaisittain hyv\u00e4. Sis\u00e4ilmaan yhdistetty oireilu on kuitenkin yleist\u00e4. Ihmisten kokemat oireet voivat aiheuttaa &#8230; <a title=\"Sis\u00e4ilma\" class=\"read-more\" href=\"https:\/\/www.filha.fi\/en\/sisailma\/\" aria-label=\"Read more about Sis\u00e4ilma\">Read more<\/a><\/p>\n","protected":false},"author":4,"featured_media":0,"parent":0,"menu_order":0,"comment_status":"closed","ping_status":"closed","template":"","meta":{"_acf_changed":false,"footnotes":""},"categories":[72,21,47],"class_list":["post-7790","page","type-page","status-publish","category-hanna","category-sisailma","category-tuula"],"translation":{"provider":"WPGlobus","version":"3.0.2","language":"en","enabled_languages":["fi","en"],"languages":{"fi":{"title":true,"content":true,"excerpt":false},"en":{"title":false,"content":false,"excerpt":false}}},"acf":[],"yoast_head":"<!-- This site is optimized with the Yoast SEO plugin v27.4 - https:\/\/yoast.com\/product\/yoast-seo-wordpress\/ -->\n<title>Sis\u00e4ilma - Filha<\/title>\n<meta name=\"robots\" content=\"index, follow, max-snippet:-1, max-image-preview:large, max-video-preview:-1\" \/>\n<link rel=\"canonical\" href=\"https:\/\/www.filha.fi\/sisailma\/\" \/>\n<meta property=\"og:locale\" content=\"en_US\" \/>\n<meta property=\"og:type\" content=\"article\" \/>\n<meta property=\"og:title\" content=\"Sis\u00e4ilma - Filha\" \/>\n<meta property=\"og:url\" content=\"https:\/\/www.filha.fi\/sisailma\/\" \/>\n<meta property=\"og:site_name\" content=\"Filha\" \/>\n<meta property=\"article:modified_time\" content=\"2025-08-15T08:20:08+00:00\" \/>\n<meta property=\"og:image\" content=\"https:\/\/www.filha.fi\/wp-content\/uploads\/2022\/12\/TerveyskylaPro_Kuva_5.jpg\" \/>\n\t<meta property=\"og:image:width\" content=\"2268\" \/>\n\t<meta property=\"og:image:height\" content=\"1417\" \/>\n\t<meta property=\"og:image:type\" content=\"image\/jpeg\" \/>\n<meta name=\"twitter:card\" content=\"summary_large_image\" \/>\n<meta name=\"twitter:label1\" content=\"Est. reading time\" \/>\n\t<meta name=\"twitter:data1\" content=\"2 minutes\" \/>\n<script type=\"application\/ld+json\" class=\"yoast-schema-graph\">{\"@context\":\"https:\\\/\\\/schema.org\",\"@graph\":[{\"@type\":\"WebPage\",\"@id\":\"https:\\\/\\\/www.filha.fi\\\/sisailma\\\/\",\"url\":\"https:\\\/\\\/www.filha.fi\\\/sisailma\\\/\",\"name\":\"Sis\u00e4ilma - Filha\",\"isPartOf\":{\"@id\":\"https:\\\/\\\/www.filha.fi\\\/#website\"},\"primaryImageOfPage\":{\"@id\":\"https:\\\/\\\/www.filha.fi\\\/sisailma\\\/#primaryimage\"},\"image\":{\"@id\":\"https:\\\/\\\/www.filha.fi\\\/sisailma\\\/#primaryimage\"},\"thumbnailUrl\":\"https:\\\/\\\/www.filha.fi\\\/wp-content\\\/uploads\\\/2022\\\/12\\\/TerveyskylaPro_Kuva_5-1024x640.jpg\",\"datePublished\":\"2021-03-26T12:48:46+00:00\",\"dateModified\":\"2025-08-15T08:20:08+00:00\",\"breadcrumb\":{\"@id\":\"https:\\\/\\\/www.filha.fi\\\/sisailma\\\/#breadcrumb\"},\"inLanguage\":\"en-US\",\"potentialAction\":[{\"@type\":\"ReadAction\",\"target\":[\"https:\\\/\\\/www.filha.fi\\\/sisailma\\\/\"]}]},{\"@type\":\"ImageObject\",\"inLanguage\":\"en-US\",\"@id\":\"https:\\\/\\\/www.filha.fi\\\/sisailma\\\/#primaryimage\",\"url\":\"https:\\\/\\\/www.filha.fi\\\/wp-content\\\/uploads\\\/2022\\\/12\\\/TerveyskylaPro_Kuva_5-1024x640.jpg\",\"contentUrl\":\"https:\\\/\\\/www.filha.fi\\\/wp-content\\\/uploads\\\/2022\\\/12\\\/TerveyskylaPro_Kuva_5-1024x640.jpg\"},{\"@type\":\"BreadcrumbList\",\"@id\":\"https:\\\/\\\/www.filha.fi\\\/sisailma\\\/#breadcrumb\",\"itemListElement\":[{\"@type\":\"ListItem\",\"position\":1,\"name\":\"Home\",\"item\":\"https:\\\/\\\/www.filha.fi\\\/\"},{\"@type\":\"ListItem\",\"position\":2,\"name\":\"Sis\u00e4ilma\"}]},{\"@type\":\"WebSite\",\"@id\":\"https:\\\/\\\/www.filha.fi\\\/#website\",\"url\":\"https:\\\/\\\/www.filha.fi\\\/\",\"name\":\"Filha\",\"description\":\"Expertise in lung health\",\"publisher\":{\"@id\":\"https:\\\/\\\/www.filha.fi\\\/#organization\"},\"potentialAction\":[{\"@type\":\"SearchAction\",\"target\":{\"@type\":\"EntryPoint\",\"urlTemplate\":\"https:\\\/\\\/www.filha.fi\\\/?s={search_term_string}\"},\"query-input\":{\"@type\":\"PropertyValueSpecification\",\"valueRequired\":true,\"valueName\":\"search_term_string\"}}],\"inLanguage\":\"en-US\"},{\"@type\":\"Organization\",\"@id\":\"https:\\\/\\\/www.filha.fi\\\/#organization\",\"name\":\"Filha ry\",\"url\":\"https:\\\/\\\/www.filha.fi\\\/\",\"logo\":{\"@type\":\"ImageObject\",\"inLanguage\":\"en-US\",\"@id\":\"https:\\\/\\\/www.filha.fi\\\/#\\\/schema\\\/logo\\\/image\\\/\",\"url\":\"https:\\\/\\\/www.filha.fi\\\/wp-content\\\/uploads\\\/2019\\\/04\\\/Filha-logo.png\",\"contentUrl\":\"https:\\\/\\\/www.filha.fi\\\/wp-content\\\/uploads\\\/2019\\\/04\\\/Filha-logo.png\",\"width\":960,\"height\":1230,\"caption\":\"Filha ry\"},\"image\":{\"@id\":\"https:\\\/\\\/www.filha.fi\\\/#\\\/schema\\\/logo\\\/image\\\/\"}}]}<\/script>\n<!-- \/ Yoast SEO plugin. -->","yoast_head_json":{"title":"Sis\u00e4ilma - Filha","robots":{"index":"index","follow":"follow","max-snippet":"max-snippet:-1","max-image-preview":"max-image-preview:large","max-video-preview":"max-video-preview:-1"},"canonical":"https:\/\/www.filha.fi\/sisailma\/","og_locale":"en_US","og_type":"article","og_title":"Sis\u00e4ilma - Filha","og_url":"https:\/\/www.filha.fi\/sisailma\/","og_site_name":"Filha","article_modified_time":"2025-08-15T08:20:08+00:00","og_image":[{"width":2268,"height":1417,"url":"https:\/\/www.filha.fi\/wp-content\/uploads\/2022\/12\/TerveyskylaPro_Kuva_5.jpg","type":"image\/jpeg"}],"twitter_card":"summary_large_image","twitter_misc":{"Est. reading time":"2 minutes"},"schema":{"@context":"https:\/\/schema.org","@graph":[{"@type":"WebPage","@id":"https:\/\/www.filha.fi\/sisailma\/","url":"https:\/\/www.filha.fi\/sisailma\/","name":"Sis\u00e4ilma - Filha","isPartOf":{"@id":"https:\/\/www.filha.fi\/#website"},"primaryImageOfPage":{"@id":"https:\/\/www.filha.fi\/sisailma\/#primaryimage"},"image":{"@id":"https:\/\/www.filha.fi\/sisailma\/#primaryimage"},"thumbnailUrl":"https:\/\/www.filha.fi\/wp-content\/uploads\/2022\/12\/TerveyskylaPro_Kuva_5-1024x640.jpg","datePublished":"2021-03-26T12:48:46+00:00","dateModified":"2025-08-15T08:20:08+00:00","breadcrumb":{"@id":"https:\/\/www.filha.fi\/sisailma\/#breadcrumb"},"inLanguage":"en-US","potentialAction":[{"@type":"ReadAction","target":["https:\/\/www.filha.fi\/sisailma\/"]}]},{"@type":"ImageObject","inLanguage":"en-US","@id":"https:\/\/www.filha.fi\/sisailma\/#primaryimage","url":"https:\/\/www.filha.fi\/wp-content\/uploads\/2022\/12\/TerveyskylaPro_Kuva_5-1024x640.jpg","contentUrl":"https:\/\/www.filha.fi\/wp-content\/uploads\/2022\/12\/TerveyskylaPro_Kuva_5-1024x640.jpg"},{"@type":"BreadcrumbList","@id":"https:\/\/www.filha.fi\/sisailma\/#breadcrumb","itemListElement":[{"@type":"ListItem","position":1,"name":"Home","item":"https:\/\/www.filha.fi\/"},{"@type":"ListItem","position":2,"name":"Sis\u00e4ilma"}]},{"@type":"WebSite","@id":"https:\/\/www.filha.fi\/#website","url":"https:\/\/www.filha.fi\/","name":"Filha","description":"Expertise in lung health","publisher":{"@id":"https:\/\/www.filha.fi\/#organization"},"potentialAction":[{"@type":"SearchAction","target":{"@type":"EntryPoint","urlTemplate":"https:\/\/www.filha.fi\/?s={search_term_string}"},"query-input":{"@type":"PropertyValueSpecification","valueRequired":true,"valueName":"search_term_string"}}],"inLanguage":"en-US"},{"@type":"Organization","@id":"https:\/\/www.filha.fi\/#organization","name":"Filha ry","url":"https:\/\/www.filha.fi\/","logo":{"@type":"ImageObject","inLanguage":"en-US","@id":"https:\/\/www.filha.fi\/#\/schema\/logo\/image\/","url":"https:\/\/www.filha.fi\/wp-content\/uploads\/2019\/04\/Filha-logo.png","contentUrl":"https:\/\/www.filha.fi\/wp-content\/uploads\/2019\/04\/Filha-logo.png","width":960,"height":1230,"caption":"Filha ry"},"image":{"@id":"https:\/\/www.filha.fi\/#\/schema\/logo\/image\/"}}]}},"_links":{"self":[{"href":"https:\/\/www.filha.fi\/en\/wp-json\/wp\/v2\/pages\/7790","targetHints":{"allow":["GET"]}}],"collection":[{"href":"https:\/\/www.filha.fi\/en\/wp-json\/wp\/v2\/pages"}],"about":[{"href":"https:\/\/www.filha.fi\/en\/wp-json\/wp\/v2\/types\/page"}],"author":[{"embeddable":true,"href":"https:\/\/www.filha.fi\/en\/wp-json\/wp\/v2\/users\/4"}],"replies":[{"embeddable":true,"href":"https:\/\/www.filha.fi\/en\/wp-json\/wp\/v2\/comments?post=7790"}],"version-history":[{"count":0,"href":"https:\/\/www.filha.fi\/en\/wp-json\/wp\/v2\/pages\/7790\/revisions"}],"wp:attachment":[{"href":"https:\/\/www.filha.fi\/en\/wp-json\/wp\/v2\/media?parent=7790"}],"wp:term":[{"taxonomy":"category","embeddable":true,"href":"https:\/\/www.filha.fi\/en\/wp-json\/wp\/v2\/categories?post=7790"}],"curies":[{"name":"wp","href":"https:\/\/api.w.org\/{rel}","templated":true}]}}