{"id":7796,"date":"2021-03-26T14:57:38","date_gmt":"2021-03-26T12:57:38","guid":{"rendered":"https:\/\/www.filha.fi\/?page_id=7796"},"modified":"2021-03-26T15:04:49","modified_gmt":"2021-03-26T13:04:49","slug":"keuhkosyopa","status":"publish","type":"page","link":"https:\/\/www.filha.fi\/en\/keuhkosyopa\/","title":{"rendered":"Keuhkosy\u00f6p\u00e4"},"content":{"rendered":"<h2>Ysk\u00e4\u00e4 ja v\u00e4symyst\u00e4 \u2013 ep\u00e4ile keuhkosy\u00f6p\u00e4\u00e4<\/h2>\n<p>Keuhkosy\u00f6v\u00e4n mahdollisuus tulisi aina ottaa huomioon, jos potilaalla on pitkittynytt\u00e4 limaista ysk\u00e4\u00e4.<\/p>\n<p>Vaikka yleisimmin keuhkosy\u00f6p\u00e4 onkin i\u00e4kk\u00e4\u00e4mpien sairaus, my\u00f6s nuorilla ja tupakoimattomilla voi olla keuhkosy\u00f6p\u00e4.<\/p>\n<p>Tee n\u00e4in keuhkosy\u00f6p\u00e4ep\u00e4ilyss\u00e4:<\/p>\n<ul>\n<li>Jos ep\u00e4ilet keuhkosy\u00f6p\u00e4\u00e4, keuhkojen natiivir\u00f6ntgenkuva kuuluu perustutkimuksiin perusterveydenhuollossa.<\/li>\n<li>Mik\u00e4li r\u00f6ntgenkuvassa on l\u00f6yd\u00f6s tai keuhkosy\u00f6p\u00e4ep\u00e4ily on vahva normaalista natiivir\u00f6ntgenkuvasta huolimatta esimerkiksi oireiden perusteella, l\u00e4het\u00e4 potilas keuhkosairauksien poliklinikalle jatkoselvittelyj\u00e4 varten.<\/li>\n<li>Yleisimpi\u00e4 oireita ovat ysk\u00e4, hengenahdistus, rintakeh\u00e4n kipu, laihtuminen, veriysk\u00e4 ja toistuvat keuhkokuumeet.<\/li>\n<li>Veriysk\u00e4 ja toistuva tai korjaantumaton keuhkokuume ovat aina syy l\u00e4hett\u00e4\u00e4 potilas jatkotutkimuksiin.<\/li>\n<li>Tauti on usein oireeton ja oireet tulevat vasta kun sy\u00f6p\u00e4 on levinnyt.<\/li>\n<\/ul>\n<p><a href=\"https:\/\/www.filha.fi\/tupakka-ja-nikotiini\/\">Miten otan puheeksi tupakoinnin? <\/a><\/p>\n<h2>Keuhkosy\u00f6p\u00e4 p\u00e4hkin\u00e4nkuoressa<\/h2>\n<ul>\n<li>Suomessa keuhkosy\u00f6p\u00e4 on sek\u00e4 miehill\u00e4 ett\u00e4 naisilla kolmanneksi yleisin sy\u00f6p\u00e4.<\/li>\n<li>Miehill\u00e4 eturauhassy\u00f6p\u00e4 ja naisilla rintasy\u00f6p\u00e4 on yleisin sy\u00f6p\u00e4. Sek\u00e4 miehill\u00e4 ett\u00e4 naisilla paksu- ja per\u00e4suolisy\u00f6p\u00e4 on toiseksi yleisin sy\u00f6p\u00e4.<\/li>\n<li>Keuhkosy\u00f6v\u00e4n esiintyvyys Suomessa on miehill\u00e4 laskenut ja naisilla noussut.<br \/>\n10-20 % sairastuneista tupakoimattomia.<\/li>\n<li>Keuhkosy\u00f6p\u00e4 tappaa sy\u00f6vist\u00e4 eniten ihmisi\u00e4 vuosittain.<\/li>\n<li>Keuhkosy\u00f6v\u00e4ll\u00e4 elossaololuku viiden vuoden j\u00e4lkeen on miehill\u00e4 13 % ja naisilla 20 %, kun eturauhassy\u00f6v\u00e4ss\u00e4 se on 93 %, rintasy\u00f6v\u00e4ss\u00e4 91 % ja paksu- ja per\u00e4suolisy\u00f6v\u00e4ss\u00e4 67 %.<\/li>\n<li>Nelj\u00e4nnes keuhkosy\u00f6vist\u00e4 todetaan oireettomilla potilailla.<\/li>\n<li>Keuhkoissa ei ole kiputuntemusta, joten ensimm\u00e4iset oireet tulevat usein vasta kun tauti on levinnyt, jos sy\u00f6p\u00e4\u00e4 ei l\u00f6ydet\u00e4 sattumalta muun syyn takia tehdyiss\u00e4 tutkimuksissa.<\/li>\n<li>Ennuste vaihtelee alatyypin mukaan, mutta usein ennuste on huono.<\/li>\n<\/ul>\n<h2>Tupakka ja keuhkosy\u00f6p\u00e4<\/h2>\n<p>80\u201390 % keuhkosy\u00f6v\u00e4st\u00e4 johtuu tupakoinnista.<\/p>\n<p>Kuitenkin 10\u201320 % sairastuneista ei ole tupakoinut. He ovat yleens\u00e4 nuorempia ja heilt\u00e4 l\u00f6ytyy jokin tunnetuista immunologisista mutaatioista.<\/p>\n<p>Tupakoitsijoilla on 15-30 kertaa suurempi riski sairastua keuhkosy\u00f6p\u00e4\u00e4n. Joka kymmenes s\u00e4\u00e4nn\u00f6llisesti tupakoivista sairastuu keuhkosy\u00f6p\u00e4\u00e4n.<\/p>\n<p>Lopettamalla tupakoinnin riski\u00e4 saa reilusti laskemaan, mutta t\u00e4ysin tupakoimattoman tasolle se ei koskaan laske. Passiivinen tupakointi aiheuttaa n. 24 % suuremman riskin saada keuhkosy\u00f6p\u00e4.<\/p>\n<p>Passiivinen tupakointi on vaarallista ja vaikuttaa lapsilla keuhkojen kehitykseen. Vanhempien tupakointiin lasten l\u00e4heisyydess\u00e4 tulisi ehdottomasti puuttua.<\/p>\n<h2>Muita riskitekij\u00f6it\u00e4<\/h2>\n<h3>Asbesti<\/h3>\n<p>Vaikka asbesti kiellettiin jo aikaa sitten, tavataan asbestin aiheuttamaan keuhkosy\u00f6p\u00e4\u00e4 ja mesotelioomaa edelleen. Etenkin tupakointi yhdistettyn\u00e4 asbestiin on huomattava keuhkosy\u00f6v\u00e4n riskitekij\u00e4.<\/p>\n<h3>Radon<\/h3>\n<p>Maaper\u00e4n radon aiheuttaa keuhkosy\u00f6p\u00e4\u00e4, ja sit\u00e4 on Suomen kalliomaastossa runsaammin kuin muissa Euroopan maissa.<\/p>\n<h3>Muita hengitett\u00e4ess\u00e4 sy\u00f6p\u00e4vaarallisia aineita:<\/h3>\n<ul>\n<li>Kromi- ja nikkeliyhdisteet<\/li>\n<li>Arseeni<\/li>\n<li>Dieselpakokaasut<\/li>\n<li>Polysykliset aromaattiset hiilivedyt (PAH-yhdisteet)<\/li>\n<\/ul>\n<h3>Lis\u00e4ksi riskitekij\u00f6it\u00e4 ovat:<\/h3>\n<ul>\n<li>jotkut keuhkosairaudet: COPD, IPF, tuberkuloosi<\/li>\n<li>pienentynyt keuhkofunktio<\/li>\n<li>l\u00e4hisukulaisen keuhkosy\u00f6p\u00e4<\/li>\n<\/ul>\n<h2>Keuhkosy\u00f6p\u00e4 sairautena<\/h2>\n<ul>\n<li>Kaksi p\u00e4\u00e4tyyppi\u00e4: pienisoluinen (20 %) ja ei-pienisoluinen (80%)<\/li>\n<li>Pienisoluinen johtuu melkein aina tupakoinnista<\/li>\n<li>Tupakoimattomilla melkein aina ei-pienisoluinen<\/li>\n<li>Leikkaushoitoa voidaan tarjota, jos sy\u00f6p\u00e4 ei ole levinnyt<\/li>\n<li>Jos sy\u00f6p\u00e4\u00e4 ei voida leikata, tarjolla on sairautta jarruttavaa hoitoa, jolla voidaan saada useita vuosia elinaikaa lis\u00e4\u00e4, mutta parantavaa hoitoa ei ole.<\/li>\n<\/ul>\n<h2>Lue lis\u00e4\u00e4 keuhkosy\u00f6v\u00e4st\u00e4:<\/h2>\n<p>Keuhkosy\u00f6p\u00e4: <a href=\"https:\/\/www.kaypahoito.fi\/hoi06050\" target=\"_blank\" rel=\"noopener\">K\u00e4yp\u00e4 hoito -suositus, 2017<\/a><\/p>\n","protected":false},"excerpt":{"rendered":"<p>Ysk\u00e4\u00e4 ja v\u00e4symyst\u00e4 \u2013 ep\u00e4ile keuhkosy\u00f6p\u00e4\u00e4 Keuhkosy\u00f6v\u00e4n mahdollisuus tulisi aina ottaa huomioon, jos potilaalla on pitkittynytt\u00e4 limaista ysk\u00e4\u00e4. Vaikka yleisimmin keuhkosy\u00f6p\u00e4 onkin i\u00e4kk\u00e4\u00e4mpien sairaus, my\u00f6s nuorilla ja tupakoimattomilla voi olla &#8230; <a title=\"Keuhkosy\u00f6p\u00e4\" class=\"read-more\" href=\"https:\/\/www.filha.fi\/en\/keuhkosyopa\/\" aria-label=\"Read more about Keuhkosy\u00f6p\u00e4\">Read more<\/a><\/p>\n","protected":false},"author":4,"featured_media":0,"parent":0,"menu_order":0,"comment_status":"closed","ping_status":"closed","template":"","meta":{"_acf_changed":false,"footnotes":""},"categories":[95,47,73],"class_list":["post-7796","page","type-page","status-publish","category-keuhkosyopa","category-tuula","category-tuuli"],"translation":{"provider":"WPGlobus","version":"3.0.2","language":"en","enabled_languages":["fi","en"],"languages":{"fi":{"title":true,"content":true,"excerpt":false},"en":{"title":false,"content":false,"excerpt":false}}},"acf":[],"yoast_head":"<!-- This site is optimized with the Yoast SEO plugin v27.4 - https:\/\/yoast.com\/product\/yoast-seo-wordpress\/ -->\n<title>Keuhkosy\u00f6p\u00e4 - Filha<\/title>\n<meta name=\"robots\" content=\"index, follow, max-snippet:-1, max-image-preview:large, max-video-preview:-1\" \/>\n<link rel=\"canonical\" href=\"https:\/\/www.filha.fi\/keuhkosyopa\/\" \/>\n<meta property=\"og:locale\" content=\"en_US\" \/>\n<meta property=\"og:type\" content=\"article\" \/>\n<meta property=\"og:title\" content=\"Keuhkosy\u00f6p\u00e4 - Filha\" \/>\n<meta property=\"og:url\" content=\"https:\/\/www.filha.fi\/keuhkosyopa\/\" \/>\n<meta property=\"og:site_name\" content=\"Filha\" \/>\n<meta property=\"article:modified_time\" content=\"2021-03-26T13:04:49+00:00\" \/>\n<meta property=\"og:image\" content=\"https:\/\/www.filha.fi\/wp-content\/uploads\/2019\/04\/Filha-logo.png\" \/>\n\t<meta property=\"og:image:width\" content=\"960\" \/>\n\t<meta property=\"og:image:height\" content=\"1230\" \/>\n\t<meta property=\"og:image:type\" content=\"image\/png\" \/>\n<meta name=\"twitter:card\" content=\"summary_large_image\" \/>\n<meta name=\"twitter:label1\" content=\"Est. reading time\" \/>\n\t<meta name=\"twitter:data1\" content=\"2 minutes\" \/>\n<script type=\"application\/ld+json\" class=\"yoast-schema-graph\">{\"@context\":\"https:\\\/\\\/schema.org\",\"@graph\":[{\"@type\":\"WebPage\",\"@id\":\"https:\\\/\\\/www.filha.fi\\\/keuhkosyopa\\\/\",\"url\":\"https:\\\/\\\/www.filha.fi\\\/keuhkosyopa\\\/\",\"name\":\"Keuhkosy\u00f6p\u00e4 - Filha\",\"isPartOf\":{\"@id\":\"https:\\\/\\\/www.filha.fi\\\/#website\"},\"datePublished\":\"2021-03-26T12:57:38+00:00\",\"dateModified\":\"2021-03-26T13:04:49+00:00\",\"breadcrumb\":{\"@id\":\"https:\\\/\\\/www.filha.fi\\\/keuhkosyopa\\\/#breadcrumb\"},\"inLanguage\":\"en-US\",\"potentialAction\":[{\"@type\":\"ReadAction\",\"target\":[\"https:\\\/\\\/www.filha.fi\\\/keuhkosyopa\\\/\"]}]},{\"@type\":\"BreadcrumbList\",\"@id\":\"https:\\\/\\\/www.filha.fi\\\/keuhkosyopa\\\/#breadcrumb\",\"itemListElement\":[{\"@type\":\"ListItem\",\"position\":1,\"name\":\"Home\",\"item\":\"https:\\\/\\\/www.filha.fi\\\/\"},{\"@type\":\"ListItem\",\"position\":2,\"name\":\"Keuhkosy\u00f6p\u00e4\"}]},{\"@type\":\"WebSite\",\"@id\":\"https:\\\/\\\/www.filha.fi\\\/#website\",\"url\":\"https:\\\/\\\/www.filha.fi\\\/\",\"name\":\"Filha\",\"description\":\"Expertise in lung health\",\"publisher\":{\"@id\":\"https:\\\/\\\/www.filha.fi\\\/#organization\"},\"potentialAction\":[{\"@type\":\"SearchAction\",\"target\":{\"@type\":\"EntryPoint\",\"urlTemplate\":\"https:\\\/\\\/www.filha.fi\\\/?s={search_term_string}\"},\"query-input\":{\"@type\":\"PropertyValueSpecification\",\"valueRequired\":true,\"valueName\":\"search_term_string\"}}],\"inLanguage\":\"en-US\"},{\"@type\":\"Organization\",\"@id\":\"https:\\\/\\\/www.filha.fi\\\/#organization\",\"name\":\"Filha ry\",\"url\":\"https:\\\/\\\/www.filha.fi\\\/\",\"logo\":{\"@type\":\"ImageObject\",\"inLanguage\":\"en-US\",\"@id\":\"https:\\\/\\\/www.filha.fi\\\/#\\\/schema\\\/logo\\\/image\\\/\",\"url\":\"https:\\\/\\\/www.filha.fi\\\/wp-content\\\/uploads\\\/2019\\\/04\\\/Filha-logo.png\",\"contentUrl\":\"https:\\\/\\\/www.filha.fi\\\/wp-content\\\/uploads\\\/2019\\\/04\\\/Filha-logo.png\",\"width\":960,\"height\":1230,\"caption\":\"Filha ry\"},\"image\":{\"@id\":\"https:\\\/\\\/www.filha.fi\\\/#\\\/schema\\\/logo\\\/image\\\/\"}}]}<\/script>\n<!-- \/ Yoast SEO plugin. -->","yoast_head_json":{"title":"Keuhkosy\u00f6p\u00e4 - Filha","robots":{"index":"index","follow":"follow","max-snippet":"max-snippet:-1","max-image-preview":"max-image-preview:large","max-video-preview":"max-video-preview:-1"},"canonical":"https:\/\/www.filha.fi\/keuhkosyopa\/","og_locale":"en_US","og_type":"article","og_title":"Keuhkosy\u00f6p\u00e4 - Filha","og_url":"https:\/\/www.filha.fi\/keuhkosyopa\/","og_site_name":"Filha","article_modified_time":"2021-03-26T13:04:49+00:00","og_image":[{"width":960,"height":1230,"url":"https:\/\/www.filha.fi\/wp-content\/uploads\/2019\/04\/Filha-logo.png","type":"image\/png"}],"twitter_card":"summary_large_image","twitter_misc":{"Est. reading time":"2 minutes"},"schema":{"@context":"https:\/\/schema.org","@graph":[{"@type":"WebPage","@id":"https:\/\/www.filha.fi\/keuhkosyopa\/","url":"https:\/\/www.filha.fi\/keuhkosyopa\/","name":"Keuhkosy\u00f6p\u00e4 - Filha","isPartOf":{"@id":"https:\/\/www.filha.fi\/#website"},"datePublished":"2021-03-26T12:57:38+00:00","dateModified":"2021-03-26T13:04:49+00:00","breadcrumb":{"@id":"https:\/\/www.filha.fi\/keuhkosyopa\/#breadcrumb"},"inLanguage":"en-US","potentialAction":[{"@type":"ReadAction","target":["https:\/\/www.filha.fi\/keuhkosyopa\/"]}]},{"@type":"BreadcrumbList","@id":"https:\/\/www.filha.fi\/keuhkosyopa\/#breadcrumb","itemListElement":[{"@type":"ListItem","position":1,"name":"Home","item":"https:\/\/www.filha.fi\/"},{"@type":"ListItem","position":2,"name":"Keuhkosy\u00f6p\u00e4"}]},{"@type":"WebSite","@id":"https:\/\/www.filha.fi\/#website","url":"https:\/\/www.filha.fi\/","name":"Filha","description":"Expertise in lung health","publisher":{"@id":"https:\/\/www.filha.fi\/#organization"},"potentialAction":[{"@type":"SearchAction","target":{"@type":"EntryPoint","urlTemplate":"https:\/\/www.filha.fi\/?s={search_term_string}"},"query-input":{"@type":"PropertyValueSpecification","valueRequired":true,"valueName":"search_term_string"}}],"inLanguage":"en-US"},{"@type":"Organization","@id":"https:\/\/www.filha.fi\/#organization","name":"Filha ry","url":"https:\/\/www.filha.fi\/","logo":{"@type":"ImageObject","inLanguage":"en-US","@id":"https:\/\/www.filha.fi\/#\/schema\/logo\/image\/","url":"https:\/\/www.filha.fi\/wp-content\/uploads\/2019\/04\/Filha-logo.png","contentUrl":"https:\/\/www.filha.fi\/wp-content\/uploads\/2019\/04\/Filha-logo.png","width":960,"height":1230,"caption":"Filha ry"},"image":{"@id":"https:\/\/www.filha.fi\/#\/schema\/logo\/image\/"}}]}},"_links":{"self":[{"href":"https:\/\/www.filha.fi\/en\/wp-json\/wp\/v2\/pages\/7796","targetHints":{"allow":["GET"]}}],"collection":[{"href":"https:\/\/www.filha.fi\/en\/wp-json\/wp\/v2\/pages"}],"about":[{"href":"https:\/\/www.filha.fi\/en\/wp-json\/wp\/v2\/types\/page"}],"author":[{"embeddable":true,"href":"https:\/\/www.filha.fi\/en\/wp-json\/wp\/v2\/users\/4"}],"replies":[{"embeddable":true,"href":"https:\/\/www.filha.fi\/en\/wp-json\/wp\/v2\/comments?post=7796"}],"version-history":[{"count":0,"href":"https:\/\/www.filha.fi\/en\/wp-json\/wp\/v2\/pages\/7796\/revisions"}],"wp:attachment":[{"href":"https:\/\/www.filha.fi\/en\/wp-json\/wp\/v2\/media?parent=7796"}],"wp:term":[{"taxonomy":"category","embeddable":true,"href":"https:\/\/www.filha.fi\/en\/wp-json\/wp\/v2\/categories?post=7796"}],"curies":[{"name":"wp","href":"https:\/\/api.w.org\/{rel}","templated":true}]}}