{"id":7812,"date":"2021-03-26T15:27:40","date_gmt":"2021-03-26T13:27:40","guid":{"rendered":"https:\/\/www.filha.fi\/?page_id=7812"},"modified":"2024-10-08T11:42:00","modified_gmt":"2024-10-08T08:42:00","slug":"astma-ja-copd","status":"publish","type":"page","link":"https:\/\/www.filha.fi\/en\/astma-ja-copd\/","title":{"rendered":"Astma ja COPD"},"content":{"rendered":"<p>Astma ja keuhkoahtaumatauti (COPD) ovat ahtauttavia keuhkosairauksia. Niiden samanaikainen esiintyminen on tavallista. Erityisesti tupakoivalla astmaatikolla hengitystietulehdus ja hoitovaste muuttuvat keuhkoahtaumataudin suuntaan. Molemmat ovat yleisi\u00e4 kansansairauksiamme.<\/p>\n<p>Keuhkoahtaumataudin ja astman erottaminen toisistaan on t\u00e4rke\u00e4\u00e4. Vaikka niit\u00e4 hoidetaan osittain samoilla l\u00e4\u00e4kkeill\u00e4, ne ovat kuitenkin etiologialtaan, perusmekanismeiltaan, taudinkulultaan ja ennusteeltaan erilaisia sairauksia.<\/p>\n<h2>Astma vai keuhkoahtaumatauti?<\/h2>\n<p><strong>Astman ja keuhkoahtaumataudin eroja<\/strong><\/p>\n<p><a href=\"https:\/\/www.filha.fi\/astma-ja-copd\/astman-ja-keuhkoahtaumataudin-eroja\/#main\" rel=\"attachment wp-att-8027\"><img fetchpriority=\"high\" decoding=\"async\" class=\"alignnone size-full wp-image-8027\" src=\"https:\/\/www.filha.fi\/wp-content\/uploads\/2021\/04\/Astman-ja-keuhkoahtaumataudin-eroja.jpg\" alt=\"\" width=\"788\" height=\"319\" srcset=\"https:\/\/www.filha.fi\/wp-content\/uploads\/2021\/04\/Astman-ja-keuhkoahtaumataudin-eroja.jpg 788w, https:\/\/www.filha.fi\/wp-content\/uploads\/2021\/04\/Astman-ja-keuhkoahtaumataudin-eroja-300x121.jpg 300w, https:\/\/www.filha.fi\/wp-content\/uploads\/2021\/04\/Astman-ja-keuhkoahtaumataudin-eroja-768x311.jpg 768w\" sizes=\"(max-width: 788px) 100vw, 788px\" \/><\/a><\/p>\n<p>L\u00e4hde: <a href=\"https:\/\/www.kaypahoito.fi\/hoi06030\" target=\"_blank\" rel=\"noopener\">K\u00e4yp\u00e4 hoito -suositus: Astma<\/a> (2012)<\/p>\n<h3><strong>Astman ja keuhkoahtaumataudin diagnostiikka<\/strong><\/h3>\n<p><a href=\"https:\/\/www.filha.fi\/wp-content\/uploads\/2021\/03\/Keuhkofunktiotutkimukset-astman-ja-keuhkoahtaumataudin-diagnostiikassa.pdf\" target=\"_blank\" rel=\"noopener\">Keuhkofunktiotutkimukset astman ja keuhkoahtaumataudin diagnostiikassa<\/a> (pdf)<\/p>\n<p>Ladattava tiivistelm\u00e4 astman ja keuhkoahtaumataudin diagnostiikasta perusterveydenhuollossa.<\/p>\n<h3><strong>Lis\u00e4\u00e4 ohjeistuksia:<\/strong><\/h3>\n<p>&nbsp;<\/p>\n<p><strong>Astma<\/strong><\/p>\n<ul>\n<li><a href=\"https:\/\/www.filha.fi\/wp-content\/uploads\/2024\/10\/Astman-DG-PTH-Suomi.pdf\" target=\"_blank\" rel=\"noopener\">Ohje diagnostiikkaan perusterveydenhuollossa<\/a><\/li>\n<li><a href=\"https:\/\/www.filha.fi\/wp-content\/uploads\/2024\/10\/Astman-hoidon-aloittaminen-PTH-Suomi.pdf\" target=\"_blank\" rel=\"noopener\">Hoidon aloittaminen perusterveydenhuollossa<\/a><\/li>\n<li><a href=\"https:\/\/www.filha.fi\/wp-content\/uploads\/2024\/10\/ASTMAN-PAHENEMISVAIHEET-JA-NIIDEN-OMAHOITO.pdf\" target=\"_blank\" rel=\"noopener\">Pahenemisvaihe ja sen omahoito<\/a><\/li>\n<li><a href=\"https:\/\/www.filha.fi\/wp-content\/uploads\/2024\/10\/ASTMAN-SEURANTA-PTH.pdf\" target=\"_blank\" rel=\"noopener\">Seuranta perusterveydenhuollossa<\/a><\/li>\n<\/ul>\n<p><strong>Keuhkoahtaumatauti<\/strong><\/p>\n<ul>\n<li><a href=\"https:\/\/www.filha.fi\/wp-content\/uploads\/2024\/10\/KEUHKOAHTAUMATAUDIN-dg-PTHssa.pdf\" target=\"_blank\" rel=\"noopener\">Ohje diagnostiikkaan perusterveydenhuollossa<\/a><\/li>\n<li><a href=\"https:\/\/www.filha.fi\/wp-content\/uploads\/2024\/10\/KEUHKOAHTAUMATAUDIN-hoidon-aloitus-PTHssa.pdf\" target=\"_blank\" rel=\"noopener\">Hoidon aloittaminen perusterveydenhuollossa<\/a><\/li>\n<li><a href=\"https:\/\/www.filha.fi\/wp-content\/uploads\/2024\/10\/KEUHKOAHTAUMATAUTIPOTILAAN-SEURANTA-PTH.pdf\" target=\"_blank\" rel=\"noopener\">Keuhkoahtaumatautipotilaan seuranta perusterveydenhuollossa<\/a><\/li>\n<\/ul>\n","protected":false},"excerpt":{"rendered":"<p>Astma ja keuhkoahtaumatauti (COPD) ovat ahtauttavia keuhkosairauksia. Niiden samanaikainen esiintyminen on tavallista. Erityisesti tupakoivalla astmaatikolla hengitystietulehdus ja hoitovaste muuttuvat keuhkoahtaumataudin suuntaan. Molemmat ovat yleisi\u00e4 kansansairauksiamme. Keuhkoahtaumataudin ja astman erottaminen toisistaan &#8230; <a title=\"Astma ja COPD\" class=\"read-more\" href=\"https:\/\/www.filha.fi\/en\/astma-ja-copd\/\" aria-label=\"Read more about Astma ja COPD\">Read more<\/a><\/p>\n","protected":false},"author":4,"featured_media":0,"parent":0,"menu_order":0,"comment_status":"closed","ping_status":"closed","template":"","meta":{"_acf_changed":false,"footnotes":""},"categories":[173,4,5,74,47],"class_list":["post-7812","page","type-page","status-publish","category-antti","category-astma","category-keuhkoahtaumatauti","category-miia","category-tuula"],"translation":{"provider":"WPGlobus","version":"3.0.2","language":"en","enabled_languages":["fi","en"],"languages":{"fi":{"title":true,"content":true,"excerpt":false},"en":{"title":false,"content":false,"excerpt":false}}},"acf":[],"yoast_head":"<!-- This site is optimized with the Yoast SEO plugin v27.4 - https:\/\/yoast.com\/product\/yoast-seo-wordpress\/ -->\n<title>Astma ja COPD - Filha<\/title>\n<meta name=\"robots\" content=\"index, follow, max-snippet:-1, max-image-preview:large, max-video-preview:-1\" \/>\n<link rel=\"canonical\" href=\"https:\/\/www.filha.fi\/astma-ja-copd\/\" \/>\n<meta property=\"og:locale\" content=\"en_US\" \/>\n<meta property=\"og:type\" content=\"article\" \/>\n<meta property=\"og:title\" content=\"Astma ja COPD - Filha\" \/>\n<meta property=\"og:url\" content=\"https:\/\/www.filha.fi\/astma-ja-copd\/\" \/>\n<meta property=\"og:site_name\" content=\"Filha\" \/>\n<meta property=\"article:modified_time\" content=\"2024-10-08T08:42:00+00:00\" \/>\n<meta property=\"og:image\" content=\"https:\/\/www.filha.fi\/wp-content\/uploads\/2021\/04\/Astman-ja-keuhkoahtaumataudin-eroja.jpg\" \/>\n<meta name=\"twitter:card\" content=\"summary_large_image\" \/>\n<meta name=\"twitter:label1\" content=\"Est. reading time\" \/>\n\t<meta name=\"twitter:data1\" content=\"1 minute\" \/>\n<script type=\"application\/ld+json\" class=\"yoast-schema-graph\">{\"@context\":\"https:\\\/\\\/schema.org\",\"@graph\":[{\"@type\":\"WebPage\",\"@id\":\"https:\\\/\\\/www.filha.fi\\\/astma-ja-copd\\\/\",\"url\":\"https:\\\/\\\/www.filha.fi\\\/astma-ja-copd\\\/\",\"name\":\"Astma ja COPD - Filha\",\"isPartOf\":{\"@id\":\"https:\\\/\\\/www.filha.fi\\\/#website\"},\"primaryImageOfPage\":{\"@id\":\"https:\\\/\\\/www.filha.fi\\\/astma-ja-copd\\\/#primaryimage\"},\"image\":{\"@id\":\"https:\\\/\\\/www.filha.fi\\\/astma-ja-copd\\\/#primaryimage\"},\"thumbnailUrl\":\"https:\\\/\\\/www.filha.fi\\\/wp-content\\\/uploads\\\/2021\\\/04\\\/Astman-ja-keuhkoahtaumataudin-eroja.jpg\",\"datePublished\":\"2021-03-26T13:27:40+00:00\",\"dateModified\":\"2024-10-08T08:42:00+00:00\",\"breadcrumb\":{\"@id\":\"https:\\\/\\\/www.filha.fi\\\/astma-ja-copd\\\/#breadcrumb\"},\"inLanguage\":\"en-US\",\"potentialAction\":[{\"@type\":\"ReadAction\",\"target\":[\"https:\\\/\\\/www.filha.fi\\\/astma-ja-copd\\\/\"]}]},{\"@type\":\"ImageObject\",\"inLanguage\":\"en-US\",\"@id\":\"https:\\\/\\\/www.filha.fi\\\/astma-ja-copd\\\/#primaryimage\",\"url\":\"https:\\\/\\\/www.filha.fi\\\/wp-content\\\/uploads\\\/2021\\\/04\\\/Astman-ja-keuhkoahtaumataudin-eroja.jpg\",\"contentUrl\":\"https:\\\/\\\/www.filha.fi\\\/wp-content\\\/uploads\\\/2021\\\/04\\\/Astman-ja-keuhkoahtaumataudin-eroja.jpg\"},{\"@type\":\"BreadcrumbList\",\"@id\":\"https:\\\/\\\/www.filha.fi\\\/astma-ja-copd\\\/#breadcrumb\",\"itemListElement\":[{\"@type\":\"ListItem\",\"position\":1,\"name\":\"Home\",\"item\":\"https:\\\/\\\/www.filha.fi\\\/\"},{\"@type\":\"ListItem\",\"position\":2,\"name\":\"Astma ja COPD\"}]},{\"@type\":\"WebSite\",\"@id\":\"https:\\\/\\\/www.filha.fi\\\/#website\",\"url\":\"https:\\\/\\\/www.filha.fi\\\/\",\"name\":\"Filha\",\"description\":\"Expertise in lung health\",\"publisher\":{\"@id\":\"https:\\\/\\\/www.filha.fi\\\/#organization\"},\"potentialAction\":[{\"@type\":\"SearchAction\",\"target\":{\"@type\":\"EntryPoint\",\"urlTemplate\":\"https:\\\/\\\/www.filha.fi\\\/?s={search_term_string}\"},\"query-input\":{\"@type\":\"PropertyValueSpecification\",\"valueRequired\":true,\"valueName\":\"search_term_string\"}}],\"inLanguage\":\"en-US\"},{\"@type\":\"Organization\",\"@id\":\"https:\\\/\\\/www.filha.fi\\\/#organization\",\"name\":\"Filha ry\",\"url\":\"https:\\\/\\\/www.filha.fi\\\/\",\"logo\":{\"@type\":\"ImageObject\",\"inLanguage\":\"en-US\",\"@id\":\"https:\\\/\\\/www.filha.fi\\\/#\\\/schema\\\/logo\\\/image\\\/\",\"url\":\"https:\\\/\\\/www.filha.fi\\\/wp-content\\\/uploads\\\/2019\\\/04\\\/Filha-logo.png\",\"contentUrl\":\"https:\\\/\\\/www.filha.fi\\\/wp-content\\\/uploads\\\/2019\\\/04\\\/Filha-logo.png\",\"width\":960,\"height\":1230,\"caption\":\"Filha ry\"},\"image\":{\"@id\":\"https:\\\/\\\/www.filha.fi\\\/#\\\/schema\\\/logo\\\/image\\\/\"}}]}<\/script>\n<!-- \/ Yoast SEO plugin. -->","yoast_head_json":{"title":"Astma ja COPD - Filha","robots":{"index":"index","follow":"follow","max-snippet":"max-snippet:-1","max-image-preview":"max-image-preview:large","max-video-preview":"max-video-preview:-1"},"canonical":"https:\/\/www.filha.fi\/astma-ja-copd\/","og_locale":"en_US","og_type":"article","og_title":"Astma ja COPD - Filha","og_url":"https:\/\/www.filha.fi\/astma-ja-copd\/","og_site_name":"Filha","article_modified_time":"2024-10-08T08:42:00+00:00","og_image":[{"url":"https:\/\/www.filha.fi\/wp-content\/uploads\/2021\/04\/Astman-ja-keuhkoahtaumataudin-eroja.jpg","type":"","width":"","height":""}],"twitter_card":"summary_large_image","twitter_misc":{"Est. reading time":"1 minute"},"schema":{"@context":"https:\/\/schema.org","@graph":[{"@type":"WebPage","@id":"https:\/\/www.filha.fi\/astma-ja-copd\/","url":"https:\/\/www.filha.fi\/astma-ja-copd\/","name":"Astma ja COPD - Filha","isPartOf":{"@id":"https:\/\/www.filha.fi\/#website"},"primaryImageOfPage":{"@id":"https:\/\/www.filha.fi\/astma-ja-copd\/#primaryimage"},"image":{"@id":"https:\/\/www.filha.fi\/astma-ja-copd\/#primaryimage"},"thumbnailUrl":"https:\/\/www.filha.fi\/wp-content\/uploads\/2021\/04\/Astman-ja-keuhkoahtaumataudin-eroja.jpg","datePublished":"2021-03-26T13:27:40+00:00","dateModified":"2024-10-08T08:42:00+00:00","breadcrumb":{"@id":"https:\/\/www.filha.fi\/astma-ja-copd\/#breadcrumb"},"inLanguage":"en-US","potentialAction":[{"@type":"ReadAction","target":["https:\/\/www.filha.fi\/astma-ja-copd\/"]}]},{"@type":"ImageObject","inLanguage":"en-US","@id":"https:\/\/www.filha.fi\/astma-ja-copd\/#primaryimage","url":"https:\/\/www.filha.fi\/wp-content\/uploads\/2021\/04\/Astman-ja-keuhkoahtaumataudin-eroja.jpg","contentUrl":"https:\/\/www.filha.fi\/wp-content\/uploads\/2021\/04\/Astman-ja-keuhkoahtaumataudin-eroja.jpg"},{"@type":"BreadcrumbList","@id":"https:\/\/www.filha.fi\/astma-ja-copd\/#breadcrumb","itemListElement":[{"@type":"ListItem","position":1,"name":"Home","item":"https:\/\/www.filha.fi\/"},{"@type":"ListItem","position":2,"name":"Astma ja COPD"}]},{"@type":"WebSite","@id":"https:\/\/www.filha.fi\/#website","url":"https:\/\/www.filha.fi\/","name":"Filha","description":"Expertise in lung health","publisher":{"@id":"https:\/\/www.filha.fi\/#organization"},"potentialAction":[{"@type":"SearchAction","target":{"@type":"EntryPoint","urlTemplate":"https:\/\/www.filha.fi\/?s={search_term_string}"},"query-input":{"@type":"PropertyValueSpecification","valueRequired":true,"valueName":"search_term_string"}}],"inLanguage":"en-US"},{"@type":"Organization","@id":"https:\/\/www.filha.fi\/#organization","name":"Filha ry","url":"https:\/\/www.filha.fi\/","logo":{"@type":"ImageObject","inLanguage":"en-US","@id":"https:\/\/www.filha.fi\/#\/schema\/logo\/image\/","url":"https:\/\/www.filha.fi\/wp-content\/uploads\/2019\/04\/Filha-logo.png","contentUrl":"https:\/\/www.filha.fi\/wp-content\/uploads\/2019\/04\/Filha-logo.png","width":960,"height":1230,"caption":"Filha ry"},"image":{"@id":"https:\/\/www.filha.fi\/#\/schema\/logo\/image\/"}}]}},"_links":{"self":[{"href":"https:\/\/www.filha.fi\/en\/wp-json\/wp\/v2\/pages\/7812","targetHints":{"allow":["GET"]}}],"collection":[{"href":"https:\/\/www.filha.fi\/en\/wp-json\/wp\/v2\/pages"}],"about":[{"href":"https:\/\/www.filha.fi\/en\/wp-json\/wp\/v2\/types\/page"}],"author":[{"embeddable":true,"href":"https:\/\/www.filha.fi\/en\/wp-json\/wp\/v2\/users\/4"}],"replies":[{"embeddable":true,"href":"https:\/\/www.filha.fi\/en\/wp-json\/wp\/v2\/comments?post=7812"}],"version-history":[{"count":0,"href":"https:\/\/www.filha.fi\/en\/wp-json\/wp\/v2\/pages\/7812\/revisions"}],"wp:attachment":[{"href":"https:\/\/www.filha.fi\/en\/wp-json\/wp\/v2\/media?parent=7812"}],"wp:term":[{"taxonomy":"category","embeddable":true,"href":"https:\/\/www.filha.fi\/en\/wp-json\/wp\/v2\/categories?post=7812"}],"curies":[{"name":"wp","href":"https:\/\/api.w.org\/{rel}","templated":true}]}}