{"id":79,"date":"2015-09-09T08:34:28","date_gmt":"2015-09-09T08:34:28","guid":{"rendered":"http:\/\/www.filha.fi\/content_page\/tuberkuloosityon-edistaminen-maahanmuuttajien-paihderiippuvaisten-ja-syrjaytyneiden-keskuudessa\/"},"modified":"2019-05-14T14:36:56","modified_gmt":"2019-05-14T11:36:56","slug":"tuberkuloosityon-edistaminen-maahanmuuttajien-paihderiippuvaisten-ja-syrjaytyneiden-keskuudessa","status":"publish","type":"page","link":"https:\/\/www.filha.fi\/en\/hankkeet\/paattyneet\/tuberkuloosityon-edistaminen-maahanmuuttajien-paihderiippuvaisten-ja-syrjaytyneiden-keskuudessa\/","title":{"rendered":"Tuberkuloosity\u00f6n edist\u00e4minen maahanmuuttajien, p\u00e4ihderiippuvaisten ja syrj\u00e4ytyneiden keskuudessa"},"content":{"rendered":"<table border=\"1\" cellspacing=\"0\" cellpadding=\"0\">\n<tbody>\n<tr>\n<td>Nimi<\/td>\n<td>TB toimien tehostaminen riskiryhmiss\u00e4<\/td>\n<\/tr>\n<tr>\n<td>Kesto<\/td>\n<td>2015\u20132016<\/td>\n<\/tr>\n<tr>\n<td>P\u00e4\u00e4toteuttaja<\/td>\n<td>Filha ry<\/td>\n<\/tr>\n<tr>\n<td>Yhteisty\u00f6tahot<\/td>\n<td>useita<\/td>\n<\/tr>\n<tr>\n<td>Rahoittajat<\/td>\n<td>STM<\/td>\n<\/tr>\n<tr>\n<td>Kohderyhm\u00e4<\/td>\n<td>Terveys- ja sosiaalialan ammattilaiset ja opiskelijat sek\u00e4 v\u00e4est\u00f6<\/td>\n<\/tr>\n<tr>\n<td>Kuvaus<\/td>\n<td>Suomessa TB sairastuvuus on siirtym\u00e4ss\u00e4 nuoriin ja ty\u00f6ik\u00e4isiin, ja t\u00e4rkeimpi\u00e4 TB ty\u00f6n kohderyhmi\u00e4 ovat maahanmuuttajat, syrj\u00e4ytyneet, p\u00e4ihderiippuvaiset, nuoret ja lapset. Hankkeen tavoitteena on TB toimien tehostaminen riskiryhmiss\u00e4. Taudin levi\u00e4misen ehk\u00e4isyss\u00e4 korostuu varhainen ep\u00e4ily ja hyv\u00e4 hoito. Ty\u00f6ntekij\u00f6iden tiedon ja ammattitaidon kehitt\u00e4minen, v\u00e4est\u00f6n ja riskiryhmiin kuuluvien TB tietoisuuden lis\u00e4\u00e4minen ja matalan kynnyksen TB toimet voivat edist\u00e4\u00e4 tutkimuksiin hakeutumista, taudin toteamista sek\u00e4 v\u00e4hent\u00e4\u00e4 stigmaa ja taudin levi\u00e4mist\u00e4. Verkkokoulutus ja -tiedotus edist\u00e4v\u00e4t luotettavan tiedon tasapuolista saatavuutta valtakunnallisesti.<\/p>\n<p>Vuoden 2015 aikana hankkeen p\u00e4\u00e4teemana olivat maahanmuuttajat. Hankkeessa<\/p>\n<ul>\n<li>tehtiin Duodecimin Oppiporttiin verkkokurssi TB ja maahanmuuttajat<\/li>\n<li>valmisteltiin kaksi TB koulutuspakettia terveyden- ja sosiaalihuollon opiskelijoille ammattikorkeakouluihin valtakunnalliseen k\u00e4ytt\u00f6\u00f6n<\/li>\n<li>lis\u00e4ttiin v\u00e4est\u00f6lle kohdistetun tuberkuloosi.fi-sivuston materiaalia ja sivusto k\u00e4\u00e4nnettiin englannin ja ven\u00e4j\u00e4n kielelle.<\/li>\n<\/ul>\n<p>Vuoden 2016 p\u00e4\u00e4teemana ovat p\u00e4ihdeongelmaiset ja syrj\u00e4ytyneet.<\/p>\n<ul>\n<li>Hankkeessa kehitet\u00e4\u00e4n ja vertaillaan eri kaupungeissa (Helsinki, Vantaa ja Espoo) toteutettavia matalan kynnyksen toimintoja, joiden avulla asunnottomat ja p\u00e4ihderiippuvaiset p\u00e4\u00e4sev\u00e4t mahdollisimman sujuvasti keuhkojen r\u00f6ntgenkuvauksiin<\/li>\n<li>koulutetaan henkil\u00f6kuntaa sek\u00e4<\/li>\n<li>tehd\u00e4\u00e4n tiedotusmateriaalia kohderyhm\u00e4lle<\/li>\n<\/ul>\n<p>&nbsp;<\/td>\n<\/tr>\n<tr>\n<td>Yhteyshenkil\u00f6<\/td>\n<td>Sirkku Grierson<br \/>\np. 040-5738934<br \/>\n<a href=\"mailto:sirkku.grierson@filha.fi\">sirkku.grierson@filha.fi<\/a><\/td>\n<\/tr>\n<\/tbody>\n<\/table>\n<p>&nbsp;<\/p>\n<p>&nbsp;<\/p>\n","protected":false},"excerpt":{"rendered":"<p>Nimi TB toimien tehostaminen riskiryhmiss\u00e4 Kesto 2015\u20132016 P\u00e4\u00e4toteuttaja Filha ry Yhteisty\u00f6tahot useita Rahoittajat STM Kohderyhm\u00e4 Terveys- ja sosiaalialan ammattilaiset ja opiskelijat sek\u00e4 v\u00e4est\u00f6 Kuvaus Suomessa TB sairastuvuus on siirtym\u00e4ss\u00e4 nuoriin &#8230; <a title=\"Tuberkuloosity\u00f6n edist\u00e4minen maahanmuuttajien, p\u00e4ihderiippuvaisten ja syrj\u00e4ytyneiden keskuudessa\" class=\"read-more\" href=\"https:\/\/www.filha.fi\/en\/hankkeet\/paattyneet\/tuberkuloosityon-edistaminen-maahanmuuttajien-paihderiippuvaisten-ja-syrjaytyneiden-keskuudessa\/\" aria-label=\"Read more about Tuberkuloosity\u00f6n edist\u00e4minen maahanmuuttajien, p\u00e4ihderiippuvaisten ja syrj\u00e4ytyneiden keskuudessa\">Read more<\/a><\/p>\n","protected":false},"author":4,"featured_media":0,"parent":87,"menu_order":0,"comment_status":"closed","ping_status":"closed","template":"","meta":{"_acf_changed":false,"footnotes":""},"categories":[3],"class_list":["post-79","page","type-page","status-publish","category-tuberkuloosi"],"translation":{"provider":"WPGlobus","version":"3.0.2","language":"en","enabled_languages":["fi","en"],"languages":{"fi":{"title":true,"content":true,"excerpt":false},"en":{"title":false,"content":false,"excerpt":false}}},"acf":[],"yoast_head":"<!-- This site is optimized with the Yoast SEO plugin v27.4 - https:\/\/yoast.com\/product\/yoast-seo-wordpress\/ -->\n<title>Tuberkuloosity\u00f6n edist\u00e4minen maahanmuuttajien, p\u00e4ihderiippuvaisten ja syrj\u00e4ytyneiden keskuudessa - Filha<\/title>\n<meta name=\"robots\" content=\"index, follow, max-snippet:-1, max-image-preview:large, max-video-preview:-1\" \/>\n<link rel=\"canonical\" href=\"https:\/\/www.filha.fi\/hankkeet\/paattyneet\/tuberkuloosityon-edistaminen-maahanmuuttajien-paihderiippuvaisten-ja-syrjaytyneiden-keskuudessa\/\" \/>\n<meta property=\"og:locale\" content=\"en_US\" \/>\n<meta property=\"og:type\" content=\"article\" \/>\n<meta property=\"og:title\" content=\"Tuberkuloosity\u00f6n edist\u00e4minen maahanmuuttajien, p\u00e4ihderiippuvaisten ja syrj\u00e4ytyneiden keskuudessa - Filha\" \/>\n<meta property=\"og:url\" content=\"https:\/\/www.filha.fi\/hankkeet\/paattyneet\/tuberkuloosityon-edistaminen-maahanmuuttajien-paihderiippuvaisten-ja-syrjaytyneiden-keskuudessa\/\" \/>\n<meta property=\"og:site_name\" content=\"Filha\" \/>\n<meta property=\"article:modified_time\" content=\"2019-05-14T11:36:56+00:00\" \/>\n<meta property=\"og:image\" content=\"https:\/\/www.filha.fi\/wp-content\/uploads\/2019\/04\/Filha-logo.png\" \/>\n\t<meta property=\"og:image:width\" content=\"960\" \/>\n\t<meta property=\"og:image:height\" content=\"1230\" \/>\n\t<meta property=\"og:image:type\" content=\"image\/png\" \/>\n<meta name=\"twitter:card\" content=\"summary_large_image\" \/>\n<meta name=\"twitter:label1\" content=\"Est. reading time\" \/>\n\t<meta name=\"twitter:data1\" content=\"1 minute\" \/>\n<script type=\"application\/ld+json\" class=\"yoast-schema-graph\">{\"@context\":\"https:\\\/\\\/schema.org\",\"@graph\":[{\"@type\":\"WebPage\",\"@id\":\"https:\\\/\\\/www.filha.fi\\\/hankkeet\\\/paattyneet\\\/tuberkuloosityon-edistaminen-maahanmuuttajien-paihderiippuvaisten-ja-syrjaytyneiden-keskuudessa\\\/\",\"url\":\"https:\\\/\\\/www.filha.fi\\\/hankkeet\\\/paattyneet\\\/tuberkuloosityon-edistaminen-maahanmuuttajien-paihderiippuvaisten-ja-syrjaytyneiden-keskuudessa\\\/\",\"name\":\"Tuberkuloosity\u00f6n edist\u00e4minen maahanmuuttajien, p\u00e4ihderiippuvaisten ja syrj\u00e4ytyneiden keskuudessa - Filha\",\"isPartOf\":{\"@id\":\"https:\\\/\\\/www.filha.fi\\\/#website\"},\"datePublished\":\"2015-09-09T08:34:28+00:00\",\"dateModified\":\"2019-05-14T11:36:56+00:00\",\"breadcrumb\":{\"@id\":\"https:\\\/\\\/www.filha.fi\\\/hankkeet\\\/paattyneet\\\/tuberkuloosityon-edistaminen-maahanmuuttajien-paihderiippuvaisten-ja-syrjaytyneiden-keskuudessa\\\/#breadcrumb\"},\"inLanguage\":\"en-US\",\"potentialAction\":[{\"@type\":\"ReadAction\",\"target\":[\"https:\\\/\\\/www.filha.fi\\\/hankkeet\\\/paattyneet\\\/tuberkuloosityon-edistaminen-maahanmuuttajien-paihderiippuvaisten-ja-syrjaytyneiden-keskuudessa\\\/\"]}]},{\"@type\":\"BreadcrumbList\",\"@id\":\"https:\\\/\\\/www.filha.fi\\\/hankkeet\\\/paattyneet\\\/tuberkuloosityon-edistaminen-maahanmuuttajien-paihderiippuvaisten-ja-syrjaytyneiden-keskuudessa\\\/#breadcrumb\",\"itemListElement\":[{\"@type\":\"ListItem\",\"position\":1,\"name\":\"Home\",\"item\":\"https:\\\/\\\/www.filha.fi\\\/\"},{\"@type\":\"ListItem\",\"position\":2,\"name\":\"Hankkeet\",\"item\":\"https:\\\/\\\/www.filha.fi\\\/hankkeet\\\/\"},{\"@type\":\"ListItem\",\"position\":3,\"name\":\"P\u00e4\u00e4ttyneet hankkeet\",\"item\":\"https:\\\/\\\/www.filha.fi\\\/hankkeet\\\/paattyneet\\\/\"},{\"@type\":\"ListItem\",\"position\":4,\"name\":\"Tuberkuloosity\u00f6n edist\u00e4minen maahanmuuttajien, p\u00e4ihderiippuvaisten ja syrj\u00e4ytyneiden keskuudessa\"}]},{\"@type\":\"WebSite\",\"@id\":\"https:\\\/\\\/www.filha.fi\\\/#website\",\"url\":\"https:\\\/\\\/www.filha.fi\\\/\",\"name\":\"Filha\",\"description\":\"Expertise in lung health\",\"publisher\":{\"@id\":\"https:\\\/\\\/www.filha.fi\\\/#organization\"},\"potentialAction\":[{\"@type\":\"SearchAction\",\"target\":{\"@type\":\"EntryPoint\",\"urlTemplate\":\"https:\\\/\\\/www.filha.fi\\\/?s={search_term_string}\"},\"query-input\":{\"@type\":\"PropertyValueSpecification\",\"valueRequired\":true,\"valueName\":\"search_term_string\"}}],\"inLanguage\":\"en-US\"},{\"@type\":\"Organization\",\"@id\":\"https:\\\/\\\/www.filha.fi\\\/#organization\",\"name\":\"Filha ry\",\"url\":\"https:\\\/\\\/www.filha.fi\\\/\",\"logo\":{\"@type\":\"ImageObject\",\"inLanguage\":\"en-US\",\"@id\":\"https:\\\/\\\/www.filha.fi\\\/#\\\/schema\\\/logo\\\/image\\\/\",\"url\":\"https:\\\/\\\/www.filha.fi\\\/wp-content\\\/uploads\\\/2019\\\/04\\\/Filha-logo.png\",\"contentUrl\":\"https:\\\/\\\/www.filha.fi\\\/wp-content\\\/uploads\\\/2019\\\/04\\\/Filha-logo.png\",\"width\":960,\"height\":1230,\"caption\":\"Filha ry\"},\"image\":{\"@id\":\"https:\\\/\\\/www.filha.fi\\\/#\\\/schema\\\/logo\\\/image\\\/\"}}]}<\/script>\n<!-- \/ Yoast SEO plugin. -->","yoast_head_json":{"title":"Tuberkuloosity\u00f6n edist\u00e4minen maahanmuuttajien, p\u00e4ihderiippuvaisten ja syrj\u00e4ytyneiden keskuudessa - Filha","robots":{"index":"index","follow":"follow","max-snippet":"max-snippet:-1","max-image-preview":"max-image-preview:large","max-video-preview":"max-video-preview:-1"},"canonical":"https:\/\/www.filha.fi\/hankkeet\/paattyneet\/tuberkuloosityon-edistaminen-maahanmuuttajien-paihderiippuvaisten-ja-syrjaytyneiden-keskuudessa\/","og_locale":"en_US","og_type":"article","og_title":"Tuberkuloosity\u00f6n edist\u00e4minen maahanmuuttajien, p\u00e4ihderiippuvaisten ja syrj\u00e4ytyneiden keskuudessa - Filha","og_url":"https:\/\/www.filha.fi\/hankkeet\/paattyneet\/tuberkuloosityon-edistaminen-maahanmuuttajien-paihderiippuvaisten-ja-syrjaytyneiden-keskuudessa\/","og_site_name":"Filha","article_modified_time":"2019-05-14T11:36:56+00:00","og_image":[{"width":960,"height":1230,"url":"https:\/\/www.filha.fi\/wp-content\/uploads\/2019\/04\/Filha-logo.png","type":"image\/png"}],"twitter_card":"summary_large_image","twitter_misc":{"Est. reading time":"1 minute"},"schema":{"@context":"https:\/\/schema.org","@graph":[{"@type":"WebPage","@id":"https:\/\/www.filha.fi\/hankkeet\/paattyneet\/tuberkuloosityon-edistaminen-maahanmuuttajien-paihderiippuvaisten-ja-syrjaytyneiden-keskuudessa\/","url":"https:\/\/www.filha.fi\/hankkeet\/paattyneet\/tuberkuloosityon-edistaminen-maahanmuuttajien-paihderiippuvaisten-ja-syrjaytyneiden-keskuudessa\/","name":"Tuberkuloosity\u00f6n edist\u00e4minen maahanmuuttajien, p\u00e4ihderiippuvaisten ja syrj\u00e4ytyneiden keskuudessa - Filha","isPartOf":{"@id":"https:\/\/www.filha.fi\/#website"},"datePublished":"2015-09-09T08:34:28+00:00","dateModified":"2019-05-14T11:36:56+00:00","breadcrumb":{"@id":"https:\/\/www.filha.fi\/hankkeet\/paattyneet\/tuberkuloosityon-edistaminen-maahanmuuttajien-paihderiippuvaisten-ja-syrjaytyneiden-keskuudessa\/#breadcrumb"},"inLanguage":"en-US","potentialAction":[{"@type":"ReadAction","target":["https:\/\/www.filha.fi\/hankkeet\/paattyneet\/tuberkuloosityon-edistaminen-maahanmuuttajien-paihderiippuvaisten-ja-syrjaytyneiden-keskuudessa\/"]}]},{"@type":"BreadcrumbList","@id":"https:\/\/www.filha.fi\/hankkeet\/paattyneet\/tuberkuloosityon-edistaminen-maahanmuuttajien-paihderiippuvaisten-ja-syrjaytyneiden-keskuudessa\/#breadcrumb","itemListElement":[{"@type":"ListItem","position":1,"name":"Home","item":"https:\/\/www.filha.fi\/"},{"@type":"ListItem","position":2,"name":"Hankkeet","item":"https:\/\/www.filha.fi\/hankkeet\/"},{"@type":"ListItem","position":3,"name":"P\u00e4\u00e4ttyneet hankkeet","item":"https:\/\/www.filha.fi\/hankkeet\/paattyneet\/"},{"@type":"ListItem","position":4,"name":"Tuberkuloosity\u00f6n edist\u00e4minen maahanmuuttajien, p\u00e4ihderiippuvaisten ja syrj\u00e4ytyneiden keskuudessa"}]},{"@type":"WebSite","@id":"https:\/\/www.filha.fi\/#website","url":"https:\/\/www.filha.fi\/","name":"Filha","description":"Expertise in lung health","publisher":{"@id":"https:\/\/www.filha.fi\/#organization"},"potentialAction":[{"@type":"SearchAction","target":{"@type":"EntryPoint","urlTemplate":"https:\/\/www.filha.fi\/?s={search_term_string}"},"query-input":{"@type":"PropertyValueSpecification","valueRequired":true,"valueName":"search_term_string"}}],"inLanguage":"en-US"},{"@type":"Organization","@id":"https:\/\/www.filha.fi\/#organization","name":"Filha ry","url":"https:\/\/www.filha.fi\/","logo":{"@type":"ImageObject","inLanguage":"en-US","@id":"https:\/\/www.filha.fi\/#\/schema\/logo\/image\/","url":"https:\/\/www.filha.fi\/wp-content\/uploads\/2019\/04\/Filha-logo.png","contentUrl":"https:\/\/www.filha.fi\/wp-content\/uploads\/2019\/04\/Filha-logo.png","width":960,"height":1230,"caption":"Filha ry"},"image":{"@id":"https:\/\/www.filha.fi\/#\/schema\/logo\/image\/"}}]}},"_links":{"self":[{"href":"https:\/\/www.filha.fi\/en\/wp-json\/wp\/v2\/pages\/79","targetHints":{"allow":["GET"]}}],"collection":[{"href":"https:\/\/www.filha.fi\/en\/wp-json\/wp\/v2\/pages"}],"about":[{"href":"https:\/\/www.filha.fi\/en\/wp-json\/wp\/v2\/types\/page"}],"author":[{"embeddable":true,"href":"https:\/\/www.filha.fi\/en\/wp-json\/wp\/v2\/users\/4"}],"replies":[{"embeddable":true,"href":"https:\/\/www.filha.fi\/en\/wp-json\/wp\/v2\/comments?post=79"}],"version-history":[{"count":0,"href":"https:\/\/www.filha.fi\/en\/wp-json\/wp\/v2\/pages\/79\/revisions"}],"up":[{"embeddable":true,"href":"https:\/\/www.filha.fi\/en\/wp-json\/wp\/v2\/pages\/87"}],"wp:attachment":[{"href":"https:\/\/www.filha.fi\/en\/wp-json\/wp\/v2\/media?parent=79"}],"wp:term":[{"taxonomy":"category","embeddable":true,"href":"https:\/\/www.filha.fi\/en\/wp-json\/wp\/v2\/categories?post=79"}],"curies":[{"name":"wp","href":"https:\/\/api.w.org\/{rel}","templated":true}]}}