{"id":7925,"date":"2021-04-06T13:59:32","date_gmt":"2021-04-06T10:59:32","guid":{"rendered":"https:\/\/www.filha.fi\/?page_id=7925"},"modified":"2024-09-09T13:05:06","modified_gmt":"2024-09-09T10:05:06","slug":"kun-potilaani-oireilee-sisaymparistossa","status":"publish","type":"page","link":"https:\/\/www.filha.fi\/en\/kun-potilaani-oireilee-sisaymparistossa\/","title":{"rendered":"Kun potilaani oireilee sis\u00e4ymp\u00e4rist\u00f6ss\u00e4"},"content":{"rendered":"\t\t<div data-elementor-type=\"wp-page\" data-elementor-id=\"7925\" class=\"elementor elementor-7925\">\n\t\t\t\t\t\t<section class=\"elementor-section elementor-top-section elementor-element elementor-element-35f7e147 elementor-section-boxed elementor-section-height-default elementor-section-height-default\" data-id=\"35f7e147\" data-element_type=\"section\" data-e-type=\"section\">\n\t\t\t\t\t\t<div class=\"elementor-container elementor-column-gap-default\">\n\t\t\t\t\t<div class=\"elementor-column elementor-col-100 elementor-top-column elementor-element elementor-element-5c06ba36\" data-id=\"5c06ba36\" data-element_type=\"column\" data-e-type=\"column\">\n\t\t\t<div class=\"elementor-widget-wrap elementor-element-populated\">\n\t\t\t\t\t\t<div class=\"elementor-element elementor-element-28fb09dd elementor-widget elementor-widget-text-editor\" data-id=\"28fb09dd\" data-element_type=\"widget\" data-e-type=\"widget\" data-widget_type=\"text-editor.default\">\n\t\t\t\t<div class=\"elementor-widget-container\">\n\t\t\t\t\t\t\t\t\t<h3><strong>Sis\u00e4ymp\u00e4rist\u00f6ss\u00e4 oireileva potilas \u2013 mit\u00e4 teen?<\/strong><\/h3><p>Terveydenhuollon ammattilaisena tavoitteenasi on tukea potilaan toimintakyky\u00e4 ja terveytt\u00e4. Jokaisen potilaan tilanne selvitet\u00e4\u00e4n hyv\u00e4n l\u00e4\u00e4ketieteellisen k\u00e4yt\u00e4nn\u00f6n mukaisesti, kartoitetaan yhdess\u00e4 oireiluun vaikuttavat tekij\u00e4t, hoidetaan mahdolliset todetut sairaudet ja selvitet\u00e4\u00e4n yksil\u00f6lliset keinot helpottaa oireita. Vaikka oireilun taustalta ei l\u00f6ytyisi selitt\u00e4v\u00e4\u00e4 sairautta, potilasta tuetaan eri tavoin.<\/p><p>Tunnista osaamisesi rajat: rakennusteknisten raporttien tulosten ja raja-arvojen tulkinta ei l\u00e4ht\u00f6kohtaisesti kuulu terveydenhuollon ammattilaisille ellei sinulla ole aiheeseen tarvittavaa lis\u00e4koulutusta.<\/p><p><strong>Oireilevan potilaan kohtaaminen<\/strong><\/p><p><img fetchpriority=\"high\" decoding=\"async\" class=\"aligncenter size-large wp-image-19091\" src=\"https:\/\/www.filha.fi\/wp-content\/uploads\/2022\/12\/Terveyskylapro_luku2_-1024x640.png\" alt=\"Kuva, jossa eritelty t\u00e4rkeit\u00e4 asioita potilaan kohtaamistilanteessa.\" width=\"1024\" height=\"640\" srcset=\"https:\/\/www.filha.fi\/wp-content\/uploads\/2022\/12\/Terveyskylapro_luku2_-1024x640.png 1024w, https:\/\/www.filha.fi\/wp-content\/uploads\/2022\/12\/Terveyskylapro_luku2_-300x188.png 300w, https:\/\/www.filha.fi\/wp-content\/uploads\/2022\/12\/Terveyskylapro_luku2_-768x480.png 768w, https:\/\/www.filha.fi\/wp-content\/uploads\/2022\/12\/Terveyskylapro_luku2_.png 1134w\" sizes=\"(max-width: 1024px) 100vw, 1024px\" \/><\/p><h3><a href=\"https:\/\/www.filha.fi\/wp-content\/uploads\/2022\/12\/SisailmaoireitaKokevanHaastattelupohja_A4.pdf\" target=\"_blank\" rel=\"noopener\">Terveydenhuollon ammattilainen, lataa t\u00e4st\u00e4 itsellesi haastattelupohja ty\u00f6si tueksi.\u00a0<\/a><\/h3><p><a href=\"https:\/\/www.filha.fi\/wp-content\/uploads\/2022\/12\/SisailmaoireitaKokevanHaastattelupohja_A4.pdf\" target=\"_blank\" rel=\"noopener\"><img decoding=\"async\" class=\"size-medium wp-image-19108\" src=\"https:\/\/www.filha.fi\/wp-content\/uploads\/2022\/12\/Terveyskylapro_luku2_19-300x125.png\" alt=\"Tulosta t\u00e4st\u00e4 haastattelupohja.\" width=\"300\" height=\"125\" srcset=\"https:\/\/www.filha.fi\/wp-content\/uploads\/2022\/12\/Terveyskylapro_luku2_19-300x125.png 300w, https:\/\/www.filha.fi\/wp-content\/uploads\/2022\/12\/Terveyskylapro_luku2_19-1024x426.png 1024w, https:\/\/www.filha.fi\/wp-content\/uploads\/2022\/12\/Terveyskylapro_luku2_19-768x320.png 768w, https:\/\/www.filha.fi\/wp-content\/uploads\/2022\/12\/Terveyskylapro_luku2_19.png 1134w\" sizes=\"(max-width: 300px) 100vw, 300px\" \/><\/a><\/p><p><strong><a href=\"https:\/\/www.terveyskyla.fi\/terveyskyl%C3%A4pro\/ajankohtaista\/verkkokurssi-tarjoaa-ammattilaiselle-tietoa-ja-ty%C3%B6kaluja-potilasty%C3%B6n-tueksi-sis%C3%A4ilmatilanteissa\" target=\"_blank\" rel=\"noopener\">*Verkkokurssilta<\/a> l\u00f6yd\u00e4t lis\u00e4\u00e4 ty\u00f6kaluja potilasty\u00f6h\u00f6n.<\/strong><\/p><h3><strong>Miten tutkin?<\/strong><\/h3><p>Sis\u00e4ymp\u00e4rist\u00f6\u00f6n liittyv\u00e4t oireet voivat aiheuttaa eritasoista haittaa ty\u00f6- ja toimintakyvylle. Niiden taustalla voi vaikuttaa useita eri tekij\u00f6it\u00e4. Potilaan tilanteen helpottamiseksi on oleellista tunnistaa kaikki tekij\u00e4t, joihin voidaan vaikuttaa.<\/p><ol><li>Olennaista kuunnella, mik\u00e4 on potilaan n\u00e4kemys.<\/li><li>Anna tilaa ja aikaa:<ul><li>Potilas saa kertoa oireistaan ja huolistaan<\/li><li>Voi selvit\u00e4 samanaikaisia kuormittavia tekij\u00f6it\u00e4<\/li><li>Suhtaudu potilaan oireisiin ja arvioihin objektiivisesti, mutta empaattisesti ja kunnioittaen. \u00c4l\u00e4 kauhistele tai mit\u00e4t\u00f6i.<\/li><\/ul><\/li><li>Anamneesi on t\u00e4rkein ty\u00f6kalu. Potilaan kertoman ja aiemman sairaus- ja l\u00e4\u00e4kitysanamneesin perusteella valitaan tutkimus- ja hoitolinjat.<ul><li>Kun tarvittavat tutkimukset on tehty, niit\u00e4 toistamalla ei voida oireita poistaa. Perusteettomilla lis\u00e4tutkimuksilla voidaan saada aikaan haittoja, kuten s\u00e4derasitusta, huolta tai turhaa kajoamista.<\/li><\/ul><\/li><li>Kosteus- ja homevaurion yhdist\u00e4miseksi potilaan hengitystieoireisiin tai sairauksiin ei ole olemassa luotettavia laboratorio- tai muita tutkimuksia, vaan tutkimusten tarkoituksena on kartoittaa mahdollisia muita syit\u00e4 ja sairauksia, ja ne tulisi teett\u00e4\u00e4 ep\u00e4illyn sairauden hoitosuositusten mukaisesti.<\/li><li>Tuo esiin, ett\u00e4 oireet ovat aina todellisia aiheuttajasta riippumatta. Jokaisella on yksil\u00f6llinen tapa reagoida asioihin.<\/li><li>Huomioi my\u00f6s sanaton viestint\u00e4.<\/li><li>Sopikaa yhdess\u00e4 suunnitelma:<ul><li>Mit\u00e4 seurataan ja miksi? Miksi jotain asioita ei tutkita?<\/li><li>Tutkimusten on oltava l\u00e4\u00e4ketieteellisesti m\u00e4\u00e4riteltyj\u00e4.<\/li><li>L\u00e4hdet\u00e4\u00e4n siit\u00e4, ett\u00e4 kaikki on hyvin, kunnes toisin todistetaan (kuitenkaan mit\u00e4t\u00f6im\u00e4tt\u00e4 potilaan kokemusta).<\/li><li>Miten jo tutkimuksia odotellessa voisi vaikuttaa hyvinvointiin?<\/li><\/ul><\/li><\/ol><blockquote><p>Kuulluksi tulemisen lis\u00e4ksi on t\u00e4rke\u00e4\u00e4, ett\u00e4 potilas kokee tulleensa tutkituksi.<\/p><\/blockquote><h3>Tilojen v\u00e4ltt\u00e4missuositus<\/h3><p>V\u00e4ltt\u00e4miseen perustuvia ty\u00f6kyvyn tukitoimia (kuten et\u00e4ty\u00f6, ty\u00f6tilan vaihto) k\u00e4ytett\u00e4ess\u00e4 tulee huomioida se, ett\u00e4 n\u00e4m\u00e4 ratkaisut voivat johtaa tilanteeseen, jossa ty\u00f6ntekij\u00e4n oireet jopa lis\u00e4\u00e4ntyv\u00e4t ja toimintakyvyn alenema pahenee. V\u00e4ltt\u00e4miseen perustuvat ratkaisut voivat my\u00f6s lis\u00e4t\u00e4 huolta muissa ty\u00f6yhteis\u00f6n ty\u00f6ntekij\u00f6iss\u00e4. T\u00e4llaisia ratkaisuja voidaan kuitenkin joutua k\u00e4ytt\u00e4m\u00e4\u00e4n tilap\u00e4isesti ty\u00f6kyvyn tukemiseksi tilanteissa, jolloin ty\u00f6skentely ei onnistu kyseisiss\u00e4 tiloissa. T\u00e4ll\u00f6in on t\u00e4rke\u00e4\u00e4, ett\u00e4 osapuolille on selv\u00e4\u00e4, miksi ratkaisuja tehd\u00e4\u00e4n. My\u00f6s ty\u00f6yhteis\u00f6lle on t\u00e4llaisessa tilanteessa t\u00e4rke\u00e4\u00e4 viesti\u00e4 se, mit\u00e4 tiedet\u00e4\u00e4n rakennuksen tilanteesta. Kaikki toimet tulee toteuttaa suunnitellusti.<\/p><h3>Lis\u00e4tietoa aiheesta:<\/h3><p>\u2022 <a href=\"https:\/\/www.julkari.fi\/bitstream\/handle\/10024\/141206\/TTL_Minikatsaus_v%c3%a4ist%c3%b6tilat.pdf?sequence=1&amp;isAllowed=y\" target=\"_blank\" rel=\"noopener\"><strong>Ty\u00f6terveyslaitoksen minikatsaus: V\u00e4ist\u00f6- ja erityispuhtaiden tilojen k\u00e4ytt\u00f6 ty\u00f6paikkojen sis\u00e4ilmasto-ongelmatilanteissa<\/strong><\/a> (Julkari.fi) <br \/>\u2022 <strong><a href=\"https:\/\/www.julkari.fi\/handle\/10024\/141085\" target=\"_blank\" rel=\"noopener\">Sis\u00e4ymp\u00e4rist\u00f6iss\u00e4 oireilevien siirto erityispuhtaisiin tiloihin: riskit ja selvitystarpeet<\/a><\/strong> (Julkari.fi)<\/p><p><a href=\"https:\/\/www.terveyskyla.fi\/terveyskyl%C3%A4pro\/ajankohtaista\/verkkokurssi-tarjoaa-ammattilaiselle-tietoa-ja-ty%C3%B6kaluja-potilasty%C3%B6n-tueksi-sis%C3%A4ilmatilanteissa\" target=\"_blank\" rel=\"noopener\"><img decoding=\"async\" class=\"alignleft size-medium wp-image-19120\" src=\"https:\/\/www.filha.fi\/wp-content\/uploads\/2022\/12\/Terveyskylapro_verkkokuva_b-216x300.jpg\" alt=\"\" width=\"216\" height=\"300\" srcset=\"https:\/\/www.filha.fi\/wp-content\/uploads\/2022\/12\/Terveyskylapro_verkkokuva_b-216x300.jpg 216w, https:\/\/www.filha.fi\/wp-content\/uploads\/2022\/12\/Terveyskylapro_verkkokuva_b-737x1024.jpg 737w, https:\/\/www.filha.fi\/wp-content\/uploads\/2022\/12\/Terveyskylapro_verkkokuva_b-768x1066.jpg 768w, https:\/\/www.filha.fi\/wp-content\/uploads\/2022\/12\/Terveyskylapro_verkkokuva_b.jpg 1063w\" sizes=\"(max-width: 216px) 100vw, 216px\" \/><\/a><\/p><p>Tutustu my\u00f6s Ty\u00f6terveyslaitoksen <a href=\"https:\/\/www.ttl.fi\/oppimateriaalit\/opas\/sisailma-tyopaikalla\/\" target=\"_blank\" rel=\"noopener\">Sis\u00e4ilma ty\u00f6paikalla<\/a> -verkkomateriaaliin, joka on suunnattu esihenkil\u00f6ille ja henkil\u00f6st\u00f6lle.<\/p><p>Filhan\u00a0<a href=\"https:\/\/ammattilaiset.filha.fi\/\" target=\"_blank\" rel=\"noopener\">Videokirjastosta<\/a>\u00a0saat nopeaa t\u00e4sm\u00e4koulutusta eli lyhyit\u00e4 videoluentoja sis\u00e4ilma-aiheesta. Videokirjasto vaatii tunnistautumisen.<\/p><p><a href=\"https:\/\/www.ttl.fi\/tyoymparisto\/sisaymparisto\/oireilu-sisaymparistossa\/\" target=\"_blank\" rel=\"noopener\">Oireilu sis\u00e4ymp\u00e4rist\u00f6ss\u00e4<\/a> Ty\u00f6terveyslaitoksen sivusto oireiluun vaikuttavista tekij\u00f6ist\u00e4 ja oireita v\u00e4hent\u00e4vist\u00e4 keinoista.<\/p>\t\t\t\t\t\t\t\t<\/div>\n\t\t\t\t<\/div>\n\t\t\t\t\t<\/div>\n\t\t<\/div>\n\t\t\t\t\t<\/div>\n\t\t<\/section>\n\t\t\t\t<\/div>\n\t\t","protected":false},"excerpt":{"rendered":"<p>Sis\u00e4ymp\u00e4rist\u00f6ss\u00e4 oireileva potilas \u2013 mit\u00e4 teen? Terveydenhuollon ammattilaisena tavoitteenasi on tukea potilaan toimintakyky\u00e4 ja terveytt\u00e4. Jokaisen potilaan tilanne selvitet\u00e4\u00e4n hyv\u00e4n l\u00e4\u00e4ketieteellisen k\u00e4yt\u00e4nn\u00f6n mukaisesti, kartoitetaan yhdess\u00e4 oireiluun vaikuttavat tekij\u00e4t, hoidetaan mahdolliset &#8230; <a title=\"Kun potilaani oireilee sis\u00e4ymp\u00e4rist\u00f6ss\u00e4\" class=\"read-more\" href=\"https:\/\/www.filha.fi\/en\/kun-potilaani-oireilee-sisaymparistossa\/\" aria-label=\"Read more about Kun potilaani oireilee sis\u00e4ymp\u00e4rist\u00f6ss\u00e4\">Read more<\/a><\/p>\n","protected":false},"author":4,"featured_media":0,"parent":0,"menu_order":0,"comment_status":"closed","ping_status":"closed","template":"","meta":{"_acf_changed":false,"footnotes":""},"categories":[72,21,47],"class_list":["post-7925","page","type-page","status-publish","category-hanna","category-sisailma","category-tuula"],"translation":{"provider":"WPGlobus","version":"3.0.2","language":"en","enabled_languages":["fi","en"],"languages":{"fi":{"title":true,"content":true,"excerpt":false},"en":{"title":false,"content":false,"excerpt":false}}},"acf":[],"yoast_head":"<!-- This site is optimized with the Yoast SEO plugin v27.4 - https:\/\/yoast.com\/product\/yoast-seo-wordpress\/ -->\n<title>Kun potilaani oireilee sis\u00e4ymp\u00e4rist\u00f6ss\u00e4 - Filha<\/title>\n<meta name=\"robots\" content=\"index, follow, max-snippet:-1, max-image-preview:large, max-video-preview:-1\" \/>\n<link rel=\"canonical\" href=\"https:\/\/www.filha.fi\/kun-potilaani-oireilee-sisaymparistossa\/\" \/>\n<meta property=\"og:locale\" content=\"en_US\" \/>\n<meta property=\"og:type\" content=\"article\" \/>\n<meta property=\"og:title\" content=\"Kun potilaani oireilee sis\u00e4ymp\u00e4rist\u00f6ss\u00e4 - Filha\" \/>\n<meta property=\"og:url\" content=\"https:\/\/www.filha.fi\/kun-potilaani-oireilee-sisaymparistossa\/\" \/>\n<meta property=\"og:site_name\" content=\"Filha\" \/>\n<meta property=\"article:modified_time\" content=\"2024-09-09T10:05:06+00:00\" \/>\n<meta property=\"og:image\" content=\"https:\/\/www.filha.fi\/wp-content\/uploads\/2022\/12\/Terveyskylapro_luku2_-1024x640.png\" \/>\n<meta name=\"twitter:card\" content=\"summary_large_image\" \/>\n<meta name=\"twitter:label1\" content=\"Est. reading time\" \/>\n\t<meta name=\"twitter:data1\" content=\"4 minutes\" \/>\n<script type=\"application\/ld+json\" class=\"yoast-schema-graph\">{\"@context\":\"https:\\\/\\\/schema.org\",\"@graph\":[{\"@type\":\"WebPage\",\"@id\":\"https:\\\/\\\/www.filha.fi\\\/kun-potilaani-oireilee-sisaymparistossa\\\/\",\"url\":\"https:\\\/\\\/www.filha.fi\\\/kun-potilaani-oireilee-sisaymparistossa\\\/\",\"name\":\"Kun potilaani oireilee sis\u00e4ymp\u00e4rist\u00f6ss\u00e4 - Filha\",\"isPartOf\":{\"@id\":\"https:\\\/\\\/www.filha.fi\\\/#website\"},\"primaryImageOfPage\":{\"@id\":\"https:\\\/\\\/www.filha.fi\\\/kun-potilaani-oireilee-sisaymparistossa\\\/#primaryimage\"},\"image\":{\"@id\":\"https:\\\/\\\/www.filha.fi\\\/kun-potilaani-oireilee-sisaymparistossa\\\/#primaryimage\"},\"thumbnailUrl\":\"https:\\\/\\\/www.filha.fi\\\/wp-content\\\/uploads\\\/2022\\\/12\\\/Terveyskylapro_luku2_-1024x640.png\",\"datePublished\":\"2021-04-06T10:59:32+00:00\",\"dateModified\":\"2024-09-09T10:05:06+00:00\",\"breadcrumb\":{\"@id\":\"https:\\\/\\\/www.filha.fi\\\/kun-potilaani-oireilee-sisaymparistossa\\\/#breadcrumb\"},\"inLanguage\":\"en-US\",\"potentialAction\":[{\"@type\":\"ReadAction\",\"target\":[\"https:\\\/\\\/www.filha.fi\\\/kun-potilaani-oireilee-sisaymparistossa\\\/\"]}]},{\"@type\":\"ImageObject\",\"inLanguage\":\"en-US\",\"@id\":\"https:\\\/\\\/www.filha.fi\\\/kun-potilaani-oireilee-sisaymparistossa\\\/#primaryimage\",\"url\":\"https:\\\/\\\/www.filha.fi\\\/wp-content\\\/uploads\\\/2022\\\/12\\\/Terveyskylapro_luku2_-1024x640.png\",\"contentUrl\":\"https:\\\/\\\/www.filha.fi\\\/wp-content\\\/uploads\\\/2022\\\/12\\\/Terveyskylapro_luku2_-1024x640.png\"},{\"@type\":\"BreadcrumbList\",\"@id\":\"https:\\\/\\\/www.filha.fi\\\/kun-potilaani-oireilee-sisaymparistossa\\\/#breadcrumb\",\"itemListElement\":[{\"@type\":\"ListItem\",\"position\":1,\"name\":\"Home\",\"item\":\"https:\\\/\\\/www.filha.fi\\\/\"},{\"@type\":\"ListItem\",\"position\":2,\"name\":\"Kun potilaani oireilee sis\u00e4ymp\u00e4rist\u00f6ss\u00e4\"}]},{\"@type\":\"WebSite\",\"@id\":\"https:\\\/\\\/www.filha.fi\\\/#website\",\"url\":\"https:\\\/\\\/www.filha.fi\\\/\",\"name\":\"Filha\",\"description\":\"Expertise in lung health\",\"publisher\":{\"@id\":\"https:\\\/\\\/www.filha.fi\\\/#organization\"},\"potentialAction\":[{\"@type\":\"SearchAction\",\"target\":{\"@type\":\"EntryPoint\",\"urlTemplate\":\"https:\\\/\\\/www.filha.fi\\\/?s={search_term_string}\"},\"query-input\":{\"@type\":\"PropertyValueSpecification\",\"valueRequired\":true,\"valueName\":\"search_term_string\"}}],\"inLanguage\":\"en-US\"},{\"@type\":\"Organization\",\"@id\":\"https:\\\/\\\/www.filha.fi\\\/#organization\",\"name\":\"Filha ry\",\"url\":\"https:\\\/\\\/www.filha.fi\\\/\",\"logo\":{\"@type\":\"ImageObject\",\"inLanguage\":\"en-US\",\"@id\":\"https:\\\/\\\/www.filha.fi\\\/#\\\/schema\\\/logo\\\/image\\\/\",\"url\":\"https:\\\/\\\/www.filha.fi\\\/wp-content\\\/uploads\\\/2019\\\/04\\\/Filha-logo.png\",\"contentUrl\":\"https:\\\/\\\/www.filha.fi\\\/wp-content\\\/uploads\\\/2019\\\/04\\\/Filha-logo.png\",\"width\":960,\"height\":1230,\"caption\":\"Filha ry\"},\"image\":{\"@id\":\"https:\\\/\\\/www.filha.fi\\\/#\\\/schema\\\/logo\\\/image\\\/\"}}]}<\/script>\n<!-- \/ Yoast SEO plugin. -->","yoast_head_json":{"title":"Kun potilaani oireilee sis\u00e4ymp\u00e4rist\u00f6ss\u00e4 - Filha","robots":{"index":"index","follow":"follow","max-snippet":"max-snippet:-1","max-image-preview":"max-image-preview:large","max-video-preview":"max-video-preview:-1"},"canonical":"https:\/\/www.filha.fi\/kun-potilaani-oireilee-sisaymparistossa\/","og_locale":"en_US","og_type":"article","og_title":"Kun potilaani oireilee sis\u00e4ymp\u00e4rist\u00f6ss\u00e4 - Filha","og_url":"https:\/\/www.filha.fi\/kun-potilaani-oireilee-sisaymparistossa\/","og_site_name":"Filha","article_modified_time":"2024-09-09T10:05:06+00:00","og_image":[{"url":"https:\/\/www.filha.fi\/wp-content\/uploads\/2022\/12\/Terveyskylapro_luku2_-1024x640.png","type":"","width":"","height":""}],"twitter_card":"summary_large_image","twitter_misc":{"Est. reading time":"4 minutes"},"schema":{"@context":"https:\/\/schema.org","@graph":[{"@type":"WebPage","@id":"https:\/\/www.filha.fi\/kun-potilaani-oireilee-sisaymparistossa\/","url":"https:\/\/www.filha.fi\/kun-potilaani-oireilee-sisaymparistossa\/","name":"Kun potilaani oireilee sis\u00e4ymp\u00e4rist\u00f6ss\u00e4 - Filha","isPartOf":{"@id":"https:\/\/www.filha.fi\/#website"},"primaryImageOfPage":{"@id":"https:\/\/www.filha.fi\/kun-potilaani-oireilee-sisaymparistossa\/#primaryimage"},"image":{"@id":"https:\/\/www.filha.fi\/kun-potilaani-oireilee-sisaymparistossa\/#primaryimage"},"thumbnailUrl":"https:\/\/www.filha.fi\/wp-content\/uploads\/2022\/12\/Terveyskylapro_luku2_-1024x640.png","datePublished":"2021-04-06T10:59:32+00:00","dateModified":"2024-09-09T10:05:06+00:00","breadcrumb":{"@id":"https:\/\/www.filha.fi\/kun-potilaani-oireilee-sisaymparistossa\/#breadcrumb"},"inLanguage":"en-US","potentialAction":[{"@type":"ReadAction","target":["https:\/\/www.filha.fi\/kun-potilaani-oireilee-sisaymparistossa\/"]}]},{"@type":"ImageObject","inLanguage":"en-US","@id":"https:\/\/www.filha.fi\/kun-potilaani-oireilee-sisaymparistossa\/#primaryimage","url":"https:\/\/www.filha.fi\/wp-content\/uploads\/2022\/12\/Terveyskylapro_luku2_-1024x640.png","contentUrl":"https:\/\/www.filha.fi\/wp-content\/uploads\/2022\/12\/Terveyskylapro_luku2_-1024x640.png"},{"@type":"BreadcrumbList","@id":"https:\/\/www.filha.fi\/kun-potilaani-oireilee-sisaymparistossa\/#breadcrumb","itemListElement":[{"@type":"ListItem","position":1,"name":"Home","item":"https:\/\/www.filha.fi\/"},{"@type":"ListItem","position":2,"name":"Kun potilaani oireilee sis\u00e4ymp\u00e4rist\u00f6ss\u00e4"}]},{"@type":"WebSite","@id":"https:\/\/www.filha.fi\/#website","url":"https:\/\/www.filha.fi\/","name":"Filha","description":"Expertise in lung health","publisher":{"@id":"https:\/\/www.filha.fi\/#organization"},"potentialAction":[{"@type":"SearchAction","target":{"@type":"EntryPoint","urlTemplate":"https:\/\/www.filha.fi\/?s={search_term_string}"},"query-input":{"@type":"PropertyValueSpecification","valueRequired":true,"valueName":"search_term_string"}}],"inLanguage":"en-US"},{"@type":"Organization","@id":"https:\/\/www.filha.fi\/#organization","name":"Filha ry","url":"https:\/\/www.filha.fi\/","logo":{"@type":"ImageObject","inLanguage":"en-US","@id":"https:\/\/www.filha.fi\/#\/schema\/logo\/image\/","url":"https:\/\/www.filha.fi\/wp-content\/uploads\/2019\/04\/Filha-logo.png","contentUrl":"https:\/\/www.filha.fi\/wp-content\/uploads\/2019\/04\/Filha-logo.png","width":960,"height":1230,"caption":"Filha ry"},"image":{"@id":"https:\/\/www.filha.fi\/#\/schema\/logo\/image\/"}}]}},"_links":{"self":[{"href":"https:\/\/www.filha.fi\/en\/wp-json\/wp\/v2\/pages\/7925","targetHints":{"allow":["GET"]}}],"collection":[{"href":"https:\/\/www.filha.fi\/en\/wp-json\/wp\/v2\/pages"}],"about":[{"href":"https:\/\/www.filha.fi\/en\/wp-json\/wp\/v2\/types\/page"}],"author":[{"embeddable":true,"href":"https:\/\/www.filha.fi\/en\/wp-json\/wp\/v2\/users\/4"}],"replies":[{"embeddable":true,"href":"https:\/\/www.filha.fi\/en\/wp-json\/wp\/v2\/comments?post=7925"}],"version-history":[{"count":0,"href":"https:\/\/www.filha.fi\/en\/wp-json\/wp\/v2\/pages\/7925\/revisions"}],"wp:attachment":[{"href":"https:\/\/www.filha.fi\/en\/wp-json\/wp\/v2\/media?parent=7925"}],"wp:term":[{"taxonomy":"category","embeddable":true,"href":"https:\/\/www.filha.fi\/en\/wp-json\/wp\/v2\/categories?post=7925"}],"curies":[{"name":"wp","href":"https:\/\/api.w.org\/{rel}","templated":true}]}}