{"id":8016,"date":"2021-04-15T12:10:44","date_gmt":"2021-04-15T09:10:44","guid":{"rendered":"https:\/\/www.filha.fi\/?page_id=8016"},"modified":"2021-04-15T12:24:49","modified_gmt":"2021-04-15T09:24:49","slug":"miten-toimia-uniapneaepailyssa","status":"publish","type":"page","link":"https:\/\/www.filha.fi\/en\/miten-toimia-uniapneaepailyssa\/","title":{"rendered":"Miten toimia uniapneaep\u00e4ilyss\u00e4?"},"content":{"rendered":"<h2>Anamneesi<\/h2>\n<p><strong>Mahdollisia oireita:<\/strong><\/p>\n<ul>\n<li>P\u00e4iv\u00e4v\u00e4symys<\/li>\n<li>Kuorsaus<\/li>\n<li>Toisten toteamat hengityskatkokset<\/li>\n<li>Nukahtelu tylsiss\u00e4 tilanteissa<\/li>\n<li>Keskittymis- tai muistivaikeudet<\/li>\n<li>Unettomuus<\/li>\n<li>Y\u00f6llinen virtsaamisentarve<\/li>\n<li>Aloitekyvytt\u00f6myys<\/li>\n<\/ul>\n<p><strong>Uniapneaa puoltaa erityisesti:<\/strong><\/p>\n<ul>\n<li>Keskivartalolihavuus<\/li>\n<li>Pieni leuka tai takapurenta<\/li>\n<li>Lyhyt ja paksu kaula<\/li>\n<li>Mies tai postmenopausaalinen nainen<\/li>\n<li>Ahdas nielu<\/li>\n<li>Sukuanamneesi<\/li>\n<\/ul>\n<h2>Seulontakyselyj\u00e4<\/h2>\n<p><a href=\"http:\/\/www.stopbang.ca\/translation\/pdf\/finnish.pdf\" target=\"_blank\" rel=\"noopener\">STOP-BANG-kysely<\/a><\/p>\n<p><a href=\"https:\/\/www.kaypahoito.fi\/xmedia\/hoi\/hoi50088c.pdf\" target=\"_blank\" rel=\"noopener\">Uneliaisuuskysely<\/a><\/p>\n<p>L\u00e4hde: <a href=\"https:\/\/www.kaypahoito.fi\/hoi50088\" target=\"_blank\" rel=\"noopener\">K\u00e4yp\u00e4 hoito -suositus: Uniapnea<\/a> (2017)<\/p>\n<h2>Diagnoosi<\/h2>\n<p>Diagnoosia ei voida tehd\u00e4 pelk\u00e4n anamneesin perusteella, vaan aina tarvitaan unirekister\u00f6inti.<\/p>\n<p><strong>Y\u00f6polygrafia<\/strong> = suppea unirekister\u00f6inti, ei sis\u00e4ll\u00e4 EEG:ta. Helppo, nopea, yleens\u00e4 kotona teht\u00e4v\u00e4. Ylivoimaisesti k\u00e4ytetyin Pohjoismaissa<\/p>\n<p><strong>Unipolygrafia <\/strong>= laaja unirekister\u00f6inti, EEG mukana.<\/p>\n<p>Uniapnean diagnoosiin y\u00f6polygrafia riitt\u00e4\u00e4 hyvin. Jos on kuitenkin ep\u00e4ily muusta unih\u00e4iri\u00f6st\u00e4, esim. narkolepsiasta, tulee tehd\u00e4 neurologian puolelta unipolygrafia.<\/p>\n<p><strong>Diagnoosi tehd\u00e4\u00e4n oireiden, hapetuksen ja hengityskatkosten m\u00e4\u00e4r\u00e4n perusteella:<\/strong><\/p>\n<p><a href=\"https:\/\/www.filha.fi\/miten-toimia-uniapneaepailyssa\/uniapnea-diagnoosi\/#main\" rel=\"attachment wp-att-8019\"><img fetchpriority=\"high\" decoding=\"async\" class=\"alignnone size-full wp-image-8019\" src=\"https:\/\/www.filha.fi\/wp-content\/uploads\/2021\/04\/Uniapnea-diagnoosi.jpg\" alt=\"\" width=\"783\" height=\"275\" srcset=\"https:\/\/www.filha.fi\/wp-content\/uploads\/2021\/04\/Uniapnea-diagnoosi.jpg 783w, https:\/\/www.filha.fi\/wp-content\/uploads\/2021\/04\/Uniapnea-diagnoosi-300x105.jpg 300w, https:\/\/www.filha.fi\/wp-content\/uploads\/2021\/04\/Uniapnea-diagnoosi-768x270.jpg 768w\" sizes=\"(max-width: 783px) 100vw, 783px\" \/><\/a><\/p>\n<p>(Apnea-hypopneaindeksi (AHI):\u00a0 hengityskatkoksien m\u00e4\u00e4r\u00e4 tunnissa keskim\u00e4\u00e4rin y\u00f6n aikana)<\/p>\n<p>L\u00e4hde: <a href=\"https:\/\/www.kaypahoito.fi\/hoi50088\" target=\"_blank\" rel=\"noopener\">K\u00e4yp\u00e4 hoito -suositus: Uniapnea (obstruktiivinen uniapnea aikuisilla)<\/a>, 2017<\/p>\n<h2>Linkkej\u00e4 ja julkaisuja<\/h2>\n<p>Katso lyhyet koulutusvideot <a href=\"http:\/\/www.videokirjasto.fi\" target=\"_blank\" rel=\"noopener\">Videokirjastosta<\/a> (vaatii Fimnet-kirjautumisen)<\/p>\n<p><a href=\"https:\/\/www.duodecimlehti.fi\/duo15049\" target=\"_blank\" rel=\"noopener\">N\u00e4in tutkin: Uniapneaep\u00e4ily<\/a> (Duodecim 2019. Artikkelin kuvia tai teksti\u00e4 ei voi uudelleen k\u00e4ytt\u00e4\u00e4 ilman Duodecim-lehden lupaa.)<\/p>\n<p><a href=\"https:\/\/www.kaypahoito.fi\/hoi50088\" target=\"_blank\" rel=\"noopener\">K\u00e4yp\u00e4 hoito -suositus: Uniapnea (obstruktiivinen uniapnea aikuisilla)<\/a>, 2017<\/p>\n<p><a href=\"https:\/\/www.vsshp.fi\/fi\/toimipaikat\/tyks\/uni-ja-hengityskeskus\/Sivut\/default.aspx\" target=\"_blank\" rel=\"noopener\">Tyks Uni- ja hengityskeskus<\/a><\/p>\n<p><a href=\"http:\/\/urn.fi\/URN:ISBN:978-951-29-8199-1\" target=\"_blank\" rel=\"noopener\">Long-term effects of CPAP therapy on patients with sleep-disordered breathing<\/a> (Miia Aro, v\u00e4it\u00f6skirja. Turun yliopisto 2020.)<\/p>\n<p><a href=\"http:\/\/urn.fi\/URN:ISBN:978-951-29-8155-7\" target=\"_blank\" rel=\"noopener\">Long-term CPAP use in obstructive sleep apnea : Effects on cardiovascular outcomes, weight control and motor vehicle accidents<\/a> (Minna Myllyl\u00e4, v\u00e4it\u00f6skirja, Turun yliopisto 2020.)<\/p>\n<p><a href=\"https:\/\/www.filha.fi\/wp-content\/uploads\/2019\/05\/Uniapnean-cpap-hoidon-seuranta.pdf\" target=\"_blank\" rel=\"noopener\">Uniapnean CPAP-hoidon seuranta terveyskeskuksessa<\/a><br \/>\n(Pirkko Brander, Juho Lehto, Virpi Kunnas-Vaikkinen, Jari K\u00e4m\u00e4r\u00e4inen, Ulla Vetel\u00e4suo, Anne Pietinalho. Suomen L\u00e4\u00e4k\u00e4rilehti 563-568, 9\/2015)<\/p>\n<p><a href=\"https:\/\/www.filha.fi\/wp-content\/uploads\/2019\/05\/Uniapnea-haaste-terveydenhuollolle.pdf\" target=\"_blank\" rel=\"noopener\">Uniapnea \u2013 haaste terveydenhuollolle<\/a><br \/>\n(Paula Maasilta, Anne Pietinalho. Suomen L\u00e4\u00e4k\u00e4rilehti 4701 \u2013 4705, 48\/ 2004.)<\/p>\n<p><a href=\"https:\/\/www.filha.fi\/wp-content\/uploads\/2019\/05\/Valtakunnallinen-uniapneaohjelma-2002-2010-perusterveydenhuollon-rooli.pdf\" target=\"_blank\" rel=\"noopener\">Valtakunnallinen uniapneaohjelma 2002-2010, perusterveydenhuollon rooli<\/a><br \/>\n(Anne Pietinalho, Markku Partinen, Raimo Isoaho. Suomen L\u00e4\u00e4k\u00e4rilehti 2875 \u2013 2878, 25-26\/ 2003.)<\/p>\n<p><a href=\"https:\/\/www.filha.fi\/wp-content\/uploads\/2019\/05\/Valtakunnallinen-uniapneaohjelma-2002-2012.pdf\" target=\"_blank\" rel=\"noopener\">Valtakunnallinen uniapneaohjelma 2002-2012<\/a><br \/>\n(Sosiaali- ja terveysministeri\u00f6n julkaisuja 2002 : 4)<\/p>\n","protected":false},"excerpt":{"rendered":"<p>Anamneesi Mahdollisia oireita: P\u00e4iv\u00e4v\u00e4symys Kuorsaus Toisten toteamat hengityskatkokset Nukahtelu tylsiss\u00e4 tilanteissa Keskittymis- tai muistivaikeudet Unettomuus Y\u00f6llinen virtsaamisentarve Aloitekyvytt\u00f6myys Uniapneaa puoltaa erityisesti: Keskivartalolihavuus Pieni leuka tai takapurenta Lyhyt ja paksu kaula &#8230; <a title=\"Miten toimia uniapneaep\u00e4ilyss\u00e4?\" class=\"read-more\" href=\"https:\/\/www.filha.fi\/en\/miten-toimia-uniapneaepailyssa\/\" aria-label=\"Read more about Miten toimia uniapneaep\u00e4ilyss\u00e4?\">Read more<\/a><\/p>\n","protected":false},"author":4,"featured_media":0,"parent":0,"menu_order":0,"comment_status":"closed","ping_status":"closed","template":"","meta":{"_acf_changed":false,"footnotes":""},"categories":[74,47,8],"class_list":["post-8016","page","type-page","status-publish","category-miia","category-tuula","category-uniapnea"],"translation":{"provider":"WPGlobus","version":"3.0.2","language":"en","enabled_languages":["fi","en"],"languages":{"fi":{"title":true,"content":true,"excerpt":false},"en":{"title":false,"content":false,"excerpt":false}}},"acf":[],"yoast_head":"<!-- This site is optimized with the Yoast SEO plugin v27.4 - https:\/\/yoast.com\/product\/yoast-seo-wordpress\/ -->\n<title>Miten toimia uniapneaep\u00e4ilyss\u00e4? - Filha<\/title>\n<meta name=\"robots\" content=\"index, follow, max-snippet:-1, max-image-preview:large, max-video-preview:-1\" \/>\n<link rel=\"canonical\" href=\"https:\/\/www.filha.fi\/miten-toimia-uniapneaepailyssa\/\" \/>\n<meta property=\"og:locale\" content=\"en_US\" \/>\n<meta property=\"og:type\" content=\"article\" \/>\n<meta property=\"og:title\" content=\"Miten toimia uniapneaep\u00e4ilyss\u00e4? - Filha\" \/>\n<meta property=\"og:url\" content=\"https:\/\/www.filha.fi\/miten-toimia-uniapneaepailyssa\/\" \/>\n<meta property=\"og:site_name\" content=\"Filha\" \/>\n<meta property=\"article:modified_time\" content=\"2021-04-15T09:24:49+00:00\" \/>\n<meta property=\"og:image\" content=\"https:\/\/www.filha.fi\/wp-content\/uploads\/2021\/04\/Uniapnea-diagnoosi.jpg\" \/>\n<meta name=\"twitter:card\" content=\"summary_large_image\" \/>\n<meta name=\"twitter:label1\" content=\"Est. reading time\" \/>\n\t<meta name=\"twitter:data1\" content=\"2 minutes\" \/>\n<script type=\"application\/ld+json\" class=\"yoast-schema-graph\">{\"@context\":\"https:\\\/\\\/schema.org\",\"@graph\":[{\"@type\":\"WebPage\",\"@id\":\"https:\\\/\\\/www.filha.fi\\\/miten-toimia-uniapneaepailyssa\\\/\",\"url\":\"https:\\\/\\\/www.filha.fi\\\/miten-toimia-uniapneaepailyssa\\\/\",\"name\":\"Miten toimia uniapneaep\u00e4ilyss\u00e4? - Filha\",\"isPartOf\":{\"@id\":\"https:\\\/\\\/www.filha.fi\\\/#website\"},\"primaryImageOfPage\":{\"@id\":\"https:\\\/\\\/www.filha.fi\\\/miten-toimia-uniapneaepailyssa\\\/#primaryimage\"},\"image\":{\"@id\":\"https:\\\/\\\/www.filha.fi\\\/miten-toimia-uniapneaepailyssa\\\/#primaryimage\"},\"thumbnailUrl\":\"https:\\\/\\\/www.filha.fi\\\/wp-content\\\/uploads\\\/2021\\\/04\\\/Uniapnea-diagnoosi.jpg\",\"datePublished\":\"2021-04-15T09:10:44+00:00\",\"dateModified\":\"2021-04-15T09:24:49+00:00\",\"breadcrumb\":{\"@id\":\"https:\\\/\\\/www.filha.fi\\\/miten-toimia-uniapneaepailyssa\\\/#breadcrumb\"},\"inLanguage\":\"en-US\",\"potentialAction\":[{\"@type\":\"ReadAction\",\"target\":[\"https:\\\/\\\/www.filha.fi\\\/miten-toimia-uniapneaepailyssa\\\/\"]}]},{\"@type\":\"ImageObject\",\"inLanguage\":\"en-US\",\"@id\":\"https:\\\/\\\/www.filha.fi\\\/miten-toimia-uniapneaepailyssa\\\/#primaryimage\",\"url\":\"https:\\\/\\\/www.filha.fi\\\/wp-content\\\/uploads\\\/2021\\\/04\\\/Uniapnea-diagnoosi.jpg\",\"contentUrl\":\"https:\\\/\\\/www.filha.fi\\\/wp-content\\\/uploads\\\/2021\\\/04\\\/Uniapnea-diagnoosi.jpg\"},{\"@type\":\"BreadcrumbList\",\"@id\":\"https:\\\/\\\/www.filha.fi\\\/miten-toimia-uniapneaepailyssa\\\/#breadcrumb\",\"itemListElement\":[{\"@type\":\"ListItem\",\"position\":1,\"name\":\"Home\",\"item\":\"https:\\\/\\\/www.filha.fi\\\/\"},{\"@type\":\"ListItem\",\"position\":2,\"name\":\"Miten toimia uniapneaep\u00e4ilyss\u00e4?\"}]},{\"@type\":\"WebSite\",\"@id\":\"https:\\\/\\\/www.filha.fi\\\/#website\",\"url\":\"https:\\\/\\\/www.filha.fi\\\/\",\"name\":\"Filha\",\"description\":\"Expertise in lung health\",\"publisher\":{\"@id\":\"https:\\\/\\\/www.filha.fi\\\/#organization\"},\"potentialAction\":[{\"@type\":\"SearchAction\",\"target\":{\"@type\":\"EntryPoint\",\"urlTemplate\":\"https:\\\/\\\/www.filha.fi\\\/?s={search_term_string}\"},\"query-input\":{\"@type\":\"PropertyValueSpecification\",\"valueRequired\":true,\"valueName\":\"search_term_string\"}}],\"inLanguage\":\"en-US\"},{\"@type\":\"Organization\",\"@id\":\"https:\\\/\\\/www.filha.fi\\\/#organization\",\"name\":\"Filha ry\",\"url\":\"https:\\\/\\\/www.filha.fi\\\/\",\"logo\":{\"@type\":\"ImageObject\",\"inLanguage\":\"en-US\",\"@id\":\"https:\\\/\\\/www.filha.fi\\\/#\\\/schema\\\/logo\\\/image\\\/\",\"url\":\"https:\\\/\\\/www.filha.fi\\\/wp-content\\\/uploads\\\/2019\\\/04\\\/Filha-logo.png\",\"contentUrl\":\"https:\\\/\\\/www.filha.fi\\\/wp-content\\\/uploads\\\/2019\\\/04\\\/Filha-logo.png\",\"width\":960,\"height\":1230,\"caption\":\"Filha ry\"},\"image\":{\"@id\":\"https:\\\/\\\/www.filha.fi\\\/#\\\/schema\\\/logo\\\/image\\\/\"}}]}<\/script>\n<!-- \/ Yoast SEO plugin. -->","yoast_head_json":{"title":"Miten toimia uniapneaep\u00e4ilyss\u00e4? - Filha","robots":{"index":"index","follow":"follow","max-snippet":"max-snippet:-1","max-image-preview":"max-image-preview:large","max-video-preview":"max-video-preview:-1"},"canonical":"https:\/\/www.filha.fi\/miten-toimia-uniapneaepailyssa\/","og_locale":"en_US","og_type":"article","og_title":"Miten toimia uniapneaep\u00e4ilyss\u00e4? - Filha","og_url":"https:\/\/www.filha.fi\/miten-toimia-uniapneaepailyssa\/","og_site_name":"Filha","article_modified_time":"2021-04-15T09:24:49+00:00","og_image":[{"url":"https:\/\/www.filha.fi\/wp-content\/uploads\/2021\/04\/Uniapnea-diagnoosi.jpg","type":"","width":"","height":""}],"twitter_card":"summary_large_image","twitter_misc":{"Est. reading time":"2 minutes"},"schema":{"@context":"https:\/\/schema.org","@graph":[{"@type":"WebPage","@id":"https:\/\/www.filha.fi\/miten-toimia-uniapneaepailyssa\/","url":"https:\/\/www.filha.fi\/miten-toimia-uniapneaepailyssa\/","name":"Miten toimia uniapneaep\u00e4ilyss\u00e4? - Filha","isPartOf":{"@id":"https:\/\/www.filha.fi\/#website"},"primaryImageOfPage":{"@id":"https:\/\/www.filha.fi\/miten-toimia-uniapneaepailyssa\/#primaryimage"},"image":{"@id":"https:\/\/www.filha.fi\/miten-toimia-uniapneaepailyssa\/#primaryimage"},"thumbnailUrl":"https:\/\/www.filha.fi\/wp-content\/uploads\/2021\/04\/Uniapnea-diagnoosi.jpg","datePublished":"2021-04-15T09:10:44+00:00","dateModified":"2021-04-15T09:24:49+00:00","breadcrumb":{"@id":"https:\/\/www.filha.fi\/miten-toimia-uniapneaepailyssa\/#breadcrumb"},"inLanguage":"en-US","potentialAction":[{"@type":"ReadAction","target":["https:\/\/www.filha.fi\/miten-toimia-uniapneaepailyssa\/"]}]},{"@type":"ImageObject","inLanguage":"en-US","@id":"https:\/\/www.filha.fi\/miten-toimia-uniapneaepailyssa\/#primaryimage","url":"https:\/\/www.filha.fi\/wp-content\/uploads\/2021\/04\/Uniapnea-diagnoosi.jpg","contentUrl":"https:\/\/www.filha.fi\/wp-content\/uploads\/2021\/04\/Uniapnea-diagnoosi.jpg"},{"@type":"BreadcrumbList","@id":"https:\/\/www.filha.fi\/miten-toimia-uniapneaepailyssa\/#breadcrumb","itemListElement":[{"@type":"ListItem","position":1,"name":"Home","item":"https:\/\/www.filha.fi\/"},{"@type":"ListItem","position":2,"name":"Miten toimia uniapneaep\u00e4ilyss\u00e4?"}]},{"@type":"WebSite","@id":"https:\/\/www.filha.fi\/#website","url":"https:\/\/www.filha.fi\/","name":"Filha","description":"Expertise in lung health","publisher":{"@id":"https:\/\/www.filha.fi\/#organization"},"potentialAction":[{"@type":"SearchAction","target":{"@type":"EntryPoint","urlTemplate":"https:\/\/www.filha.fi\/?s={search_term_string}"},"query-input":{"@type":"PropertyValueSpecification","valueRequired":true,"valueName":"search_term_string"}}],"inLanguage":"en-US"},{"@type":"Organization","@id":"https:\/\/www.filha.fi\/#organization","name":"Filha ry","url":"https:\/\/www.filha.fi\/","logo":{"@type":"ImageObject","inLanguage":"en-US","@id":"https:\/\/www.filha.fi\/#\/schema\/logo\/image\/","url":"https:\/\/www.filha.fi\/wp-content\/uploads\/2019\/04\/Filha-logo.png","contentUrl":"https:\/\/www.filha.fi\/wp-content\/uploads\/2019\/04\/Filha-logo.png","width":960,"height":1230,"caption":"Filha ry"},"image":{"@id":"https:\/\/www.filha.fi\/#\/schema\/logo\/image\/"}}]}},"_links":{"self":[{"href":"https:\/\/www.filha.fi\/en\/wp-json\/wp\/v2\/pages\/8016","targetHints":{"allow":["GET"]}}],"collection":[{"href":"https:\/\/www.filha.fi\/en\/wp-json\/wp\/v2\/pages"}],"about":[{"href":"https:\/\/www.filha.fi\/en\/wp-json\/wp\/v2\/types\/page"}],"author":[{"embeddable":true,"href":"https:\/\/www.filha.fi\/en\/wp-json\/wp\/v2\/users\/4"}],"replies":[{"embeddable":true,"href":"https:\/\/www.filha.fi\/en\/wp-json\/wp\/v2\/comments?post=8016"}],"version-history":[{"count":0,"href":"https:\/\/www.filha.fi\/en\/wp-json\/wp\/v2\/pages\/8016\/revisions"}],"wp:attachment":[{"href":"https:\/\/www.filha.fi\/en\/wp-json\/wp\/v2\/media?parent=8016"}],"wp:term":[{"taxonomy":"category","embeddable":true,"href":"https:\/\/www.filha.fi\/en\/wp-json\/wp\/v2\/categories?post=8016"}],"curies":[{"name":"wp","href":"https:\/\/api.w.org\/{rel}","templated":true}]}}