{"id":8032,"date":"2021-04-15T12:49:34","date_gmt":"2021-04-15T09:49:34","guid":{"rendered":"https:\/\/www.filha.fi\/?page_id=8032"},"modified":"2024-01-09T13:27:15","modified_gmt":"2024-01-09T11:27:15","slug":"astma","status":"publish","type":"page","link":"https:\/\/www.filha.fi\/en\/astma\/","title":{"rendered":"Astma"},"content":{"rendered":"<p>Astma on<\/p>\n<ul>\n<li>oireyhtym\u00e4<\/li>\n<li>tulehduksellinen sairaus<\/li>\n<li>keuhkoputkia ahtauttava<\/li>\n<li>monimuotoinen<\/li>\n<\/ul>\n<p>Astmaa pidettiin aiemmin yhten\u00e4 sairautena, mutta nykyisin tiedet\u00e4\u00e4n sen olevan sateenvarjotermi erilaisin ilmiasuin n\u00e4ytt\u00e4ytyville taudinkuville.<\/p>\n<p>Astmaa sairastavilla keuhkoputkien sis\u00e4sein\u00e4m\u00e4\u00e4n ker\u00e4\u00e4ntyy tulehdussoluja, jotka ajan kuluessa paksuntavat lihaskerrosta ja ahtauttavat keuhkoputkia.<\/p>\n<p><a href=\"https:\/\/www.filha.fi\/astma\/asthmatic-airway\/#main\" rel=\"attachment wp-att-8033\"><img fetchpriority=\"high\" decoding=\"async\" class=\"alignnone wp-image-8033 \" src=\"https:\/\/www.filha.fi\/wp-content\/uploads\/2021\/04\/Asthmatic-airway.jpg\" alt=\"\" width=\"795\" height=\"365\" srcset=\"https:\/\/www.filha.fi\/wp-content\/uploads\/2021\/04\/Asthmatic-airway.jpg 1200w, https:\/\/www.filha.fi\/wp-content\/uploads\/2021\/04\/Asthmatic-airway-300x138.jpg 300w, https:\/\/www.filha.fi\/wp-content\/uploads\/2021\/04\/Asthmatic-airway-1024x470.jpg 1024w, https:\/\/www.filha.fi\/wp-content\/uploads\/2021\/04\/Asthmatic-airway-768x353.jpg 768w\" sizes=\"(max-width: 795px) 100vw, 795px\" \/><\/a><\/p>\n<h3><strong>Fenotyyppi ja endotyyppi<\/strong><\/h3>\n<p>Astmassa erotetaan erilaisia <strong>fenotyyppej\u00e4<\/strong> eli kliinisi\u00e4 ilmiasuja, kuten<\/p>\n<ul>\n<li>lapsuudessa alkava allerginen astma<\/li>\n<li>my\u00f6h\u00e4\u00e4n alkava astma<\/li>\n<li>lihavuuteen liittyv\u00e4 astma<\/li>\n<\/ul>\n<p>ja toisaalta <strong>endotyyppeja<\/strong>, eli solun sis\u00e4isten v\u00e4litt\u00e4jien ja reaktioiden erilaisuutta, kuten eosinifiilien ja interleukiineiden reaktioita.<\/p>\n<h3><strong><a href=\"https:\/\/www.filha.fi\/astman-oireet-ja-diagnoosi\/\" target=\"_blank\" rel=\"noopener\">Astman oireet ja diagnoosi<\/a><\/strong><\/h3>\n<h3><strong><a href=\"https:\/\/www.filha.fi\/astman-hoito\/\" target=\"_blank\" rel=\"noopener\">Astman hoito<\/a><\/strong><\/h3>\n<p>&nbsp;<\/p>\n<p><strong>Lis\u00e4tietoa astmasta:<\/strong><\/p>\n<p>Katso lyhyet koulutusvideot Filhan <a href=\"http:\/\/www.videokirjasto.fi\" target=\"_blank\" rel=\"noopener\">Videokirjastosta<\/a>. Videokirjasto vaatii tunnistautumisen.<\/p>\n<p><a href=\"https:\/\/ginasthma.org\/\" target=\"_blank\" rel=\"noopener\">Global Initiative for Asthma<\/a><\/p>\n<p><a href=\"https:\/\/www.kaypahoito.fi\/hoi06030\" target=\"_blank\" rel=\"noopener\">K\u00e4yp\u00e4 hoito -suositus: Astma<\/a> (Duodecim 2022)<\/p>\n<p><a href=\"https:\/\/www.terveyskyla.fi\/keuhkotalo\/tietoa-keuhkosairauksista\/astma\" target=\"_blank\" rel=\"noopener\">Terveyskyl\u00e4: Astma<\/a><\/p>\n","protected":false},"excerpt":{"rendered":"<p>Astma on oireyhtym\u00e4 tulehduksellinen sairaus keuhkoputkia ahtauttava monimuotoinen Astmaa pidettiin aiemmin yhten\u00e4 sairautena, mutta nykyisin tiedet\u00e4\u00e4n sen olevan sateenvarjotermi erilaisin ilmiasuin n\u00e4ytt\u00e4ytyville taudinkuville. Astmaa sairastavilla keuhkoputkien sis\u00e4sein\u00e4m\u00e4\u00e4n ker\u00e4\u00e4ntyy tulehdussoluja, jotka &#8230; <a title=\"Astma\" class=\"read-more\" href=\"https:\/\/www.filha.fi\/en\/astma\/\" aria-label=\"Read more about Astma\">Read more<\/a><\/p>\n","protected":false},"author":4,"featured_media":0,"parent":0,"menu_order":0,"comment_status":"closed","ping_status":"closed","template":"","meta":{"_acf_changed":false,"footnotes":""},"categories":[4,74,47,73],"class_list":["post-8032","page","type-page","status-publish","category-astma","category-miia","category-tuula","category-tuuli"],"translation":{"provider":"WPGlobus","version":"3.0.2","language":"en","enabled_languages":["fi","en"],"languages":{"fi":{"title":true,"content":true,"excerpt":false},"en":{"title":false,"content":false,"excerpt":false}}},"acf":[],"yoast_head":"<!-- This site is optimized with the Yoast SEO plugin v27.4 - https:\/\/yoast.com\/product\/yoast-seo-wordpress\/ -->\n<title>Astma - Filha<\/title>\n<meta name=\"robots\" content=\"index, follow, max-snippet:-1, max-image-preview:large, max-video-preview:-1\" \/>\n<link rel=\"canonical\" href=\"https:\/\/www.filha.fi\/astma\/\" \/>\n<meta property=\"og:locale\" content=\"en_US\" \/>\n<meta property=\"og:type\" content=\"article\" \/>\n<meta property=\"og:title\" content=\"Astma - Filha\" \/>\n<meta property=\"og:url\" content=\"https:\/\/www.filha.fi\/astma\/\" \/>\n<meta property=\"og:site_name\" content=\"Filha\" \/>\n<meta property=\"article:modified_time\" content=\"2024-01-09T11:27:15+00:00\" \/>\n<meta property=\"og:image\" content=\"https:\/\/www.filha.fi\/wp-content\/uploads\/2021\/04\/Asthmatic-airway.jpg\" \/>\n<meta name=\"twitter:card\" content=\"summary_large_image\" \/>\n<meta name=\"twitter:label1\" content=\"Est. reading time\" \/>\n\t<meta name=\"twitter:data1\" content=\"1 minute\" \/>\n<script type=\"application\/ld+json\" class=\"yoast-schema-graph\">{\"@context\":\"https:\\\/\\\/schema.org\",\"@graph\":[{\"@type\":\"WebPage\",\"@id\":\"https:\\\/\\\/www.filha.fi\\\/astma\\\/\",\"url\":\"https:\\\/\\\/www.filha.fi\\\/astma\\\/\",\"name\":\"Astma - Filha\",\"isPartOf\":{\"@id\":\"https:\\\/\\\/www.filha.fi\\\/#website\"},\"primaryImageOfPage\":{\"@id\":\"https:\\\/\\\/www.filha.fi\\\/astma\\\/#primaryimage\"},\"image\":{\"@id\":\"https:\\\/\\\/www.filha.fi\\\/astma\\\/#primaryimage\"},\"thumbnailUrl\":\"https:\\\/\\\/www.filha.fi\\\/wp-content\\\/uploads\\\/2021\\\/04\\\/Asthmatic-airway.jpg\",\"datePublished\":\"2021-04-15T09:49:34+00:00\",\"dateModified\":\"2024-01-09T11:27:15+00:00\",\"breadcrumb\":{\"@id\":\"https:\\\/\\\/www.filha.fi\\\/astma\\\/#breadcrumb\"},\"inLanguage\":\"en-US\",\"potentialAction\":[{\"@type\":\"ReadAction\",\"target\":[\"https:\\\/\\\/www.filha.fi\\\/astma\\\/\"]}]},{\"@type\":\"ImageObject\",\"inLanguage\":\"en-US\",\"@id\":\"https:\\\/\\\/www.filha.fi\\\/astma\\\/#primaryimage\",\"url\":\"https:\\\/\\\/www.filha.fi\\\/wp-content\\\/uploads\\\/2021\\\/04\\\/Asthmatic-airway.jpg\",\"contentUrl\":\"https:\\\/\\\/www.filha.fi\\\/wp-content\\\/uploads\\\/2021\\\/04\\\/Asthmatic-airway.jpg\"},{\"@type\":\"BreadcrumbList\",\"@id\":\"https:\\\/\\\/www.filha.fi\\\/astma\\\/#breadcrumb\",\"itemListElement\":[{\"@type\":\"ListItem\",\"position\":1,\"name\":\"Home\",\"item\":\"https:\\\/\\\/www.filha.fi\\\/\"},{\"@type\":\"ListItem\",\"position\":2,\"name\":\"Astma\"}]},{\"@type\":\"WebSite\",\"@id\":\"https:\\\/\\\/www.filha.fi\\\/#website\",\"url\":\"https:\\\/\\\/www.filha.fi\\\/\",\"name\":\"Filha\",\"description\":\"Expertise in lung health\",\"publisher\":{\"@id\":\"https:\\\/\\\/www.filha.fi\\\/#organization\"},\"potentialAction\":[{\"@type\":\"SearchAction\",\"target\":{\"@type\":\"EntryPoint\",\"urlTemplate\":\"https:\\\/\\\/www.filha.fi\\\/?s={search_term_string}\"},\"query-input\":{\"@type\":\"PropertyValueSpecification\",\"valueRequired\":true,\"valueName\":\"search_term_string\"}}],\"inLanguage\":\"en-US\"},{\"@type\":\"Organization\",\"@id\":\"https:\\\/\\\/www.filha.fi\\\/#organization\",\"name\":\"Filha ry\",\"url\":\"https:\\\/\\\/www.filha.fi\\\/\",\"logo\":{\"@type\":\"ImageObject\",\"inLanguage\":\"en-US\",\"@id\":\"https:\\\/\\\/www.filha.fi\\\/#\\\/schema\\\/logo\\\/image\\\/\",\"url\":\"https:\\\/\\\/www.filha.fi\\\/wp-content\\\/uploads\\\/2019\\\/04\\\/Filha-logo.png\",\"contentUrl\":\"https:\\\/\\\/www.filha.fi\\\/wp-content\\\/uploads\\\/2019\\\/04\\\/Filha-logo.png\",\"width\":960,\"height\":1230,\"caption\":\"Filha ry\"},\"image\":{\"@id\":\"https:\\\/\\\/www.filha.fi\\\/#\\\/schema\\\/logo\\\/image\\\/\"}}]}<\/script>\n<!-- \/ Yoast SEO plugin. -->","yoast_head_json":{"title":"Astma - Filha","robots":{"index":"index","follow":"follow","max-snippet":"max-snippet:-1","max-image-preview":"max-image-preview:large","max-video-preview":"max-video-preview:-1"},"canonical":"https:\/\/www.filha.fi\/astma\/","og_locale":"en_US","og_type":"article","og_title":"Astma - Filha","og_url":"https:\/\/www.filha.fi\/astma\/","og_site_name":"Filha","article_modified_time":"2024-01-09T11:27:15+00:00","og_image":[{"url":"https:\/\/www.filha.fi\/wp-content\/uploads\/2021\/04\/Asthmatic-airway.jpg","type":"","width":"","height":""}],"twitter_card":"summary_large_image","twitter_misc":{"Est. reading time":"1 minute"},"schema":{"@context":"https:\/\/schema.org","@graph":[{"@type":"WebPage","@id":"https:\/\/www.filha.fi\/astma\/","url":"https:\/\/www.filha.fi\/astma\/","name":"Astma - Filha","isPartOf":{"@id":"https:\/\/www.filha.fi\/#website"},"primaryImageOfPage":{"@id":"https:\/\/www.filha.fi\/astma\/#primaryimage"},"image":{"@id":"https:\/\/www.filha.fi\/astma\/#primaryimage"},"thumbnailUrl":"https:\/\/www.filha.fi\/wp-content\/uploads\/2021\/04\/Asthmatic-airway.jpg","datePublished":"2021-04-15T09:49:34+00:00","dateModified":"2024-01-09T11:27:15+00:00","breadcrumb":{"@id":"https:\/\/www.filha.fi\/astma\/#breadcrumb"},"inLanguage":"en-US","potentialAction":[{"@type":"ReadAction","target":["https:\/\/www.filha.fi\/astma\/"]}]},{"@type":"ImageObject","inLanguage":"en-US","@id":"https:\/\/www.filha.fi\/astma\/#primaryimage","url":"https:\/\/www.filha.fi\/wp-content\/uploads\/2021\/04\/Asthmatic-airway.jpg","contentUrl":"https:\/\/www.filha.fi\/wp-content\/uploads\/2021\/04\/Asthmatic-airway.jpg"},{"@type":"BreadcrumbList","@id":"https:\/\/www.filha.fi\/astma\/#breadcrumb","itemListElement":[{"@type":"ListItem","position":1,"name":"Home","item":"https:\/\/www.filha.fi\/"},{"@type":"ListItem","position":2,"name":"Astma"}]},{"@type":"WebSite","@id":"https:\/\/www.filha.fi\/#website","url":"https:\/\/www.filha.fi\/","name":"Filha","description":"Expertise in lung health","publisher":{"@id":"https:\/\/www.filha.fi\/#organization"},"potentialAction":[{"@type":"SearchAction","target":{"@type":"EntryPoint","urlTemplate":"https:\/\/www.filha.fi\/?s={search_term_string}"},"query-input":{"@type":"PropertyValueSpecification","valueRequired":true,"valueName":"search_term_string"}}],"inLanguage":"en-US"},{"@type":"Organization","@id":"https:\/\/www.filha.fi\/#organization","name":"Filha ry","url":"https:\/\/www.filha.fi\/","logo":{"@type":"ImageObject","inLanguage":"en-US","@id":"https:\/\/www.filha.fi\/#\/schema\/logo\/image\/","url":"https:\/\/www.filha.fi\/wp-content\/uploads\/2019\/04\/Filha-logo.png","contentUrl":"https:\/\/www.filha.fi\/wp-content\/uploads\/2019\/04\/Filha-logo.png","width":960,"height":1230,"caption":"Filha ry"},"image":{"@id":"https:\/\/www.filha.fi\/#\/schema\/logo\/image\/"}}]}},"_links":{"self":[{"href":"https:\/\/www.filha.fi\/en\/wp-json\/wp\/v2\/pages\/8032","targetHints":{"allow":["GET"]}}],"collection":[{"href":"https:\/\/www.filha.fi\/en\/wp-json\/wp\/v2\/pages"}],"about":[{"href":"https:\/\/www.filha.fi\/en\/wp-json\/wp\/v2\/types\/page"}],"author":[{"embeddable":true,"href":"https:\/\/www.filha.fi\/en\/wp-json\/wp\/v2\/users\/4"}],"replies":[{"embeddable":true,"href":"https:\/\/www.filha.fi\/en\/wp-json\/wp\/v2\/comments?post=8032"}],"version-history":[{"count":0,"href":"https:\/\/www.filha.fi\/en\/wp-json\/wp\/v2\/pages\/8032\/revisions"}],"wp:attachment":[{"href":"https:\/\/www.filha.fi\/en\/wp-json\/wp\/v2\/media?parent=8032"}],"wp:term":[{"taxonomy":"category","embeddable":true,"href":"https:\/\/www.filha.fi\/en\/wp-json\/wp\/v2\/categories?post=8032"}],"curies":[{"name":"wp","href":"https:\/\/api.w.org\/{rel}","templated":true}]}}