{"id":8048,"date":"2021-04-15T13:21:04","date_gmt":"2021-04-15T10:21:04","guid":{"rendered":"https:\/\/www.filha.fi\/?page_id=8048"},"modified":"2025-05-27T09:31:08","modified_gmt":"2025-05-27T06:31:08","slug":"keuhkoahtaumatauti-copd","status":"publish","type":"page","link":"https:\/\/www.filha.fi\/en\/keuhkoahtaumatauti-copd\/","title":{"rendered":"Keuhkoahtaumatauti (COPD)"},"content":{"rendered":"<p>Keuhkoahtaumatauti (COPD, Chronic Obstructive Pulmonary Disease) on hitaasti etenev\u00e4 keuhkosairaus, jolle on ominaista pienten hengitysteiden pysyv\u00e4 ahtauma, keuhkokudoksen tuhoutuminen ja hidastunut uloshengitys.<\/p>\n<p>Suurin aiheuttaja on tupakka: noin joka toinen tupakoitsija sairastuu jossain el\u00e4m\u00e4ns\u00e4 vaiheessa keuhkoahtaumatautiin. Suomessa keuhkoahtaumatautia sairastaa 5\u221210 % aikuisv\u00e4est\u00f6st\u00e4. Maailmassa keuhkoahtaumatautiin kuolee vuosittain 3 miljoona ihmist\u00e4, ja tautia aiheuttavat tupakan lis\u00e4ksi polttamisen savut ja ilmansaasteet.<\/p>\n<p>Keuhko\u00adahtaumataudin aiheuttaja voi olla my\u00f6s harvinainen alfa1-antitrypsiinin puutos, joka on perinn\u00f6llinen aineenvaihduntasairaus.<\/p>\n<p><strong>Miten keuhkoahtaumatauti syntyy<\/strong><\/p>\n<p><a href=\"https:\/\/www.filha.fi\/keuhkoahtaumatauti-copd\/miten-copd-syntyy\/#main\" rel=\"attachment wp-att-8049\"><img fetchpriority=\"high\" decoding=\"async\" class=\"alignnone wp-image-8049\" src=\"https:\/\/www.filha.fi\/wp-content\/uploads\/2021\/04\/Miten-COPD-syntyy.jpg\" alt=\"\" width=\"899\" height=\"495\" srcset=\"https:\/\/www.filha.fi\/wp-content\/uploads\/2021\/04\/Miten-COPD-syntyy.jpg 1301w, https:\/\/www.filha.fi\/wp-content\/uploads\/2021\/04\/Miten-COPD-syntyy-300x165.jpg 300w, https:\/\/www.filha.fi\/wp-content\/uploads\/2021\/04\/Miten-COPD-syntyy-1024x564.jpg 1024w, https:\/\/www.filha.fi\/wp-content\/uploads\/2021\/04\/Miten-COPD-syntyy-768x423.jpg 768w\" sizes=\"(max-width: 899px) 100vw, 899px\" \/><\/a><\/p>\n<p>&nbsp;<\/p>\n<h3><a href=\"https:\/\/www.filha.fi\/keuhkoahtaumataudin-diagnoosi-ja-hoito\/\" target=\"_blank\" rel=\"noopener\"><strong>Keuhkoahtaumataudin diagnoosi ja hoito<\/strong><\/a><\/h3>\n<p>&nbsp;<\/p>\n<p><strong>Lis\u00e4tietoa keuhkoahtaumataudista<\/strong><\/p>\n<p>Katso lyhyet koulutusvideot Filhan <a href=\"http:\/\/www.videokirjasto.fi\" target=\"_blank\" rel=\"noopener\">Videokirjastosta<\/a>. Videokirjasto vaatii tunnistautumisen.<\/p>\n<p><a href=\"https:\/\/www.kaypahoito.fi\/hoi06040\" target=\"_blank\" rel=\"noopener\">Keuhkoahtaumataudin K\u00e4yp\u00e4 hoito -suositus<\/a> (Duodecim 2020)<\/p>\n<p><a href=\"https:\/\/goldcopd.org\/\" target=\"_blank\" rel=\"noopener\">Global Initiative for Chronic Obstructive Lung Disease<\/a><\/p>\n<p><a href=\"https:\/\/www.terveyskyla.fi\/keuhkotalo\/tietoa-keuhkosairauksista\/keuhkoahtaumatauti\" target=\"_blank\" rel=\"noopener\">Terveyskyl\u00e4: Keuhkoahtaumatauti<\/a><\/p>\n<p><strong>Ajankohtaisia artikkeleita keuhkoahtaumataudista<\/strong><\/p>\n<p class=\"entry-title\"><a href=\"https:\/\/www.filha.fi\/keuhkoahtaumatauti-taudin-taakka-ja-toivon-pilkahduksia\/\" target=\"_blank\" rel=\"noopener\">Keuhkoahtaumatauti: Taudin taakka ja toivon pilkahduksia<\/a><\/p>\n<p class=\"entry-title\"><a href=\"https:\/\/www.filha.fi\/keuhkoahtaumataudin-kustannukset-kuriin-ennaltaehkaisylla-terveystaloustieteilija-korostaa-varhaisen-vaiheen-laakityksen-ja-elintapojen-merkitysta\/\" target=\"_blank\" rel=\"noopener\">Keuhkoahtaumataudin kustannukset kuriin ennaltaehk\u00e4isyll\u00e4: Terveystaloustieteilij\u00e4 korostaa varhaisen vaiheen l\u00e4\u00e4kityksen ja elintapojen merkityst\u00e4<\/a><\/p>\n","protected":false},"excerpt":{"rendered":"<p>Keuhkoahtaumatauti (COPD, Chronic Obstructive Pulmonary Disease) on hitaasti etenev\u00e4 keuhkosairaus, jolle on ominaista pienten hengitysteiden pysyv\u00e4 ahtauma, keuhkokudoksen tuhoutuminen ja hidastunut uloshengitys. Suurin aiheuttaja on tupakka: noin joka toinen tupakoitsija &#8230; <a title=\"Keuhkoahtaumatauti (COPD)\" class=\"read-more\" href=\"https:\/\/www.filha.fi\/en\/keuhkoahtaumatauti-copd\/\" aria-label=\"Read more about Keuhkoahtaumatauti (COPD)\">Read more<\/a><\/p>\n","protected":false},"author":4,"featured_media":0,"parent":0,"menu_order":0,"comment_status":"closed","ping_status":"closed","template":"","meta":{"_acf_changed":false,"footnotes":""},"categories":[5,74,47,73],"class_list":["post-8048","page","type-page","status-publish","category-keuhkoahtaumatauti","category-miia","category-tuula","category-tuuli"],"translation":{"provider":"WPGlobus","version":"3.0.2","language":"en","enabled_languages":["fi","en"],"languages":{"fi":{"title":true,"content":true,"excerpt":false},"en":{"title":false,"content":false,"excerpt":false}}},"acf":[],"yoast_head":"<!-- This site is optimized with the Yoast SEO plugin v27.4 - https:\/\/yoast.com\/product\/yoast-seo-wordpress\/ -->\n<title>Keuhkoahtaumatauti (COPD) - Filha<\/title>\n<meta name=\"robots\" content=\"index, follow, max-snippet:-1, max-image-preview:large, max-video-preview:-1\" \/>\n<link rel=\"canonical\" href=\"https:\/\/www.filha.fi\/keuhkoahtaumatauti-copd\/\" \/>\n<meta property=\"og:locale\" content=\"en_US\" \/>\n<meta property=\"og:type\" content=\"article\" \/>\n<meta property=\"og:title\" content=\"Keuhkoahtaumatauti (COPD) - Filha\" \/>\n<meta property=\"og:url\" content=\"https:\/\/www.filha.fi\/keuhkoahtaumatauti-copd\/\" \/>\n<meta property=\"og:site_name\" content=\"Filha\" \/>\n<meta property=\"article:modified_time\" content=\"2025-05-27T06:31:08+00:00\" \/>\n<meta property=\"og:image\" content=\"https:\/\/www.filha.fi\/wp-content\/uploads\/2021\/04\/Miten-COPD-syntyy.jpg\" \/>\n\t<meta property=\"og:image:width\" content=\"1301\" \/>\n\t<meta property=\"og:image:height\" content=\"716\" \/>\n\t<meta property=\"og:image:type\" content=\"image\/jpeg\" \/>\n<meta name=\"twitter:card\" content=\"summary_large_image\" \/>\n<meta name=\"twitter:label1\" content=\"Est. reading time\" \/>\n\t<meta name=\"twitter:data1\" content=\"1 minute\" \/>\n<script type=\"application\/ld+json\" class=\"yoast-schema-graph\">{\"@context\":\"https:\\\/\\\/schema.org\",\"@graph\":[{\"@type\":\"WebPage\",\"@id\":\"https:\\\/\\\/www.filha.fi\\\/keuhkoahtaumatauti-copd\\\/\",\"url\":\"https:\\\/\\\/www.filha.fi\\\/keuhkoahtaumatauti-copd\\\/\",\"name\":\"Keuhkoahtaumatauti (COPD) - Filha\",\"isPartOf\":{\"@id\":\"https:\\\/\\\/www.filha.fi\\\/#website\"},\"primaryImageOfPage\":{\"@id\":\"https:\\\/\\\/www.filha.fi\\\/keuhkoahtaumatauti-copd\\\/#primaryimage\"},\"image\":{\"@id\":\"https:\\\/\\\/www.filha.fi\\\/keuhkoahtaumatauti-copd\\\/#primaryimage\"},\"thumbnailUrl\":\"https:\\\/\\\/www.filha.fi\\\/wp-content\\\/uploads\\\/2021\\\/04\\\/Miten-COPD-syntyy.jpg\",\"datePublished\":\"2021-04-15T10:21:04+00:00\",\"dateModified\":\"2025-05-27T06:31:08+00:00\",\"breadcrumb\":{\"@id\":\"https:\\\/\\\/www.filha.fi\\\/keuhkoahtaumatauti-copd\\\/#breadcrumb\"},\"inLanguage\":\"en-US\",\"potentialAction\":[{\"@type\":\"ReadAction\",\"target\":[\"https:\\\/\\\/www.filha.fi\\\/keuhkoahtaumatauti-copd\\\/\"]}]},{\"@type\":\"ImageObject\",\"inLanguage\":\"en-US\",\"@id\":\"https:\\\/\\\/www.filha.fi\\\/keuhkoahtaumatauti-copd\\\/#primaryimage\",\"url\":\"https:\\\/\\\/www.filha.fi\\\/wp-content\\\/uploads\\\/2021\\\/04\\\/Miten-COPD-syntyy.jpg\",\"contentUrl\":\"https:\\\/\\\/www.filha.fi\\\/wp-content\\\/uploads\\\/2021\\\/04\\\/Miten-COPD-syntyy.jpg\"},{\"@type\":\"BreadcrumbList\",\"@id\":\"https:\\\/\\\/www.filha.fi\\\/keuhkoahtaumatauti-copd\\\/#breadcrumb\",\"itemListElement\":[{\"@type\":\"ListItem\",\"position\":1,\"name\":\"Home\",\"item\":\"https:\\\/\\\/www.filha.fi\\\/\"},{\"@type\":\"ListItem\",\"position\":2,\"name\":\"Keuhkoahtaumatauti (COPD)\"}]},{\"@type\":\"WebSite\",\"@id\":\"https:\\\/\\\/www.filha.fi\\\/#website\",\"url\":\"https:\\\/\\\/www.filha.fi\\\/\",\"name\":\"Filha\",\"description\":\"Expertise in lung health\",\"publisher\":{\"@id\":\"https:\\\/\\\/www.filha.fi\\\/#organization\"},\"potentialAction\":[{\"@type\":\"SearchAction\",\"target\":{\"@type\":\"EntryPoint\",\"urlTemplate\":\"https:\\\/\\\/www.filha.fi\\\/?s={search_term_string}\"},\"query-input\":{\"@type\":\"PropertyValueSpecification\",\"valueRequired\":true,\"valueName\":\"search_term_string\"}}],\"inLanguage\":\"en-US\"},{\"@type\":\"Organization\",\"@id\":\"https:\\\/\\\/www.filha.fi\\\/#organization\",\"name\":\"Filha ry\",\"url\":\"https:\\\/\\\/www.filha.fi\\\/\",\"logo\":{\"@type\":\"ImageObject\",\"inLanguage\":\"en-US\",\"@id\":\"https:\\\/\\\/www.filha.fi\\\/#\\\/schema\\\/logo\\\/image\\\/\",\"url\":\"https:\\\/\\\/www.filha.fi\\\/wp-content\\\/uploads\\\/2019\\\/04\\\/Filha-logo.png\",\"contentUrl\":\"https:\\\/\\\/www.filha.fi\\\/wp-content\\\/uploads\\\/2019\\\/04\\\/Filha-logo.png\",\"width\":960,\"height\":1230,\"caption\":\"Filha ry\"},\"image\":{\"@id\":\"https:\\\/\\\/www.filha.fi\\\/#\\\/schema\\\/logo\\\/image\\\/\"}}]}<\/script>\n<!-- \/ Yoast SEO plugin. -->","yoast_head_json":{"title":"Keuhkoahtaumatauti (COPD) - Filha","robots":{"index":"index","follow":"follow","max-snippet":"max-snippet:-1","max-image-preview":"max-image-preview:large","max-video-preview":"max-video-preview:-1"},"canonical":"https:\/\/www.filha.fi\/keuhkoahtaumatauti-copd\/","og_locale":"en_US","og_type":"article","og_title":"Keuhkoahtaumatauti (COPD) - Filha","og_url":"https:\/\/www.filha.fi\/keuhkoahtaumatauti-copd\/","og_site_name":"Filha","article_modified_time":"2025-05-27T06:31:08+00:00","og_image":[{"width":1301,"height":716,"url":"https:\/\/www.filha.fi\/wp-content\/uploads\/2021\/04\/Miten-COPD-syntyy.jpg","type":"image\/jpeg"}],"twitter_card":"summary_large_image","twitter_misc":{"Est. reading time":"1 minute"},"schema":{"@context":"https:\/\/schema.org","@graph":[{"@type":"WebPage","@id":"https:\/\/www.filha.fi\/keuhkoahtaumatauti-copd\/","url":"https:\/\/www.filha.fi\/keuhkoahtaumatauti-copd\/","name":"Keuhkoahtaumatauti (COPD) - Filha","isPartOf":{"@id":"https:\/\/www.filha.fi\/#website"},"primaryImageOfPage":{"@id":"https:\/\/www.filha.fi\/keuhkoahtaumatauti-copd\/#primaryimage"},"image":{"@id":"https:\/\/www.filha.fi\/keuhkoahtaumatauti-copd\/#primaryimage"},"thumbnailUrl":"https:\/\/www.filha.fi\/wp-content\/uploads\/2021\/04\/Miten-COPD-syntyy.jpg","datePublished":"2021-04-15T10:21:04+00:00","dateModified":"2025-05-27T06:31:08+00:00","breadcrumb":{"@id":"https:\/\/www.filha.fi\/keuhkoahtaumatauti-copd\/#breadcrumb"},"inLanguage":"en-US","potentialAction":[{"@type":"ReadAction","target":["https:\/\/www.filha.fi\/keuhkoahtaumatauti-copd\/"]}]},{"@type":"ImageObject","inLanguage":"en-US","@id":"https:\/\/www.filha.fi\/keuhkoahtaumatauti-copd\/#primaryimage","url":"https:\/\/www.filha.fi\/wp-content\/uploads\/2021\/04\/Miten-COPD-syntyy.jpg","contentUrl":"https:\/\/www.filha.fi\/wp-content\/uploads\/2021\/04\/Miten-COPD-syntyy.jpg"},{"@type":"BreadcrumbList","@id":"https:\/\/www.filha.fi\/keuhkoahtaumatauti-copd\/#breadcrumb","itemListElement":[{"@type":"ListItem","position":1,"name":"Home","item":"https:\/\/www.filha.fi\/"},{"@type":"ListItem","position":2,"name":"Keuhkoahtaumatauti (COPD)"}]},{"@type":"WebSite","@id":"https:\/\/www.filha.fi\/#website","url":"https:\/\/www.filha.fi\/","name":"Filha","description":"Expertise in lung health","publisher":{"@id":"https:\/\/www.filha.fi\/#organization"},"potentialAction":[{"@type":"SearchAction","target":{"@type":"EntryPoint","urlTemplate":"https:\/\/www.filha.fi\/?s={search_term_string}"},"query-input":{"@type":"PropertyValueSpecification","valueRequired":true,"valueName":"search_term_string"}}],"inLanguage":"en-US"},{"@type":"Organization","@id":"https:\/\/www.filha.fi\/#organization","name":"Filha ry","url":"https:\/\/www.filha.fi\/","logo":{"@type":"ImageObject","inLanguage":"en-US","@id":"https:\/\/www.filha.fi\/#\/schema\/logo\/image\/","url":"https:\/\/www.filha.fi\/wp-content\/uploads\/2019\/04\/Filha-logo.png","contentUrl":"https:\/\/www.filha.fi\/wp-content\/uploads\/2019\/04\/Filha-logo.png","width":960,"height":1230,"caption":"Filha ry"},"image":{"@id":"https:\/\/www.filha.fi\/#\/schema\/logo\/image\/"}}]}},"_links":{"self":[{"href":"https:\/\/www.filha.fi\/en\/wp-json\/wp\/v2\/pages\/8048","targetHints":{"allow":["GET"]}}],"collection":[{"href":"https:\/\/www.filha.fi\/en\/wp-json\/wp\/v2\/pages"}],"about":[{"href":"https:\/\/www.filha.fi\/en\/wp-json\/wp\/v2\/types\/page"}],"author":[{"embeddable":true,"href":"https:\/\/www.filha.fi\/en\/wp-json\/wp\/v2\/users\/4"}],"replies":[{"embeddable":true,"href":"https:\/\/www.filha.fi\/en\/wp-json\/wp\/v2\/comments?post=8048"}],"version-history":[{"count":0,"href":"https:\/\/www.filha.fi\/en\/wp-json\/wp\/v2\/pages\/8048\/revisions"}],"wp:attachment":[{"href":"https:\/\/www.filha.fi\/en\/wp-json\/wp\/v2\/media?parent=8048"}],"wp:term":[{"taxonomy":"category","embeddable":true,"href":"https:\/\/www.filha.fi\/en\/wp-json\/wp\/v2\/categories?post=8048"}],"curies":[{"name":"wp","href":"https:\/\/api.w.org\/{rel}","templated":true}]}}