{"id":8056,"date":"2021-04-15T13:39:17","date_gmt":"2021-04-15T10:39:17","guid":{"rendered":"https:\/\/www.filha.fi\/?page_id=8056"},"modified":"2026-01-30T12:21:54","modified_gmt":"2026-01-30T10:21:54","slug":"keuhkoahtaumataudin-diagnoosi-ja-hoito","status":"publish","type":"page","link":"https:\/\/www.filha.fi\/en\/keuhkoahtaumataudin-diagnoosi-ja-hoito\/","title":{"rendered":"Keuhkoahtaumataudin diagnoosi ja hoito"},"content":{"rendered":"<h2>Milloin ep\u00e4ill\u00e4 keuhkoahtaumatautia?<\/h2>\n<p><strong>Keuhkoahtaumatautia on syyt\u00e4 ep\u00e4ill\u00e4, jos jokin seuraavista t\u00e4yttyy yli 40v potilaalla:<\/strong><\/p>\n<ul>\n<li>Hengenahdistus (jatkuva, paheneva)<\/li>\n<li>Krooninen ysk\u00e4<\/li>\n<li>Krooninen limaisuus<\/li>\n<li>Toistuvia alahengitysteiden infektioita<\/li>\n<li>Riskitekij\u00f6it\u00e4 (tupakointi, avotuli, ty\u00f6per\u00e4iset altisteet)<\/li>\n<li>Sukuhistoria (perinn\u00f6lliset sairaudet)<\/li>\n<\/ul>\n<h3><strong>Keuhkoahtaumataudin (COPD) diagnoosi<\/strong><\/h3>\n<ul>\n<li>Oireet sopivat, yleens\u00e4 tupakkatausta<\/li>\n<li>Aina spirometria bronkodilaattorilla ja keuhkoputkia laajentavalla l\u00e4\u00e4kkeell\u00e4 tehty puhallus rinnalle.<\/li>\n<\/ul>\n<p>Kannattaa muistaa, ett\u00e4 monella on my\u00f6s vastetta avaavalle l\u00e4\u00e4kkeelle, joten jos anamneesi ja oireet sopivat COPD:hen, silloin ensisijaisesti COPD tai COPD jossa astmakomponentti. Astma ja COPD voivat my\u00f6s olla yht\u00e4 aikaa.<\/p>\n<ul>\n<li>Uloshengityksen sekuntikapasiteetin suhde nopeaan vitaalikapasiteettiin (FEV1\/FVC) &lt; 0,7\u00a0bronkodilataation j\u00e4lkeisess\u00e4 spirometriassa\u00a0=diagnoosikriteeri<\/li>\n<li>FEV1: Z-arvosta vaikeusaste, norm. &gt;1.65<\/li>\n<li>Merkitt\u00e4v\u00e4 br.vaste (&gt;200ml\/12%) n\u00e4hd\u00e4\u00e4n 25-50 % potilailla, eli my\u00f6s astmakriteerit t\u00e4yttyisiv\u00e4t<\/li>\n<\/ul>\n<p><strong>COPD-potilaat voidaan jakaa moneen alatyyppiin taudinkuvan mukaan<\/strong><\/p>\n<ul>\n<li>Krooninen keuhkoputkentulehdus = 3kk\/v kahden vuoden ajan ja\/tai<\/li>\n<li>Keuhkoputkien ahtauma ja\/tai<\/li>\n<li>Keuhkolaajentuma eli emfyseema<\/li>\n<\/ul>\n<p><strong>\u00a0<\/strong><strong>T\u00e4rkeimm\u00e4t fenotyypit:<\/strong><\/p>\n<ul>\n<li>Pieni pahenemisvaiheen riski<\/li>\n<li>Suuri pahenemisvaiheen riski<\/li>\n<li>Astmaan liittyv\u00e4 COPD<\/li>\n<\/ul>\n<h3><strong>Keuhkoahtaumataudin kliininen vaikeusaste<\/strong><\/h3>\n<p>Kliininen kuva, pahenemisvaiheiden m\u00e4\u00e4r\u00e4 ja v\u00e4hemm\u00e4ss\u00e4 m\u00e4\u00e4rin spirometria kertovat COPD:n vaikeusasteen ja sen, millaista l\u00e4\u00e4kityst\u00e4 tarvitaan.<\/p>\n<p><strong>Liev\u00e4<\/strong><\/p>\n<ul>\n<li>Ei toistuvia pahenemisvaiheita<\/li>\n<li>V\u00e4h\u00e4iset oireet, (CAT-testi yleens\u00e4 &lt; 10 pistett\u00e4)<\/li>\n<li>FEV<sub>1<\/sub>-mittauksen Z-arvo yleens\u00e4 \u2265 -2,5<\/li>\n<li>Ei s\u00e4\u00e4nn\u00f6llisen l\u00e4\u00e4kityksen tarvetta<\/li>\n<\/ul>\n<p><strong>Vaikea<\/strong><\/p>\n<ul>\n<li>Toistuvia pahenemisvaiheita<\/li>\n<li>Jatkuvat oireet (CAT-testi yleens\u00e4 &gt; 10 pistett\u00e4)<\/li>\n<li>S\u00e4\u00e4nn\u00f6llisen l\u00e4\u00e4kityksen tarve<\/li>\n<\/ul>\n<p><strong>Eritt\u00e4in vaikea<\/strong><\/p>\n<ul>\n<li>Toistuvia vaikeita pahenemisvaiheita<\/li>\n<li>Hyvin hankalat p\u00e4ivitt\u00e4iset oireet (CAT-testi yleens\u00e4 \u2265 20 pistett\u00e4)<\/li>\n<li>FEV<sub>1<\/sub>-mittauksen Z-arvo yleens\u00e4 &lt; -4,0<\/li>\n<li>S\u00e4\u00e4nn\u00f6llisen l\u00e4\u00e4kityksen tarve<\/li>\n<\/ul>\n<p>CAT-testi = COPD Assessment Test, keuhkoahtaumataudin arviointitesti<br \/>\nFEV<sub>1<\/sub> = Forced Expiratory Volume in 1 second, sekuntikapasiteetti<br \/>\nZ-arvo = Tuloksen poikkeama viitearvoaineiston keskihajonnan (SD) kerrannaisena<\/p>\n<p>L\u00e4hde: <a href=\"https:\/\/www.kaypahoito.fi\/hoi06040\" target=\"_blank\" rel=\"noopener\">K\u00e4yp\u00e4 hoito -suositus Keuhkoahtaumatauti<\/a> (2020)<\/p>\n<h2>Keuhkoahtaumataudin hoito<\/h2>\n<p><a href=\"https:\/\/www.kaypahoito.fi\/hoi06040\" target=\"_blank\" rel=\"noopener\">Keuhkoahtaumataudin K\u00e4yp\u00e4 hoito -suositus<\/a>\u00a0on uusittu vuonna 2020. Uudessa suosituksessa otetaan huomioon ilmiasu eli fenotyyppi, ja hoito ohjataan sen perusteella.<\/p>\n<p><a href=\"https:\/\/www.filha.fi\/miten-toimia-uniapneaepailyssa\/keuhkoahtaumataudin-hoitokaavio\/#main\" rel=\"attachment wp-att-7504\"><img fetchpriority=\"high\" decoding=\"async\" class=\"alignnone size-full wp-image-7504\" src=\"https:\/\/www.filha.fi\/wp-content\/uploads\/2021\/03\/Keuhkoahtaumataudin-hoitokaavio.jpg\" alt=\"\" width=\"850\" height=\"1202\" srcset=\"https:\/\/www.filha.fi\/wp-content\/uploads\/2021\/03\/Keuhkoahtaumataudin-hoitokaavio.jpg 850w, https:\/\/www.filha.fi\/wp-content\/uploads\/2021\/03\/Keuhkoahtaumataudin-hoitokaavio-212x300.jpg 212w, https:\/\/www.filha.fi\/wp-content\/uploads\/2021\/03\/Keuhkoahtaumataudin-hoitokaavio-724x1024.jpg 724w, https:\/\/www.filha.fi\/wp-content\/uploads\/2021\/03\/Keuhkoahtaumataudin-hoitokaavio-768x1086.jpg 768w\" sizes=\"(max-width: 850px) 100vw, 850px\" \/><\/a><\/p>\n<p>L\u00e4hde: <a href=\"https:\/\/www.kaypahoito.fi\/hoi06040\" target=\"_blank\" rel=\"noopener\">Keuhkoahtaumataudin K\u00e4yp\u00e4 hoito -suositus<\/a> (2020)<\/p>\n<p>L\u00e4\u00e4kehoidon ohella keuhkoahtaumataudin hoitoon kuuluvat tupakasta vieroitus ja liikkumiseen kannustaminen. N\u00e4m\u00e4 tulee huomioida jokaisella k\u00e4yntikerralla.<\/p>\n<p>Jos tarvitset keuhkoahtaumataudin omahoidon ohjausta varten potilaalle annettavan englanninkielisen esitteen, voit hy\u00f6dynt\u00e4\u00e4 <a href=\"https:\/\/www.filha.fi\/hankkeet\/jared\/\">JARED-hankkeessa<\/a> tehtyj\u00e4 materiaaleja:<\/p>\n<p><a href=\"https:\/\/www.filha.fi\/wp-content\/uploads\/2026\/01\/Jared_COPD_web_final.pdf\">Self-management of COPD_web<\/a><br \/>\n<a href=\"https:\/\/www.filha.fi\/wp-content\/uploads\/2026\/01\/Jared_task-6.6_COPD_leaflet_print_final.pdf\">Self-management of COPD_tulostettava<\/a><\/p>\n<h3><strong><a href=\"https:\/\/www.filha.fi\/tupakka-ja-nikotiini\/miten-otan-puheeksi-tupakoinnin\/\" target=\"_blank\" rel=\"noopener\">Miten otan puheeksi tupakoinnin?<\/a><\/strong><\/h3>\n","protected":false},"excerpt":{"rendered":"<p>Milloin ep\u00e4ill\u00e4 keuhkoahtaumatautia? Keuhkoahtaumatautia on syyt\u00e4 ep\u00e4ill\u00e4, jos jokin seuraavista t\u00e4yttyy yli 40v potilaalla: Hengenahdistus (jatkuva, paheneva) Krooninen ysk\u00e4 Krooninen limaisuus Toistuvia alahengitysteiden infektioita Riskitekij\u00f6it\u00e4 (tupakointi, avotuli, ty\u00f6per\u00e4iset altisteet) Sukuhistoria &#8230; <a title=\"Keuhkoahtaumataudin diagnoosi ja hoito\" class=\"read-more\" href=\"https:\/\/www.filha.fi\/en\/keuhkoahtaumataudin-diagnoosi-ja-hoito\/\" aria-label=\"Read more about Keuhkoahtaumataudin diagnoosi ja hoito\">Read more<\/a><\/p>\n","protected":false},"author":4,"featured_media":0,"parent":0,"menu_order":0,"comment_status":"closed","ping_status":"closed","template":"","meta":{"_acf_changed":false,"footnotes":""},"categories":[5,74,47,73],"class_list":["post-8056","page","type-page","status-publish","category-keuhkoahtaumatauti","category-miia","category-tuula","category-tuuli"],"translation":{"provider":"WPGlobus","version":"3.0.2","language":"en","enabled_languages":["fi","en"],"languages":{"fi":{"title":true,"content":true,"excerpt":false},"en":{"title":false,"content":false,"excerpt":false}}},"acf":[],"yoast_head":"<!-- This site is optimized with the Yoast SEO plugin v27.4 - https:\/\/yoast.com\/product\/yoast-seo-wordpress\/ -->\n<title>Keuhkoahtaumataudin diagnoosi ja hoito - Filha<\/title>\n<meta name=\"robots\" content=\"index, follow, max-snippet:-1, max-image-preview:large, max-video-preview:-1\" \/>\n<link rel=\"canonical\" href=\"https:\/\/www.filha.fi\/keuhkoahtaumataudin-diagnoosi-ja-hoito\/\" \/>\n<meta property=\"og:locale\" content=\"en_US\" \/>\n<meta property=\"og:type\" content=\"article\" \/>\n<meta property=\"og:title\" content=\"Keuhkoahtaumataudin diagnoosi ja hoito - Filha\" \/>\n<meta property=\"og:url\" content=\"https:\/\/www.filha.fi\/keuhkoahtaumataudin-diagnoosi-ja-hoito\/\" \/>\n<meta property=\"og:site_name\" content=\"Filha\" \/>\n<meta property=\"article:modified_time\" content=\"2026-01-30T10:21:54+00:00\" \/>\n<meta property=\"og:image\" content=\"https:\/\/www.filha.fi\/wp-content\/uploads\/2021\/03\/Keuhkoahtaumataudin-hoitokaavio.jpg\" \/>\n\t<meta property=\"og:image:width\" content=\"850\" \/>\n\t<meta property=\"og:image:height\" content=\"1202\" \/>\n\t<meta property=\"og:image:type\" content=\"image\/jpeg\" \/>\n<meta name=\"twitter:card\" content=\"summary_large_image\" \/>\n<meta name=\"twitter:label1\" content=\"Est. reading time\" \/>\n\t<meta name=\"twitter:data1\" content=\"3 minutes\" \/>\n<script type=\"application\/ld+json\" class=\"yoast-schema-graph\">{\"@context\":\"https:\\\/\\\/schema.org\",\"@graph\":[{\"@type\":\"WebPage\",\"@id\":\"https:\\\/\\\/www.filha.fi\\\/keuhkoahtaumataudin-diagnoosi-ja-hoito\\\/\",\"url\":\"https:\\\/\\\/www.filha.fi\\\/keuhkoahtaumataudin-diagnoosi-ja-hoito\\\/\",\"name\":\"Keuhkoahtaumataudin diagnoosi ja hoito - Filha\",\"isPartOf\":{\"@id\":\"https:\\\/\\\/www.filha.fi\\\/#website\"},\"primaryImageOfPage\":{\"@id\":\"https:\\\/\\\/www.filha.fi\\\/keuhkoahtaumataudin-diagnoosi-ja-hoito\\\/#primaryimage\"},\"image\":{\"@id\":\"https:\\\/\\\/www.filha.fi\\\/keuhkoahtaumataudin-diagnoosi-ja-hoito\\\/#primaryimage\"},\"thumbnailUrl\":\"https:\\\/\\\/www.filha.fi\\\/wp-content\\\/uploads\\\/2021\\\/03\\\/Keuhkoahtaumataudin-hoitokaavio.jpg\",\"datePublished\":\"2021-04-15T10:39:17+00:00\",\"dateModified\":\"2026-01-30T10:21:54+00:00\",\"breadcrumb\":{\"@id\":\"https:\\\/\\\/www.filha.fi\\\/keuhkoahtaumataudin-diagnoosi-ja-hoito\\\/#breadcrumb\"},\"inLanguage\":\"en-US\",\"potentialAction\":[{\"@type\":\"ReadAction\",\"target\":[\"https:\\\/\\\/www.filha.fi\\\/keuhkoahtaumataudin-diagnoosi-ja-hoito\\\/\"]}]},{\"@type\":\"ImageObject\",\"inLanguage\":\"en-US\",\"@id\":\"https:\\\/\\\/www.filha.fi\\\/keuhkoahtaumataudin-diagnoosi-ja-hoito\\\/#primaryimage\",\"url\":\"https:\\\/\\\/www.filha.fi\\\/wp-content\\\/uploads\\\/2021\\\/03\\\/Keuhkoahtaumataudin-hoitokaavio.jpg\",\"contentUrl\":\"https:\\\/\\\/www.filha.fi\\\/wp-content\\\/uploads\\\/2021\\\/03\\\/Keuhkoahtaumataudin-hoitokaavio.jpg\"},{\"@type\":\"BreadcrumbList\",\"@id\":\"https:\\\/\\\/www.filha.fi\\\/keuhkoahtaumataudin-diagnoosi-ja-hoito\\\/#breadcrumb\",\"itemListElement\":[{\"@type\":\"ListItem\",\"position\":1,\"name\":\"Home\",\"item\":\"https:\\\/\\\/www.filha.fi\\\/\"},{\"@type\":\"ListItem\",\"position\":2,\"name\":\"Keuhkoahtaumataudin diagnoosi ja hoito\"}]},{\"@type\":\"WebSite\",\"@id\":\"https:\\\/\\\/www.filha.fi\\\/#website\",\"url\":\"https:\\\/\\\/www.filha.fi\\\/\",\"name\":\"Filha\",\"description\":\"Expertise in lung health\",\"publisher\":{\"@id\":\"https:\\\/\\\/www.filha.fi\\\/#organization\"},\"potentialAction\":[{\"@type\":\"SearchAction\",\"target\":{\"@type\":\"EntryPoint\",\"urlTemplate\":\"https:\\\/\\\/www.filha.fi\\\/?s={search_term_string}\"},\"query-input\":{\"@type\":\"PropertyValueSpecification\",\"valueRequired\":true,\"valueName\":\"search_term_string\"}}],\"inLanguage\":\"en-US\"},{\"@type\":\"Organization\",\"@id\":\"https:\\\/\\\/www.filha.fi\\\/#organization\",\"name\":\"Filha ry\",\"url\":\"https:\\\/\\\/www.filha.fi\\\/\",\"logo\":{\"@type\":\"ImageObject\",\"inLanguage\":\"en-US\",\"@id\":\"https:\\\/\\\/www.filha.fi\\\/#\\\/schema\\\/logo\\\/image\\\/\",\"url\":\"https:\\\/\\\/www.filha.fi\\\/wp-content\\\/uploads\\\/2019\\\/04\\\/Filha-logo.png\",\"contentUrl\":\"https:\\\/\\\/www.filha.fi\\\/wp-content\\\/uploads\\\/2019\\\/04\\\/Filha-logo.png\",\"width\":960,\"height\":1230,\"caption\":\"Filha ry\"},\"image\":{\"@id\":\"https:\\\/\\\/www.filha.fi\\\/#\\\/schema\\\/logo\\\/image\\\/\"}}]}<\/script>\n<!-- \/ Yoast SEO plugin. -->","yoast_head_json":{"title":"Keuhkoahtaumataudin diagnoosi ja hoito - Filha","robots":{"index":"index","follow":"follow","max-snippet":"max-snippet:-1","max-image-preview":"max-image-preview:large","max-video-preview":"max-video-preview:-1"},"canonical":"https:\/\/www.filha.fi\/keuhkoahtaumataudin-diagnoosi-ja-hoito\/","og_locale":"en_US","og_type":"article","og_title":"Keuhkoahtaumataudin diagnoosi ja hoito - Filha","og_url":"https:\/\/www.filha.fi\/keuhkoahtaumataudin-diagnoosi-ja-hoito\/","og_site_name":"Filha","article_modified_time":"2026-01-30T10:21:54+00:00","og_image":[{"width":850,"height":1202,"url":"https:\/\/www.filha.fi\/wp-content\/uploads\/2021\/03\/Keuhkoahtaumataudin-hoitokaavio.jpg","type":"image\/jpeg"}],"twitter_card":"summary_large_image","twitter_misc":{"Est. reading time":"3 minutes"},"schema":{"@context":"https:\/\/schema.org","@graph":[{"@type":"WebPage","@id":"https:\/\/www.filha.fi\/keuhkoahtaumataudin-diagnoosi-ja-hoito\/","url":"https:\/\/www.filha.fi\/keuhkoahtaumataudin-diagnoosi-ja-hoito\/","name":"Keuhkoahtaumataudin diagnoosi ja hoito - Filha","isPartOf":{"@id":"https:\/\/www.filha.fi\/#website"},"primaryImageOfPage":{"@id":"https:\/\/www.filha.fi\/keuhkoahtaumataudin-diagnoosi-ja-hoito\/#primaryimage"},"image":{"@id":"https:\/\/www.filha.fi\/keuhkoahtaumataudin-diagnoosi-ja-hoito\/#primaryimage"},"thumbnailUrl":"https:\/\/www.filha.fi\/wp-content\/uploads\/2021\/03\/Keuhkoahtaumataudin-hoitokaavio.jpg","datePublished":"2021-04-15T10:39:17+00:00","dateModified":"2026-01-30T10:21:54+00:00","breadcrumb":{"@id":"https:\/\/www.filha.fi\/keuhkoahtaumataudin-diagnoosi-ja-hoito\/#breadcrumb"},"inLanguage":"en-US","potentialAction":[{"@type":"ReadAction","target":["https:\/\/www.filha.fi\/keuhkoahtaumataudin-diagnoosi-ja-hoito\/"]}]},{"@type":"ImageObject","inLanguage":"en-US","@id":"https:\/\/www.filha.fi\/keuhkoahtaumataudin-diagnoosi-ja-hoito\/#primaryimage","url":"https:\/\/www.filha.fi\/wp-content\/uploads\/2021\/03\/Keuhkoahtaumataudin-hoitokaavio.jpg","contentUrl":"https:\/\/www.filha.fi\/wp-content\/uploads\/2021\/03\/Keuhkoahtaumataudin-hoitokaavio.jpg"},{"@type":"BreadcrumbList","@id":"https:\/\/www.filha.fi\/keuhkoahtaumataudin-diagnoosi-ja-hoito\/#breadcrumb","itemListElement":[{"@type":"ListItem","position":1,"name":"Home","item":"https:\/\/www.filha.fi\/"},{"@type":"ListItem","position":2,"name":"Keuhkoahtaumataudin diagnoosi ja hoito"}]},{"@type":"WebSite","@id":"https:\/\/www.filha.fi\/#website","url":"https:\/\/www.filha.fi\/","name":"Filha","description":"Expertise in lung health","publisher":{"@id":"https:\/\/www.filha.fi\/#organization"},"potentialAction":[{"@type":"SearchAction","target":{"@type":"EntryPoint","urlTemplate":"https:\/\/www.filha.fi\/?s={search_term_string}"},"query-input":{"@type":"PropertyValueSpecification","valueRequired":true,"valueName":"search_term_string"}}],"inLanguage":"en-US"},{"@type":"Organization","@id":"https:\/\/www.filha.fi\/#organization","name":"Filha ry","url":"https:\/\/www.filha.fi\/","logo":{"@type":"ImageObject","inLanguage":"en-US","@id":"https:\/\/www.filha.fi\/#\/schema\/logo\/image\/","url":"https:\/\/www.filha.fi\/wp-content\/uploads\/2019\/04\/Filha-logo.png","contentUrl":"https:\/\/www.filha.fi\/wp-content\/uploads\/2019\/04\/Filha-logo.png","width":960,"height":1230,"caption":"Filha ry"},"image":{"@id":"https:\/\/www.filha.fi\/#\/schema\/logo\/image\/"}}]}},"_links":{"self":[{"href":"https:\/\/www.filha.fi\/en\/wp-json\/wp\/v2\/pages\/8056","targetHints":{"allow":["GET"]}}],"collection":[{"href":"https:\/\/www.filha.fi\/en\/wp-json\/wp\/v2\/pages"}],"about":[{"href":"https:\/\/www.filha.fi\/en\/wp-json\/wp\/v2\/types\/page"}],"author":[{"embeddable":true,"href":"https:\/\/www.filha.fi\/en\/wp-json\/wp\/v2\/users\/4"}],"replies":[{"embeddable":true,"href":"https:\/\/www.filha.fi\/en\/wp-json\/wp\/v2\/comments?post=8056"}],"version-history":[{"count":2,"href":"https:\/\/www.filha.fi\/en\/wp-json\/wp\/v2\/pages\/8056\/revisions"}],"predecessor-version":[{"id":34647,"href":"https:\/\/www.filha.fi\/en\/wp-json\/wp\/v2\/pages\/8056\/revisions\/34647"}],"wp:attachment":[{"href":"https:\/\/www.filha.fi\/en\/wp-json\/wp\/v2\/media?parent=8056"}],"wp:term":[{"taxonomy":"category","embeddable":true,"href":"https:\/\/www.filha.fi\/en\/wp-json\/wp\/v2\/categories?post=8056"}],"curies":[{"name":"wp","href":"https:\/\/api.w.org\/{rel}","templated":true}]}}