{"id":8080,"date":"2021-04-15T15:58:08","date_gmt":"2021-04-15T12:58:08","guid":{"rendered":"https:\/\/www.filha.fi\/?page_id=8080"},"modified":"2025-09-05T13:47:10","modified_gmt":"2025-09-05T10:47:10","slug":"kansainvalinen-yhteistyo","status":"publish","type":"page","link":"https:\/\/www.filha.fi\/en\/kansainvalinen-yhteistyo\/","title":{"rendered":"Kansainv\u00e4linen yhteisty\u00f6"},"content":{"rendered":"<p>Filha on aktiivisesti yhteisty\u00f6ss\u00e4 <a href=\"https:\/\/www.who.int\/\" target=\"_blank\" rel=\"noopener\">Maailman terveysj\u00e4rjest\u00f6 WHO:n<\/a> kanssa. Vuosina 1997\u20132017 toimimme WHO:n nime\u00e4m\u00e4n\u00e4 yhteisty\u00f6keskuksena.<\/p>\n<p><a href=\"http:\/\/www.theunion.org\/\" target=\"_blank\" rel=\"noopener\">Kansainv\u00e4lisen tuberkuloosi- ja keuhkosairausunionin (The Union)<\/a> perustajaj\u00e4sen olemme vuodesta 1927 ja yhteisty\u00f6keskus vuodesta 2001.<\/p>\n<p>Filha toimii sosiaali- ja terveysministeri\u00f6n nime\u00e4m\u00e4n\u00e4 puheenjohtajana <a href=\"http:\/\/www.ndphs.org\/\" target=\"_blank\" rel=\"noopener\">EU:n Pohjoisen ulottuvuuden Hiv, tuberkuloosi &amp; liit\u00e4nn\u00e4isinfektiot -asiantuntijaryhm\u00e4ss\u00e4<\/a> sek\u00e4 asiantuntijana Barentsin tuberkuloosi- ja hiv-ohjelmassa.<\/p>\n<p>Kansainv\u00e4lisen Tuberkuloosin tutkimus ja seurantaryhm\u00e4n (TSRU) j\u00e4sen olemme vuodesta 1976. Ryhm\u00e4n toimintaa koordinoi Filhan alankomaalainen sisarj\u00e4rjest\u00f6 <a href=\"https:\/\/www.kncvtbc.org\/en\/\" target=\"_blank\" rel=\"noopener\">KNCV Tuberculosis Foundation<\/a>.<\/p>\n<p>Osallistumme my\u00f6s WHO:n <a href=\"https:\/\/www.who.int\/groups\/global-alliance-against-chronic-respiratory-diseases-(gard)\/terms-of-reference\" target=\"_blank\" rel=\"noopener\">GARD-allianssin <\/a>\u00a0(Global Alliance against Chronic Respiratory Diseases) toimintaan.<\/p>\n<p>J\u00e4rjest\u00e4mme kansainv\u00e4list\u00e4 tuberkuloosikoulutusta yhteisty\u00f6ss\u00e4 eurooppalaisen <a href=\"https:\/\/www.tbnet.eu\/\" target=\"_blank\" rel=\"noopener\">TBNet-tuberkuloosiverkoston<\/a>, <a href=\"https:\/\/www.kncvtbc.org\/en\/\" target=\"_blank\" rel=\"noopener\">KNCV Tuberculosis Foundationin<\/a>, <a href=\"https:\/\/fz-borstel.de\/index.php\/de\/\" target=\"_blank\" rel=\"noopener\">Borstelin tutkimuskeskuksen<\/a> ja <a href=\"https:\/\/www.kliinikum.ee\/et\/\" target=\"_blank\" rel=\"noopener\">Tarton yliopiston<\/a> kanssa.<\/p>\n<p>Yhteisty\u00f6 on aktiivista <a href=\"https:\/\/www.ecdc.europa.eu\/en\" target=\"_blank\" rel=\"noopener\">Euroopan tartuntatautivirasto ECDC:n<\/a> kanssa.<\/p>\n<p>Olemme my\u00f6s mukana THL:n Hyvien k\u00e4yt\u00e4nt\u00f6jen levitt\u00e4minen HIV:n ja tuberkuloosin vastaisessa ty\u00f6ss\u00e4 Barentsin alueella -hankkeessa.<\/p>\n","protected":false},"excerpt":{"rendered":"<p>Filha on aktiivisesti yhteisty\u00f6ss\u00e4 Maailman terveysj\u00e4rjest\u00f6 WHO:n kanssa. Vuosina 1997\u20132017 toimimme WHO:n nime\u00e4m\u00e4n\u00e4 yhteisty\u00f6keskuksena. Kansainv\u00e4lisen tuberkuloosi- ja keuhkosairausunionin (The Union) perustajaj\u00e4sen olemme vuodesta 1927 ja yhteisty\u00f6keskus vuodesta 2001. Filha toimii &#8230; <a title=\"Kansainv\u00e4linen yhteisty\u00f6\" class=\"read-more\" href=\"https:\/\/www.filha.fi\/en\/kansainvalinen-yhteistyo\/\" aria-label=\"Read more about Kansainv\u00e4linen yhteisty\u00f6\">Read more<\/a><\/p>\n","protected":false},"author":4,"featured_media":0,"parent":0,"menu_order":0,"comment_status":"closed","ping_status":"closed","template":"","meta":{"_acf_changed":false,"footnotes":""},"categories":[47,73],"class_list":["post-8080","page","type-page","status-publish","category-tuula","category-tuuli"],"translation":{"provider":"WPGlobus","version":"3.0.2","language":"en","enabled_languages":["fi","en"],"languages":{"fi":{"title":true,"content":true,"excerpt":false},"en":{"title":false,"content":false,"excerpt":false}}},"acf":[],"yoast_head":"<!-- This site is optimized with the Yoast SEO plugin v27.6 - https:\/\/yoast.com\/product\/yoast-seo-wordpress\/ -->\n<title>Kansainv\u00e4linen yhteisty\u00f6 - Filha<\/title>\n<meta name=\"robots\" content=\"index, follow, max-snippet:-1, max-image-preview:large, max-video-preview:-1\" \/>\n<link rel=\"canonical\" href=\"https:\/\/www.filha.fi\/kansainvalinen-yhteistyo\/\" \/>\n<meta property=\"og:locale\" content=\"en_US\" \/>\n<meta property=\"og:type\" content=\"article\" \/>\n<meta property=\"og:title\" content=\"Kansainv\u00e4linen yhteisty\u00f6 - Filha\" \/>\n<meta property=\"og:url\" content=\"https:\/\/www.filha.fi\/kansainvalinen-yhteistyo\/\" \/>\n<meta property=\"og:site_name\" content=\"Filha\" \/>\n<meta property=\"article:modified_time\" content=\"2025-09-05T10:47:10+00:00\" \/>\n<meta property=\"og:image\" content=\"https:\/\/www.filha.fi\/wp-content\/uploads\/2019\/04\/Filha-logo.png\" \/>\n\t<meta property=\"og:image:width\" content=\"960\" \/>\n\t<meta property=\"og:image:height\" content=\"1230\" \/>\n\t<meta property=\"og:image:type\" content=\"image\/png\" \/>\n<meta name=\"twitter:card\" content=\"summary_large_image\" \/>\n<meta name=\"twitter:label1\" content=\"Est. reading time\" \/>\n\t<meta name=\"twitter:data1\" content=\"1 minute\" \/>\n<script type=\"application\/ld+json\" class=\"yoast-schema-graph\">{\"@context\":\"https:\\\/\\\/schema.org\",\"@graph\":[{\"@type\":\"WebPage\",\"@id\":\"https:\\\/\\\/www.filha.fi\\\/kansainvalinen-yhteistyo\\\/\",\"url\":\"https:\\\/\\\/www.filha.fi\\\/kansainvalinen-yhteistyo\\\/\",\"name\":\"Kansainv\u00e4linen yhteisty\u00f6 - Filha\",\"isPartOf\":{\"@id\":\"https:\\\/\\\/www.filha.fi\\\/#website\"},\"datePublished\":\"2021-04-15T12:58:08+00:00\",\"dateModified\":\"2025-09-05T10:47:10+00:00\",\"breadcrumb\":{\"@id\":\"https:\\\/\\\/www.filha.fi\\\/kansainvalinen-yhteistyo\\\/#breadcrumb\"},\"inLanguage\":\"en-US\",\"potentialAction\":[{\"@type\":\"ReadAction\",\"target\":[\"https:\\\/\\\/www.filha.fi\\\/kansainvalinen-yhteistyo\\\/\"]}]},{\"@type\":\"BreadcrumbList\",\"@id\":\"https:\\\/\\\/www.filha.fi\\\/kansainvalinen-yhteistyo\\\/#breadcrumb\",\"itemListElement\":[{\"@type\":\"ListItem\",\"position\":1,\"name\":\"Home\",\"item\":\"https:\\\/\\\/www.filha.fi\\\/\"},{\"@type\":\"ListItem\",\"position\":2,\"name\":\"Kansainv\u00e4linen yhteisty\u00f6\"}]},{\"@type\":\"WebSite\",\"@id\":\"https:\\\/\\\/www.filha.fi\\\/#website\",\"url\":\"https:\\\/\\\/www.filha.fi\\\/\",\"name\":\"Filha\",\"description\":\"Expertise in lung health\",\"publisher\":{\"@id\":\"https:\\\/\\\/www.filha.fi\\\/#organization\"},\"potentialAction\":[{\"@type\":\"SearchAction\",\"target\":{\"@type\":\"EntryPoint\",\"urlTemplate\":\"https:\\\/\\\/www.filha.fi\\\/?s={search_term_string}\"},\"query-input\":{\"@type\":\"PropertyValueSpecification\",\"valueRequired\":true,\"valueName\":\"search_term_string\"}}],\"inLanguage\":\"en-US\"},{\"@type\":\"Organization\",\"@id\":\"https:\\\/\\\/www.filha.fi\\\/#organization\",\"name\":\"Filha ry\",\"url\":\"https:\\\/\\\/www.filha.fi\\\/\",\"logo\":{\"@type\":\"ImageObject\",\"inLanguage\":\"en-US\",\"@id\":\"https:\\\/\\\/www.filha.fi\\\/#\\\/schema\\\/logo\\\/image\\\/\",\"url\":\"https:\\\/\\\/www.filha.fi\\\/wp-content\\\/uploads\\\/2019\\\/04\\\/Filha-logo.png\",\"contentUrl\":\"https:\\\/\\\/www.filha.fi\\\/wp-content\\\/uploads\\\/2019\\\/04\\\/Filha-logo.png\",\"width\":960,\"height\":1230,\"caption\":\"Filha ry\"},\"image\":{\"@id\":\"https:\\\/\\\/www.filha.fi\\\/#\\\/schema\\\/logo\\\/image\\\/\"}}]}<\/script>\n<!-- \/ Yoast SEO plugin. -->","yoast_head_json":{"title":"Kansainv\u00e4linen yhteisty\u00f6 - Filha","robots":{"index":"index","follow":"follow","max-snippet":"max-snippet:-1","max-image-preview":"max-image-preview:large","max-video-preview":"max-video-preview:-1"},"canonical":"https:\/\/www.filha.fi\/kansainvalinen-yhteistyo\/","og_locale":"en_US","og_type":"article","og_title":"Kansainv\u00e4linen yhteisty\u00f6 - Filha","og_url":"https:\/\/www.filha.fi\/kansainvalinen-yhteistyo\/","og_site_name":"Filha","article_modified_time":"2025-09-05T10:47:10+00:00","og_image":[{"width":960,"height":1230,"url":"https:\/\/www.filha.fi\/wp-content\/uploads\/2019\/04\/Filha-logo.png","type":"image\/png"}],"twitter_card":"summary_large_image","twitter_misc":{"Est. reading time":"1 minute"},"schema":{"@context":"https:\/\/schema.org","@graph":[{"@type":"WebPage","@id":"https:\/\/www.filha.fi\/kansainvalinen-yhteistyo\/","url":"https:\/\/www.filha.fi\/kansainvalinen-yhteistyo\/","name":"Kansainv\u00e4linen yhteisty\u00f6 - Filha","isPartOf":{"@id":"https:\/\/www.filha.fi\/#website"},"datePublished":"2021-04-15T12:58:08+00:00","dateModified":"2025-09-05T10:47:10+00:00","breadcrumb":{"@id":"https:\/\/www.filha.fi\/kansainvalinen-yhteistyo\/#breadcrumb"},"inLanguage":"en-US","potentialAction":[{"@type":"ReadAction","target":["https:\/\/www.filha.fi\/kansainvalinen-yhteistyo\/"]}]},{"@type":"BreadcrumbList","@id":"https:\/\/www.filha.fi\/kansainvalinen-yhteistyo\/#breadcrumb","itemListElement":[{"@type":"ListItem","position":1,"name":"Home","item":"https:\/\/www.filha.fi\/"},{"@type":"ListItem","position":2,"name":"Kansainv\u00e4linen yhteisty\u00f6"}]},{"@type":"WebSite","@id":"https:\/\/www.filha.fi\/#website","url":"https:\/\/www.filha.fi\/","name":"Filha","description":"Expertise in lung health","publisher":{"@id":"https:\/\/www.filha.fi\/#organization"},"potentialAction":[{"@type":"SearchAction","target":{"@type":"EntryPoint","urlTemplate":"https:\/\/www.filha.fi\/?s={search_term_string}"},"query-input":{"@type":"PropertyValueSpecification","valueRequired":true,"valueName":"search_term_string"}}],"inLanguage":"en-US"},{"@type":"Organization","@id":"https:\/\/www.filha.fi\/#organization","name":"Filha ry","url":"https:\/\/www.filha.fi\/","logo":{"@type":"ImageObject","inLanguage":"en-US","@id":"https:\/\/www.filha.fi\/#\/schema\/logo\/image\/","url":"https:\/\/www.filha.fi\/wp-content\/uploads\/2019\/04\/Filha-logo.png","contentUrl":"https:\/\/www.filha.fi\/wp-content\/uploads\/2019\/04\/Filha-logo.png","width":960,"height":1230,"caption":"Filha ry"},"image":{"@id":"https:\/\/www.filha.fi\/#\/schema\/logo\/image\/"}}]}},"_links":{"self":[{"href":"https:\/\/www.filha.fi\/en\/wp-json\/wp\/v2\/pages\/8080","targetHints":{"allow":["GET"]}}],"collection":[{"href":"https:\/\/www.filha.fi\/en\/wp-json\/wp\/v2\/pages"}],"about":[{"href":"https:\/\/www.filha.fi\/en\/wp-json\/wp\/v2\/types\/page"}],"author":[{"embeddable":true,"href":"https:\/\/www.filha.fi\/en\/wp-json\/wp\/v2\/users\/4"}],"replies":[{"embeddable":true,"href":"https:\/\/www.filha.fi\/en\/wp-json\/wp\/v2\/comments?post=8080"}],"version-history":[{"count":0,"href":"https:\/\/www.filha.fi\/en\/wp-json\/wp\/v2\/pages\/8080\/revisions"}],"wp:attachment":[{"href":"https:\/\/www.filha.fi\/en\/wp-json\/wp\/v2\/media?parent=8080"}],"wp:term":[{"taxonomy":"category","embeddable":true,"href":"https:\/\/www.filha.fi\/en\/wp-json\/wp\/v2\/categories?post=8080"}],"curies":[{"name":"wp","href":"https:\/\/api.w.org\/{rel}","templated":true}]}}