{"id":8084,"date":"2021-04-15T16:08:42","date_gmt":"2021-04-15T13:08:42","guid":{"rendered":"https:\/\/www.filha.fi\/?page_id=8084"},"modified":"2026-04-02T12:32:15","modified_gmt":"2026-04-02T09:32:15","slug":"kotimainen-yhteistyo","status":"publish","type":"page","link":"https:\/\/www.filha.fi\/en\/kotimainen-yhteistyo\/","title":{"rendered":"Domestic cooperation"},"content":{"rendered":"<h3><strong>Non-communicable diseases<\/strong><\/h3>\n<p>We are involved in the \u201dYksi el\u00e4m\u00e4\u201d (One Life) project and the \u201dSuomen Tartuttamattomat sairaudet\u201d (Non-Communicable Diseases in Finland) network. The goals of the \u201dYksi el\u00e4m\u00e4\u201d health campaign align with the objectives set by WHO and Duodecim\u2019s consensus statement for the prevention of non-communicable diseases.<\/p>\n<p>The &#8216;Yksi el\u00e4m\u00e4&#8217; health campaign promotes health and well-being throughout life. In addition to Filha, other participating organizations include Aivoliitto, <a href=\"https:\/\/www.diabetes.fi\/en\/finnish_diabetes_association\">Diabetesliitto<\/a>, <a href=\"https:\/\/www.hengitysliitto.fi\/en\/etusivu-english\/\">Hengitysliitto<\/a>, <a href=\"https:\/\/mieli.fi\/en\/\">Mieli ry<\/a>, <a href=\"https:\/\/sydan.fi\/\">Syd\u00e4nliitto<\/a>, <a href=\"https:\/\/www.cancersociety.fi\/\">Sy\u00f6p\u00e4j\u00e4rjest\u00f6t<\/a>, and as an expert organization, <a href=\"https:\/\/www.duodecim.fi\/english\/\">Duodecim<\/a>.<\/p>\n<h3><strong>Smoke-Free Initiatives<\/strong><\/h3>\n<p>In the<a href=\"https:\/\/savutonsuomi.fi\/en\/\"> &#8216;Savuton Suomi 2030&#8217; (Smoke-Free Finland 2030)<\/a> network, we serve as the chair of the smoking cessation expert group and as members of the steering group.<\/p>\n<p>We are part of the <a href=\"https:\/\/suomenash.fi\/tietoa-meista\/janis-verkosto\/\">&#8216;J\u00e4rjest\u00f6jen nikotiiniton Suomi&#8217; (J\u00c4NIS)<\/a> network.<\/p>\n<p>In the &#8216;Tupakaton Sote&#8217; (Smoke-Free Healthcare and Social Services) network (formerly known as <a href=\"https:\/\/www.steso.fi\/savuton-sairaala\">&#8216;Savuton sairaala&#8217;<\/a>), we are responsible for international activities.<\/p>\n<h3><strong>Lung Nurse Network<\/strong><\/h3>\n<p>We collaborate with the Lung Nurse Network, which consists of healthcare professionals in specialized healthcare. We act as partners and maintain the network. The network promotes the professional competence of its members by providing training and sharing best practices. Network language is Finnish.<\/p>\n<p>Contact:<br \/>\nKrista Abdulla Hama Salih<br \/>\nSpecialist in training, allergies and asthma, specialised nurse, MSc<br \/>\n+358445442209<\/p>\n<h3><strong>Tuberculosis Nurse Network<\/strong><\/h3>\n<p>Filha organizes tuberculosis training to maintain the expertise of tuberculosis nurses appointed by hospital districts. We also created a network to provide peer support for and between experts.<\/p>\n<p>Contact:<br \/>\nMarianne Helander<br \/>\nProject Manager, nurse, Msc<br \/>\n+358 44 771 7712<\/p>\n<h3><strong>Healthcare Professionals&#8217; Indoor Air Network<\/strong><\/h3>\n<p>Filha brings together healthcare professionals interested in indoor air quality. The goal is to find healthcare professionals interested in indoor air quality from each well-being services county. Currently, the network serves as an information channel. Network language is Finnish.<\/p>\n<p>Contact:<br \/>\nHanna Renkola<br \/>\nProject Manager, Specialist in Sport and Health Sciences, nurse, MSc<br \/>\n+358 44 548 7333<\/p>\n<h3><strong>Lung Cancer Network for Healthcare Professionals<\/strong><\/h3>\n<p>Filha brings together a lung cancer network for healthcare professionals. The purpose of the network is to serve as a channel for communication, networking, collaboration, and development for professionals involved in or interested in lung cancer care. The goal is to find members from every wellbeing services county. Network language is Finnish.<\/p>\n<h3><strong>Respiratory Physiotherapist Network<\/strong><\/h3>\n<p>The network aims to support physiotherapists working in the field of lung disease rehabilitation and respiratory physiotherapy in their daily work through collaboration, networking, low-threshold consultation, and development work. The network&#8217;s goal is also to develop and standardize lung disease rehabilitation and respiratory physiotherapy in Finland and to be involved in the development of related education. All physiotherapists interested in lung disease rehabilitation and respiratory physiotherapy are welcome to join! Network language is Finnish.<\/p>\n<p>Contact:<br \/>\nHerkko Ryyn\u00e4nen<br \/>\nProject Manager, Project Worker, Physiotherapist, MSc<br \/>\n+358 44 901 6614<\/p>\n","protected":false},"excerpt":{"rendered":"<p>Non-communicable diseases We are involved in the \u201dYksi el\u00e4m\u00e4\u201d (One Life) project and the \u201dSuomen Tartuttamattomat sairaudet\u201d (Non-Communicable Diseases in Finland) network. The goals of the \u201dYksi el\u00e4m\u00e4\u201d health campaign &#8230; <a title=\"Domestic cooperation\" class=\"read-more\" href=\"https:\/\/www.filha.fi\/en\/kotimainen-yhteistyo\/\" aria-label=\"Read more about Domestic cooperation\">Read more<\/a><\/p>\n","protected":false},"author":4,"featured_media":0,"parent":0,"menu_order":0,"comment_status":"closed","ping_status":"closed","template":"","meta":{"_acf_changed":false,"footnotes":""},"categories":[47],"class_list":["post-8084","page","type-page","status-publish","category-tuula"],"translation":{"provider":"WPGlobus","version":"3.0.2","language":"en","enabled_languages":["fi","en"],"languages":{"fi":{"title":true,"content":true,"excerpt":false},"en":{"title":true,"content":true,"excerpt":false}}},"acf":[],"yoast_head":"<!-- This site is optimized with the Yoast SEO plugin v27.4 - https:\/\/yoast.com\/product\/yoast-seo-wordpress\/ -->\n<title>Domestic cooperation - Filha<\/title>\n<meta name=\"robots\" content=\"index, follow, max-snippet:-1, max-image-preview:large, max-video-preview:-1\" \/>\n<link rel=\"canonical\" href=\"https:\/\/www.filha.fi\/kotimainen-yhteistyo\/\" \/>\n<meta property=\"og:locale\" content=\"en_US\" \/>\n<meta property=\"og:type\" content=\"article\" \/>\n<meta property=\"og:title\" content=\"Domestic cooperation - Filha\" \/>\n<meta property=\"og:url\" content=\"https:\/\/www.filha.fi\/kotimainen-yhteistyo\/\" \/>\n<meta property=\"og:site_name\" content=\"Filha\" \/>\n<meta property=\"article:modified_time\" content=\"2026-04-02T09:32:15+00:00\" \/>\n<meta property=\"og:image\" content=\"https:\/\/www.filha.fi\/wp-content\/uploads\/2019\/04\/Filha-logo.png\" \/>\n\t<meta property=\"og:image:width\" content=\"960\" \/>\n\t<meta property=\"og:image:height\" content=\"1230\" \/>\n\t<meta property=\"og:image:type\" content=\"image\/png\" \/>\n<meta name=\"twitter:card\" content=\"summary_large_image\" \/>\n<meta name=\"twitter:label1\" content=\"Est. reading time\" \/>\n\t<meta name=\"twitter:data1\" content=\"2 minutes\" \/>\n<script type=\"application\/ld+json\" class=\"yoast-schema-graph\">{\"@context\":\"https:\\\/\\\/schema.org\",\"@graph\":[{\"@type\":\"WebPage\",\"@id\":\"https:\\\/\\\/www.filha.fi\\\/kotimainen-yhteistyo\\\/\",\"url\":\"https:\\\/\\\/www.filha.fi\\\/kotimainen-yhteistyo\\\/\",\"name\":\"Domestic cooperation - Filha\",\"isPartOf\":{\"@id\":\"https:\\\/\\\/www.filha.fi\\\/#website\"},\"datePublished\":\"2021-04-15T13:08:42+00:00\",\"dateModified\":\"2026-04-02T09:32:15+00:00\",\"breadcrumb\":{\"@id\":\"https:\\\/\\\/www.filha.fi\\\/kotimainen-yhteistyo\\\/#breadcrumb\"},\"inLanguage\":\"en-US\",\"potentialAction\":[{\"@type\":\"ReadAction\",\"target\":[\"https:\\\/\\\/www.filha.fi\\\/kotimainen-yhteistyo\\\/\"]}]},{\"@type\":\"BreadcrumbList\",\"@id\":\"https:\\\/\\\/www.filha.fi\\\/kotimainen-yhteistyo\\\/#breadcrumb\",\"itemListElement\":[{\"@type\":\"ListItem\",\"position\":1,\"name\":\"Home\",\"item\":\"https:\\\/\\\/www.filha.fi\\\/\"},{\"@type\":\"ListItem\",\"position\":2,\"name\":\"Kotimainen yhteisty\u00f6\"}]},{\"@type\":\"WebSite\",\"@id\":\"https:\\\/\\\/www.filha.fi\\\/#website\",\"url\":\"https:\\\/\\\/www.filha.fi\\\/\",\"name\":\"Filha\",\"description\":\"Expertise in lung health\",\"publisher\":{\"@id\":\"https:\\\/\\\/www.filha.fi\\\/#organization\"},\"potentialAction\":[{\"@type\":\"SearchAction\",\"target\":{\"@type\":\"EntryPoint\",\"urlTemplate\":\"https:\\\/\\\/www.filha.fi\\\/?s={search_term_string}\"},\"query-input\":{\"@type\":\"PropertyValueSpecification\",\"valueRequired\":true,\"valueName\":\"search_term_string\"}}],\"inLanguage\":\"en-US\"},{\"@type\":\"Organization\",\"@id\":\"https:\\\/\\\/www.filha.fi\\\/#organization\",\"name\":\"Filha ry\",\"url\":\"https:\\\/\\\/www.filha.fi\\\/\",\"logo\":{\"@type\":\"ImageObject\",\"inLanguage\":\"en-US\",\"@id\":\"https:\\\/\\\/www.filha.fi\\\/#\\\/schema\\\/logo\\\/image\\\/\",\"url\":\"https:\\\/\\\/www.filha.fi\\\/wp-content\\\/uploads\\\/2019\\\/04\\\/Filha-logo.png\",\"contentUrl\":\"https:\\\/\\\/www.filha.fi\\\/wp-content\\\/uploads\\\/2019\\\/04\\\/Filha-logo.png\",\"width\":960,\"height\":1230,\"caption\":\"Filha ry\"},\"image\":{\"@id\":\"https:\\\/\\\/www.filha.fi\\\/#\\\/schema\\\/logo\\\/image\\\/\"}}]}<\/script>\n<!-- \/ Yoast SEO plugin. -->","yoast_head_json":{"title":"Domestic cooperation - Filha","robots":{"index":"index","follow":"follow","max-snippet":"max-snippet:-1","max-image-preview":"max-image-preview:large","max-video-preview":"max-video-preview:-1"},"canonical":"https:\/\/www.filha.fi\/kotimainen-yhteistyo\/","og_locale":"en_US","og_type":"article","og_title":"Domestic cooperation - Filha","og_url":"https:\/\/www.filha.fi\/kotimainen-yhteistyo\/","og_site_name":"Filha","article_modified_time":"2026-04-02T09:32:15+00:00","og_image":[{"width":960,"height":1230,"url":"https:\/\/www.filha.fi\/wp-content\/uploads\/2019\/04\/Filha-logo.png","type":"image\/png"}],"twitter_card":"summary_large_image","twitter_misc":{"Est. reading time":"2 minutes"},"schema":{"@context":"https:\/\/schema.org","@graph":[{"@type":"WebPage","@id":"https:\/\/www.filha.fi\/kotimainen-yhteistyo\/","url":"https:\/\/www.filha.fi\/kotimainen-yhteistyo\/","name":"Domestic cooperation - Filha","isPartOf":{"@id":"https:\/\/www.filha.fi\/#website"},"datePublished":"2021-04-15T13:08:42+00:00","dateModified":"2026-04-02T09:32:15+00:00","breadcrumb":{"@id":"https:\/\/www.filha.fi\/kotimainen-yhteistyo\/#breadcrumb"},"inLanguage":"en-US","potentialAction":[{"@type":"ReadAction","target":["https:\/\/www.filha.fi\/kotimainen-yhteistyo\/"]}]},{"@type":"BreadcrumbList","@id":"https:\/\/www.filha.fi\/kotimainen-yhteistyo\/#breadcrumb","itemListElement":[{"@type":"ListItem","position":1,"name":"Home","item":"https:\/\/www.filha.fi\/"},{"@type":"ListItem","position":2,"name":"Kotimainen yhteisty\u00f6"}]},{"@type":"WebSite","@id":"https:\/\/www.filha.fi\/#website","url":"https:\/\/www.filha.fi\/","name":"Filha","description":"Expertise in lung health","publisher":{"@id":"https:\/\/www.filha.fi\/#organization"},"potentialAction":[{"@type":"SearchAction","target":{"@type":"EntryPoint","urlTemplate":"https:\/\/www.filha.fi\/?s={search_term_string}"},"query-input":{"@type":"PropertyValueSpecification","valueRequired":true,"valueName":"search_term_string"}}],"inLanguage":"en-US"},{"@type":"Organization","@id":"https:\/\/www.filha.fi\/#organization","name":"Filha ry","url":"https:\/\/www.filha.fi\/","logo":{"@type":"ImageObject","inLanguage":"en-US","@id":"https:\/\/www.filha.fi\/#\/schema\/logo\/image\/","url":"https:\/\/www.filha.fi\/wp-content\/uploads\/2019\/04\/Filha-logo.png","contentUrl":"https:\/\/www.filha.fi\/wp-content\/uploads\/2019\/04\/Filha-logo.png","width":960,"height":1230,"caption":"Filha ry"},"image":{"@id":"https:\/\/www.filha.fi\/#\/schema\/logo\/image\/"}}]}},"_links":{"self":[{"href":"https:\/\/www.filha.fi\/en\/wp-json\/wp\/v2\/pages\/8084","targetHints":{"allow":["GET"]}}],"collection":[{"href":"https:\/\/www.filha.fi\/en\/wp-json\/wp\/v2\/pages"}],"about":[{"href":"https:\/\/www.filha.fi\/en\/wp-json\/wp\/v2\/types\/page"}],"author":[{"embeddable":true,"href":"https:\/\/www.filha.fi\/en\/wp-json\/wp\/v2\/users\/4"}],"replies":[{"embeddable":true,"href":"https:\/\/www.filha.fi\/en\/wp-json\/wp\/v2\/comments?post=8084"}],"version-history":[{"count":16,"href":"https:\/\/www.filha.fi\/en\/wp-json\/wp\/v2\/pages\/8084\/revisions"}],"predecessor-version":[{"id":34960,"href":"https:\/\/www.filha.fi\/en\/wp-json\/wp\/v2\/pages\/8084\/revisions\/34960"}],"wp:attachment":[{"href":"https:\/\/www.filha.fi\/en\/wp-json\/wp\/v2\/media?parent=8084"}],"wp:term":[{"taxonomy":"category","embeddable":true,"href":"https:\/\/www.filha.fi\/en\/wp-json\/wp\/v2\/categories?post=8084"}],"curies":[{"name":"wp","href":"https:\/\/api.w.org\/{rel}","templated":true}]}}