{"id":81,"date":"2015-09-09T08:35:13","date_gmt":"2015-09-09T08:35:13","guid":{"rendered":"http:\/\/www.filha.fi\/content_page\/varusmiesten-savuttomuus\/"},"modified":"2025-09-05T13:46:31","modified_gmt":"2025-09-05T10:46:31","slug":"varusmiesten-savuttomuus","status":"publish","type":"page","link":"https:\/\/www.filha.fi\/en\/hankkeet\/paattyneet\/varusmiesten-savuttomuus\/","title":{"rendered":"Varusmiesten savuttomuus"},"content":{"rendered":"<table border=\"0\" cellspacing=\"0\" cellpadding=\"0\">\n<tbody>\n<tr>\n<td>Nimi<\/td>\n<td>Varusmiesten tupakoinnin v\u00e4hent\u00e4misen kehitt\u00e4mishanke (Savuton varusmies, 2013\u20132016)<\/td>\n<\/tr>\n<tr>\n<td>Kesto<\/td>\n<td>2013\u20132016<\/td>\n<\/tr>\n<tr>\n<td>P\u00e4\u00e4toteuttaja<\/td>\n<td>Filha ry<\/td>\n<\/tr>\n<tr>\n<td>Muut toteuttajat<\/td>\n<td>Puolustusvoimat, Sy\u00f6p\u00e4j\u00e4rjest\u00f6t<\/td>\n<\/tr>\n<tr>\n<td>Rahoittajat<\/td>\n<td>Raha-automaattiyhdistys (RAY)<\/td>\n<\/tr>\n<tr>\n<td>Yhteisty\u00f6kumppanit<\/td>\n<td>Sotilaskotiliitto, Varusmiestoimikunnat, Varusmiesliitto<\/td>\n<\/tr>\n<tr>\n<td>Kohderyhm\u00e4<\/td>\n<td>Varusmiehet ja Puolustusvoimien henkil\u00f6kunta<\/td>\n<\/tr>\n<tr>\n<td>Lyhyt kuvaus<\/td>\n<td>Hankkeen p\u00e4\u00e4m\u00e4\u00e4r\u00e4n\u00e4 on v\u00e4hent\u00e4\u00e4 tupakointia ja nuuskaamista armeijassa. Hankkeen viestinn\u00e4ss\u00e4 ja terveyskasvatuksessa tehd\u00e4\u00e4n yhteisty\u00f6t\u00e4 sotilaskotien kanssa, joissa on esill\u00e4 kampanjamateriaalia ensimm\u00e4isen palveluskuukauden aikana.\u00a0 Puolustusvoimat korostaa sis\u00e4isiss\u00e4 ohjeissaan ja sotilaskoulutuksessa savuttomuutta. Tupakoinnin lopettamiseen tarjotaan tukea varuskuntien terveysasemilla. Varusmiehi\u00e4 my\u00f6s kannustetaan vapaa-ajalla liikuntaharrastuksiin.<\/td>\n<\/tr>\n<tr>\n<td>Yhteyshenkil\u00f6<\/td>\n<td>Anelma Lammi, 040-7653210, <a href=\"mailto:anelma.lammi@filha.fi\">anelma.lammi@filha.fi<\/a><br \/>\nKrista Abdulla Hama Salih, 044-5442209, <a href=\"mailto:krista.abdullahamasalih@filha.fi\">krista.abdullahamasalih@filha.fi<\/a><\/td>\n<\/tr>\n<\/tbody>\n<\/table>\n<p><strong>Hankkeen lehdist\u00f6tiedotteet<\/strong><\/p>\n<p>Lehdist\u00f6tiedote 2\/2016 Puolustusvoimat antaneet suosituksen tupakoimattomuuden ehk\u00e4isemisest\u00e4<\/p>\n<p>Lehdist\u00f6tiedote 5\/2014 Lopeta ja voita -kilpailussa oma sarja varusmiehille<\/p>\n<p>Lehdist\u00f6tiedote 1\/2014 Tutkimus Santahaminassa: l\u00e4hes kolmasosa alokkaista nuuskaa<\/p>\n<p>Lehdist\u00f6tiedote 1\/2013 Puolustusvoimat kohti savuttomuutta<\/p>\n<p><strong>Hankkeen muuta materiaalia<\/strong><\/p>\n<p><strong>Nuuskajuliste<\/strong><br \/>\n<a title=\"Nuuskajuliste\" href=\"http:\/\/www.filha.fi\/wp-content\/uploads\/2015\/09\/nuuskajuliste_1.pdf\" target=\"_blank\" rel=\"noopener noreferrer\" type=\"application\/pdf; length=647649\" name=\"Nuuskajuliste\">Nuuskajuliste (pdf)<\/a><\/p>\n<p><strong>Kirjoituksia ja kommentteja hankkeesta<\/strong><\/p>\n<p>Puolustusvoimat kohti savuttomuutta <a href=\"http:\/\/www.savutonkunta.fi\/uutiset\/puolustusvoimat-kohti-savuttomuutta\" target=\"_blank\" rel=\"noopener noreferrer\">Savuton kunta 2016<\/a><\/p>\n<p>Puolustusvoimat kannustaa tupakkatuotteiden k\u00e4yt\u00f6n lopettamiseen <a href=\"http:\/\/puolustusvoimat.fi\/artikkeli\/-\/asset_publisher\/puolustusvoimat-kannustaa-tupakkatuotteiden-kayton-lopettamiseen\" target=\"_blank\" rel=\"noopener noreferrer\">Puolustusvoimat 8.2.2016<\/a><\/p>\n<p>Puolustusvoimat tarjoaa ty\u00f6ntekij\u00f6illeen ilmaisia vieroitusl\u00e4\u00e4kkeit\u00e4 \u2013 &#8220;Ty\u00f6ajalla ei tupakoida&#8221; <a href=\"http:\/\/yle.fi\/uutiset\/3-8655008\" target=\"_blank\" rel=\"noopener noreferrer\">Yle 7.2.2016<\/a><\/p>\n<p>Puolustusvoimat kannustaa tupakkatuotteiden k\u00e4yt\u00f6n lopettamiseen <a href=\"http:\/\/varusmieslehti.fi\/tag\/tupakointi\/\" target=\"_blank\" rel=\"noopener noreferrer\">Varusmies-lehti 2016<\/a><\/p>\n<p>Tupakan mittainen tauko <a href=\"http:\/\/varusmieslehti.fi\/tupakan-mittainen-tauko\/\" target=\"_blank\" rel=\"noopener noreferrer\">Varusmies-lehti 2016, kolumni <\/a><\/p>\n<p>Pitk\u00e4aikainen inttiperinne h\u00e4vi\u00e4m\u00e4ss\u00e4 \u2013 &#8220;Tupakanmittainen tauko&#8221; on kadonnut jo kahdesta varuskunnasta <a href=\"http:\/\/yle.fi\/uutiset\/3-8470463\" target=\"_blank\" rel=\"noopener noreferrer\">Yle 23.11.2015<\/a><\/p>\n<p>Kilpailuinnon kohotusta ja mittauksia Santahaminan ja Vekaranj\u00e4rven sotilaskodeissa Sotilaskoti-lehti 1\/2015, ss. 28-29<\/p>\n<p>T\u00e4m\u00e4 &#8220;perinteinen&#8221; tapa loppuu armeijassa Tekniikka&amp;Talous 3.12.2014<\/p>\n<p>Tupakan mittaiset tauot loppuivat armeijasta Talousel\u00e4m\u00e4 2.12.2014<\/p>\n<p>Tupakan mittaiset tauot ovat armeijassa historiaa Vantaan Sanomat 2.12.2014<\/p>\n<p>Nikotiinin voima ja vastavoimat. Mediuutiset 12.9.2014<\/p>\n<p>Tupakointi on tapa k\u00e4yd\u00e4 tauolla. Kainuun Sanomat 3.9.2014<\/p>\n<p>Lopeta ja voita -kilpailu kannustaa eroon tupakasta. Ruotuv\u00e4ki 27.5.2014<\/p>\n<p>Nuuskaamisen kasvu n\u00e4kyy varuskunnissa. Ruotuv\u00e4ki 4.4.2014<\/p>\n<p>Ruotuv\u00e4ess\u00e4 raju tieto nuuskasta: jopa 41 % varusmiehist\u00e4 nuuskaa. <a href=\"http:\/\/www.uusisuomi.fi\/kotimaa\/67978-ruotuvaessa-raju-tieto-nuuskasta-jopa-41-varusmiehista\" target=\"_blank\" rel=\"noopener noreferrer\">Uusi Suomi 3.4.2014<\/a><\/p>\n<p>Snus pop bland rekryter. <a href=\"http:\/\/svenska.yle.fi\/artikel\/2014\/01\/03\/snus-pop-bland-rekryter\" target=\"_blank\" rel=\"noopener noreferrer\">Yle Huvudstadsregionen 3.1.2014<\/a><\/p>\n<p>Varusmies: &#8220;Ei armeijassa pysty olemaan tupakoimatta&#8221;. Aamulehti 19.8.2013<\/p>\n<p>Puolustusvoimien ylil\u00e4\u00e4k\u00e4rin Simo Siitosen esitys <em>Tupakoimattomuuden edist\u00e4minen Puolustusvoimissa<\/em> <a href=\"http:\/\/www.google.fi\/url?sa=t&amp;rct=j&amp;q=&amp;esrc=s&amp;source=web&amp;cd=8&amp;cad=rja&amp;uact=8&amp;ved=0CEoQFjAH&amp;url=http%3A%2F%2Fsavutonsuomi.fi%2Fwp-content%2Fuploads%2F2014%2F09%2FSiitonen-esitys.pdf&amp;ei=7f4PVabkEIbm7gaWhYGICg&amp;usg=AFQjCNEJfucL57W7ZYK8YQqM2FC8iYpslA&amp;sig2=VylzAkvkMsqCcg93acFkjg&amp;bvm=bv.88528373,d.ZWU\" target=\"_blank\" rel=\"noopener noreferrer\">Savuton Suomi -seminaarissa 30.5.2013<\/a><\/p>\n<p>Kohti savuttomuutta armeija-aikana. Ruotuv\u00e4ki 21.2.2013<\/p>\n<p>Puolustusvoimat kannustaa savuttomuuteen. Ammatisotilas 1\/2013 ss. 18-20<\/p>\n<p>Tupakointia rajoitetaan puolustusvoimissa. Ruotuv\u00e4ki 10.1.2013<\/p>\n<p>Totuus intin tylyst\u00e4 k\u00e4skyst\u00e4: 2 tupakkaa \/ p\u00e4iv\u00e4 &#8211; &#8220;Kohtuutonta&#8221;. <a href=\"http:\/\/www.uusisuomi.fi\/kotimaa\/56271-totuus-intin-tylysta-kaskysta-2-tupakkaa-paiva-kohtuutonta\" target=\"_blank\" rel=\"noopener noreferrer\">Uusi Suomi 9.1.2013<\/a><\/p>\n<p>Puolustusvoimat kannustaa varusmiehi\u00e4 savuttomuuteen. <a href=\"http:\/\/yle.fi\/uutiset\/puolustusvoimat_kannustaa_varusmiehia_savuttomuuteen\/6440438\" target=\"_blank\" rel=\"noopener noreferrer\">Yle 7.1.2013<\/a><\/p>\n<p>Tyly k\u00e4sky intin saapumiser\u00e4lle 1\/2013: \u201dTupakkataukoja ei en\u00e4\u00e4 ole\u201d. <a href=\"http:\/\/www.uusisuomi.fi\/kotimaa\/56228-tyly-kasky-intin-saapumiseralle-1-2013-tupakkataukoja-ei-enaa-ole\" target=\"_blank\" rel=\"noopener noreferrer\">Uusi Suomi 7.1.2013<\/a><\/p>\n<p>Tuleeko armeijaan totaalinen tupakkatauko? P\u00e4\u00e4esikunta alkoi savuttomaksi. Talousel\u00e4m\u00e4 7.1.2013<\/p>\n<p>Armeija yritt\u00e4\u00e4 nitist\u00e4\u00e4 tupakoinnin Maaseudun Tulevaisuus 7.1.2013<\/p>\n<p>Armeija hy\u00f6kk\u00e4\u00e4: Tupakat pois ja piiput piiloon. <a href=\"http:\/\/www.kaleva.fi\/uutiset\/kotimaa\/armeija-hyokkaa-tupakat-pois-ja-piiput-piiloon\/617405\/\" target=\"_blank\" rel=\"noopener noreferrer\">Kaleva 7.1.2013<\/a><\/p>\n<p>Tupakanmittainen tauko katoaa Puolustusvoimista Helsingin Sanomat 7.1.2013<\/p>\n<p>Puolustusvoimat kohti savuttomuutta Puolustusvoimien www-sivut 7.1.2013<\/p>\n<p>P\u00e4\u00e4esikunta esimerkkin\u00e4 tupakoimattomuuteen. Ruotuv\u00e4ki 4.1.2013<\/p>\n<p>Tupakoimattomuuden edist\u00e4minen Puolustusvoimissa v. 2012 &#8211; 2017.\u00a0 Sotilasl\u00e4\u00e4ketieteen aikakauslehti 1\/2013 ss. 41-43<\/p>\n","protected":false},"excerpt":{"rendered":"<p>Nimi Varusmiesten tupakoinnin v\u00e4hent\u00e4misen kehitt\u00e4mishanke (Savuton varusmies, 2013\u20132016) Kesto 2013\u20132016 P\u00e4\u00e4toteuttaja Filha ry Muut toteuttajat Puolustusvoimat, Sy\u00f6p\u00e4j\u00e4rjest\u00f6t Rahoittajat Raha-automaattiyhdistys (RAY) Yhteisty\u00f6kumppanit Sotilaskotiliitto, Varusmiestoimikunnat, Varusmiesliitto Kohderyhm\u00e4 Varusmiehet ja Puolustusvoimien henkil\u00f6kunta Lyhyt &#8230; <a title=\"Varusmiesten savuttomuus\" class=\"read-more\" href=\"https:\/\/www.filha.fi\/en\/hankkeet\/paattyneet\/varusmiesten-savuttomuus\/\" aria-label=\"Read more about Varusmiesten savuttomuus\">Read more<\/a><\/p>\n","protected":false},"author":4,"featured_media":0,"parent":87,"menu_order":0,"comment_status":"closed","ping_status":"closed","template":"","meta":{"_acf_changed":false,"footnotes":""},"categories":[40,36],"class_list":["post-81","page","type-page","status-publish","category-anelma","category-krista"],"translation":{"provider":"WPGlobus","version":"3.0.2","language":"en","enabled_languages":["fi","en"],"languages":{"fi":{"title":true,"content":true,"excerpt":false},"en":{"title":false,"content":false,"excerpt":false}}},"acf":[],"yoast_head":"<!-- This site is optimized with the Yoast SEO plugin v27.4 - https:\/\/yoast.com\/product\/yoast-seo-wordpress\/ -->\n<title>Varusmiesten savuttomuus - Filha<\/title>\n<meta name=\"robots\" content=\"index, follow, max-snippet:-1, max-image-preview:large, max-video-preview:-1\" \/>\n<link rel=\"canonical\" href=\"https:\/\/www.filha.fi\/hankkeet\/paattyneet\/varusmiesten-savuttomuus\/\" \/>\n<meta property=\"og:locale\" content=\"en_US\" \/>\n<meta property=\"og:type\" content=\"article\" \/>\n<meta property=\"og:title\" content=\"Varusmiesten savuttomuus - Filha\" \/>\n<meta property=\"og:url\" content=\"https:\/\/www.filha.fi\/hankkeet\/paattyneet\/varusmiesten-savuttomuus\/\" \/>\n<meta property=\"og:site_name\" content=\"Filha\" \/>\n<meta property=\"article:modified_time\" content=\"2025-09-05T10:46:31+00:00\" \/>\n<meta property=\"og:image\" content=\"https:\/\/www.filha.fi\/wp-content\/uploads\/2019\/04\/Filha-logo.png\" \/>\n\t<meta property=\"og:image:width\" content=\"960\" \/>\n\t<meta property=\"og:image:height\" content=\"1230\" \/>\n\t<meta property=\"og:image:type\" content=\"image\/png\" \/>\n<meta name=\"twitter:card\" content=\"summary_large_image\" \/>\n<meta name=\"twitter:label1\" content=\"Est. reading time\" \/>\n\t<meta name=\"twitter:data1\" content=\"3 minutes\" \/>\n<script type=\"application\/ld+json\" class=\"yoast-schema-graph\">{\"@context\":\"https:\\\/\\\/schema.org\",\"@graph\":[{\"@type\":\"WebPage\",\"@id\":\"https:\\\/\\\/www.filha.fi\\\/hankkeet\\\/paattyneet\\\/varusmiesten-savuttomuus\\\/\",\"url\":\"https:\\\/\\\/www.filha.fi\\\/hankkeet\\\/paattyneet\\\/varusmiesten-savuttomuus\\\/\",\"name\":\"Varusmiesten savuttomuus - Filha\",\"isPartOf\":{\"@id\":\"https:\\\/\\\/www.filha.fi\\\/#website\"},\"datePublished\":\"2015-09-09T08:35:13+00:00\",\"dateModified\":\"2025-09-05T10:46:31+00:00\",\"breadcrumb\":{\"@id\":\"https:\\\/\\\/www.filha.fi\\\/hankkeet\\\/paattyneet\\\/varusmiesten-savuttomuus\\\/#breadcrumb\"},\"inLanguage\":\"en-US\",\"potentialAction\":[{\"@type\":\"ReadAction\",\"target\":[\"https:\\\/\\\/www.filha.fi\\\/hankkeet\\\/paattyneet\\\/varusmiesten-savuttomuus\\\/\"]}]},{\"@type\":\"BreadcrumbList\",\"@id\":\"https:\\\/\\\/www.filha.fi\\\/hankkeet\\\/paattyneet\\\/varusmiesten-savuttomuus\\\/#breadcrumb\",\"itemListElement\":[{\"@type\":\"ListItem\",\"position\":1,\"name\":\"Home\",\"item\":\"https:\\\/\\\/www.filha.fi\\\/\"},{\"@type\":\"ListItem\",\"position\":2,\"name\":\"Hankkeet\",\"item\":\"https:\\\/\\\/www.filha.fi\\\/hankkeet\\\/\"},{\"@type\":\"ListItem\",\"position\":3,\"name\":\"P\u00e4\u00e4ttyneet hankkeet\",\"item\":\"https:\\\/\\\/www.filha.fi\\\/hankkeet\\\/paattyneet\\\/\"},{\"@type\":\"ListItem\",\"position\":4,\"name\":\"Varusmiesten savuttomuus\"}]},{\"@type\":\"WebSite\",\"@id\":\"https:\\\/\\\/www.filha.fi\\\/#website\",\"url\":\"https:\\\/\\\/www.filha.fi\\\/\",\"name\":\"Filha\",\"description\":\"Expertise in lung health\",\"publisher\":{\"@id\":\"https:\\\/\\\/www.filha.fi\\\/#organization\"},\"potentialAction\":[{\"@type\":\"SearchAction\",\"target\":{\"@type\":\"EntryPoint\",\"urlTemplate\":\"https:\\\/\\\/www.filha.fi\\\/?s={search_term_string}\"},\"query-input\":{\"@type\":\"PropertyValueSpecification\",\"valueRequired\":true,\"valueName\":\"search_term_string\"}}],\"inLanguage\":\"en-US\"},{\"@type\":\"Organization\",\"@id\":\"https:\\\/\\\/www.filha.fi\\\/#organization\",\"name\":\"Filha ry\",\"url\":\"https:\\\/\\\/www.filha.fi\\\/\",\"logo\":{\"@type\":\"ImageObject\",\"inLanguage\":\"en-US\",\"@id\":\"https:\\\/\\\/www.filha.fi\\\/#\\\/schema\\\/logo\\\/image\\\/\",\"url\":\"https:\\\/\\\/www.filha.fi\\\/wp-content\\\/uploads\\\/2019\\\/04\\\/Filha-logo.png\",\"contentUrl\":\"https:\\\/\\\/www.filha.fi\\\/wp-content\\\/uploads\\\/2019\\\/04\\\/Filha-logo.png\",\"width\":960,\"height\":1230,\"caption\":\"Filha ry\"},\"image\":{\"@id\":\"https:\\\/\\\/www.filha.fi\\\/#\\\/schema\\\/logo\\\/image\\\/\"}}]}<\/script>\n<!-- \/ Yoast SEO plugin. -->","yoast_head_json":{"title":"Varusmiesten savuttomuus - Filha","robots":{"index":"index","follow":"follow","max-snippet":"max-snippet:-1","max-image-preview":"max-image-preview:large","max-video-preview":"max-video-preview:-1"},"canonical":"https:\/\/www.filha.fi\/hankkeet\/paattyneet\/varusmiesten-savuttomuus\/","og_locale":"en_US","og_type":"article","og_title":"Varusmiesten savuttomuus - Filha","og_url":"https:\/\/www.filha.fi\/hankkeet\/paattyneet\/varusmiesten-savuttomuus\/","og_site_name":"Filha","article_modified_time":"2025-09-05T10:46:31+00:00","og_image":[{"width":960,"height":1230,"url":"https:\/\/www.filha.fi\/wp-content\/uploads\/2019\/04\/Filha-logo.png","type":"image\/png"}],"twitter_card":"summary_large_image","twitter_misc":{"Est. reading time":"3 minutes"},"schema":{"@context":"https:\/\/schema.org","@graph":[{"@type":"WebPage","@id":"https:\/\/www.filha.fi\/hankkeet\/paattyneet\/varusmiesten-savuttomuus\/","url":"https:\/\/www.filha.fi\/hankkeet\/paattyneet\/varusmiesten-savuttomuus\/","name":"Varusmiesten savuttomuus - Filha","isPartOf":{"@id":"https:\/\/www.filha.fi\/#website"},"datePublished":"2015-09-09T08:35:13+00:00","dateModified":"2025-09-05T10:46:31+00:00","breadcrumb":{"@id":"https:\/\/www.filha.fi\/hankkeet\/paattyneet\/varusmiesten-savuttomuus\/#breadcrumb"},"inLanguage":"en-US","potentialAction":[{"@type":"ReadAction","target":["https:\/\/www.filha.fi\/hankkeet\/paattyneet\/varusmiesten-savuttomuus\/"]}]},{"@type":"BreadcrumbList","@id":"https:\/\/www.filha.fi\/hankkeet\/paattyneet\/varusmiesten-savuttomuus\/#breadcrumb","itemListElement":[{"@type":"ListItem","position":1,"name":"Home","item":"https:\/\/www.filha.fi\/"},{"@type":"ListItem","position":2,"name":"Hankkeet","item":"https:\/\/www.filha.fi\/hankkeet\/"},{"@type":"ListItem","position":3,"name":"P\u00e4\u00e4ttyneet hankkeet","item":"https:\/\/www.filha.fi\/hankkeet\/paattyneet\/"},{"@type":"ListItem","position":4,"name":"Varusmiesten savuttomuus"}]},{"@type":"WebSite","@id":"https:\/\/www.filha.fi\/#website","url":"https:\/\/www.filha.fi\/","name":"Filha","description":"Expertise in lung health","publisher":{"@id":"https:\/\/www.filha.fi\/#organization"},"potentialAction":[{"@type":"SearchAction","target":{"@type":"EntryPoint","urlTemplate":"https:\/\/www.filha.fi\/?s={search_term_string}"},"query-input":{"@type":"PropertyValueSpecification","valueRequired":true,"valueName":"search_term_string"}}],"inLanguage":"en-US"},{"@type":"Organization","@id":"https:\/\/www.filha.fi\/#organization","name":"Filha ry","url":"https:\/\/www.filha.fi\/","logo":{"@type":"ImageObject","inLanguage":"en-US","@id":"https:\/\/www.filha.fi\/#\/schema\/logo\/image\/","url":"https:\/\/www.filha.fi\/wp-content\/uploads\/2019\/04\/Filha-logo.png","contentUrl":"https:\/\/www.filha.fi\/wp-content\/uploads\/2019\/04\/Filha-logo.png","width":960,"height":1230,"caption":"Filha ry"},"image":{"@id":"https:\/\/www.filha.fi\/#\/schema\/logo\/image\/"}}]}},"_links":{"self":[{"href":"https:\/\/www.filha.fi\/en\/wp-json\/wp\/v2\/pages\/81","targetHints":{"allow":["GET"]}}],"collection":[{"href":"https:\/\/www.filha.fi\/en\/wp-json\/wp\/v2\/pages"}],"about":[{"href":"https:\/\/www.filha.fi\/en\/wp-json\/wp\/v2\/types\/page"}],"author":[{"embeddable":true,"href":"https:\/\/www.filha.fi\/en\/wp-json\/wp\/v2\/users\/4"}],"replies":[{"embeddable":true,"href":"https:\/\/www.filha.fi\/en\/wp-json\/wp\/v2\/comments?post=81"}],"version-history":[{"count":0,"href":"https:\/\/www.filha.fi\/en\/wp-json\/wp\/v2\/pages\/81\/revisions"}],"up":[{"embeddable":true,"href":"https:\/\/www.filha.fi\/en\/wp-json\/wp\/v2\/pages\/87"}],"wp:attachment":[{"href":"https:\/\/www.filha.fi\/en\/wp-json\/wp\/v2\/media?parent=81"}],"wp:term":[{"taxonomy":"category","embeddable":true,"href":"https:\/\/www.filha.fi\/en\/wp-json\/wp\/v2\/categories?post=81"}],"curies":[{"name":"wp","href":"https:\/\/api.w.org\/{rel}","templated":true}]}}