{"id":85,"date":"2015-09-09T10:05:03","date_gmt":"2015-09-09T10:05:03","guid":{"rendered":"http:\/\/www.filha.fi\/content_page\/kirgisian-tupakoinnin-vahentamishanke\/"},"modified":"2019-05-14T14:35:40","modified_gmt":"2019-05-14T11:35:40","slug":"kirgisian-tupakoinnin-vahentamishanke","status":"publish","type":"page","link":"https:\/\/www.filha.fi\/en\/hankkeet\/paattyneet\/kirgisian-tupakoinnin-vahentamishanke\/","title":{"rendered":"Kirgisian tupakoinnin v\u00e4hent\u00e4mishanke"},"content":{"rendered":"<table border=\"1\" cellspacing=\"0\" cellpadding=\"0\">\n<tbody>\n<tr>\n<td>Kesto<\/td>\n<td>2014 \u2013 2016<\/td>\n<\/tr>\n<tr>\n<td>P\u00e4\u00e4toteuttaja<\/td>\n<td>Filha ry<\/td>\n<\/tr>\n<tr>\n<td>Rahoittajat<\/td>\n<td>Ulkoasiainministeri\u00f6<\/td>\n<\/tr>\n<tr>\n<td>Yhteisty\u00f6kumppanit<\/td>\n<td>Kirgisiassa: Kansanterveyden keskus, Terveysministeri\u00f6, Opetusministeri\u00f6, L\u00e4\u00e4ketieteellinen jatkokoulutusinstituutti, Village Health Committee \u2013j\u00e4rjest\u00f6<\/p>\n<p>Suomessa: Suomen ASH ry<\/td>\n<\/tr>\n<tr>\n<td>Kohderyhm\u00e4<\/td>\n<td>Terveydenhuollon henkil\u00f6st\u00f6, opettajat ja oppilaat, paikallishallinto, media sek\u00e4 perheet ja v\u00e4est\u00f6 hankealueilla.<\/td>\n<\/tr>\n<tr>\n<td>Lyhyt kuvaus<\/td>\n<td>Filha on toteuttanut laaja-alaista tupakoinnin v\u00e4hent\u00e4miseen t\u00e4ht\u00e4\u00e4v\u00e4\u00e4 hanketta Kirgisiassa vuodesta 2011.<\/p>\n<p>Nykyinen hankekausi on 2014-2016 ja p\u00e4\u00e4asiallisina hankealueina on Naryn, Issuk-Kul ja Talasin. Joitakin hanketoimia toteutetaan maanlaajuisesti. Hanke tukee perusterveydenhuoltoa, kylien terveyskomiteoita (Village Health Committee), opettajia ja kouluja sek\u00e4 mediaa ja paikallishallintoa tupakoinnin v\u00e4hent\u00e4miseen t\u00e4ht\u00e4\u00e4v\u00e4ss\u00e4 ty\u00f6ss\u00e4. Hankkeessa vaikutetaan kohdev\u00e4est\u00f6n asenteisiin ja tietotaitoon sek\u00e4 kehitet\u00e4\u00e4n laajempaan kansalliseen ja kansainv\u00e4liseen k\u00e4ytt\u00f6\u00f6n sopivaa tupakoinnin v\u00e4hent\u00e4misen mallia. Kiinnostusta on ilmennyt Kirgisian mallin toteuttamisesta Keski-Aasiassa laajemminkin.<\/p>\n<p>Hanke toteutetaan tiiviiss\u00e4 yhteisty\u00f6ss\u00e4 Kirgisian kansanterveyden keskuksen, terveysministeri\u00f6n sek\u00e4 opetusministeri\u00f6n kanssa. Hankkeessa edistet\u00e4\u00e4n <a title=\"http:\/\/www.who.int\/fctc\/en\/\" href=\"http:\/\/www.who.int\/fctc\/en\/\" target=\"_blank\" rel=\"noopener noreferrer\">Maailman terveysj\u00e4rjest\u00f6n (WHO) tupakoinnin torjuntaa koskevan puitesopimuksen (FCTC)<\/a> implementaatiota ruohonjuuritasolla.<\/td>\n<\/tr>\n<tr>\n<td>Yhteyshenkil\u00f6<\/td>\n<td>Patrick Sandstr\u00f6m<\/p>\n<p>Erityisasiantuntija<br \/>\np. 040 5150512<br \/>\n<a href=\"mailto:patrick.sandstrom@filha.fi\">patrick.sandstrom@filha.fi<\/a><\/td>\n<\/tr>\n<\/tbody>\n<\/table>\n","protected":false},"excerpt":{"rendered":"<p>Kesto 2014 \u2013 2016 P\u00e4\u00e4toteuttaja Filha ry Rahoittajat Ulkoasiainministeri\u00f6 Yhteisty\u00f6kumppanit Kirgisiassa: Kansanterveyden keskus, Terveysministeri\u00f6, Opetusministeri\u00f6, L\u00e4\u00e4ketieteellinen jatkokoulutusinstituutti, Village Health Committee \u2013j\u00e4rjest\u00f6 Suomessa: Suomen ASH ry Kohderyhm\u00e4 Terveydenhuollon henkil\u00f6st\u00f6, opettajat ja &#8230; <a title=\"Kirgisian tupakoinnin v\u00e4hent\u00e4mishanke\" class=\"read-more\" href=\"https:\/\/www.filha.fi\/en\/hankkeet\/paattyneet\/kirgisian-tupakoinnin-vahentamishanke\/\" aria-label=\"Read more about Kirgisian tupakoinnin v\u00e4hent\u00e4mishanke\">Read more<\/a><\/p>\n","protected":false},"author":4,"featured_media":0,"parent":87,"menu_order":0,"comment_status":"closed","ping_status":"closed","template":"","meta":{"_acf_changed":false,"footnotes":""},"categories":[25,46,44,7],"class_list":["post-85","page","type-page","status-publish","category-keski-aasia","category-mikko","category-patrick","category-tupakka"],"translation":{"provider":"WPGlobus","version":"3.0.2","language":"en","enabled_languages":["fi","en"],"languages":{"fi":{"title":true,"content":true,"excerpt":false},"en":{"title":false,"content":false,"excerpt":false}}},"acf":[],"yoast_head":"<!-- This site is optimized with the Yoast SEO plugin v27.4 - https:\/\/yoast.com\/product\/yoast-seo-wordpress\/ -->\n<title>Kirgisian tupakoinnin v\u00e4hent\u00e4mishanke - Filha<\/title>\n<meta name=\"robots\" content=\"index, follow, max-snippet:-1, max-image-preview:large, max-video-preview:-1\" \/>\n<link rel=\"canonical\" href=\"https:\/\/www.filha.fi\/hankkeet\/paattyneet\/kirgisian-tupakoinnin-vahentamishanke\/\" \/>\n<meta property=\"og:locale\" content=\"en_US\" \/>\n<meta property=\"og:type\" content=\"article\" \/>\n<meta property=\"og:title\" content=\"Kirgisian tupakoinnin v\u00e4hent\u00e4mishanke - Filha\" \/>\n<meta property=\"og:url\" content=\"https:\/\/www.filha.fi\/hankkeet\/paattyneet\/kirgisian-tupakoinnin-vahentamishanke\/\" \/>\n<meta property=\"og:site_name\" content=\"Filha\" \/>\n<meta property=\"article:modified_time\" content=\"2019-05-14T11:35:40+00:00\" \/>\n<meta property=\"og:image\" content=\"https:\/\/www.filha.fi\/wp-content\/uploads\/2019\/04\/Filha-logo.png\" \/>\n\t<meta property=\"og:image:width\" content=\"960\" \/>\n\t<meta property=\"og:image:height\" content=\"1230\" \/>\n\t<meta property=\"og:image:type\" content=\"image\/png\" \/>\n<meta name=\"twitter:card\" content=\"summary_large_image\" \/>\n<meta name=\"twitter:label1\" content=\"Est. reading time\" \/>\n\t<meta name=\"twitter:data1\" content=\"1 minute\" \/>\n<script type=\"application\/ld+json\" class=\"yoast-schema-graph\">{\"@context\":\"https:\\\/\\\/schema.org\",\"@graph\":[{\"@type\":\"WebPage\",\"@id\":\"https:\\\/\\\/www.filha.fi\\\/hankkeet\\\/paattyneet\\\/kirgisian-tupakoinnin-vahentamishanke\\\/\",\"url\":\"https:\\\/\\\/www.filha.fi\\\/hankkeet\\\/paattyneet\\\/kirgisian-tupakoinnin-vahentamishanke\\\/\",\"name\":\"Kirgisian tupakoinnin v\u00e4hent\u00e4mishanke - Filha\",\"isPartOf\":{\"@id\":\"https:\\\/\\\/www.filha.fi\\\/#website\"},\"datePublished\":\"2015-09-09T10:05:03+00:00\",\"dateModified\":\"2019-05-14T11:35:40+00:00\",\"breadcrumb\":{\"@id\":\"https:\\\/\\\/www.filha.fi\\\/hankkeet\\\/paattyneet\\\/kirgisian-tupakoinnin-vahentamishanke\\\/#breadcrumb\"},\"inLanguage\":\"en-US\",\"potentialAction\":[{\"@type\":\"ReadAction\",\"target\":[\"https:\\\/\\\/www.filha.fi\\\/hankkeet\\\/paattyneet\\\/kirgisian-tupakoinnin-vahentamishanke\\\/\"]}]},{\"@type\":\"BreadcrumbList\",\"@id\":\"https:\\\/\\\/www.filha.fi\\\/hankkeet\\\/paattyneet\\\/kirgisian-tupakoinnin-vahentamishanke\\\/#breadcrumb\",\"itemListElement\":[{\"@type\":\"ListItem\",\"position\":1,\"name\":\"Home\",\"item\":\"https:\\\/\\\/www.filha.fi\\\/\"},{\"@type\":\"ListItem\",\"position\":2,\"name\":\"Hankkeet\",\"item\":\"https:\\\/\\\/www.filha.fi\\\/hankkeet\\\/\"},{\"@type\":\"ListItem\",\"position\":3,\"name\":\"P\u00e4\u00e4ttyneet hankkeet\",\"item\":\"https:\\\/\\\/www.filha.fi\\\/hankkeet\\\/paattyneet\\\/\"},{\"@type\":\"ListItem\",\"position\":4,\"name\":\"Kirgisian tupakoinnin v\u00e4hent\u00e4mishanke\"}]},{\"@type\":\"WebSite\",\"@id\":\"https:\\\/\\\/www.filha.fi\\\/#website\",\"url\":\"https:\\\/\\\/www.filha.fi\\\/\",\"name\":\"Filha\",\"description\":\"Expertise in lung health\",\"publisher\":{\"@id\":\"https:\\\/\\\/www.filha.fi\\\/#organization\"},\"potentialAction\":[{\"@type\":\"SearchAction\",\"target\":{\"@type\":\"EntryPoint\",\"urlTemplate\":\"https:\\\/\\\/www.filha.fi\\\/?s={search_term_string}\"},\"query-input\":{\"@type\":\"PropertyValueSpecification\",\"valueRequired\":true,\"valueName\":\"search_term_string\"}}],\"inLanguage\":\"en-US\"},{\"@type\":\"Organization\",\"@id\":\"https:\\\/\\\/www.filha.fi\\\/#organization\",\"name\":\"Filha ry\",\"url\":\"https:\\\/\\\/www.filha.fi\\\/\",\"logo\":{\"@type\":\"ImageObject\",\"inLanguage\":\"en-US\",\"@id\":\"https:\\\/\\\/www.filha.fi\\\/#\\\/schema\\\/logo\\\/image\\\/\",\"url\":\"https:\\\/\\\/www.filha.fi\\\/wp-content\\\/uploads\\\/2019\\\/04\\\/Filha-logo.png\",\"contentUrl\":\"https:\\\/\\\/www.filha.fi\\\/wp-content\\\/uploads\\\/2019\\\/04\\\/Filha-logo.png\",\"width\":960,\"height\":1230,\"caption\":\"Filha ry\"},\"image\":{\"@id\":\"https:\\\/\\\/www.filha.fi\\\/#\\\/schema\\\/logo\\\/image\\\/\"}}]}<\/script>\n<!-- \/ Yoast SEO plugin. -->","yoast_head_json":{"title":"Kirgisian tupakoinnin v\u00e4hent\u00e4mishanke - Filha","robots":{"index":"index","follow":"follow","max-snippet":"max-snippet:-1","max-image-preview":"max-image-preview:large","max-video-preview":"max-video-preview:-1"},"canonical":"https:\/\/www.filha.fi\/hankkeet\/paattyneet\/kirgisian-tupakoinnin-vahentamishanke\/","og_locale":"en_US","og_type":"article","og_title":"Kirgisian tupakoinnin v\u00e4hent\u00e4mishanke - Filha","og_url":"https:\/\/www.filha.fi\/hankkeet\/paattyneet\/kirgisian-tupakoinnin-vahentamishanke\/","og_site_name":"Filha","article_modified_time":"2019-05-14T11:35:40+00:00","og_image":[{"width":960,"height":1230,"url":"https:\/\/www.filha.fi\/wp-content\/uploads\/2019\/04\/Filha-logo.png","type":"image\/png"}],"twitter_card":"summary_large_image","twitter_misc":{"Est. reading time":"1 minute"},"schema":{"@context":"https:\/\/schema.org","@graph":[{"@type":"WebPage","@id":"https:\/\/www.filha.fi\/hankkeet\/paattyneet\/kirgisian-tupakoinnin-vahentamishanke\/","url":"https:\/\/www.filha.fi\/hankkeet\/paattyneet\/kirgisian-tupakoinnin-vahentamishanke\/","name":"Kirgisian tupakoinnin v\u00e4hent\u00e4mishanke - Filha","isPartOf":{"@id":"https:\/\/www.filha.fi\/#website"},"datePublished":"2015-09-09T10:05:03+00:00","dateModified":"2019-05-14T11:35:40+00:00","breadcrumb":{"@id":"https:\/\/www.filha.fi\/hankkeet\/paattyneet\/kirgisian-tupakoinnin-vahentamishanke\/#breadcrumb"},"inLanguage":"en-US","potentialAction":[{"@type":"ReadAction","target":["https:\/\/www.filha.fi\/hankkeet\/paattyneet\/kirgisian-tupakoinnin-vahentamishanke\/"]}]},{"@type":"BreadcrumbList","@id":"https:\/\/www.filha.fi\/hankkeet\/paattyneet\/kirgisian-tupakoinnin-vahentamishanke\/#breadcrumb","itemListElement":[{"@type":"ListItem","position":1,"name":"Home","item":"https:\/\/www.filha.fi\/"},{"@type":"ListItem","position":2,"name":"Hankkeet","item":"https:\/\/www.filha.fi\/hankkeet\/"},{"@type":"ListItem","position":3,"name":"P\u00e4\u00e4ttyneet hankkeet","item":"https:\/\/www.filha.fi\/hankkeet\/paattyneet\/"},{"@type":"ListItem","position":4,"name":"Kirgisian tupakoinnin v\u00e4hent\u00e4mishanke"}]},{"@type":"WebSite","@id":"https:\/\/www.filha.fi\/#website","url":"https:\/\/www.filha.fi\/","name":"Filha","description":"Expertise in lung health","publisher":{"@id":"https:\/\/www.filha.fi\/#organization"},"potentialAction":[{"@type":"SearchAction","target":{"@type":"EntryPoint","urlTemplate":"https:\/\/www.filha.fi\/?s={search_term_string}"},"query-input":{"@type":"PropertyValueSpecification","valueRequired":true,"valueName":"search_term_string"}}],"inLanguage":"en-US"},{"@type":"Organization","@id":"https:\/\/www.filha.fi\/#organization","name":"Filha ry","url":"https:\/\/www.filha.fi\/","logo":{"@type":"ImageObject","inLanguage":"en-US","@id":"https:\/\/www.filha.fi\/#\/schema\/logo\/image\/","url":"https:\/\/www.filha.fi\/wp-content\/uploads\/2019\/04\/Filha-logo.png","contentUrl":"https:\/\/www.filha.fi\/wp-content\/uploads\/2019\/04\/Filha-logo.png","width":960,"height":1230,"caption":"Filha ry"},"image":{"@id":"https:\/\/www.filha.fi\/#\/schema\/logo\/image\/"}}]}},"_links":{"self":[{"href":"https:\/\/www.filha.fi\/en\/wp-json\/wp\/v2\/pages\/85","targetHints":{"allow":["GET"]}}],"collection":[{"href":"https:\/\/www.filha.fi\/en\/wp-json\/wp\/v2\/pages"}],"about":[{"href":"https:\/\/www.filha.fi\/en\/wp-json\/wp\/v2\/types\/page"}],"author":[{"embeddable":true,"href":"https:\/\/www.filha.fi\/en\/wp-json\/wp\/v2\/users\/4"}],"replies":[{"embeddable":true,"href":"https:\/\/www.filha.fi\/en\/wp-json\/wp\/v2\/comments?post=85"}],"version-history":[{"count":0,"href":"https:\/\/www.filha.fi\/en\/wp-json\/wp\/v2\/pages\/85\/revisions"}],"up":[{"embeddable":true,"href":"https:\/\/www.filha.fi\/en\/wp-json\/wp\/v2\/pages\/87"}],"wp:attachment":[{"href":"https:\/\/www.filha.fi\/en\/wp-json\/wp\/v2\/media?parent=85"}],"wp:term":[{"taxonomy":"category","embeddable":true,"href":"https:\/\/www.filha.fi\/en\/wp-json\/wp\/v2\/categories?post=85"}],"curies":[{"name":"wp","href":"https:\/\/api.w.org\/{rel}","templated":true}]}}