{"id":86,"date":"2015-09-09T10:05:44","date_gmt":"2015-09-09T10:05:44","guid":{"rendered":"http:\/\/www.filha.fi\/content_page\/tadzikistanin-keuhkoterveyshanke\/"},"modified":"2019-05-14T14:35:08","modified_gmt":"2019-05-14T11:35:08","slug":"tadzikistanin-keuhkoterveyshanke","status":"publish","type":"page","link":"https:\/\/www.filha.fi\/en\/hankkeet\/paattyneet\/tadzikistanin-keuhkoterveyshanke\/","title":{"rendered":"Tad\u017eikistanin keuhkoterveyshanke"},"content":{"rendered":"<table border=\"1\" cellspacing=\"0\" cellpadding=\"0\">\n<tbody>\n<tr>\n<td>Kesto<\/td>\n<td>2015\u20132017<\/td>\n<\/tr>\n<tr>\n<td>P\u00e4\u00e4toteuttaja<\/td>\n<td>Filha<\/td>\n<\/tr>\n<tr>\n<td>Muut toteuttajat<\/td>\n<td><\/td>\n<\/tr>\n<tr>\n<td>Rahoittajat<\/td>\n<td>Ulkoasiainministeri\u00f6<\/td>\n<\/tr>\n<tr>\n<td>Yhteisty\u00f6kumppanit<\/td>\n<td>Tad\u017eikistanin perhel\u00e4\u00e4k\u00e4rien yhdistys<\/td>\n<\/tr>\n<tr>\n<td>Kohderyhm\u00e4<\/td>\n<td>Tad\u017eikistanin perusterveydenhuollon ty\u00f6ntekij\u00e4t<\/td>\n<\/tr>\n<tr>\n<td>Lyhyt kuvaus<\/td>\n<td>Filhan hanke Tad\u017eikistanissa perustuu WHO:n PAL-strategiaan (Practical Approach to Lung Health), joka pyrkii parantamaan terveydenhuollon ja erityisesti perusterveydenhuollon valmiuksia diagnosoida ja hoitaa hengitystiesairauksia. Erityistavoitteena on parantaa tuberkuloosin varhaista toteamista perusterveydenhuollossa. Hankkeen p\u00e4\u00e4toimintona on kouluttajien koulutus ja asiantuntijatuki. Filha toteuttaa hanketta Tad\u017eikistanin perhel\u00e4\u00e4k\u00e4rien yhdistyksen kanssa, joka vastaa perusterveydenhuollon ty\u00f6ntekij\u00f6iden kouluttamisesta hankkeen pilottialueilla.<\/td>\n<\/tr>\n<tr>\n<td>Yhteyshenkil\u00f6<\/td>\n<td>Mikko Vauhkonen,\u00a0044-5442203<br \/>\n<a href=\"mailto:mikko.vauhkonen@filha.fi\">mikko.vauhkonen@filha.fi<\/a><\/td>\n<\/tr>\n<\/tbody>\n<\/table>\n","protected":false},"excerpt":{"rendered":"<p>Kesto 2015\u20132017 P\u00e4\u00e4toteuttaja Filha Muut toteuttajat Rahoittajat Ulkoasiainministeri\u00f6 Yhteisty\u00f6kumppanit Tad\u017eikistanin perhel\u00e4\u00e4k\u00e4rien yhdistys Kohderyhm\u00e4 Tad\u017eikistanin perusterveydenhuollon ty\u00f6ntekij\u00e4t Lyhyt kuvaus Filhan hanke Tad\u017eikistanissa perustuu WHO:n PAL-strategiaan (Practical Approach to Lung Health), joka &#8230; <a title=\"Tad\u017eikistanin keuhkoterveyshanke\" class=\"read-more\" href=\"https:\/\/www.filha.fi\/en\/hankkeet\/paattyneet\/tadzikistanin-keuhkoterveyshanke\/\" aria-label=\"Read more about Tad\u017eikistanin keuhkoterveyshanke\">Read more<\/a><\/p>\n","protected":false},"author":4,"featured_media":0,"parent":87,"menu_order":0,"comment_status":"closed","ping_status":"closed","template":"","meta":{"_acf_changed":false,"footnotes":""},"categories":[25,46,44],"class_list":["post-86","page","type-page","status-publish","category-keski-aasia","category-mikko","category-patrick"],"translation":{"provider":"WPGlobus","version":"3.0.2","language":"en","enabled_languages":["fi","en"],"languages":{"fi":{"title":true,"content":true,"excerpt":false},"en":{"title":false,"content":false,"excerpt":false}}},"acf":[],"yoast_head":"<!-- This site is optimized with the Yoast SEO plugin v27.4 - https:\/\/yoast.com\/product\/yoast-seo-wordpress\/ -->\n<title>Tad\u017eikistanin keuhkoterveyshanke - Filha<\/title>\n<meta name=\"robots\" content=\"index, follow, max-snippet:-1, max-image-preview:large, max-video-preview:-1\" \/>\n<link rel=\"canonical\" href=\"https:\/\/www.filha.fi\/hankkeet\/paattyneet\/tadzikistanin-keuhkoterveyshanke\/\" \/>\n<meta property=\"og:locale\" content=\"en_US\" \/>\n<meta property=\"og:type\" content=\"article\" \/>\n<meta property=\"og:title\" content=\"Tad\u017eikistanin keuhkoterveyshanke - Filha\" \/>\n<meta property=\"og:url\" content=\"https:\/\/www.filha.fi\/hankkeet\/paattyneet\/tadzikistanin-keuhkoterveyshanke\/\" \/>\n<meta property=\"og:site_name\" content=\"Filha\" \/>\n<meta property=\"article:modified_time\" content=\"2019-05-14T11:35:08+00:00\" \/>\n<meta property=\"og:image\" content=\"https:\/\/www.filha.fi\/wp-content\/uploads\/2019\/04\/Filha-logo.png\" \/>\n\t<meta property=\"og:image:width\" content=\"960\" \/>\n\t<meta property=\"og:image:height\" content=\"1230\" \/>\n\t<meta property=\"og:image:type\" content=\"image\/png\" \/>\n<meta name=\"twitter:card\" content=\"summary_large_image\" \/>\n<script type=\"application\/ld+json\" class=\"yoast-schema-graph\">{\"@context\":\"https:\\\/\\\/schema.org\",\"@graph\":[{\"@type\":\"WebPage\",\"@id\":\"https:\\\/\\\/www.filha.fi\\\/hankkeet\\\/paattyneet\\\/tadzikistanin-keuhkoterveyshanke\\\/\",\"url\":\"https:\\\/\\\/www.filha.fi\\\/hankkeet\\\/paattyneet\\\/tadzikistanin-keuhkoterveyshanke\\\/\",\"name\":\"Tad\u017eikistanin keuhkoterveyshanke - Filha\",\"isPartOf\":{\"@id\":\"https:\\\/\\\/www.filha.fi\\\/#website\"},\"datePublished\":\"2015-09-09T10:05:44+00:00\",\"dateModified\":\"2019-05-14T11:35:08+00:00\",\"breadcrumb\":{\"@id\":\"https:\\\/\\\/www.filha.fi\\\/hankkeet\\\/paattyneet\\\/tadzikistanin-keuhkoterveyshanke\\\/#breadcrumb\"},\"inLanguage\":\"en-US\",\"potentialAction\":[{\"@type\":\"ReadAction\",\"target\":[\"https:\\\/\\\/www.filha.fi\\\/hankkeet\\\/paattyneet\\\/tadzikistanin-keuhkoterveyshanke\\\/\"]}]},{\"@type\":\"BreadcrumbList\",\"@id\":\"https:\\\/\\\/www.filha.fi\\\/hankkeet\\\/paattyneet\\\/tadzikistanin-keuhkoterveyshanke\\\/#breadcrumb\",\"itemListElement\":[{\"@type\":\"ListItem\",\"position\":1,\"name\":\"Home\",\"item\":\"https:\\\/\\\/www.filha.fi\\\/\"},{\"@type\":\"ListItem\",\"position\":2,\"name\":\"Hankkeet\",\"item\":\"https:\\\/\\\/www.filha.fi\\\/hankkeet\\\/\"},{\"@type\":\"ListItem\",\"position\":3,\"name\":\"P\u00e4\u00e4ttyneet hankkeet\",\"item\":\"https:\\\/\\\/www.filha.fi\\\/hankkeet\\\/paattyneet\\\/\"},{\"@type\":\"ListItem\",\"position\":4,\"name\":\"Tad\u017eikistanin keuhkoterveyshanke\"}]},{\"@type\":\"WebSite\",\"@id\":\"https:\\\/\\\/www.filha.fi\\\/#website\",\"url\":\"https:\\\/\\\/www.filha.fi\\\/\",\"name\":\"Filha\",\"description\":\"Expertise in lung health\",\"publisher\":{\"@id\":\"https:\\\/\\\/www.filha.fi\\\/#organization\"},\"potentialAction\":[{\"@type\":\"SearchAction\",\"target\":{\"@type\":\"EntryPoint\",\"urlTemplate\":\"https:\\\/\\\/www.filha.fi\\\/?s={search_term_string}\"},\"query-input\":{\"@type\":\"PropertyValueSpecification\",\"valueRequired\":true,\"valueName\":\"search_term_string\"}}],\"inLanguage\":\"en-US\"},{\"@type\":\"Organization\",\"@id\":\"https:\\\/\\\/www.filha.fi\\\/#organization\",\"name\":\"Filha ry\",\"url\":\"https:\\\/\\\/www.filha.fi\\\/\",\"logo\":{\"@type\":\"ImageObject\",\"inLanguage\":\"en-US\",\"@id\":\"https:\\\/\\\/www.filha.fi\\\/#\\\/schema\\\/logo\\\/image\\\/\",\"url\":\"https:\\\/\\\/www.filha.fi\\\/wp-content\\\/uploads\\\/2019\\\/04\\\/Filha-logo.png\",\"contentUrl\":\"https:\\\/\\\/www.filha.fi\\\/wp-content\\\/uploads\\\/2019\\\/04\\\/Filha-logo.png\",\"width\":960,\"height\":1230,\"caption\":\"Filha ry\"},\"image\":{\"@id\":\"https:\\\/\\\/www.filha.fi\\\/#\\\/schema\\\/logo\\\/image\\\/\"}}]}<\/script>\n<!-- \/ Yoast SEO plugin. -->","yoast_head_json":{"title":"Tad\u017eikistanin keuhkoterveyshanke - Filha","robots":{"index":"index","follow":"follow","max-snippet":"max-snippet:-1","max-image-preview":"max-image-preview:large","max-video-preview":"max-video-preview:-1"},"canonical":"https:\/\/www.filha.fi\/hankkeet\/paattyneet\/tadzikistanin-keuhkoterveyshanke\/","og_locale":"en_US","og_type":"article","og_title":"Tad\u017eikistanin keuhkoterveyshanke - Filha","og_url":"https:\/\/www.filha.fi\/hankkeet\/paattyneet\/tadzikistanin-keuhkoterveyshanke\/","og_site_name":"Filha","article_modified_time":"2019-05-14T11:35:08+00:00","og_image":[{"width":960,"height":1230,"url":"https:\/\/www.filha.fi\/wp-content\/uploads\/2019\/04\/Filha-logo.png","type":"image\/png"}],"twitter_card":"summary_large_image","schema":{"@context":"https:\/\/schema.org","@graph":[{"@type":"WebPage","@id":"https:\/\/www.filha.fi\/hankkeet\/paattyneet\/tadzikistanin-keuhkoterveyshanke\/","url":"https:\/\/www.filha.fi\/hankkeet\/paattyneet\/tadzikistanin-keuhkoterveyshanke\/","name":"Tad\u017eikistanin keuhkoterveyshanke - Filha","isPartOf":{"@id":"https:\/\/www.filha.fi\/#website"},"datePublished":"2015-09-09T10:05:44+00:00","dateModified":"2019-05-14T11:35:08+00:00","breadcrumb":{"@id":"https:\/\/www.filha.fi\/hankkeet\/paattyneet\/tadzikistanin-keuhkoterveyshanke\/#breadcrumb"},"inLanguage":"en-US","potentialAction":[{"@type":"ReadAction","target":["https:\/\/www.filha.fi\/hankkeet\/paattyneet\/tadzikistanin-keuhkoterveyshanke\/"]}]},{"@type":"BreadcrumbList","@id":"https:\/\/www.filha.fi\/hankkeet\/paattyneet\/tadzikistanin-keuhkoterveyshanke\/#breadcrumb","itemListElement":[{"@type":"ListItem","position":1,"name":"Home","item":"https:\/\/www.filha.fi\/"},{"@type":"ListItem","position":2,"name":"Hankkeet","item":"https:\/\/www.filha.fi\/hankkeet\/"},{"@type":"ListItem","position":3,"name":"P\u00e4\u00e4ttyneet hankkeet","item":"https:\/\/www.filha.fi\/hankkeet\/paattyneet\/"},{"@type":"ListItem","position":4,"name":"Tad\u017eikistanin keuhkoterveyshanke"}]},{"@type":"WebSite","@id":"https:\/\/www.filha.fi\/#website","url":"https:\/\/www.filha.fi\/","name":"Filha","description":"Expertise in lung health","publisher":{"@id":"https:\/\/www.filha.fi\/#organization"},"potentialAction":[{"@type":"SearchAction","target":{"@type":"EntryPoint","urlTemplate":"https:\/\/www.filha.fi\/?s={search_term_string}"},"query-input":{"@type":"PropertyValueSpecification","valueRequired":true,"valueName":"search_term_string"}}],"inLanguage":"en-US"},{"@type":"Organization","@id":"https:\/\/www.filha.fi\/#organization","name":"Filha ry","url":"https:\/\/www.filha.fi\/","logo":{"@type":"ImageObject","inLanguage":"en-US","@id":"https:\/\/www.filha.fi\/#\/schema\/logo\/image\/","url":"https:\/\/www.filha.fi\/wp-content\/uploads\/2019\/04\/Filha-logo.png","contentUrl":"https:\/\/www.filha.fi\/wp-content\/uploads\/2019\/04\/Filha-logo.png","width":960,"height":1230,"caption":"Filha ry"},"image":{"@id":"https:\/\/www.filha.fi\/#\/schema\/logo\/image\/"}}]}},"_links":{"self":[{"href":"https:\/\/www.filha.fi\/en\/wp-json\/wp\/v2\/pages\/86","targetHints":{"allow":["GET"]}}],"collection":[{"href":"https:\/\/www.filha.fi\/en\/wp-json\/wp\/v2\/pages"}],"about":[{"href":"https:\/\/www.filha.fi\/en\/wp-json\/wp\/v2\/types\/page"}],"author":[{"embeddable":true,"href":"https:\/\/www.filha.fi\/en\/wp-json\/wp\/v2\/users\/4"}],"replies":[{"embeddable":true,"href":"https:\/\/www.filha.fi\/en\/wp-json\/wp\/v2\/comments?post=86"}],"version-history":[{"count":0,"href":"https:\/\/www.filha.fi\/en\/wp-json\/wp\/v2\/pages\/86\/revisions"}],"up":[{"embeddable":true,"href":"https:\/\/www.filha.fi\/en\/wp-json\/wp\/v2\/pages\/87"}],"wp:attachment":[{"href":"https:\/\/www.filha.fi\/en\/wp-json\/wp\/v2\/media?parent=86"}],"wp:term":[{"taxonomy":"category","embeddable":true,"href":"https:\/\/www.filha.fi\/en\/wp-json\/wp\/v2\/categories?post=86"}],"curies":[{"name":"wp","href":"https:\/\/api.w.org\/{rel}","templated":true}]}}