{"id":87,"date":"2015-09-09T10:06:22","date_gmt":"2015-09-09T10:06:22","guid":{"rendered":"http:\/\/www.filha.fi\/content_page\/paattyneet-hankkeet\/"},"modified":"2024-12-16T09:54:29","modified_gmt":"2024-12-16T07:54:29","slug":"paattyneet","status":"publish","type":"page","link":"https:\/\/www.filha.fi\/en\/hankkeet\/paattyneet\/","title":{"rendered":"P\u00e4\u00e4ttyneet hankkeet"},"content":{"rendered":"<p>T\u00e4m\u00e4n sivun alasivuille arkistoidaan tietoa Filhan p\u00e4\u00e4ttyneist\u00e4 hankkeista.<\/p>\n<p><a href=\"https:\/\/www.filha.fi\/hankkeet\/paattyneet\/pikkutopposet\/\">Pikkut\u00f6pp\u00f6set onnistumiseen\u00a0<\/a><\/p>\n<p><a href=\"https:\/\/www.filha.fi\/hankkeet\/paattyneet\/keuhkohuoli\/\">Keuhkohuoli<\/a><\/p>\n<p><a href=\"https:\/\/www.filha.fi\/hankkeet\/paattyneet\/raskaus-ilman-tupakkaa\/\">Raskaus ilman tupakkaa<\/a><\/p>\n<p><a href=\"https:\/\/www.filha.fi\/hankkeet\/paattyneet\/kansallinen-allergiaohjelma\/\">Kansallinen allergiaohjelma<\/a><\/p>\n<p><a href=\"https:\/\/www.filha.fi\/hankkeet\/toimivat-palkeet\/\">Toimivat palkeet<\/a><\/p>\n<p><a href=\"https:\/\/www.filha.fi\/hankkeet\/paattyneet\/mitu-mielenterveys-ja-paihdeongelmista-karsivien-tupakoinnin-lopettamisen-tukeminen-karkihanke\/\">MITU &#8211; Mielenterveys- ja p\u00e4ihdeongelmista k\u00e4rsivien tupakoinnin lopettamisen tukeminen (k\u00e4rkihanke)<\/a><\/p>\n<p><a href=\"https:\/\/www.filha.fi\/hankkeet\/paattyneet\/tuki-5-eu-maalle-mdr-tuberkuloosin-ehkaisyssa\/\">Tuki 5 EU-maalle MDR-tuberkuloosin ehk\u00e4isyss\u00e4<\/a><\/p>\n<p><a href=\"https:\/\/www.filha.fi\/hankkeet\/paattyneet\/tuberkuloosityon-edistaminen-maahanmuuttajien-paihderiippuvaisten-ja-syrjaytyneiden-keskuudessa\/\">Tuberkuloosity\u00f6n edist\u00e4minen maahanmuuttajien, p\u00e4ihderiippuvaisten ja syrj\u00e4ytyneiden keskuudessa<\/a><\/p>\n<p><a href=\"https:\/\/www.filha.fi\/hankkeet\/paattyneet\/tubidu\/\">TUBIDU<\/a><\/p>\n<p><a href=\"https:\/\/www.filha.fi\/hankkeet\/paattyneet\/hatbai\/\">HATBAI<\/a><\/p>\n<p><a href=\"https:\/\/www.filha.fi\/hankkeet\/paattyneet\/tadzikistanin-keuhkoterveyshanke\/\">Tad\u200b\u200b\u200b\u200b\u017eikistanin keuhkoterveyshanke<\/a><\/p>\n<p><a href=\"https:\/\/www.filha.fi\/hankkeet\/paattyneet\/kirgisian-tupakoinnin-vahentamishanke\/\">Kirgisian tupakoinnin v\u00e4hent\u00e4mishanke<\/a><\/p>\n<p><a href=\"https:\/\/www.filha.fi\/hankkeet\/paattyneet\/vertaistuella-eroon-tupakasta%e2%80%8b%e2%80%8b\/\">Vertaistuella eroon tupakasta<\/a><\/p>\n<p><a href=\"https:\/\/www.filha.fi\/hankkeet\/paattyneet\/tupakka-ja-tyottomien-elamanhallinta-vertaistuella\/\">Tupakka ja ty\u00f6tt\u00f6mien el\u00e4m\u00e4nhallinta vertaistuella<\/a><\/p>\n<p><a href=\"https:\/\/www.filha.fi\/hankkeet\/paattyneet\/varusmiesten-savuttomuus\/\">Varusmiesten savuttomuus<\/a><\/p>\n<p><a href=\"https:\/\/www.filha.fi\/hankkeet\/paattyneet\/tarton-kurssit\/\">Tarton kurssit<\/a><\/p>\n<p><a href=\"https:\/\/www.filha.fi\/hankkeet\/paattyneet\/lahialueyhteistyo\/\">L\u00e4hialueyhteisty\u00f6<\/a><\/p>\n<p><a href=\"https:\/\/www.filha.fi\/hankkeet\/paattyneet\/somalian-tuberkuloosihanke\/\">Somalian tuberkuloosihanke<\/a><\/p>\n<p>&nbsp;<\/p>\n","protected":false},"excerpt":{"rendered":"<p>T\u00e4m\u00e4n sivun alasivuille arkistoidaan tietoa Filhan p\u00e4\u00e4ttyneist\u00e4 hankkeista. Pikkut\u00f6pp\u00f6set onnistumiseen\u00a0 Keuhkohuoli Raskaus ilman tupakkaa Kansallinen allergiaohjelma Toimivat palkeet MITU &#8211; Mielenterveys- ja p\u00e4ihdeongelmista k\u00e4rsivien tupakoinnin lopettamisen tukeminen (k\u00e4rkihanke) Tuki 5 &#8230; <a title=\"P\u00e4\u00e4ttyneet hankkeet\" class=\"read-more\" href=\"https:\/\/www.filha.fi\/en\/hankkeet\/paattyneet\/\" aria-label=\"Read more about P\u00e4\u00e4ttyneet hankkeet\">Read more<\/a><\/p>\n","protected":false},"author":4,"featured_media":0,"parent":37,"menu_order":0,"comment_status":"closed","ping_status":"closed","template":"","meta":{"_acf_changed":false,"footnotes":""},"categories":[2],"class_list":["post-87","page","type-page","status-publish","category-filha"],"translation":{"provider":"WPGlobus","version":"3.0.2","language":"en","enabled_languages":["fi","en"],"languages":{"fi":{"title":true,"content":true,"excerpt":false},"en":{"title":false,"content":false,"excerpt":false}}},"acf":[],"yoast_head":"<!-- This site is optimized with the Yoast SEO plugin v27.4 - https:\/\/yoast.com\/product\/yoast-seo-wordpress\/ -->\n<title>P\u00e4\u00e4ttyneet hankkeet - Filha<\/title>\n<meta name=\"robots\" content=\"index, follow, max-snippet:-1, max-image-preview:large, max-video-preview:-1\" \/>\n<link rel=\"canonical\" href=\"https:\/\/www.filha.fi\/hankkeet\/paattyneet\/\" \/>\n<meta property=\"og:locale\" content=\"en_US\" \/>\n<meta property=\"og:type\" content=\"article\" \/>\n<meta property=\"og:title\" content=\"P\u00e4\u00e4ttyneet hankkeet - Filha\" \/>\n<meta property=\"og:url\" content=\"https:\/\/www.filha.fi\/hankkeet\/paattyneet\/\" \/>\n<meta property=\"og:site_name\" content=\"Filha\" \/>\n<meta property=\"article:modified_time\" content=\"2024-12-16T07:54:29+00:00\" \/>\n<meta property=\"og:image\" content=\"https:\/\/www.filha.fi\/wp-content\/uploads\/2019\/04\/Filha-logo.png\" \/>\n\t<meta property=\"og:image:width\" content=\"960\" \/>\n\t<meta property=\"og:image:height\" content=\"1230\" \/>\n\t<meta property=\"og:image:type\" content=\"image\/png\" \/>\n<meta name=\"twitter:card\" content=\"summary_large_image\" \/>\n<meta name=\"twitter:label1\" content=\"Est. reading time\" \/>\n\t<meta name=\"twitter:data1\" content=\"1 minute\" \/>\n<script type=\"application\/ld+json\" class=\"yoast-schema-graph\">{\"@context\":\"https:\\\/\\\/schema.org\",\"@graph\":[{\"@type\":\"WebPage\",\"@id\":\"https:\\\/\\\/www.filha.fi\\\/hankkeet\\\/paattyneet\\\/\",\"url\":\"https:\\\/\\\/www.filha.fi\\\/hankkeet\\\/paattyneet\\\/\",\"name\":\"P\u00e4\u00e4ttyneet hankkeet - Filha\",\"isPartOf\":{\"@id\":\"https:\\\/\\\/www.filha.fi\\\/#website\"},\"datePublished\":\"2015-09-09T10:06:22+00:00\",\"dateModified\":\"2024-12-16T07:54:29+00:00\",\"breadcrumb\":{\"@id\":\"https:\\\/\\\/www.filha.fi\\\/hankkeet\\\/paattyneet\\\/#breadcrumb\"},\"inLanguage\":\"en-US\",\"potentialAction\":[{\"@type\":\"ReadAction\",\"target\":[\"https:\\\/\\\/www.filha.fi\\\/hankkeet\\\/paattyneet\\\/\"]}]},{\"@type\":\"BreadcrumbList\",\"@id\":\"https:\\\/\\\/www.filha.fi\\\/hankkeet\\\/paattyneet\\\/#breadcrumb\",\"itemListElement\":[{\"@type\":\"ListItem\",\"position\":1,\"name\":\"Home\",\"item\":\"https:\\\/\\\/www.filha.fi\\\/\"},{\"@type\":\"ListItem\",\"position\":2,\"name\":\"Hankkeet\",\"item\":\"https:\\\/\\\/www.filha.fi\\\/hankkeet\\\/\"},{\"@type\":\"ListItem\",\"position\":3,\"name\":\"P\u00e4\u00e4ttyneet hankkeet\"}]},{\"@type\":\"WebSite\",\"@id\":\"https:\\\/\\\/www.filha.fi\\\/#website\",\"url\":\"https:\\\/\\\/www.filha.fi\\\/\",\"name\":\"Filha\",\"description\":\"Expertise in lung health\",\"publisher\":{\"@id\":\"https:\\\/\\\/www.filha.fi\\\/#organization\"},\"potentialAction\":[{\"@type\":\"SearchAction\",\"target\":{\"@type\":\"EntryPoint\",\"urlTemplate\":\"https:\\\/\\\/www.filha.fi\\\/?s={search_term_string}\"},\"query-input\":{\"@type\":\"PropertyValueSpecification\",\"valueRequired\":true,\"valueName\":\"search_term_string\"}}],\"inLanguage\":\"en-US\"},{\"@type\":\"Organization\",\"@id\":\"https:\\\/\\\/www.filha.fi\\\/#organization\",\"name\":\"Filha ry\",\"url\":\"https:\\\/\\\/www.filha.fi\\\/\",\"logo\":{\"@type\":\"ImageObject\",\"inLanguage\":\"en-US\",\"@id\":\"https:\\\/\\\/www.filha.fi\\\/#\\\/schema\\\/logo\\\/image\\\/\",\"url\":\"https:\\\/\\\/www.filha.fi\\\/wp-content\\\/uploads\\\/2019\\\/04\\\/Filha-logo.png\",\"contentUrl\":\"https:\\\/\\\/www.filha.fi\\\/wp-content\\\/uploads\\\/2019\\\/04\\\/Filha-logo.png\",\"width\":960,\"height\":1230,\"caption\":\"Filha ry\"},\"image\":{\"@id\":\"https:\\\/\\\/www.filha.fi\\\/#\\\/schema\\\/logo\\\/image\\\/\"}}]}<\/script>\n<!-- \/ Yoast SEO plugin. -->","yoast_head_json":{"title":"P\u00e4\u00e4ttyneet hankkeet - Filha","robots":{"index":"index","follow":"follow","max-snippet":"max-snippet:-1","max-image-preview":"max-image-preview:large","max-video-preview":"max-video-preview:-1"},"canonical":"https:\/\/www.filha.fi\/hankkeet\/paattyneet\/","og_locale":"en_US","og_type":"article","og_title":"P\u00e4\u00e4ttyneet hankkeet - Filha","og_url":"https:\/\/www.filha.fi\/hankkeet\/paattyneet\/","og_site_name":"Filha","article_modified_time":"2024-12-16T07:54:29+00:00","og_image":[{"width":960,"height":1230,"url":"https:\/\/www.filha.fi\/wp-content\/uploads\/2019\/04\/Filha-logo.png","type":"image\/png"}],"twitter_card":"summary_large_image","twitter_misc":{"Est. reading time":"1 minute"},"schema":{"@context":"https:\/\/schema.org","@graph":[{"@type":"WebPage","@id":"https:\/\/www.filha.fi\/hankkeet\/paattyneet\/","url":"https:\/\/www.filha.fi\/hankkeet\/paattyneet\/","name":"P\u00e4\u00e4ttyneet hankkeet - Filha","isPartOf":{"@id":"https:\/\/www.filha.fi\/#website"},"datePublished":"2015-09-09T10:06:22+00:00","dateModified":"2024-12-16T07:54:29+00:00","breadcrumb":{"@id":"https:\/\/www.filha.fi\/hankkeet\/paattyneet\/#breadcrumb"},"inLanguage":"en-US","potentialAction":[{"@type":"ReadAction","target":["https:\/\/www.filha.fi\/hankkeet\/paattyneet\/"]}]},{"@type":"BreadcrumbList","@id":"https:\/\/www.filha.fi\/hankkeet\/paattyneet\/#breadcrumb","itemListElement":[{"@type":"ListItem","position":1,"name":"Home","item":"https:\/\/www.filha.fi\/"},{"@type":"ListItem","position":2,"name":"Hankkeet","item":"https:\/\/www.filha.fi\/hankkeet\/"},{"@type":"ListItem","position":3,"name":"P\u00e4\u00e4ttyneet hankkeet"}]},{"@type":"WebSite","@id":"https:\/\/www.filha.fi\/#website","url":"https:\/\/www.filha.fi\/","name":"Filha","description":"Expertise in lung health","publisher":{"@id":"https:\/\/www.filha.fi\/#organization"},"potentialAction":[{"@type":"SearchAction","target":{"@type":"EntryPoint","urlTemplate":"https:\/\/www.filha.fi\/?s={search_term_string}"},"query-input":{"@type":"PropertyValueSpecification","valueRequired":true,"valueName":"search_term_string"}}],"inLanguage":"en-US"},{"@type":"Organization","@id":"https:\/\/www.filha.fi\/#organization","name":"Filha ry","url":"https:\/\/www.filha.fi\/","logo":{"@type":"ImageObject","inLanguage":"en-US","@id":"https:\/\/www.filha.fi\/#\/schema\/logo\/image\/","url":"https:\/\/www.filha.fi\/wp-content\/uploads\/2019\/04\/Filha-logo.png","contentUrl":"https:\/\/www.filha.fi\/wp-content\/uploads\/2019\/04\/Filha-logo.png","width":960,"height":1230,"caption":"Filha ry"},"image":{"@id":"https:\/\/www.filha.fi\/#\/schema\/logo\/image\/"}}]}},"_links":{"self":[{"href":"https:\/\/www.filha.fi\/en\/wp-json\/wp\/v2\/pages\/87","targetHints":{"allow":["GET"]}}],"collection":[{"href":"https:\/\/www.filha.fi\/en\/wp-json\/wp\/v2\/pages"}],"about":[{"href":"https:\/\/www.filha.fi\/en\/wp-json\/wp\/v2\/types\/page"}],"author":[{"embeddable":true,"href":"https:\/\/www.filha.fi\/en\/wp-json\/wp\/v2\/users\/4"}],"replies":[{"embeddable":true,"href":"https:\/\/www.filha.fi\/en\/wp-json\/wp\/v2\/comments?post=87"}],"version-history":[{"count":0,"href":"https:\/\/www.filha.fi\/en\/wp-json\/wp\/v2\/pages\/87\/revisions"}],"up":[{"embeddable":true,"href":"https:\/\/www.filha.fi\/en\/wp-json\/wp\/v2\/pages\/37"}],"wp:attachment":[{"href":"https:\/\/www.filha.fi\/en\/wp-json\/wp\/v2\/media?parent=87"}],"wp:term":[{"taxonomy":"category","embeddable":true,"href":"https:\/\/www.filha.fi\/en\/wp-json\/wp\/v2\/categories?post=87"}],"curies":[{"name":"wp","href":"https:\/\/api.w.org\/{rel}","templated":true}]}}