{"id":9245,"date":"2021-08-18T18:54:06","date_gmt":"2021-08-18T15:54:06","guid":{"rendered":"https:\/\/www.filha.fi\/?page_id=9245"},"modified":"2025-10-17T11:48:58","modified_gmt":"2025-10-17T08:48:58","slug":"pikkutopposet","status":"publish","type":"page","link":"https:\/\/www.filha.fi\/en\/hankkeet\/paattyneet\/pikkutopposet\/","title":{"rendered":"Pikkut\u00f6pp\u00f6set onnistumiseen"},"content":{"rendered":"<p><a href=\"http:\/\/www.pikkutopposet.fi\" target=\"_blank\" rel=\"noopener\"><br \/>\n<img decoding=\"async\" src=\"https:\/\/www.filha.fi\/wp-content\/uploads\/2022\/01\/Pikku_to\u0308ppo\u0308set_logo_vaaka-300x92.png\" sizes=\"(max-width: 300px) 100vw, 300px\" srcset=\"https:\/\/www.filha.fi\/wp-content\/uploads\/2022\/01\/Pikku_to\u0308ppo\u0308set_logo_vaaka-300x92.png 300w, https:\/\/www.filha.fi\/wp-content\/uploads\/2022\/01\/Pikku_to\u0308ppo\u0308set_logo_vaaka-1024x315.png 1024w, https:\/\/www.filha.fi\/wp-content\/uploads\/2022\/01\/Pikku_to\u0308ppo\u0308set_logo_vaaka-768x236.png 768w, https:\/\/www.filha.fi\/wp-content\/uploads\/2022\/01\/Pikku_to\u0308ppo\u0308set_logo_vaaka-1536x472.png 1536w, https:\/\/www.filha.fi\/wp-content\/uploads\/2022\/01\/Pikku_to\u0308ppo\u0308set_logo_vaaka.png 1991w\" alt=\"\" width=\"300\" height=\"92\" \/> <\/a><\/p>\n<table border=\"1\" cellspacing=\"0\" cellpadding=\"0\">\n<tbody>\n<tr>\n<td><\/td>\n<td><\/td>\n<\/tr>\n<tr>\n<td><strong>Kesto<\/strong><\/td>\n<td>1.8.2021 &#8211; 31.12.2024<\/td>\n<\/tr>\n<tr>\n<td><strong>P\u00e4\u00e4toteuttaja<\/strong><\/td>\n<td>Filha ry<\/td>\n<\/tr>\n<tr>\n<td><strong>Toiminta-alue<\/strong><\/td>\n<td>Valtakunnallinen<\/td>\n<\/tr>\n<tr>\n<td><strong>Rahoittaja<\/strong><\/td>\n<td>Sosiaali- ja terveysj\u00e4rjest\u00f6jen avustuskeskus (STEA)<\/td>\n<\/tr>\n<tr>\n<td><strong>Lyhyt kuvaus<\/strong><\/td>\n<td>Verkkoauttamisen hanke vauvaa odottavien sek\u00e4 pikkulasten vanhempien tupakoinnin ja muiden nikotiinituotteiden k\u00e4yt\u00f6n lopettamisen tukemiseen.<\/td>\n<\/tr>\n<tr>\n<td><strong>Verkkosivusto<\/strong><\/td>\n<td><\/td>\n<\/tr>\n<tr>\n<td><strong>Yhteyshenkil\u00f6<\/strong><\/td>\n<td>Salla-Maaret Keij\u00e4l\u00e4, hankevastaava, <a href=\"mailto:salla-maaret.keijala@filha.fi\" target=\"_blank\" rel=\"noopener noreferrer\">salla-maaret.keijala@filha.fi<\/a>, 044 747 8899<\/td>\n<\/tr>\n<tr>\n<td><strong>Hankkeesta muualla<\/strong><\/td>\n<td><a href=\"https:\/\/innokyla.fi\/fi\/toimintamalli\/pikkutopposista-onnistumiseen-hanke\" target=\"_blank\" rel=\"noopener\">Innokyl\u00e4<\/a><\/td>\n<\/tr>\n<\/tbody>\n<\/table>\n<p>&nbsp;<\/p>\n<p>Hankkeen aikana tuotettiin 7+1 verkkovieroitusaineisto, infograafeja sek\u00e4 asiakasohjeita. Infograafien tarkoituksena on ohjata pohtimaan omaa tai asiakkaan nikotiiniriippuvuutta askel askeleelta. Infograafit sopivat hyvin asiakkaalle itselleen pohdinnan apuv\u00e4lineeksi tai keskustelun avuksi vastaanotoille. Asiakasohjeista l\u00f6yd\u00e4t muun muassa nikotiinikorvaustuotteiden k\u00e4ytt\u00f6ohjeen raskausaikana, nikotiiniriippuvuustestin ja nikotiinituotteiden hy\u00f6ty-haitta-erittelyn. <a href=\"https:\/\/www.filha.fi\/pikkutopposet-materiaalipankki\/\">T\u00e4st\u00e4 materiaalipankkiin.<\/a><\/p>\n<p>7+1 verkkovieroitusaineisto on tarkoitettu tupakointia tai nikotiinituotteiden lopettamista harkitsevalla vauvaa odottavalle ja pikkulapsen vanhemmalle. Aineisto koostuu 7+1 askeleesta, jotka haastavat sinua pohtimaan nikotiiniriippuvuuttasi. Askel askeleelta p\u00e4\u00e4set kohti nikotiinittomuutta ja p\u00e4\u00e4set irti tupakka- ja nikotiinituotteiden k\u00e4yt\u00f6st\u00e4<\/p>\n<p><a href=\"https:\/\/www.filha.fi\/askel-1-suhteeni-tupakkaan\/\">Askel 1 &#8211; Suhteeni tupakkaan ja nikotiinituotteisiin<\/a><\/p>\n<p><a href=\"https:\/\/www.filha.fi\/askel-2-miksi-tupakoin\/\">Askel 2 &#8211; Miksi tupakoin tai k\u00e4yt\u00e4n nikotiinituotteita?<\/a><\/p>\n<p><a href=\"https:\/\/www.filha.fi\/askel-3-miksi-lopettaisin\/\">Askel 3 &#8211; Miksi lopettaisin?<\/a><\/p>\n<p><a href=\"https:\/\/www.filha.fi\/askel-4-nain-onnistun\/\">Askel 4 &#8211; N\u00e4in onnistun\u00a0<\/a><\/p>\n<p><a href=\"https:\/\/www.filha.fi\/askel-5-kun-tupakanhimo-yllattaa\/\">Askel 5 &#8211; Kun nikotiinihimo yll\u00e4tt\u00e4\u00e4<\/a><\/p>\n<p><a href=\"https:\/\/www.filha.fi\/askel-6-riskit-haltuun\/\">Askel 6 &#8211; Riskit haltuun<\/a><\/p>\n<p><a href=\"https:\/\/www.filha.fi\/askel-7-muutokset-arjessani\/\">Askel 7 &#8211; Muutokset arjessani<\/a><\/p>\n<p><a href=\"https:\/\/www.filha.fi\/askel-8-miten-menee-nyt\/\">Askel 8 &#8211; Miten menee nyt?<\/a><\/p>\n<p>&nbsp;<\/p>\n<figure><\/figure>\n<figure><\/figure>\n<figure><\/figure>\n","protected":false},"excerpt":{"rendered":"<p>Kesto 1.8.2021 &#8211; 31.12.2024 P\u00e4\u00e4toteuttaja Filha ry Toiminta-alue Valtakunnallinen Rahoittaja Sosiaali- ja terveysj\u00e4rjest\u00f6jen avustuskeskus (STEA) Lyhyt kuvaus Verkkoauttamisen hanke vauvaa odottavien sek\u00e4 pikkulasten vanhempien tupakoinnin ja muiden nikotiinituotteiden k\u00e4yt\u00f6n lopettamisen &#8230; <a title=\"Pikkut\u00f6pp\u00f6set onnistumiseen\" class=\"read-more\" href=\"https:\/\/www.filha.fi\/en\/hankkeet\/paattyneet\/pikkutopposet\/\" aria-label=\"Read more about Pikkut\u00f6pp\u00f6set onnistumiseen\">Read more<\/a><\/p>\n","protected":false},"author":12,"featured_media":0,"parent":87,"menu_order":2,"comment_status":"closed","ping_status":"closed","template":"","meta":{"_acf_changed":false,"footnotes":""},"categories":[52,69,178,97,172,177,7],"class_list":["post-9245","page","type-page","status-publish","category-ala-nayta-aiheeseen-liittyvia-koulutuksia","category-ala-nayta-aiheeseen-liittyvia-sivuja","category-hannele","category-salla-maaret","category-satu","category-susanna","category-tupakka"],"translation":{"provider":"WPGlobus","version":"3.0.2","language":"en","enabled_languages":["fi","en"],"languages":{"fi":{"title":true,"content":true,"excerpt":false},"en":{"title":false,"content":false,"excerpt":false}}},"acf":[],"yoast_head":"<!-- This site is optimized with the Yoast SEO plugin v27.4 - https:\/\/yoast.com\/product\/yoast-seo-wordpress\/ -->\n<title>Pikkut\u00f6pp\u00f6set onnistumiseen - Filha<\/title>\n<meta name=\"robots\" content=\"index, follow, max-snippet:-1, max-image-preview:large, max-video-preview:-1\" \/>\n<link rel=\"canonical\" href=\"https:\/\/www.filha.fi\/hankkeet\/paattyneet\/pikkutopposet\/\" \/>\n<meta property=\"og:locale\" content=\"en_US\" \/>\n<meta property=\"og:type\" content=\"article\" \/>\n<meta property=\"og:title\" content=\"Pikkut\u00f6pp\u00f6set onnistumiseen - Filha\" \/>\n<meta property=\"og:url\" content=\"https:\/\/www.filha.fi\/hankkeet\/paattyneet\/pikkutopposet\/\" \/>\n<meta property=\"og:site_name\" content=\"Filha\" \/>\n<meta property=\"article:modified_time\" content=\"2025-10-17T08:48:58+00:00\" \/>\n<meta property=\"og:image\" content=\"https:\/\/www.filha.fi\/wp-content\/uploads\/2019\/04\/Filha-logo.png\" \/>\n\t<meta property=\"og:image:width\" content=\"960\" \/>\n\t<meta property=\"og:image:height\" content=\"1230\" \/>\n\t<meta property=\"og:image:type\" content=\"image\/png\" \/>\n<meta name=\"twitter:card\" content=\"summary_large_image\" \/>\n<meta name=\"twitter:label1\" content=\"Est. reading time\" \/>\n\t<meta name=\"twitter:data1\" content=\"2 minutes\" \/>\n<script type=\"application\/ld+json\" class=\"yoast-schema-graph\">{\"@context\":\"https:\\\/\\\/schema.org\",\"@graph\":[{\"@type\":\"WebPage\",\"@id\":\"https:\\\/\\\/www.filha.fi\\\/hankkeet\\\/paattyneet\\\/pikkutopposet\\\/\",\"url\":\"https:\\\/\\\/www.filha.fi\\\/hankkeet\\\/paattyneet\\\/pikkutopposet\\\/\",\"name\":\"Pikkut\u00f6pp\u00f6set onnistumiseen - Filha\",\"isPartOf\":{\"@id\":\"https:\\\/\\\/www.filha.fi\\\/#website\"},\"datePublished\":\"2021-08-18T15:54:06+00:00\",\"dateModified\":\"2025-10-17T08:48:58+00:00\",\"description\":\"Tukea raskautta suunnitteleville, vauvaa odottaville sek\u00e4 pikkulapsiperheiden vanhemmille tupakka- ja nikotiinituotteiden lopettamiseen.\",\"breadcrumb\":{\"@id\":\"https:\\\/\\\/www.filha.fi\\\/hankkeet\\\/paattyneet\\\/pikkutopposet\\\/#breadcrumb\"},\"inLanguage\":\"en-US\",\"potentialAction\":[{\"@type\":\"ReadAction\",\"target\":[\"https:\\\/\\\/www.filha.fi\\\/hankkeet\\\/paattyneet\\\/pikkutopposet\\\/\"]}]},{\"@type\":\"BreadcrumbList\",\"@id\":\"https:\\\/\\\/www.filha.fi\\\/hankkeet\\\/paattyneet\\\/pikkutopposet\\\/#breadcrumb\",\"itemListElement\":[{\"@type\":\"ListItem\",\"position\":1,\"name\":\"Home\",\"item\":\"https:\\\/\\\/www.filha.fi\\\/\"},{\"@type\":\"ListItem\",\"position\":2,\"name\":\"Hankkeet\",\"item\":\"https:\\\/\\\/www.filha.fi\\\/hankkeet\\\/\"},{\"@type\":\"ListItem\",\"position\":3,\"name\":\"P\u00e4\u00e4ttyneet hankkeet\",\"item\":\"https:\\\/\\\/www.filha.fi\\\/hankkeet\\\/paattyneet\\\/\"},{\"@type\":\"ListItem\",\"position\":4,\"name\":\"Pikkut\u00f6pp\u00f6set onnistumiseen\"}]},{\"@type\":\"WebSite\",\"@id\":\"https:\\\/\\\/www.filha.fi\\\/#website\",\"url\":\"https:\\\/\\\/www.filha.fi\\\/\",\"name\":\"Filha\",\"description\":\"Expertise in lung health\",\"publisher\":{\"@id\":\"https:\\\/\\\/www.filha.fi\\\/#organization\"},\"potentialAction\":[{\"@type\":\"SearchAction\",\"target\":{\"@type\":\"EntryPoint\",\"urlTemplate\":\"https:\\\/\\\/www.filha.fi\\\/?s={search_term_string}\"},\"query-input\":{\"@type\":\"PropertyValueSpecification\",\"valueRequired\":true,\"valueName\":\"search_term_string\"}}],\"inLanguage\":\"en-US\"},{\"@type\":\"Organization\",\"@id\":\"https:\\\/\\\/www.filha.fi\\\/#organization\",\"name\":\"Filha ry\",\"url\":\"https:\\\/\\\/www.filha.fi\\\/\",\"logo\":{\"@type\":\"ImageObject\",\"inLanguage\":\"en-US\",\"@id\":\"https:\\\/\\\/www.filha.fi\\\/#\\\/schema\\\/logo\\\/image\\\/\",\"url\":\"https:\\\/\\\/www.filha.fi\\\/wp-content\\\/uploads\\\/2019\\\/04\\\/Filha-logo.png\",\"contentUrl\":\"https:\\\/\\\/www.filha.fi\\\/wp-content\\\/uploads\\\/2019\\\/04\\\/Filha-logo.png\",\"width\":960,\"height\":1230,\"caption\":\"Filha ry\"},\"image\":{\"@id\":\"https:\\\/\\\/www.filha.fi\\\/#\\\/schema\\\/logo\\\/image\\\/\"}}]}<\/script>\n<!-- \/ Yoast SEO plugin. -->","yoast_head_json":{"title":"Pikkut\u00f6pp\u00f6set onnistumiseen - Filha","robots":{"index":"index","follow":"follow","max-snippet":"max-snippet:-1","max-image-preview":"max-image-preview:large","max-video-preview":"max-video-preview:-1"},"canonical":"https:\/\/www.filha.fi\/hankkeet\/paattyneet\/pikkutopposet\/","og_locale":"en_US","og_type":"article","og_title":"Pikkut\u00f6pp\u00f6set onnistumiseen - Filha","og_url":"https:\/\/www.filha.fi\/hankkeet\/paattyneet\/pikkutopposet\/","og_site_name":"Filha","article_modified_time":"2025-10-17T08:48:58+00:00","og_image":[{"width":960,"height":1230,"url":"https:\/\/www.filha.fi\/wp-content\/uploads\/2019\/04\/Filha-logo.png","type":"image\/png"}],"twitter_card":"summary_large_image","twitter_misc":{"Est. reading time":"2 minutes"},"schema":{"@context":"https:\/\/schema.org","@graph":[{"@type":"WebPage","@id":"https:\/\/www.filha.fi\/hankkeet\/paattyneet\/pikkutopposet\/","url":"https:\/\/www.filha.fi\/hankkeet\/paattyneet\/pikkutopposet\/","name":"Pikkut\u00f6pp\u00f6set onnistumiseen - Filha","isPartOf":{"@id":"https:\/\/www.filha.fi\/#website"},"datePublished":"2021-08-18T15:54:06+00:00","dateModified":"2025-10-17T08:48:58+00:00","description":"Tukea raskautta suunnitteleville, vauvaa odottaville sek\u00e4 pikkulapsiperheiden vanhemmille tupakka- ja nikotiinituotteiden lopettamiseen.","breadcrumb":{"@id":"https:\/\/www.filha.fi\/hankkeet\/paattyneet\/pikkutopposet\/#breadcrumb"},"inLanguage":"en-US","potentialAction":[{"@type":"ReadAction","target":["https:\/\/www.filha.fi\/hankkeet\/paattyneet\/pikkutopposet\/"]}]},{"@type":"BreadcrumbList","@id":"https:\/\/www.filha.fi\/hankkeet\/paattyneet\/pikkutopposet\/#breadcrumb","itemListElement":[{"@type":"ListItem","position":1,"name":"Home","item":"https:\/\/www.filha.fi\/"},{"@type":"ListItem","position":2,"name":"Hankkeet","item":"https:\/\/www.filha.fi\/hankkeet\/"},{"@type":"ListItem","position":3,"name":"P\u00e4\u00e4ttyneet hankkeet","item":"https:\/\/www.filha.fi\/hankkeet\/paattyneet\/"},{"@type":"ListItem","position":4,"name":"Pikkut\u00f6pp\u00f6set onnistumiseen"}]},{"@type":"WebSite","@id":"https:\/\/www.filha.fi\/#website","url":"https:\/\/www.filha.fi\/","name":"Filha","description":"Expertise in lung health","publisher":{"@id":"https:\/\/www.filha.fi\/#organization"},"potentialAction":[{"@type":"SearchAction","target":{"@type":"EntryPoint","urlTemplate":"https:\/\/www.filha.fi\/?s={search_term_string}"},"query-input":{"@type":"PropertyValueSpecification","valueRequired":true,"valueName":"search_term_string"}}],"inLanguage":"en-US"},{"@type":"Organization","@id":"https:\/\/www.filha.fi\/#organization","name":"Filha ry","url":"https:\/\/www.filha.fi\/","logo":{"@type":"ImageObject","inLanguage":"en-US","@id":"https:\/\/www.filha.fi\/#\/schema\/logo\/image\/","url":"https:\/\/www.filha.fi\/wp-content\/uploads\/2019\/04\/Filha-logo.png","contentUrl":"https:\/\/www.filha.fi\/wp-content\/uploads\/2019\/04\/Filha-logo.png","width":960,"height":1230,"caption":"Filha ry"},"image":{"@id":"https:\/\/www.filha.fi\/#\/schema\/logo\/image\/"}}]}},"_links":{"self":[{"href":"https:\/\/www.filha.fi\/en\/wp-json\/wp\/v2\/pages\/9245","targetHints":{"allow":["GET"]}}],"collection":[{"href":"https:\/\/www.filha.fi\/en\/wp-json\/wp\/v2\/pages"}],"about":[{"href":"https:\/\/www.filha.fi\/en\/wp-json\/wp\/v2\/types\/page"}],"author":[{"embeddable":true,"href":"https:\/\/www.filha.fi\/en\/wp-json\/wp\/v2\/users\/12"}],"replies":[{"embeddable":true,"href":"https:\/\/www.filha.fi\/en\/wp-json\/wp\/v2\/comments?post=9245"}],"version-history":[{"count":1,"href":"https:\/\/www.filha.fi\/en\/wp-json\/wp\/v2\/pages\/9245\/revisions"}],"predecessor-version":[{"id":34028,"href":"https:\/\/www.filha.fi\/en\/wp-json\/wp\/v2\/pages\/9245\/revisions\/34028"}],"up":[{"embeddable":true,"href":"https:\/\/www.filha.fi\/en\/wp-json\/wp\/v2\/pages\/87"}],"wp:attachment":[{"href":"https:\/\/www.filha.fi\/en\/wp-json\/wp\/v2\/media?parent=9245"}],"wp:term":[{"taxonomy":"category","embeddable":true,"href":"https:\/\/www.filha.fi\/en\/wp-json\/wp\/v2\/categories?post=9245"}],"curies":[{"name":"wp","href":"https:\/\/api.w.org\/{rel}","templated":true}]}}